{"id":3280,"date":"2025-01-21T13:26:34","date_gmt":"2025-01-21T12:26:34","guid":{"rendered":"https:\/\/renier.be\/?page_id=3280"},"modified":"2026-03-02T11:31:07","modified_gmt":"2026-03-02T10:31:07","slug":"postes-vacants-2","status":"publish","type":"page","link":"https:\/\/renier.be\/fr\/vacatures-2\/","title":{"rendered":"Offres d'emploi"},"content":{"rendered":"<div data-elementor-type=\"wp-page\" data-elementor-id=\"3280\" class=\"elementor elementor-3280\" data-elementor-post-type=\"page\">\n\t\t\t\t<div class=\"elementor-element elementor-element-8e1b6d8 e-flex e-con-boxed e-con e-parent\" data-id=\"8e1b6d8\" data-element_type=\"container\" data-e-type=\"container\">\n\t\t\t\t\t<div class=\"e-con-inner\">\n\t\t\t\t<div class=\"elementor-element elementor-element-ee678cb elementor-widget elementor-widget-heading\" data-id=\"ee678cb\" data-element_type=\"widget\" data-e-type=\"widget\" data-widget_type=\"heading.default\">\n\t\t\t\t\t<h1 class=\"elementor-heading-title elementor-size-default\">Nos offres d'emploi ?<\/h1>\t\t\t\t<\/div>\n\t\t\t\t\t<\/div>\n\t\t\t\t<\/div>\n\t\t<div class=\"elementor-element elementor-element-ecfca7f e-flex e-con-boxed e-con e-parent\" data-id=\"ecfca7f\" data-element_type=\"container\" data-e-type=\"container\">\n\t\t\t\t\t<div class=\"e-con-inner\">\n\t\t<div class=\"elementor-element elementor-element-c5b76e6 e-con-full e-flex e-con e-child\" data-id=\"c5b76e6\" data-element_type=\"container\" data-e-type=\"container\">\n\t\t\t\t<div class=\"elementor-element elementor-element-937f997 elementor-widget__width-initial elementor-widget elementor-widget-text-editor\" data-id=\"937f997\" data-element_type=\"widget\" data-e-type=\"widget\" data-widget_type=\"text-editor.default\">\n\t\t\t\t\t\t\t\t\t<p>Nous avons actuellement 1 poste vacant :<\/p>\t\t\t\t\t\t\t\t<\/div>\n\t\t\t\t<\/div>\n\t\t\t\t\t<\/div>\n\t\t\t\t<\/div>\n\t\t<div class=\"elementor-element elementor-element-09e927a e-flex e-con-boxed e-con e-parent\" data-id=\"09e927a\" data-element_type=\"container\" data-e-type=\"container\">\n\t\t\t\t\t<div class=\"e-con-inner\">\n\t\t<div class=\"elementor-element elementor-element-93ba666 e-con-full e-flex e-con e-child\" data-id=\"93ba666\" data-element_type=\"container\" data-e-type=\"container\">\n\t\t\t\t<div class=\"elementor-element elementor-element-024b2ce elementor-widget__width-initial elementor-widget elementor-widget-text-editor\" data-id=\"024b2ce\" data-element_type=\"widget\" data-e-type=\"widget\" data-widget_type=\"text-editor.default\">\n\t\t\t\t\t\t\t\t\t<p><strong>Responsable du d\u00e9veloppement commercial<\/strong><\/p><p>\ud83d\udccd R\u00e9gion de Flandre orientale et occidentale<br \/>\ud83c\udfe1 Habiter de pr\u00e9f\u00e9rence dans la r\u00e9gion de Bruges<\/p><p><strong>Contribuez \u00e0 la croissance continue de Renier dans votre r\u00e9gion<\/strong><\/p><p>Renier Natuursteen est une entreprise familiale belge depuis 1913, aujourd'hui dirig\u00e9e par la quatri\u00e8me g\u00e9n\u00e9ration. Gr\u00e2ce \u00e0 nos propres carri\u00e8res de pierre bleue belge et de calcaire de la Meuse du Vinalmont, nous sommes int\u00e9gr\u00e9s verticalement et contr\u00f4lons l'ensemble du processus, de l'extraction \u00e0 la r\u00e9alisation du projet.<\/p><p>Notre r\u00e9putation repose sur la qualit\u00e9, la fiabilit\u00e9 et les partenariats \u00e0 long terme.<\/p><p>Afin de renforcer notre pr\u00e9sence en Flandre orientale et occidentale, nous sommes \u00e0 la recherche d'un(e) <strong>Responsable du d\u00e9veloppement commercial<\/strong> Avec une volont\u00e9 commerciale prononc\u00e9e et une affinit\u00e9 pour l'industrie de la construction.<\/p><p><strong>Votre r\u00f4le<\/strong><\/p><p>Vous \u00eates responsable de la <strong>d\u00e9veloppement structurel du march\u00e9<\/strong> en Flandre orientale et occidentale.<\/p><p>Vous \u00e9tablirez activement de nouvelles relations, d\u00e9tecterez les opportunit\u00e9s \u00e0 un stade pr\u00e9coce et positionnerez Renier comme un partenaire durable pour les entrepreneurs, les promoteurs immobiliers et les architectes.<\/p><p>Vous aurez la possibilit\u00e9 de d\u00e9velopper votre r\u00e9gion sur le plan commercial et d'\u00e9voluer avec l'entreprise.<\/p><p><strong>\u00a0Concr\u00e8tement, que ferez-vous ?<\/strong><\/p><ul><li>D\u00e9velopper activement de nouvelles relations avec les clients dans votre r\u00e9gion<\/li><li>Cr\u00e9er des r\u00e9seaux avec des entrepreneurs, des promoteurs et des architectes<\/li><li>D\u00e9tection de projets et soutien commercial du premier contact au devis<\/li><li>Construire et maintenir des relations \u00e0 long terme<\/li><li>R\u00e9percuter les informations sur le march\u00e9 et les opportunit\u00e9s aupr\u00e8s de la direction<\/li><li>Collaboration intensive avec les \u00e9quipes d'estimation, de production et les \u00e9quipes internes<\/li><\/ul><p>Vous \u00eates un d\u00e9veloppeur de march\u00e9 proactif qui cr\u00e9e la confiance et \u00e9tablit des partenariats durables.<\/p><p><strong>Qui recherchons-nous ?<\/strong><\/p><ul><li>Au moins une premi\u00e8re exp\u00e9rience commerciale pertinente (B2B)<\/li><li>Une affinit\u00e9 avec le secteur de la construction ou une exp\u00e9rience dans ce domaine est un atout majeur.<\/li><li>Orient\u00e9 vers les r\u00e9sultats et l'esprit d'entreprise<\/li><li>Fortes comp\u00e9tences en mati\u00e8re d'\u00e9tablissement de relations et de mise en r\u00e9seau<\/li><li>Ind\u00e9pendant et bien organis\u00e9<\/li><li>Habiter dans la r\u00e9gion de Bruges ou ses environs<\/li><li>Parler couramment le n\u00e9erlandais, la connaissance du fran\u00e7ais est un atout.<\/li><\/ul><p>Vous combinez l'\u00e9nergie commerciale avec la maturit\u00e9 et le sens des responsabilit\u00e9s.<\/p><p><strong>Que proposons-nous ?<\/strong><\/p><ul><li>Une entreprise familiale solide et financi\u00e8rement saine avec plus de 100 ans d'expertise<\/li><li>Production propre et position forte sur le march\u00e9<\/li><li>Impact r\u00e9el sur la croissance de votre r\u00e9gion<\/li><li>Salaire fixe bas\u00e9 sur le march\u00e9 entre 3 000 et 3 500 euros par mois en fonction de l'exp\u00e9rience.<\/li><li>Syst\u00e8me de r\u00e9mun\u00e9ration variable attrayant<\/li><li>Type de v\u00e9hicule utilitaire Volkswagen ID4<\/li><li>Soutien professionnel de la part d'Aarschot<\/li><\/ul><p><strong>Pourquoi choisir Renier ?<\/strong><\/p><p>\u2714 Int\u00e9gration verticale avec ses propres sillons<br \/>\u2714 Production de qualit\u00e9 belge<br \/>\u2714 R\u00e9f\u00e9rences dans des projets majeurs<br \/>Vision \u00e0 long terme<br \/>\u2714 Forte r\u00e9putation dans le secteur de la construction<\/p><p><strong>Int\u00e9ress\u00e9(e) ?<\/strong><\/p><p>Envoyez votre CV et votre motivation \u00e0 info@renier.be<\/p>\t\t\t\t\t\t\t\t<\/div>\n\t\t\t\t<\/div>\n\t\t\t\t\t<\/div>\n\t\t\t\t<\/div>\n\t\t\t\t<\/div>","protected":false},"excerpt":{"rendered":"<p>Onze vacatures ? Momenteel hebben wij 1 openstaande vacature : Business Development Manager \ud83d\udccd Regio Oost- &amp; West-Vlaanderen\ud83c\udfe1 Bij voorkeur woonachtig regio Brugge Bouw mee aan de verdere groei van Renier in jouw regio Renier Natuursteen is een Belgisch familiebedrijf sinds 1913, vandaag geleid door de vierde generatie. Met eigen groeven in Belgische blauwe hardsteen [&hellip;]<\/p>\n","protected":false},"author":2,"featured_media":0,"parent":0,"menu_order":0,"comment_status":"closed","ping_status":"closed","template":"","meta":{"_acf_changed":false,"footnotes":""},"class_list":["post-3280","page","type-page","status-publish","hentry"],"acf":[],"yoast_head":"<!-- This site is optimized with the Yoast SEO plugin v27.4 - https:\/\/yoast.com\/product\/yoast-seo-wordpress\/ -->\n<title>Vacatures - Renier Natuursteen<\/title>\n<meta name=\"robots\" content=\"index, follow, max-snippet:-1, max-image-preview:large, max-video-preview:-1\" \/>\n<link rel=\"canonical\" href=\"https:\/\/renier.be\/fr\/postes-vacants-2\/\" \/>\n<meta property=\"og:locale\" content=\"fr_FR\" \/>\n<meta property=\"og:type\" content=\"article\" \/>\n<meta property=\"og:title\" content=\"Vacatures - Renier Natuursteen\" \/>\n<meta property=\"og:description\" content=\"Onze vacatures ? Momenteel hebben wij 1 openstaande vacature : Business Development Manager \ud83d\udccd Regio Oost- &amp; West-Vlaanderen\ud83c\udfe1 Bij voorkeur woonachtig regio Brugge Bouw mee aan de verdere groei van Renier in jouw regio Renier Natuursteen is een Belgisch familiebedrijf sinds 1913, vandaag geleid door de vierde generatie. Met eigen groeven in Belgische blauwe hardsteen [&hellip;]\" \/>\n<meta property=\"og:url\" content=\"https:\/\/renier.be\/fr\/postes-vacants-2\/\" \/>\n<meta property=\"og:site_name\" content=\"Renier Natuursteen\" \/>\n<meta property=\"article:publisher\" content=\"https:\/\/www.facebook.com\/reniernatuursteen\" \/>\n<meta property=\"article:modified_time\" content=\"2026-03-02T10:31:07+00:00\" \/>\n<meta name=\"twitter:card\" content=\"summary_large_image\" \/>\n<meta name=\"twitter:label1\" content=\"Dur\u00e9e de lecture estim\u00e9e\" \/>\n\t<meta name=\"twitter:data1\" content=\"4 minutes\" \/>\n<script type=\"application\/ld+json\" class=\"yoast-schema-graph\">{\"@context\":\"https:\\\/\\\/schema.org\",\"@graph\":[{\"@type\":\"WebPage\",\"@id\":\"https:\\\/\\\/renier.be\\\/vacatures-2\\\/\",\"url\":\"https:\\\/\\\/renier.be\\\/vacatures-2\\\/\",\"name\":\"Vacatures - Renier Natuursteen\",\"isPartOf\":{\"@id\":\"https:\\\/\\\/renier.be\\\/#website\"},\"datePublished\":\"2025-01-21T12:26:34+00:00\",\"dateModified\":\"2026-03-02T10:31:07+00:00\",\"breadcrumb\":{\"@id\":\"https:\\\/\\\/renier.be\\\/vacatures-2\\\/#breadcrumb\"},\"inLanguage\":\"fr-FR\",\"potentialAction\":[{\"@type\":\"ReadAction\",\"target\":[\"https:\\\/\\\/renier.be\\\/vacatures-2\\\/\"]}]},{\"@type\":\"BreadcrumbList\",\"@id\":\"https:\\\/\\\/renier.be\\\/vacatures-2\\\/#breadcrumb\",\"itemListElement\":[{\"@type\":\"ListItem\",\"position\":1,\"name\":\"Home\",\"item\":\"https:\\\/\\\/renier.be\\\/\"},{\"@type\":\"ListItem\",\"position\":2,\"name\":\"Vacatures\"}]},{\"@type\":\"WebSite\",\"@id\":\"https:\\\/\\\/renier.be\\\/#website\",\"url\":\"https:\\\/\\\/renier.be\\\/\",\"name\":\"Renier Natuursteen\",\"description\":\"Specialist in Belgisch Blauwe Hardsteen\",\"publisher\":{\"@id\":\"https:\\\/\\\/renier.be\\\/#organization\"},\"potentialAction\":[{\"@type\":\"SearchAction\",\"target\":{\"@type\":\"EntryPoint\",\"urlTemplate\":\"https:\\\/\\\/renier.be\\\/?s={search_term_string}\"},\"query-input\":{\"@type\":\"PropertyValueSpecification\",\"valueRequired\":true,\"valueName\":\"search_term_string\"}}],\"inLanguage\":\"fr-FR\"},{\"@type\":\"Organization\",\"@id\":\"https:\\\/\\\/renier.be\\\/#organization\",\"name\":\"Renier Natuursteen\",\"url\":\"https:\\\/\\\/renier.be\\\/\",\"logo\":{\"@type\":\"ImageObject\",\"inLanguage\":\"fr-FR\",\"@id\":\"https:\\\/\\\/renier.be\\\/#\\\/schema\\\/logo\\\/image\\\/\",\"url\":\"\",\"contentUrl\":\"\",\"caption\":\"Renier Natuursteen\"},\"image\":{\"@id\":\"https:\\\/\\\/renier.be\\\/#\\\/schema\\\/logo\\\/image\\\/\"},\"sameAs\":[\"https:\\\/\\\/www.facebook.com\\\/reniernatuursteen\"]}]}<\/script>\n<!-- \/ Yoast SEO plugin. -->","yoast_head_json":{"title":"Postes vacants - Renier Natural Stone","robots":{"index":"index","follow":"follow","max-snippet":"max-snippet:-1","max-image-preview":"max-image-preview:large","max-video-preview":"max-video-preview:-1"},"canonical":"https:\/\/renier.be\/fr\/postes-vacants-2\/","og_locale":"fr_FR","og_type":"article","og_title":"Vacatures - Renier Natuursteen","og_description":"Onze vacatures ? Momenteel hebben wij 1 openstaande vacature : Business Development Manager \ud83d\udccd Regio Oost- &amp; West-Vlaanderen\ud83c\udfe1 Bij voorkeur woonachtig regio Brugge Bouw mee aan de verdere groei van Renier in jouw regio Renier Natuursteen is een Belgisch familiebedrijf sinds 1913, vandaag geleid door de vierde generatie. Met eigen groeven in Belgische blauwe hardsteen [&hellip;]","og_url":"https:\/\/renier.be\/fr\/postes-vacants-2\/","og_site_name":"Renier Natuursteen","article_publisher":"https:\/\/www.facebook.com\/reniernatuursteen","article_modified_time":"2026-03-02T10:31:07+00:00","twitter_card":"summary_large_image","twitter_misc":{"Dur\u00e9e de lecture estim\u00e9e":"4 minutes"},"schema":{"@context":"https:\/\/schema.org","@graph":[{"@type":"WebPage","@id":"https:\/\/renier.be\/vacatures-2\/","url":"https:\/\/renier.be\/vacatures-2\/","name":"Postes vacants - Renier Natural Stone","isPartOf":{"@id":"https:\/\/renier.be\/#website"},"datePublished":"2025-01-21T12:26:34+00:00","dateModified":"2026-03-02T10:31:07+00:00","breadcrumb":{"@id":"https:\/\/renier.be\/vacatures-2\/#breadcrumb"},"inLanguage":"fr-FR","potentialAction":[{"@type":"ReadAction","target":["https:\/\/renier.be\/vacatures-2\/"]}]},{"@type":"BreadcrumbList","@id":"https:\/\/renier.be\/vacatures-2\/#breadcrumb","itemListElement":[{"@type":"ListItem","position":1,"name":"Home","item":"https:\/\/renier.be\/"},{"@type":"ListItem","position":2,"name":"Vacatures"}]},{"@type":"WebSite","@id":"https:\/\/renier.be\/#website","url":"https:\/\/renier.be\/","name":"Pierre naturelle de Renier","description":"Sp\u00e9cialiste de la pierre bleue belge","publisher":{"@id":"https:\/\/renier.be\/#organization"},"potentialAction":[{"@type":"SearchAction","target":{"@type":"EntryPoint","urlTemplate":"https:\/\/renier.be\/?s={search_term_string}"},"query-input":{"@type":"PropertyValueSpecification","valueRequired":true,"valueName":"search_term_string"}}],"inLanguage":"fr-FR"},{"@type":"Organization","@id":"https:\/\/renier.be\/#organization","name":"Pierre naturelle de Renier","url":"https:\/\/renier.be\/","logo":{"@type":"ImageObject","inLanguage":"fr-FR","@id":"https:\/\/renier.be\/#\/schema\/logo\/image\/","url":"","contentUrl":"","caption":"Renier Natuursteen"},"image":{"@id":"https:\/\/renier.be\/#\/schema\/logo\/image\/"},"sameAs":["https:\/\/www.facebook.com\/reniernatuursteen"]}]}},"_links":{"self":[{"href":"https:\/\/renier.be\/fr\/wp-json\/wp\/v2\/pages\/3280","targetHints":{"allow":["GET"]}}],"collection":[{"href":"https:\/\/renier.be\/fr\/wp-json\/wp\/v2\/pages"}],"about":[{"href":"https:\/\/renier.be\/fr\/wp-json\/wp\/v2\/types\/page"}],"author":[{"embeddable":true,"href":"https:\/\/renier.be\/fr\/wp-json\/wp\/v2\/users\/2"}],"replies":[{"embeddable":true,"href":"https:\/\/renier.be\/fr\/wp-json\/wp\/v2\/comments?post=3280"}],"version-history":[{"count":0,"href":"https:\/\/renier.be\/fr\/wp-json\/wp\/v2\/pages\/3280\/revisions"}],"wp:attachment":[{"href":"https:\/\/renier.be\/fr\/wp-json\/wp\/v2\/media?parent=3280"}],"curies":[{"name":"wp","href":"https:\/\/api.w.org\/{rel}","templated":true}]}}