{"id":4229,"date":"2025-08-20T15:56:21","date_gmt":"2025-08-20T13:56:21","guid":{"rendered":"https:\/\/renier.be\/?page_id=4229"},"modified":"2025-08-29T10:53:39","modified_gmt":"2025-08-29T08:53:39","slug":"conseils-en-matiere-de-placement","status":"publish","type":"page","link":"https:\/\/renier.be\/fr\/plaatsingsadvies\/","title":{"rendered":"Conseils en mati\u00e8re de placement"},"content":{"rendered":"<div data-elementor-type=\"wp-page\" data-elementor-id=\"4229\" class=\"elementor elementor-4229\" data-elementor-post-type=\"page\">\n\t\t\t\t<div class=\"elementor-element elementor-element-b305f3f e-flex e-con-boxed e-con e-parent\" data-id=\"b305f3f\" data-element_type=\"container\" data-e-type=\"container\">\n\t\t\t\t\t<div class=\"e-con-inner\">\n\t\t\t\t<div class=\"elementor-element elementor-element-971ef3e elementor-widget__width-inherit elementor-widget elementor-widget-heading\" data-id=\"971ef3e\" data-element_type=\"widget\" data-e-type=\"widget\" data-widget_type=\"heading.default\">\n\t\t\t\t\t<h1 class=\"elementor-heading-title elementor-size-default\">Conseils de pose pour les dalles en pierre naturelle dans le jardin et sur la terrasse\n<\/h1>\t\t\t\t<\/div>\n\t\t\t\t\t<\/div>\n\t\t\t\t<\/div>\n\t\t<div class=\"elementor-element elementor-element-af2d0fe e-flex e-con-boxed e-con e-parent\" data-id=\"af2d0fe\" data-element_type=\"container\" data-e-type=\"container\">\n\t\t\t\t\t<div class=\"e-con-inner\">\n\t\t<div class=\"elementor-element elementor-element-47720cd e-con-full e-flex e-con e-child\" data-id=\"47720cd\" data-element_type=\"container\" data-e-type=\"container\">\n\t\t<div class=\"elementor-element elementor-element-bda4250 e-con-full e-flex e-con e-child\" data-id=\"bda4250\" data-element_type=\"container\" data-e-type=\"container\">\n\t\t\t\t<div class=\"elementor-element elementor-element-890db0e elementor-widget elementor-widget-text-editor\" data-id=\"890db0e\" data-element_type=\"widget\" data-e-type=\"widget\" data-widget_type=\"text-editor.default\">\n\t\t\t\t\t\t\t\t\t<p>La pierre naturelle est un mat\u00e9riau durable et intemporel. Toutefois, pour obtenir un r\u00e9sultat beau et durable, il est essentiel de proc\u00e9der \u00e0 une pose correcte. Vous trouverez ci-dessous quelques lignes directrices et conseils.\u00a0<\/p>\n<h2 class=\"wp-block-heading\">1. Pr\u00e9paration du substrat<\/h2>\n<p><!-- \/wp:heading --><!-- wp:list --><\/p>\n<ul class=\"wp-block-list\"><!-- wp:list-item -->\n<li>Fournir un <strong>fondation stable<\/strong>.<!-- wp:list -->\n<ul class=\"wp-block-list\"><!-- wp:list-item -->\n<li>Enlever la terre meuble jusqu'\u00e0 une profondeur hors gel.<\/li>\n<!-- \/wp:list-item --><!-- wp:list-item -->\n<li>Appliquer une couche de sable-ciment stabilis\u00e9 ou de fondation en moellons concass\u00e9s (en fonction de la charge).<\/li>\n<!-- \/wp:list-item --><\/ul>\n<!-- \/wp:list --><\/li>\n<!-- \/wp:list-item --><!-- wp:list-item -->\n<li>Pour les terrasses et les all\u00e9es de jardin, un <strong>couche de stabilisation de 10-15 cm<\/strong> recommand\u00e9.<\/li>\n<!-- \/wp:list-item --><!-- wp:list-item -->\n<li>Toujours v\u00e9rifier que le substrat <strong>plat et bien compact\u00e9<\/strong> est d'\u00e9viter les affaissements.<\/li>\n<!-- \/wp:list-item --><\/ul>\n<p><!-- \/wp:list --><!-- wp:separator --><\/p>\n<hr class=\"wp-block-separator has-alpha-channel-opacity\" \/>\n<p><!-- \/wp:separator --><!-- wp:heading --><\/p>\n<h2 class=\"wp-block-heading\">2. Drainage et pente<\/h2>\n<p><!-- \/wp:heading --><!-- wp:list --><\/p>\n<ul class=\"wp-block-list\"><!-- wp:list-item -->\n<li>Poser les carreaux \u00e0 l'aide d'un <strong>pente de \u00b11,5 \u00e0 2%<\/strong> loin de la maison ou de la piscine, ce qui permet \u00e0 l'eau de pluie de s'\u00e9couler en douceur.<\/li>\n<!-- \/wp:list-item --><!-- wp:list-item -->\n<li>\u00c9vitez l'eau stagnante : elle peut provoquer des taches et des d\u00e9g\u00e2ts dus au gel.<\/li>\n<!-- \/wp:list-item --><\/ul>\n<p><!-- \/wp:list --><!-- wp:separator --><\/p>\n<hr class=\"wp-block-separator has-alpha-channel-opacity\" \/>\n<p><!-- \/wp:separator --><!-- wp:heading --><\/p>\n<h2 class=\"wp-block-heading\">3. Installation des tuiles<\/h2>\n<p><!-- \/wp:heading --><!-- wp:list --><\/p>\n<ul class=\"wp-block-list\"><!-- wp:list-item -->\n<li>Utiliser un <strong>lit de mortier (sable-ciment)<\/strong> ou un <strong>couche adh\u00e9sive mince sur une dalle de b\u00e9ton<\/strong>selon la situation.<\/li>\n<!-- \/wp:list-item --><!-- wp:list-item -->\n<li>Pr\u00e9voir une largeur de joint d'au moins <strong>3-5 mm<\/strong>.<\/li>\n<!-- \/wp:list-item --><!-- wp:list-item -->\n<li>Contr\u00f4ler r\u00e9guli\u00e8rement le <strong>plan\u00e9it\u00e9 et niveau<\/strong> lors de l'installation.<\/li>\n<!-- \/wp:list-item --><\/ul>\n<p><!-- \/wp:list --><!-- wp:separator --><\/p>\n<hr class=\"wp-block-separator has-alpha-channel-opacity\" \/>\n<p><!-- \/wp:separator --><!-- wp:heading --><\/p>\n<h2 class=\"wp-block-heading\">4. Articulations<\/h2>\n<p><!-- \/wp:heading --><!-- wp:list --><\/p>\n<ul class=\"wp-block-list\"><!-- wp:list-item -->\n<li>Remplir les joints avec un <strong>coulis flexible, r\u00e9sistant au gel et \u00e0 l'eau<\/strong>.<\/li>\n<!-- \/wp:list-item --><!-- wp:list-item -->\n<li>\u00c9vitez les joints en ciment dur qui peuvent se fissurer avec les variations de temp\u00e9rature.<\/li>\n<!-- \/wp:list-item --><!-- wp:list-item -->\n<li>Veillez \u00e0 ce que les joints soient bien ferm\u00e9s afin d'\u00e9viter la prolif\u00e9ration des mauvaises herbes et l'infiltration de l'eau.<\/li>\n<!-- \/wp:list-item --><\/ul>\n<p><!-- \/wp:list --><!-- wp:separator --><\/p>\n<hr class=\"wp-block-separator has-alpha-channel-opacity\" \/>\n<p><!-- \/wp:separator --><!-- wp:heading --><\/p>\n<h2 class=\"wp-block-heading\">5. Nettoyage initial et protection<\/h2>\n<p><!-- \/wp:heading --><!-- wp:list --><\/p>\n<ul class=\"wp-block-list\"><!-- wp:list-item -->\n<li>Apr\u00e8s l'installation, nettoyez le sol \u00e0 l'aide d'un <strong>produit de nettoyage appropri\u00e9 pour la pierre naturelle<\/strong> (pas d'acides ou de produits agressifs).<\/li>\n<!-- \/wp:list-item --><!-- wp:list-item -->\n<li>Si vous le souhaitez, apportez un <strong>agent d'impr\u00e9gnation<\/strong> qui prot\u00e8ge la pierre des taches et des salissures, sans perdre son aspect naturel.<\/li>\n<!-- \/wp:list-item --><!-- wp:list-item -->\n<li>Un entretien r\u00e9gulier avec de l'eau et un savon doux suffit.<\/li>\n<!-- \/wp:list-item --><\/ul>\n<p><!-- \/wp:list --><!-- wp:separator --><\/p>\n<hr class=\"wp-block-separator has-alpha-channel-opacity\" \/>\n<p><!-- \/wp:separator --><!-- wp:heading --><\/p>\n<h2 class=\"wp-block-heading\">6. Conseils pratiques<\/h2>\n<p><!-- \/wp:heading --><!-- wp:list --><\/p>\n<ul class=\"wp-block-list\"><!-- wp:list-item -->\n<li>Travailler avec <strong>tuiles calibr\u00e9es<\/strong> pour une mise en place en douceur.<\/li>\n<!-- \/wp:list-item --><!-- wp:list-item -->\n<li>Toujours utiliser <strong>pierre naturelle belge r\u00e9sistante au gel<\/strong> pour l'ext\u00e9rieur.<\/li>\n<!-- \/wp:list-item --><!-- wp:list-item -->\n<li>\u00c9viter la pose par temps de pluie ou de gel pour garantir l'adh\u00e9rence.<\/li>\n<!-- \/wp:list-item --><!-- wp:list-item -->\n<li>Pour les charges lourdes (p. ex. entr\u00e9e de garage), il s'agit de <strong>tuiles ou pav\u00e9s plus \u00e9pais<\/strong> d\u00e9sign\u00e9e.<\/li>\n<li>Le syst\u00e8me Levelit XL permet de travailler proprement et tr\u00e8s joliment avec des dalles toujours affleurantes.<\/li>\n<!-- \/wp:list-item --><\/ul>\n<p><!-- \/wp:list --><!-- wp:separator --><\/p>\n<hr class=\"wp-block-separator has-alpha-channel-opacity\" \/>\n<p><!-- \/wp:separator --><!-- wp:paragraph --><\/p>\n<p>\ud83d\udd28 <strong>Recommandation :<\/strong> Pour un r\u00e9sultat parfait, nous recommandons de confier l'installation \u00e0 un sp\u00e9cialiste. <strong>artisan exp\u00e9riment\u00e9<\/strong>. Si vous souhaitez le faire vous-m\u00eame, suivez attentivement les \u00e9tapes ci-dessus et utilisez toujours les bons mat\u00e9riaux.<\/p>\t\t\t\t\t\t\t\t<\/div>\n\t\t\t\t<\/div>\n\t\t<div class=\"elementor-element elementor-element-bafd211 e-con-full e-flex e-con e-child\" data-id=\"bafd211\" data-element_type=\"container\" data-e-type=\"container\">\n\t\t\t\t<div class=\"elementor-element elementor-element-f3d92d8 elementor-widget elementor-widget-image\" data-id=\"f3d92d8\" data-element_type=\"widget\" data-e-type=\"widget\" data-widget_type=\"image.default\">\n\t\t\t\t\t\t\t\t\t\t\t\t\t\t\t<img fetchpriority=\"high\" decoding=\"async\" width=\"463\" height=\"306\" src=\"https:\/\/renier.be\/wp-content\/uploads\/2025\/08\/Leggen-natuursteen.jpg\" class=\"attachment-large size-large wp-image-4237\" alt=\"\" srcset=\"https:\/\/renier.be\/wp-content\/uploads\/2025\/08\/Leggen-natuursteen.jpg 463w, https:\/\/renier.be\/wp-content\/uploads\/2025\/08\/Leggen-natuursteen-300x198.jpg 300w, https:\/\/renier.be\/wp-content\/uploads\/2025\/08\/Leggen-natuursteen-18x12.jpg 18w\" sizes=\"(max-width: 463px) 100vw, 463px\" \/>\t\t\t\t\t\t\t\t\t\t\t\t\t\t\t<\/div>\n\t\t\t\t<div class=\"elementor-element elementor-element-5cf0ca2 elementor-widget elementor-widget-image\" data-id=\"5cf0ca2\" data-element_type=\"widget\" data-e-type=\"widget\" data-widget_type=\"image.default\">\n\t\t\t\t\t\t\t\t\t\t\t\t\t\t\t<img decoding=\"async\" width=\"635\" height=\"950\" src=\"https:\/\/renier.be\/wp-content\/uploads\/2025\/08\/Romeins-verband-gevlamd-en-geborsteld-2de.jpg\" class=\"attachment-large size-large wp-image-4238\" alt=\"\" srcset=\"https:\/\/renier.be\/wp-content\/uploads\/2025\/08\/Romeins-verband-gevlamd-en-geborsteld-2de.jpg 635w, https:\/\/renier.be\/wp-content\/uploads\/2025\/08\/Romeins-verband-gevlamd-en-geborsteld-2de-201x300.jpg 201w, https:\/\/renier.be\/wp-content\/uploads\/2025\/08\/Romeins-verband-gevlamd-en-geborsteld-2de-8x12.jpg 8w, https:\/\/renier.be\/wp-content\/uploads\/2025\/08\/Romeins-verband-gevlamd-en-geborsteld-2de-600x898.jpg 600w\" sizes=\"(max-width: 635px) 100vw, 635px\" \/>\t\t\t\t\t\t\t\t\t\t\t\t\t\t\t<\/div>\n\t\t\t\t<div class=\"elementor-element elementor-element-4114251 elementor-widget elementor-widget-image\" data-id=\"4114251\" data-element_type=\"widget\" data-e-type=\"widget\" data-widget_type=\"image.default\">\n\t\t\t\t\t\t\t\t\t\t\t\t\t\t\t<img decoding=\"async\" width=\"637\" height=\"633\" src=\"https:\/\/renier.be\/wp-content\/uploads\/2025\/08\/Afbeelding-plaatsen-XL-klein.jpg\" class=\"attachment-large size-large wp-image-4243\" alt=\"\" srcset=\"https:\/\/renier.be\/wp-content\/uploads\/2025\/08\/Afbeelding-plaatsen-XL-klein.jpg 637w, https:\/\/renier.be\/wp-content\/uploads\/2025\/08\/Afbeelding-plaatsen-XL-klein-300x298.jpg 300w, https:\/\/renier.be\/wp-content\/uploads\/2025\/08\/Afbeelding-plaatsen-XL-klein-150x150.jpg 150w, https:\/\/renier.be\/wp-content\/uploads\/2025\/08\/Afbeelding-plaatsen-XL-klein-12x12.jpg 12w, https:\/\/renier.be\/wp-content\/uploads\/2025\/08\/Afbeelding-plaatsen-XL-klein-600x596.jpg 600w, https:\/\/renier.be\/wp-content\/uploads\/2025\/08\/Afbeelding-plaatsen-XL-klein-100x100.jpg 100w\" sizes=\"(max-width: 637px) 100vw, 637px\" \/>\t\t\t\t\t\t\t\t\t\t\t\t\t\t\t<\/div>\n\t\t\t\t<\/div>\n\t\t\t\t<\/div>\n\t\t\t\t\t<\/div>\n\t\t\t\t<\/div>\n\t\t\t\t<\/div>","protected":false},"excerpt":{"rendered":"<p>Plaatsingsadvies voor natuursteen tegels in tuin &amp; terras Natuursteen is een duurzaam en tijdloos materiaal. Voor een mooi en blijvend resultaat is een correcte plaatsing echter essentieel. Hieronder vind je enkele richtlijnen en tips.\u00a0 1. Voorbereiding van de ondergrond Zorg voor een stabiele fundering. Verwijder de losse grond tot op vorstvrije diepte. Breng een laag [&hellip;]<\/p>\n","protected":false},"author":2,"featured_media":0,"parent":0,"menu_order":0,"comment_status":"closed","ping_status":"closed","template":"","meta":{"_acf_changed":false,"footnotes":""},"class_list":["post-4229","page","type-page","status-publish","hentry"],"acf":[],"yoast_head":"<!-- This site is optimized with the Yoast SEO plugin v27.4 - https:\/\/yoast.com\/product\/yoast-seo-wordpress\/ -->\n<title>Plaatsingsadvies - Renier Natuursteen<\/title>\n<meta name=\"robots\" content=\"index, follow, max-snippet:-1, max-image-preview:large, max-video-preview:-1\" \/>\n<link rel=\"canonical\" href=\"https:\/\/renier.be\/fr\/conseils-en-matiere-de-placement\/\" \/>\n<meta property=\"og:locale\" content=\"fr_FR\" \/>\n<meta property=\"og:type\" content=\"article\" \/>\n<meta property=\"og:title\" content=\"Plaatsingsadvies - Renier Natuursteen\" \/>\n<meta property=\"og:description\" content=\"Plaatsingsadvies voor natuursteen tegels in tuin &amp; terras Natuursteen is een duurzaam en tijdloos materiaal. Voor een mooi en blijvend resultaat is een correcte plaatsing echter essentieel. Hieronder vind je enkele richtlijnen en tips.\u00a0 1. Voorbereiding van de ondergrond Zorg voor een stabiele fundering. Verwijder de losse grond tot op vorstvrije diepte. Breng een laag [&hellip;]\" \/>\n<meta property=\"og:url\" content=\"https:\/\/renier.be\/fr\/conseils-en-matiere-de-placement\/\" \/>\n<meta property=\"og:site_name\" content=\"Renier Natuursteen\" \/>\n<meta property=\"article:publisher\" content=\"https:\/\/www.facebook.com\/reniernatuursteen\" \/>\n<meta property=\"article:modified_time\" content=\"2025-08-29T08:53:39+00:00\" \/>\n<meta property=\"og:image\" content=\"https:\/\/renier.be\/wp-content\/uploads\/2025\/08\/Leggen-natuursteen.jpg\" \/>\n\t<meta property=\"og:image:width\" content=\"463\" \/>\n\t<meta property=\"og:image:height\" content=\"306\" \/>\n\t<meta property=\"og:image:type\" content=\"image\/jpeg\" \/>\n<meta name=\"twitter:card\" content=\"summary_large_image\" \/>\n<meta name=\"twitter:label1\" content=\"Dur\u00e9e de lecture estim\u00e9e\" \/>\n\t<meta name=\"twitter:data1\" content=\"2 minutes\" \/>\n<script type=\"application\/ld+json\" class=\"yoast-schema-graph\">{\"@context\":\"https:\\\/\\\/schema.org\",\"@graph\":[{\"@type\":\"WebPage\",\"@id\":\"https:\\\/\\\/renier.be\\\/plaatsingsadvies\\\/\",\"url\":\"https:\\\/\\\/renier.be\\\/plaatsingsadvies\\\/\",\"name\":\"Plaatsingsadvies - Renier Natuursteen\",\"isPartOf\":{\"@id\":\"https:\\\/\\\/renier.be\\\/#website\"},\"primaryImageOfPage\":{\"@id\":\"https:\\\/\\\/renier.be\\\/plaatsingsadvies\\\/#primaryimage\"},\"image\":{\"@id\":\"https:\\\/\\\/renier.be\\\/plaatsingsadvies\\\/#primaryimage\"},\"thumbnailUrl\":\"https:\\\/\\\/renier.be\\\/wp-content\\\/uploads\\\/2025\\\/08\\\/Leggen-natuursteen.jpg\",\"datePublished\":\"2025-08-20T13:56:21+00:00\",\"dateModified\":\"2025-08-29T08:53:39+00:00\",\"breadcrumb\":{\"@id\":\"https:\\\/\\\/renier.be\\\/plaatsingsadvies\\\/#breadcrumb\"},\"inLanguage\":\"fr-FR\",\"potentialAction\":[{\"@type\":\"ReadAction\",\"target\":[\"https:\\\/\\\/renier.be\\\/plaatsingsadvies\\\/\"]}]},{\"@type\":\"ImageObject\",\"inLanguage\":\"fr-FR\",\"@id\":\"https:\\\/\\\/renier.be\\\/plaatsingsadvies\\\/#primaryimage\",\"url\":\"https:\\\/\\\/renier.be\\\/wp-content\\\/uploads\\\/2025\\\/08\\\/Leggen-natuursteen.jpg\",\"contentUrl\":\"https:\\\/\\\/renier.be\\\/wp-content\\\/uploads\\\/2025\\\/08\\\/Leggen-natuursteen.jpg\"},{\"@type\":\"BreadcrumbList\",\"@id\":\"https:\\\/\\\/renier.be\\\/plaatsingsadvies\\\/#breadcrumb\",\"itemListElement\":[{\"@type\":\"ListItem\",\"position\":1,\"name\":\"Home\",\"item\":\"https:\\\/\\\/renier.be\\\/\"},{\"@type\":\"ListItem\",\"position\":2,\"name\":\"Plaatsingsadvies\"}]},{\"@type\":\"WebSite\",\"@id\":\"https:\\\/\\\/renier.be\\\/#website\",\"url\":\"https:\\\/\\\/renier.be\\\/\",\"name\":\"Renier Natuursteen\",\"description\":\"Specialist in Belgisch Blauwe Hardsteen\",\"publisher\":{\"@id\":\"https:\\\/\\\/renier.be\\\/#organization\"},\"potentialAction\":[{\"@type\":\"SearchAction\",\"target\":{\"@type\":\"EntryPoint\",\"urlTemplate\":\"https:\\\/\\\/renier.be\\\/?s={search_term_string}\"},\"query-input\":{\"@type\":\"PropertyValueSpecification\",\"valueRequired\":true,\"valueName\":\"search_term_string\"}}],\"inLanguage\":\"fr-FR\"},{\"@type\":\"Organization\",\"@id\":\"https:\\\/\\\/renier.be\\\/#organization\",\"name\":\"Renier Natuursteen\",\"url\":\"https:\\\/\\\/renier.be\\\/\",\"logo\":{\"@type\":\"ImageObject\",\"inLanguage\":\"fr-FR\",\"@id\":\"https:\\\/\\\/renier.be\\\/#\\\/schema\\\/logo\\\/image\\\/\",\"url\":\"\",\"contentUrl\":\"\",\"caption\":\"Renier Natuursteen\"},\"image\":{\"@id\":\"https:\\\/\\\/renier.be\\\/#\\\/schema\\\/logo\\\/image\\\/\"},\"sameAs\":[\"https:\\\/\\\/www.facebook.com\\\/reniernatuursteen\"]}]}<\/script>\n<!-- \/ Yoast SEO plugin. -->","yoast_head_json":{"title":"Conseil en placement - Renier Natuursteen","robots":{"index":"index","follow":"follow","max-snippet":"max-snippet:-1","max-image-preview":"max-image-preview:large","max-video-preview":"max-video-preview:-1"},"canonical":"https:\/\/renier.be\/fr\/conseils-en-matiere-de-placement\/","og_locale":"fr_FR","og_type":"article","og_title":"Plaatsingsadvies - Renier Natuursteen","og_description":"Plaatsingsadvies voor natuursteen tegels in tuin &amp; terras Natuursteen is een duurzaam en tijdloos materiaal. Voor een mooi en blijvend resultaat is een correcte plaatsing echter essentieel. Hieronder vind je enkele richtlijnen en tips.\u00a0 1. Voorbereiding van de ondergrond Zorg voor een stabiele fundering. Verwijder de losse grond tot op vorstvrije diepte. Breng een laag [&hellip;]","og_url":"https:\/\/renier.be\/fr\/conseils-en-matiere-de-placement\/","og_site_name":"Renier Natuursteen","article_publisher":"https:\/\/www.facebook.com\/reniernatuursteen","article_modified_time":"2025-08-29T08:53:39+00:00","og_image":[{"width":463,"height":306,"url":"https:\/\/renier.be\/wp-content\/uploads\/2025\/08\/Leggen-natuursteen.jpg","type":"image\/jpeg"}],"twitter_card":"summary_large_image","twitter_misc":{"Dur\u00e9e de lecture estim\u00e9e":"2 minutes"},"schema":{"@context":"https:\/\/schema.org","@graph":[{"@type":"WebPage","@id":"https:\/\/renier.be\/plaatsingsadvies\/","url":"https:\/\/renier.be\/plaatsingsadvies\/","name":"Conseil en placement - Renier Natuursteen","isPartOf":{"@id":"https:\/\/renier.be\/#website"},"primaryImageOfPage":{"@id":"https:\/\/renier.be\/plaatsingsadvies\/#primaryimage"},"image":{"@id":"https:\/\/renier.be\/plaatsingsadvies\/#primaryimage"},"thumbnailUrl":"https:\/\/renier.be\/wp-content\/uploads\/2025\/08\/Leggen-natuursteen.jpg","datePublished":"2025-08-20T13:56:21+00:00","dateModified":"2025-08-29T08:53:39+00:00","breadcrumb":{"@id":"https:\/\/renier.be\/plaatsingsadvies\/#breadcrumb"},"inLanguage":"fr-FR","potentialAction":[{"@type":"ReadAction","target":["https:\/\/renier.be\/plaatsingsadvies\/"]}]},{"@type":"ImageObject","inLanguage":"fr-FR","@id":"https:\/\/renier.be\/plaatsingsadvies\/#primaryimage","url":"https:\/\/renier.be\/wp-content\/uploads\/2025\/08\/Leggen-natuursteen.jpg","contentUrl":"https:\/\/renier.be\/wp-content\/uploads\/2025\/08\/Leggen-natuursteen.jpg"},{"@type":"BreadcrumbList","@id":"https:\/\/renier.be\/plaatsingsadvies\/#breadcrumb","itemListElement":[{"@type":"ListItem","position":1,"name":"Home","item":"https:\/\/renier.be\/"},{"@type":"ListItem","position":2,"name":"Plaatsingsadvies"}]},{"@type":"WebSite","@id":"https:\/\/renier.be\/#website","url":"https:\/\/renier.be\/","name":"Pierre naturelle de Renier","description":"Sp\u00e9cialiste de la pierre bleue belge","publisher":{"@id":"https:\/\/renier.be\/#organization"},"potentialAction":[{"@type":"SearchAction","target":{"@type":"EntryPoint","urlTemplate":"https:\/\/renier.be\/?s={search_term_string}"},"query-input":{"@type":"PropertyValueSpecification","valueRequired":true,"valueName":"search_term_string"}}],"inLanguage":"fr-FR"},{"@type":"Organization","@id":"https:\/\/renier.be\/#organization","name":"Pierre naturelle de Renier","url":"https:\/\/renier.be\/","logo":{"@type":"ImageObject","inLanguage":"fr-FR","@id":"https:\/\/renier.be\/#\/schema\/logo\/image\/","url":"","contentUrl":"","caption":"Renier Natuursteen"},"image":{"@id":"https:\/\/renier.be\/#\/schema\/logo\/image\/"},"sameAs":["https:\/\/www.facebook.com\/reniernatuursteen"]}]}},"_links":{"self":[{"href":"https:\/\/renier.be\/fr\/wp-json\/wp\/v2\/pages\/4229","targetHints":{"allow":["GET"]}}],"collection":[{"href":"https:\/\/renier.be\/fr\/wp-json\/wp\/v2\/pages"}],"about":[{"href":"https:\/\/renier.be\/fr\/wp-json\/wp\/v2\/types\/page"}],"author":[{"embeddable":true,"href":"https:\/\/renier.be\/fr\/wp-json\/wp\/v2\/users\/2"}],"replies":[{"embeddable":true,"href":"https:\/\/renier.be\/fr\/wp-json\/wp\/v2\/comments?post=4229"}],"version-history":[{"count":0,"href":"https:\/\/renier.be\/fr\/wp-json\/wp\/v2\/pages\/4229\/revisions"}],"wp:attachment":[{"href":"https:\/\/renier.be\/fr\/wp-json\/wp\/v2\/media?parent=4229"}],"curies":[{"name":"wp","href":"https:\/\/api.w.org\/{rel}","templated":true}]}}