{"id":628,"date":"2024-07-03T15:25:48","date_gmt":"2024-07-03T13:25:48","guid":{"rendered":"https:\/\/renier.be\/?page_id=628"},"modified":"2025-08-29T09:26:37","modified_gmt":"2025-08-29T07:26:37","slug":"renovation","status":"publish","type":"page","link":"https:\/\/renier.be\/fr\/renovatie\/","title":{"rendered":"R\u00e9novation"},"content":{"rendered":"<div data-elementor-type=\"wp-page\" data-elementor-id=\"628\" class=\"elementor elementor-628\" data-elementor-post-type=\"page\">\n\t\t\t\t<div class=\"elementor-element elementor-element-e99e1ed e-flex e-con-boxed e-con e-parent\" data-id=\"e99e1ed\" data-element_type=\"container\" data-e-type=\"container\">\n\t\t\t\t\t<div class=\"e-con-inner\">\n\t\t\t\t<div class=\"elementor-element elementor-element-c11682b elementor-widget elementor-widget-heading\" data-id=\"c11682b\" data-element_type=\"widget\" data-e-type=\"widget\" data-widget_type=\"heading.default\">\n\t\t\t\t\t<h1 class=\"elementor-heading-title elementor-size-default\">Projets de r\u00e9novation<\/h1>\t\t\t\t<\/div>\n\t\t\t\t\t<\/div>\n\t\t\t\t<\/div>\n\t\t<div class=\"elementor-element elementor-element-aa5c4a9 e-flex e-con-boxed e-con e-parent\" data-id=\"aa5c4a9\" data-element_type=\"container\" data-e-type=\"container\">\n\t\t\t\t\t<div class=\"e-con-inner\">\n\t\t\t\t<div class=\"elementor-element elementor-element-522a44e elementor-widget elementor-widget-text-editor\" data-id=\"522a44e\" data-element_type=\"widget\" data-e-type=\"widget\" data-widget_type=\"text-editor.default\">\n\t\t\t\t\t\t\t\t\t<p>Nous sommes connus comme des experts en pierre naturelle pour les projets de r\u00e9novation. Cela peut aller de la fourniture de blocs sci\u00e9s \u00e0 des pi\u00e8ces presque enti\u00e8rement finies. Ceci tant en pierre bleue belge qu'en pierre calcaire de Vinalmont.<\/p><p>Quelques exemples :<\/p>\t\t\t\t\t\t\t\t<\/div>\n\t\t\t\t\t<\/div>\n\t\t\t\t<\/div>\n\t\t<div class=\"elementor-element elementor-element-9d6a4c2 e-flex e-con-boxed e-con e-parent\" data-id=\"9d6a4c2\" data-element_type=\"container\" data-e-type=\"container\">\n\t\t\t\t\t<div class=\"e-con-inner\">\n\t\t<div class=\"elementor-element elementor-element-5756422 e-con-full e-flex e-con e-child\" data-id=\"5756422\" data-element_type=\"container\" data-e-type=\"container\">\n\t\t\t\t<div class=\"elementor-element elementor-element-f090827 elementor-widget elementor-widget-image\" data-id=\"f090827\" data-element_type=\"widget\" data-e-type=\"widget\" data-widget_type=\"image.default\">\n\t\t\t\t\t\t\t\t\t\t\t\t\t\t\t<img fetchpriority=\"high\" decoding=\"async\" width=\"300\" height=\"227\" src=\"https:\/\/renier.be\/wp-content\/uploads\/2025\/01\/Hotel-de-Clercx-2017-08-06-cour-fronton-LDef-300x227.jpg\" class=\"attachment-medium size-medium wp-image-3197\" alt=\"\" srcset=\"https:\/\/renier.be\/wp-content\/uploads\/2025\/01\/Hotel-de-Clercx-2017-08-06-cour-fronton-LDef-300x227.jpg 300w, https:\/\/renier.be\/wp-content\/uploads\/2025\/01\/Hotel-de-Clercx-2017-08-06-cour-fronton-LDef.jpg 600w\" sizes=\"(max-width: 300px) 100vw, 300px\" \/>\t\t\t\t\t\t\t\t\t\t\t\t\t\t\t<\/div>\n\t\t\t\t<div class=\"elementor-element elementor-element-58241bf elementor-widget elementor-widget-text-editor\" data-id=\"58241bf\" data-element_type=\"widget\" data-e-type=\"widget\" data-widget_type=\"text-editor.default\">\n\t\t\t\t\t\t\t\t\t<h3>H\u00f4tel De Clercx Li\u00e8ge<\/h3><p>R\u00e9novation compl\u00e8te de la fa\u00e7ade \u00e0 Vinalmont.<\/p>\t\t\t\t\t\t\t\t<\/div>\n\t\t\t\t<\/div>\n\t\t<div class=\"elementor-element elementor-element-ae6ede0 e-con-full e-flex e-con e-child\" data-id=\"ae6ede0\" data-element_type=\"container\" data-e-type=\"container\">\n\t\t\t\t<div class=\"elementor-element elementor-element-25ccc1a elementor-widget elementor-widget-image\" data-id=\"25ccc1a\" data-element_type=\"widget\" data-e-type=\"widget\" data-widget_type=\"image.default\">\n\t\t\t\t\t\t\t\t\t\t\t\t\t\t\t<img decoding=\"async\" width=\"300\" height=\"225\" src=\"https:\/\/renier.be\/wp-content\/uploads\/2025\/01\/20200902_121705-300x225.jpg\" class=\"attachment-medium size-medium wp-image-3198\" alt=\"\" srcset=\"https:\/\/renier.be\/wp-content\/uploads\/2025\/01\/20200902_121705-300x225.jpg 300w, https:\/\/renier.be\/wp-content\/uploads\/2025\/01\/20200902_121705-1024x768.jpg 1024w, https:\/\/renier.be\/wp-content\/uploads\/2025\/01\/20200902_121705-768x576.jpg 768w, https:\/\/renier.be\/wp-content\/uploads\/2025\/01\/20200902_121705-1536x1152.jpg 1536w, https:\/\/renier.be\/wp-content\/uploads\/2025\/01\/20200902_121705-2048x1536.jpg 2048w, https:\/\/renier.be\/wp-content\/uploads\/2025\/01\/20200902_121705-600x450.jpg 600w\" sizes=\"(max-width: 300px) 100vw, 300px\" \/>\t\t\t\t\t\t\t\t\t\t\t\t\t\t\t<\/div>\n\t\t\t\t<div class=\"elementor-element elementor-element-bc04f26 elementor-widget elementor-widget-text-editor\" data-id=\"bc04f26\" data-element_type=\"widget\" data-e-type=\"widget\" data-widget_type=\"text-editor.default\">\n\t\t\t\t\t\t\t\t\t<h3>Ch\u00e2teau de Gros Opleeuw<\/h3><p>R\u00e9novation compl\u00e8te \u00e0 Vinalmont<\/p>\t\t\t\t\t\t\t\t<\/div>\n\t\t\t\t<\/div>\n\t\t\t\t\t<\/div>\n\t\t\t\t<\/div>\n\t\t<div class=\"elementor-element elementor-element-4263281 e-flex e-con-boxed e-con e-parent\" data-id=\"4263281\" data-element_type=\"container\" data-e-type=\"container\">\n\t\t\t\t\t<div class=\"e-con-inner\">\n\t\t<div class=\"elementor-element elementor-element-2f4f973 e-con-full e-flex e-con e-child\" data-id=\"2f4f973\" data-element_type=\"container\" data-e-type=\"container\">\n\t\t\t\t<div class=\"elementor-element elementor-element-846f4fd elementor-widget elementor-widget-image\" data-id=\"846f4fd\" data-element_type=\"widget\" data-e-type=\"widget\" data-widget_type=\"image.default\">\n\t\t\t\t\t\t\t\t\t\t\t\t\t\t\t<img decoding=\"async\" width=\"207\" height=\"300\" src=\"https:\/\/renier.be\/wp-content\/uploads\/2025\/01\/Schets-toren-Galere-207x300.jpg\" class=\"attachment-medium size-medium wp-image-3204\" alt=\"\" srcset=\"https:\/\/renier.be\/wp-content\/uploads\/2025\/01\/Schets-toren-Galere-207x300.jpg 207w, https:\/\/renier.be\/wp-content\/uploads\/2025\/01\/Schets-toren-Galere.jpg 417w\" sizes=\"(max-width: 207px) 100vw, 207px\" \/>\t\t\t\t\t\t\t\t\t\t\t\t\t\t\t<\/div>\n\t\t\t\t<div class=\"elementor-element elementor-element-947ee47 elementor-widget elementor-widget-text-editor\" data-id=\"947ee47\" data-element_type=\"widget\" data-e-type=\"widget\" data-widget_type=\"text-editor.default\">\n\t\t\t\t\t\t\t\t\t<h3>\u00c9glise \"Saint-Joseph\" Bruxelles<\/h3><p>R\u00e9novation compl\u00e8te de la fl\u00e8che pour Gal\u00e8re en pierre bleue belge<\/p>\t\t\t\t\t\t\t\t<\/div>\n\t\t\t\t<\/div>\n\t\t<div class=\"elementor-element elementor-element-0c90b03 e-con-full e-flex e-con e-child\" data-id=\"0c90b03\" data-element_type=\"container\" data-e-type=\"container\">\n\t\t\t\t<div class=\"elementor-element elementor-element-bde1384 elementor-widget elementor-widget-image\" data-id=\"bde1384\" data-element_type=\"widget\" data-e-type=\"widget\" data-widget_type=\"image.default\">\n\t\t\t\t\t\t\t\t\t\t\t\t\t\t\t<img loading=\"lazy\" decoding=\"async\" width=\"300\" height=\"162\" src=\"https:\/\/renier.be\/wp-content\/uploads\/2025\/01\/Galere-blok-brut-300x162.jpg\" class=\"attachment-medium size-medium wp-image-3202\" alt=\"\" srcset=\"https:\/\/renier.be\/wp-content\/uploads\/2025\/01\/Galere-blok-brut-300x162.jpg 300w, https:\/\/renier.be\/wp-content\/uploads\/2025\/01\/Galere-blok-brut.jpg 545w\" sizes=\"(max-width: 300px) 100vw, 300px\" \/>\t\t\t\t\t\t\t\t\t\t\t\t\t\t\t<\/div>\n\t\t\t\t<div class=\"elementor-element elementor-element-36a2bd0 elementor-widget elementor-widget-text-editor\" data-id=\"36a2bd0\" data-element_type=\"widget\" data-e-type=\"widget\" data-widget_type=\"text-editor.default\">\n\t\t\t\t\t\t\t\t\t<p>Scier des blocs de notre carri\u00e8re et...<\/p>\t\t\t\t\t\t\t\t<\/div>\n\t\t\t\t<\/div>\n\t\t<div class=\"elementor-element elementor-element-d818a0a e-con-full e-flex e-con e-child\" data-id=\"d818a0a\" data-element_type=\"container\" data-e-type=\"container\">\n\t\t\t\t<div class=\"elementor-element elementor-element-139cc3f elementor-widget elementor-widget-image\" data-id=\"139cc3f\" data-element_type=\"widget\" data-e-type=\"widget\" data-widget_type=\"image.default\">\n\t\t\t\t\t\t\t\t\t\t\t\t\t\t\t<img loading=\"lazy\" decoding=\"async\" width=\"300\" height=\"202\" src=\"https:\/\/renier.be\/wp-content\/uploads\/2025\/01\/Galere-blok-fini-3-300x202.jpg\" class=\"attachment-medium size-medium wp-image-3203\" alt=\"\" srcset=\"https:\/\/renier.be\/wp-content\/uploads\/2025\/01\/Galere-blok-fini-3-300x202.jpg 300w, https:\/\/renier.be\/wp-content\/uploads\/2025\/01\/Galere-blok-fini-3.jpg 553w\" sizes=\"(max-width: 300px) 100vw, 300px\" \/>\t\t\t\t\t\t\t\t\t\t\t\t\t\t\t<\/div>\n\t\t\t\t<div class=\"elementor-element elementor-element-4146b11 elementor-widget elementor-widget-text-editor\" data-id=\"4146b11\" data-element_type=\"widget\" data-e-type=\"widget\" data-widget_type=\"text-editor.default\">\n\t\t\t\t\t\t\t\t\t<p>... finition presque compl\u00e8te sur notre machine CNC<\/p>\t\t\t\t\t\t\t\t<\/div>\n\t\t\t\t<\/div>\n\t\t\t\t\t<\/div>\n\t\t\t\t<\/div>\n\t\t\t\t<\/div>","protected":false},"excerpt":{"rendered":"<p>Renovatie projecten Wij staan bekend als natuursteen experten bij renovatieprojecten. Dit kan gaan van het aanleveren van gezaagde blokken tot bijna volledig afgewerkte stukken. Dit zowel in Belgisch Blauwe hardsteen als in Vinalmont kalksteen. Enkele voorbeelden: Hotel De Clercx Luik Volledige renovatie gevel in Vinalmont. Kasteel Gros Opleeuw Volledige renovatie in Vinalmont Kerk &#8216;Saint-Joseph&#8217; Brussel [&hellip;]<\/p>\n","protected":false},"author":1,"featured_media":0,"parent":0,"menu_order":0,"comment_status":"closed","ping_status":"closed","template":"elementor_header_footer","meta":{"_acf_changed":false,"footnotes":""},"class_list":["post-628","page","type-page","status-publish","hentry"],"acf":[],"yoast_head":"<!-- This site is optimized with the Yoast SEO plugin v27.4 - https:\/\/yoast.com\/product\/yoast-seo-wordpress\/ -->\n<title>Renovatie - Renier Natuursteen<\/title>\n<meta name=\"robots\" content=\"index, follow, max-snippet:-1, max-image-preview:large, max-video-preview:-1\" \/>\n<link rel=\"canonical\" href=\"https:\/\/renier.be\/fr\/renovation\/\" \/>\n<meta property=\"og:locale\" content=\"fr_FR\" \/>\n<meta property=\"og:type\" content=\"article\" \/>\n<meta property=\"og:title\" content=\"Renovatie - Renier Natuursteen\" \/>\n<meta property=\"og:description\" content=\"Renovatie projecten Wij staan bekend als natuursteen experten bij renovatieprojecten. Dit kan gaan van het aanleveren van gezaagde blokken tot bijna volledig afgewerkte stukken. Dit zowel in Belgisch Blauwe hardsteen als in Vinalmont kalksteen. Enkele voorbeelden: Hotel De Clercx Luik Volledige renovatie gevel in Vinalmont. Kasteel Gros Opleeuw Volledige renovatie in Vinalmont Kerk &#8216;Saint-Joseph&#8217; Brussel [&hellip;]\" \/>\n<meta property=\"og:url\" content=\"https:\/\/renier.be\/fr\/renovation\/\" \/>\n<meta property=\"og:site_name\" content=\"Renier Natuursteen\" \/>\n<meta property=\"article:publisher\" content=\"https:\/\/www.facebook.com\/reniernatuursteen\" \/>\n<meta property=\"article:modified_time\" content=\"2025-08-29T07:26:37+00:00\" \/>\n<meta property=\"og:image\" content=\"https:\/\/renier.be\/wp-content\/uploads\/2025\/01\/Hotel-de-Clercx-2017-08-06-cour-fronton-LDef.jpg\" \/>\n\t<meta property=\"og:image:width\" content=\"600\" \/>\n\t<meta property=\"og:image:height\" content=\"454\" \/>\n\t<meta property=\"og:image:type\" content=\"image\/jpeg\" \/>\n<meta name=\"twitter:card\" content=\"summary_large_image\" \/>\n<meta name=\"twitter:label1\" content=\"Dur\u00e9e de lecture estim\u00e9e\" \/>\n\t<meta name=\"twitter:data1\" content=\"1 minute\" \/>\n<script type=\"application\/ld+json\" class=\"yoast-schema-graph\">{\"@context\":\"https:\\\/\\\/schema.org\",\"@graph\":[{\"@type\":\"WebPage\",\"@id\":\"https:\\\/\\\/renier.be\\\/renovatie\\\/\",\"url\":\"https:\\\/\\\/renier.be\\\/renovatie\\\/\",\"name\":\"Renovatie - Renier Natuursteen\",\"isPartOf\":{\"@id\":\"https:\\\/\\\/renier.be\\\/#website\"},\"primaryImageOfPage\":{\"@id\":\"https:\\\/\\\/renier.be\\\/renovatie\\\/#primaryimage\"},\"image\":{\"@id\":\"https:\\\/\\\/renier.be\\\/renovatie\\\/#primaryimage\"},\"thumbnailUrl\":\"https:\\\/\\\/renier.be\\\/wp-content\\\/uploads\\\/2025\\\/01\\\/Hotel-de-Clercx-2017-08-06-cour-fronton-LDef-300x227.jpg\",\"datePublished\":\"2024-07-03T13:25:48+00:00\",\"dateModified\":\"2025-08-29T07:26:37+00:00\",\"breadcrumb\":{\"@id\":\"https:\\\/\\\/renier.be\\\/renovatie\\\/#breadcrumb\"},\"inLanguage\":\"fr-FR\",\"potentialAction\":[{\"@type\":\"ReadAction\",\"target\":[\"https:\\\/\\\/renier.be\\\/renovatie\\\/\"]}]},{\"@type\":\"ImageObject\",\"inLanguage\":\"fr-FR\",\"@id\":\"https:\\\/\\\/renier.be\\\/renovatie\\\/#primaryimage\",\"url\":\"https:\\\/\\\/renier.be\\\/wp-content\\\/uploads\\\/2025\\\/01\\\/Hotel-de-Clercx-2017-08-06-cour-fronton-LDef-300x227.jpg\",\"contentUrl\":\"https:\\\/\\\/renier.be\\\/wp-content\\\/uploads\\\/2025\\\/01\\\/Hotel-de-Clercx-2017-08-06-cour-fronton-LDef-300x227.jpg\"},{\"@type\":\"BreadcrumbList\",\"@id\":\"https:\\\/\\\/renier.be\\\/renovatie\\\/#breadcrumb\",\"itemListElement\":[{\"@type\":\"ListItem\",\"position\":1,\"name\":\"Home\",\"item\":\"https:\\\/\\\/renier.be\\\/\"},{\"@type\":\"ListItem\",\"position\":2,\"name\":\"Renovatie\"}]},{\"@type\":\"WebSite\",\"@id\":\"https:\\\/\\\/renier.be\\\/#website\",\"url\":\"https:\\\/\\\/renier.be\\\/\",\"name\":\"Renier Natuursteen\",\"description\":\"Specialist in Belgisch Blauwe Hardsteen\",\"publisher\":{\"@id\":\"https:\\\/\\\/renier.be\\\/#organization\"},\"potentialAction\":[{\"@type\":\"SearchAction\",\"target\":{\"@type\":\"EntryPoint\",\"urlTemplate\":\"https:\\\/\\\/renier.be\\\/?s={search_term_string}\"},\"query-input\":{\"@type\":\"PropertyValueSpecification\",\"valueRequired\":true,\"valueName\":\"search_term_string\"}}],\"inLanguage\":\"fr-FR\"},{\"@type\":\"Organization\",\"@id\":\"https:\\\/\\\/renier.be\\\/#organization\",\"name\":\"Renier Natuursteen\",\"url\":\"https:\\\/\\\/renier.be\\\/\",\"logo\":{\"@type\":\"ImageObject\",\"inLanguage\":\"fr-FR\",\"@id\":\"https:\\\/\\\/renier.be\\\/#\\\/schema\\\/logo\\\/image\\\/\",\"url\":\"\",\"contentUrl\":\"\",\"caption\":\"Renier Natuursteen\"},\"image\":{\"@id\":\"https:\\\/\\\/renier.be\\\/#\\\/schema\\\/logo\\\/image\\\/\"},\"sameAs\":[\"https:\\\/\\\/www.facebook.com\\\/reniernatuursteen\"]}]}<\/script>\n<!-- \/ Yoast SEO plugin. -->","yoast_head_json":{"title":"R\u00e9novation - Renier Natuursteen","robots":{"index":"index","follow":"follow","max-snippet":"max-snippet:-1","max-image-preview":"max-image-preview:large","max-video-preview":"max-video-preview:-1"},"canonical":"https:\/\/renier.be\/fr\/renovation\/","og_locale":"fr_FR","og_type":"article","og_title":"Renovatie - Renier Natuursteen","og_description":"Renovatie projecten Wij staan bekend als natuursteen experten bij renovatieprojecten. Dit kan gaan van het aanleveren van gezaagde blokken tot bijna volledig afgewerkte stukken. Dit zowel in Belgisch Blauwe hardsteen als in Vinalmont kalksteen. Enkele voorbeelden: Hotel De Clercx Luik Volledige renovatie gevel in Vinalmont. Kasteel Gros Opleeuw Volledige renovatie in Vinalmont Kerk &#8216;Saint-Joseph&#8217; Brussel [&hellip;]","og_url":"https:\/\/renier.be\/fr\/renovation\/","og_site_name":"Renier Natuursteen","article_publisher":"https:\/\/www.facebook.com\/reniernatuursteen","article_modified_time":"2025-08-29T07:26:37+00:00","og_image":[{"width":600,"height":454,"url":"https:\/\/renier.be\/wp-content\/uploads\/2025\/01\/Hotel-de-Clercx-2017-08-06-cour-fronton-LDef.jpg","type":"image\/jpeg"}],"twitter_card":"summary_large_image","twitter_misc":{"Dur\u00e9e de lecture estim\u00e9e":"1 minute"},"schema":{"@context":"https:\/\/schema.org","@graph":[{"@type":"WebPage","@id":"https:\/\/renier.be\/renovatie\/","url":"https:\/\/renier.be\/renovatie\/","name":"R\u00e9novation - Renier Natuursteen","isPartOf":{"@id":"https:\/\/renier.be\/#website"},"primaryImageOfPage":{"@id":"https:\/\/renier.be\/renovatie\/#primaryimage"},"image":{"@id":"https:\/\/renier.be\/renovatie\/#primaryimage"},"thumbnailUrl":"https:\/\/renier.be\/wp-content\/uploads\/2025\/01\/Hotel-de-Clercx-2017-08-06-cour-fronton-LDef-300x227.jpg","datePublished":"2024-07-03T13:25:48+00:00","dateModified":"2025-08-29T07:26:37+00:00","breadcrumb":{"@id":"https:\/\/renier.be\/renovatie\/#breadcrumb"},"inLanguage":"fr-FR","potentialAction":[{"@type":"ReadAction","target":["https:\/\/renier.be\/renovatie\/"]}]},{"@type":"ImageObject","inLanguage":"fr-FR","@id":"https:\/\/renier.be\/renovatie\/#primaryimage","url":"https:\/\/renier.be\/wp-content\/uploads\/2025\/01\/Hotel-de-Clercx-2017-08-06-cour-fronton-LDef-300x227.jpg","contentUrl":"https:\/\/renier.be\/wp-content\/uploads\/2025\/01\/Hotel-de-Clercx-2017-08-06-cour-fronton-LDef-300x227.jpg"},{"@type":"BreadcrumbList","@id":"https:\/\/renier.be\/renovatie\/#breadcrumb","itemListElement":[{"@type":"ListItem","position":1,"name":"Home","item":"https:\/\/renier.be\/"},{"@type":"ListItem","position":2,"name":"Renovatie"}]},{"@type":"WebSite","@id":"https:\/\/renier.be\/#website","url":"https:\/\/renier.be\/","name":"Pierre naturelle de Renier","description":"Sp\u00e9cialiste de la pierre bleue belge","publisher":{"@id":"https:\/\/renier.be\/#organization"},"potentialAction":[{"@type":"SearchAction","target":{"@type":"EntryPoint","urlTemplate":"https:\/\/renier.be\/?s={search_term_string}"},"query-input":{"@type":"PropertyValueSpecification","valueRequired":true,"valueName":"search_term_string"}}],"inLanguage":"fr-FR"},{"@type":"Organization","@id":"https:\/\/renier.be\/#organization","name":"Pierre naturelle de Renier","url":"https:\/\/renier.be\/","logo":{"@type":"ImageObject","inLanguage":"fr-FR","@id":"https:\/\/renier.be\/#\/schema\/logo\/image\/","url":"","contentUrl":"","caption":"Renier Natuursteen"},"image":{"@id":"https:\/\/renier.be\/#\/schema\/logo\/image\/"},"sameAs":["https:\/\/www.facebook.com\/reniernatuursteen"]}]}},"_links":{"self":[{"href":"https:\/\/renier.be\/fr\/wp-json\/wp\/v2\/pages\/628","targetHints":{"allow":["GET"]}}],"collection":[{"href":"https:\/\/renier.be\/fr\/wp-json\/wp\/v2\/pages"}],"about":[{"href":"https:\/\/renier.be\/fr\/wp-json\/wp\/v2\/types\/page"}],"author":[{"embeddable":true,"href":"https:\/\/renier.be\/fr\/wp-json\/wp\/v2\/users\/1"}],"replies":[{"embeddable":true,"href":"https:\/\/renier.be\/fr\/wp-json\/wp\/v2\/comments?post=628"}],"version-history":[{"count":0,"href":"https:\/\/renier.be\/fr\/wp-json\/wp\/v2\/pages\/628\/revisions"}],"wp:attachment":[{"href":"https:\/\/renier.be\/fr\/wp-json\/wp\/v2\/media?parent=628"}],"curies":[{"name":"wp","href":"https:\/\/api.w.org\/{rel}","templated":true}]}}