{"id":1312,"date":"2024-08-14T11:28:01","date_gmt":"2024-08-14T09:28:01","guid":{"rendered":"https:\/\/renier.be\/?post_type=product&#038;p=1312"},"modified":"2025-07-03T13:41:46","modified_gmt":"2025-07-03T11:41:46","slug":"composez-votre-propre-carrelage-a-vinalmont","status":"publish","type":"product","link":"https:\/\/renier.be\/fr\/product\/stel-zelf-uw-tegel-samen-in-vinalmont\/","title":{"rendered":"Composez votre propre dalle en Vinalmont"},"content":{"rendered":"<p>Notre Vinalmont belge est l'un des mat\u00e9riaux les plus durables au monde. Form\u00e9e au cours de millions d'ann\u00e9es, cette pierre ancienne est extraite localement et \u00e9cologiquement dans le respect de l'environnement.<\/p>\n<p>Ces \u00e9l\u00e9gantes dalles de sol peuvent \u00eatre facilement personnalis\u00e9es :<\/p>\n<ul>\n<li>Le mat\u00e9riau utilis\u00e9 ici est l'unique Vinalmont de notre propre carri\u00e8re.  Il d\u00e9gage encore plus d'\u00e9l\u00e9gance et devient l\u00e9g\u00e8rement plus bleu avec le temps.<\/li>\n<li>Diff\u00e9rentes finitions de surface. Les c\u00f4t\u00e9s sont toujours sci\u00e9s.<\/li>\n<li>Epaisseurs de 2cm ou 3cm (int\u00e9rieur) et jusqu'\u00e0 8cm (ext\u00e9rieur). D'autres \u00e9paisseurs sont certainement possibles sur demande. N'h\u00e9sitez pas \u00e0 nous contacter \u00e0 ce sujet.<\/li>\n<li>Flexibilit\u00e9 totale au niveau des dimensions. Pensez \u00e0 des combinaisons rectangulaires telles que 60\u00d740.<\/li>\n<\/ul>\n<p>&nbsp;<\/p>\n<p><img decoding=\"async\" class=\"alignnone wp-image-1317\" src=\"https:\/\/renier.be\/wp-content\/uploads\/2024\/08\/Vinalmont-NL-jpeg-300x62.jpg\" alt=\"\" width=\"334\" height=\"69\" srcset=\"https:\/\/renier.be\/wp-content\/uploads\/2024\/08\/Vinalmont-NL-jpeg-300x62.jpg 300w, https:\/\/renier.be\/wp-content\/uploads\/2024\/08\/Vinalmont-NL-jpeg-768x159.jpg 768w, https:\/\/renier.be\/wp-content\/uploads\/2024\/08\/Vinalmont-NL-jpeg-600x124.jpg 600w, https:\/\/renier.be\/wp-content\/uploads\/2024\/08\/Vinalmont-NL-jpeg.jpg 1020w\" sizes=\"(max-width: 334px) 100vw, 334px\" \/><\/p>","protected":false},"excerpt":{"rendered":"<p>Composez vous-m\u00eame votre carrelage id\u00e9al en toute simplicit\u00e9. Choisissez ci-dessous le mat\u00e9riau et la finition souhait\u00e9e, l'\u00e9paisseur, la longueur et la largeur. Le prix par pi\u00e8ce et par m\u00b2 sera calcul\u00e9 automatiquement. Vous pouvez toujours modifier la finition souhait\u00e9e, la photo \u00e0 gauche de cette page sera \u00e9galement adapt\u00e9e.<\/p>\n<p>Cliquez ensuite sur ajouter au panier et terminez votre commande. D\u00e9lai de livraison : 2 \u00e0 3 semaines.<\/p>","protected":false},"featured_media":1314,"template":"","meta":{"_acf_changed":false},"product_brand":[],"product_cat":[22,35,38,56],"product_tag":[],"class_list":{"0":"post-1312","1":"product","2":"type-product","3":"status-publish","4":"has-post-thumbnail","6":"product_cat-interieur","7":"product_cat-terras","8":"product_cat-vloer","9":"product_cat-tegels","11":"first","12":"onbackorder","13":"taxable","14":"shipping-taxable","15":"purchasable","16":"product-type-simple"},"acf":[],"yoast_head":"<!-- This site is optimized with the Yoast SEO plugin v27.3 - https:\/\/yoast.com\/product\/yoast-seo-wordpress\/ -->\n<title>Stel zelf uw tegel samen in Vinalmont - Renier Natuursteen<\/title>\n<meta name=\"robots\" content=\"index, follow, max-snippet:-1, max-image-preview:large, max-video-preview:-1\" \/>\n<link rel=\"canonical\" href=\"https:\/\/renier.be\/fr\/produit\/composez-votre-propre-carrelage-a-vinalmont\/\" \/>\n<meta property=\"og:locale\" content=\"fr_FR\" \/>\n<meta property=\"og:type\" content=\"article\" \/>\n<meta property=\"og:title\" content=\"Stel zelf uw tegel samen in Vinalmont - Renier Natuursteen\" \/>\n<meta property=\"og:description\" content=\"Stel hier eenvoudig zelf je ideale tegel samen. Kies hieronder het materiaal en de gewenste afwerking, de dikte, lengte en breedte. De prijs per stuk en per m\u00b2 wordt automatisch berekend. Je kan steeds de gewenste afwerking aanpassen, de foto links op deze pagina wordt eveneens aangepast.  Klik daarna op toevoegen in de winkelwagen en vervolledig je bestelling. Levertijd 2 \u00e0 3 weken.\" \/>\n<meta property=\"og:url\" content=\"https:\/\/renier.be\/fr\/produit\/composez-votre-propre-carrelage-a-vinalmont\/\" \/>\n<meta property=\"og:site_name\" content=\"Renier Natuursteen\" \/>\n<meta property=\"article:publisher\" content=\"https:\/\/www.facebook.com\/reniernatuursteen\" \/>\n<meta property=\"article:modified_time\" content=\"2025-07-03T11:41:46+00:00\" \/>\n<meta property=\"og:image\" content=\"https:\/\/renier.be\/wp-content\/uploads\/2024\/08\/calcaire-gezandstraald-scaled.jpg\" \/>\n\t<meta property=\"og:image:width\" content=\"2560\" \/>\n\t<meta property=\"og:image:height\" content=\"1707\" \/>\n\t<meta property=\"og:image:type\" content=\"image\/jpeg\" \/>\n<meta name=\"twitter:card\" content=\"summary_large_image\" \/>\n<meta name=\"twitter:label1\" content=\"Dur\u00e9e de lecture estim\u00e9e\" \/>\n\t<meta name=\"twitter:data1\" content=\"1 minute\" \/>\n<script type=\"application\/ld+json\" class=\"yoast-schema-graph\">{\"@context\":\"https:\\\/\\\/schema.org\",\"@graph\":[{\"@type\":\"WebPage\",\"@id\":\"https:\\\/\\\/renier.be\\\/product\\\/stel-zelf-uw-tegel-samen-in-vinalmont\\\/\",\"url\":\"https:\\\/\\\/renier.be\\\/product\\\/stel-zelf-uw-tegel-samen-in-vinalmont\\\/\",\"name\":\"Stel zelf uw tegel samen in Vinalmont - Renier Natuursteen\",\"isPartOf\":{\"@id\":\"https:\\\/\\\/renier.be\\\/#website\"},\"primaryImageOfPage\":{\"@id\":\"https:\\\/\\\/renier.be\\\/product\\\/stel-zelf-uw-tegel-samen-in-vinalmont\\\/#primaryimage\"},\"image\":{\"@id\":\"https:\\\/\\\/renier.be\\\/product\\\/stel-zelf-uw-tegel-samen-in-vinalmont\\\/#primaryimage\"},\"thumbnailUrl\":\"https:\\\/\\\/renier.be\\\/wp-content\\\/uploads\\\/2024\\\/08\\\/calcaire-gezandstraald-scaled.jpg\",\"datePublished\":\"2024-08-14T09:28:01+00:00\",\"dateModified\":\"2025-07-03T11:41:46+00:00\",\"breadcrumb\":{\"@id\":\"https:\\\/\\\/renier.be\\\/product\\\/stel-zelf-uw-tegel-samen-in-vinalmont\\\/#breadcrumb\"},\"inLanguage\":\"fr-FR\",\"potentialAction\":[{\"@type\":\"ReadAction\",\"target\":[\"https:\\\/\\\/renier.be\\\/product\\\/stel-zelf-uw-tegel-samen-in-vinalmont\\\/\"]}]},{\"@type\":\"ImageObject\",\"inLanguage\":\"fr-FR\",\"@id\":\"https:\\\/\\\/renier.be\\\/product\\\/stel-zelf-uw-tegel-samen-in-vinalmont\\\/#primaryimage\",\"url\":\"https:\\\/\\\/renier.be\\\/wp-content\\\/uploads\\\/2024\\\/08\\\/calcaire-gezandstraald-scaled.jpg\",\"contentUrl\":\"https:\\\/\\\/renier.be\\\/wp-content\\\/uploads\\\/2024\\\/08\\\/calcaire-gezandstraald-scaled.jpg\",\"width\":2560,\"height\":1707},{\"@type\":\"BreadcrumbList\",\"@id\":\"https:\\\/\\\/renier.be\\\/product\\\/stel-zelf-uw-tegel-samen-in-vinalmont\\\/#breadcrumb\",\"itemListElement\":[{\"@type\":\"ListItem\",\"position\":1,\"name\":\"Home\",\"item\":\"https:\\\/\\\/renier.be\\\/\"},{\"@type\":\"ListItem\",\"position\":2,\"name\":\"Producten\",\"item\":\"https:\\\/\\\/renier.be\\\/producten\\\/\"},{\"@type\":\"ListItem\",\"position\":3,\"name\":\"Stel zelf uw tegel samen in Vinalmont\"}]},{\"@type\":\"WebSite\",\"@id\":\"https:\\\/\\\/renier.be\\\/#website\",\"url\":\"https:\\\/\\\/renier.be\\\/\",\"name\":\"Renier Natuursteen\",\"description\":\"Specialist in Belgisch Blauwe Hardsteen\",\"publisher\":{\"@id\":\"https:\\\/\\\/renier.be\\\/#organization\"},\"potentialAction\":[{\"@type\":\"SearchAction\",\"target\":{\"@type\":\"EntryPoint\",\"urlTemplate\":\"https:\\\/\\\/renier.be\\\/?s={search_term_string}\"},\"query-input\":{\"@type\":\"PropertyValueSpecification\",\"valueRequired\":true,\"valueName\":\"search_term_string\"}}],\"inLanguage\":\"fr-FR\"},{\"@type\":\"Organization\",\"@id\":\"https:\\\/\\\/renier.be\\\/#organization\",\"name\":\"Renier Natuursteen\",\"url\":\"https:\\\/\\\/renier.be\\\/\",\"logo\":{\"@type\":\"ImageObject\",\"inLanguage\":\"fr-FR\",\"@id\":\"https:\\\/\\\/renier.be\\\/#\\\/schema\\\/logo\\\/image\\\/\",\"url\":\"\",\"contentUrl\":\"\",\"caption\":\"Renier Natuursteen\"},\"image\":{\"@id\":\"https:\\\/\\\/renier.be\\\/#\\\/schema\\\/logo\\\/image\\\/\"},\"sameAs\":[\"https:\\\/\\\/www.facebook.com\\\/reniernatuursteen\"]}]}<\/script>\n<!-- \/ Yoast SEO plugin. -->","yoast_head_json":{"title":"Composez votre propre carreau \u00e0 Vinalmont - Renier Natuursteen","robots":{"index":"index","follow":"follow","max-snippet":"max-snippet:-1","max-image-preview":"max-image-preview:large","max-video-preview":"max-video-preview:-1"},"canonical":"https:\/\/renier.be\/fr\/produit\/composez-votre-propre-carrelage-a-vinalmont\/","og_locale":"fr_FR","og_type":"article","og_title":"Stel zelf uw tegel samen in Vinalmont - Renier Natuursteen","og_description":"Stel hier eenvoudig zelf je ideale tegel samen. Kies hieronder het materiaal en de gewenste afwerking, de dikte, lengte en breedte. De prijs per stuk en per m\u00b2 wordt automatisch berekend. Je kan steeds de gewenste afwerking aanpassen, de foto links op deze pagina wordt eveneens aangepast.  Klik daarna op toevoegen in de winkelwagen en vervolledig je bestelling. Levertijd 2 \u00e0 3 weken.","og_url":"https:\/\/renier.be\/fr\/produit\/composez-votre-propre-carrelage-a-vinalmont\/","og_site_name":"Renier Natuursteen","article_publisher":"https:\/\/www.facebook.com\/reniernatuursteen","article_modified_time":"2025-07-03T11:41:46+00:00","og_image":[{"width":2560,"height":1707,"url":"https:\/\/renier.be\/wp-content\/uploads\/2024\/08\/calcaire-gezandstraald-scaled.jpg","type":"image\/jpeg"}],"twitter_card":"summary_large_image","twitter_misc":{"Dur\u00e9e de lecture estim\u00e9e":"1 minute"},"schema":{"@context":"https:\/\/schema.org","@graph":[{"@type":"WebPage","@id":"https:\/\/renier.be\/product\/stel-zelf-uw-tegel-samen-in-vinalmont\/","url":"https:\/\/renier.be\/product\/stel-zelf-uw-tegel-samen-in-vinalmont\/","name":"Composez votre propre carreau \u00e0 Vinalmont - Renier Natuursteen","isPartOf":{"@id":"https:\/\/renier.be\/#website"},"primaryImageOfPage":{"@id":"https:\/\/renier.be\/product\/stel-zelf-uw-tegel-samen-in-vinalmont\/#primaryimage"},"image":{"@id":"https:\/\/renier.be\/product\/stel-zelf-uw-tegel-samen-in-vinalmont\/#primaryimage"},"thumbnailUrl":"https:\/\/renier.be\/wp-content\/uploads\/2024\/08\/calcaire-gezandstraald-scaled.jpg","datePublished":"2024-08-14T09:28:01+00:00","dateModified":"2025-07-03T11:41:46+00:00","breadcrumb":{"@id":"https:\/\/renier.be\/product\/stel-zelf-uw-tegel-samen-in-vinalmont\/#breadcrumb"},"inLanguage":"fr-FR","potentialAction":[{"@type":"ReadAction","target":["https:\/\/renier.be\/product\/stel-zelf-uw-tegel-samen-in-vinalmont\/"]}]},{"@type":"ImageObject","inLanguage":"fr-FR","@id":"https:\/\/renier.be\/product\/stel-zelf-uw-tegel-samen-in-vinalmont\/#primaryimage","url":"https:\/\/renier.be\/wp-content\/uploads\/2024\/08\/calcaire-gezandstraald-scaled.jpg","contentUrl":"https:\/\/renier.be\/wp-content\/uploads\/2024\/08\/calcaire-gezandstraald-scaled.jpg","width":2560,"height":1707},{"@type":"BreadcrumbList","@id":"https:\/\/renier.be\/product\/stel-zelf-uw-tegel-samen-in-vinalmont\/#breadcrumb","itemListElement":[{"@type":"ListItem","position":1,"name":"Home","item":"https:\/\/renier.be\/"},{"@type":"ListItem","position":2,"name":"Producten","item":"https:\/\/renier.be\/producten\/"},{"@type":"ListItem","position":3,"name":"Stel zelf uw tegel samen in Vinalmont"}]},{"@type":"WebSite","@id":"https:\/\/renier.be\/#website","url":"https:\/\/renier.be\/","name":"Pierre naturelle de Renier","description":"Sp\u00e9cialiste de la pierre bleue belge","publisher":{"@id":"https:\/\/renier.be\/#organization"},"potentialAction":[{"@type":"SearchAction","target":{"@type":"EntryPoint","urlTemplate":"https:\/\/renier.be\/?s={search_term_string}"},"query-input":{"@type":"PropertyValueSpecification","valueRequired":true,"valueName":"search_term_string"}}],"inLanguage":"fr-FR"},{"@type":"Organization","@id":"https:\/\/renier.be\/#organization","name":"Pierre naturelle de Renier","url":"https:\/\/renier.be\/","logo":{"@type":"ImageObject","inLanguage":"fr-FR","@id":"https:\/\/renier.be\/#\/schema\/logo\/image\/","url":"","contentUrl":"","caption":"Renier Natuursteen"},"image":{"@id":"https:\/\/renier.be\/#\/schema\/logo\/image\/"},"sameAs":["https:\/\/www.facebook.com\/reniernatuursteen"]}]}},"_links":{"self":[{"href":"https:\/\/renier.be\/fr\/wp-json\/wp\/v2\/product\/1312","targetHints":{"allow":["GET"]}}],"collection":[{"href":"https:\/\/renier.be\/fr\/wp-json\/wp\/v2\/product"}],"about":[{"href":"https:\/\/renier.be\/fr\/wp-json\/wp\/v2\/types\/product"}],"wp:featuredmedia":[{"embeddable":true,"href":"https:\/\/renier.be\/fr\/wp-json\/wp\/v2\/media\/1314"}],"wp:attachment":[{"href":"https:\/\/renier.be\/fr\/wp-json\/wp\/v2\/media?parent=1312"}],"wp:term":[{"taxonomy":"product_brand","embeddable":true,"href":"https:\/\/renier.be\/fr\/wp-json\/wp\/v2\/product_brand?post=1312"},{"taxonomy":"product_cat","embeddable":true,"href":"https:\/\/renier.be\/fr\/wp-json\/wp\/v2\/product_cat?post=1312"},{"taxonomy":"product_tag","embeddable":true,"href":"https:\/\/renier.be\/fr\/wp-json\/wp\/v2\/product_tag?post=1312"}],"curies":[{"name":"wp","href":"https:\/\/api.w.org\/{rel}","templated":true}]}}