{"id":2050,"date":"2024-08-26T08:44:53","date_gmt":"2024-08-26T06:44:53","guid":{"rendered":"https:\/\/renier.be\/?post_type=product&#038;p=2050"},"modified":"2026-04-01T15:41:19","modified_gmt":"2026-04-01T13:41:19","slug":"seuil-de-porte-plat-sur-mesure","status":"publish","type":"product","link":"https:\/\/renier.be\/fr\/product\/vlakke-deurdorpel-op-maat\/","title":{"rendered":"Composez vous-m\u00eame votre seuil de porte plat en pierre bleue belge"},"content":{"rendered":"<p>Notre pierre bleue belge est l'un des mat\u00e9riaux les plus durables au monde. Form\u00e9e au cours de millions d'ann\u00e9es, cette pierre ancienne est extraite localement et \u00e9cologiquement dans le respect de l'environnement.<\/p>\n<p>Ce seuil de porte plat peut \u00eatre facilement personnalis\u00e9 :<\/p>\n<ul>\n<li>Pierre bleue provenant de notre propre carri\u00e8re (La Pr\u00e9alle \u00e0 Sprimont)<\/li>\n<li>Finition :\n<ul>\n<li>Dessus, avant et deux t\u00eates (5 cm) meul\u00e9s en bleu ou en gris<\/li>\n<li>L'avant et les deux t\u00eates (5 cm) peuvent \u00eatre agr\u00e9ment\u00e9s en option d'une finition cisel\u00e9e pour un look \u00e9l\u00e9gant.<\/li>\n<\/ul>\n<\/li>\n<li>Coupe droite, avec une rainure d'\u00e9gouttage de 0,6 x 0,6 cm, \u00e0 2 cm de l'avant, s'arr\u00eatant \u00e0 2 cm des t\u00eates usin\u00e9es.<\/li>\n<li>Options :\n<ul>\n<li>Coupe en onglet 45\u00b0<\/li>\n<li>Assises de 1 cm d'\u00e9paisseur sur toute la largeur<\/li>\n<\/ul>\n<\/li>\n<\/ul>\n<p style=\"padding-left: 40px;\"><img fetchpriority=\"high\" decoding=\"async\" class=\"alignnone size-medium wp-image-3638\" src=\"https:\/\/renier.be\/wp-content\/uploads\/2024\/08\/DOV-dorpel-met-kus-1-1-300x168.jpg\" alt=\"\" width=\"300\" height=\"168\" srcset=\"https:\/\/renier.be\/wp-content\/uploads\/2024\/08\/DOV-dorpel-met-kus-1-1-300x168.jpg 300w, https:\/\/renier.be\/wp-content\/uploads\/2024\/08\/DOV-dorpel-met-kus-1-1-18x10.jpg 18w, https:\/\/renier.be\/wp-content\/uploads\/2024\/08\/DOV-dorpel-met-kus-1-1-600x337.jpg 600w, https:\/\/renier.be\/wp-content\/uploads\/2024\/08\/DOV-dorpel-met-kus-1-1.jpg 629w\" sizes=\"(max-width: 300px) 100vw, 300px\" \/><\/p>\n<ul>\n<li style=\"list-style-type: none;\">\n<ul>\n<li>Assises de 1 cm d'\u00e9paisseur qui s'arr\u00eatent \u00e0 5 cm du c\u00f4t\u00e9 avant<\/li>\n<\/ul>\n<\/li>\n<\/ul>\n<p style=\"text-align: left; padding-left: 40px;\"><img decoding=\"async\" class=\"alignnone size-medium wp-image-2609\" src=\"https:\/\/renier.be\/wp-content\/uploads\/2024\/08\/DVO-dorpel-met-kus-5cm-van-de-kant-1-300x170.jpg\" alt=\"\" width=\"300\" height=\"170\" srcset=\"https:\/\/renier.be\/wp-content\/uploads\/2024\/08\/DVO-dorpel-met-kus-5cm-van-de-kant-1-300x170.jpg 300w, https:\/\/renier.be\/wp-content\/uploads\/2024\/08\/DVO-dorpel-met-kus-5cm-van-de-kant-1-600x340.jpg 600w, https:\/\/renier.be\/wp-content\/uploads\/2024\/08\/DVO-dorpel-met-kus-5cm-van-de-kant-1.jpg 677w\" sizes=\"(max-width: 300px) 100vw, 300px\" \/><\/p>\n<ul>\n<li>Epaisseurs de 2cm \u00e0 20cm<\/li>\n<li>Flexibilit\u00e9 totale des dimensions.<\/li>\n<\/ul>\n<p><img decoding=\"async\" class=\"alignnone size-medium wp-image-1305\" src=\"https:\/\/renier.be\/wp-content\/uploads\/2024\/06\/Renier-logo-met-belgische-vlag-300x99.jpg\" alt=\"\" width=\"300\" height=\"99\" srcset=\"https:\/\/renier.be\/wp-content\/uploads\/2024\/06\/Renier-logo-met-belgische-vlag-300x99.jpg 300w, https:\/\/renier.be\/wp-content\/uploads\/2024\/06\/Renier-logo-met-belgische-vlag-1024x337.jpg 1024w, https:\/\/renier.be\/wp-content\/uploads\/2024\/06\/Renier-logo-met-belgische-vlag-768x253.jpg 768w, https:\/\/renier.be\/wp-content\/uploads\/2024\/06\/Renier-logo-met-belgische-vlag-600x197.jpg 600w, https:\/\/renier.be\/wp-content\/uploads\/2024\/06\/Renier-logo-met-belgische-vlag.jpg 1067w\" sizes=\"(max-width: 300px) 100vw, 300px\" \/><\/p>","protected":false},"excerpt":{"rendered":"<p>Le pr\u00e9sent <strong data-start=\"603\" data-end=\"658\">seuil de porte plat sur mesure <\/strong>est une solution intemporelle et durable, tant pour la r\u00e9novation que pour la construction neuve. L'appui est fabriqu\u00e9 en pierre bleue belge (bluestone), une pierre naturelle connue pour sa solidit\u00e9, sa r\u00e9sistance \u00e0 l'usure et son aspect \u00e9l\u00e9gant. Gr\u00e2ce \u00e0 sa finition plane et \u00e0 sa couche sup\u00e9rieure ponc\u00e9e, cet appui allie fonctionnalit\u00e9 et aspect \u00e9l\u00e9gant et moderne.<\/p>\n<p>Composez vous-m\u00eame votre seuil de porte plat id\u00e9al avec rainure d'\u00e9gouttage. Choisissez la finition, l'\u00e9paisseur, la longueur et la largeur souhait\u00e9es et toutes les options ci-dessous. Le prix par pi\u00e8ce et par m\u00b2 est calcul\u00e9 automatiquement. Vous pouvez toujours modifier la finition souhait\u00e9e. Cliquez ensuite sur ajouter au panier et compl\u00e9tez votre commande. Le d\u00e9lai de livraison est de 2 semaines.<\/p>\n<p>Longueur sup\u00e9rieure \u00e0 180 cm ? Le seuil est automatiquement divis\u00e9 en plusieurs pi\u00e8ces.  Saisissez la division souhait\u00e9e dans les champs suppl\u00e9mentaires qui s'affichent.<\/p>","protected":false},"featured_media":2672,"template":"","meta":{"_acf_changed":false},"product_brand":[],"product_cat":[43,31,19,80],"product_tag":[],"class_list":{"0":"post-2050","1":"product","2":"type-product","3":"status-publish","4":"has-post-thumbnail","6":"product_cat-deurdorpel","7":"product_cat-dorpel","8":"product_cat-ruwbouw","9":"product_cat-vlak-deurdorpel","11":"first","12":"onbackorder","13":"taxable","14":"shipping-taxable","15":"purchasable","16":"product-type-simple"},"acf":[],"yoast_head":"<!-- This site is optimized with the Yoast SEO plugin v27.4 - https:\/\/yoast.com\/product\/yoast-seo-wordpress\/ -->\n<title>Vlakke deurdorpel op maat, Belgische hardsteen - Renier Natuursteen<\/title>\n<meta name=\"description\" content=\"Vlakke deurdorpel blauw geschuurd op maat gemaakt. Duurzame Belgische hardsteen, slijtvast en tijdloos. Renier natuursteen natuurlijk.\" \/>\n<meta name=\"robots\" content=\"index, follow, max-snippet:-1, max-image-preview:large, max-video-preview:-1\" \/>\n<link rel=\"canonical\" href=\"https:\/\/renier.be\/fr\/produit\/seuil-de-porte-plat-sur-mesure\/\" \/>\n<meta property=\"og:locale\" content=\"fr_FR\" \/>\n<meta property=\"og:type\" content=\"article\" \/>\n<meta property=\"og:title\" content=\"Vlakke deurdorpel op maat, Belgische hardsteen - Renier Natuursteen\" \/>\n<meta property=\"og:description\" content=\"Vlakke deurdorpel blauw geschuurd op maat gemaakt. Duurzame Belgische hardsteen, slijtvast en tijdloos. Renier natuursteen natuurlijk.\" \/>\n<meta property=\"og:url\" content=\"https:\/\/renier.be\/fr\/produit\/seuil-de-porte-plat-sur-mesure\/\" \/>\n<meta property=\"og:site_name\" content=\"Renier Natuursteen\" \/>\n<meta property=\"article:publisher\" content=\"https:\/\/www.facebook.com\/reniernatuursteen\" \/>\n<meta property=\"article:modified_time\" content=\"2026-04-01T13:41:19+00:00\" \/>\n<meta property=\"og:image\" content=\"https:\/\/renier.be\/wp-content\/uploads\/2024\/08\/DOV-BLS5-EDIT-wit.jpg\" \/>\n\t<meta property=\"og:image:width\" content=\"2400\" \/>\n\t<meta property=\"og:image:height\" content=\"1599\" \/>\n\t<meta property=\"og:image:type\" content=\"image\/jpeg\" \/>\n<meta name=\"twitter:card\" content=\"summary_large_image\" \/>\n<meta name=\"twitter:label1\" content=\"Dur\u00e9e de lecture estim\u00e9e\" \/>\n\t<meta name=\"twitter:data1\" content=\"2 minutes\" \/>\n<script type=\"application\/ld+json\" class=\"yoast-schema-graph\">{\"@context\":\"https:\\\/\\\/schema.org\",\"@graph\":[{\"@type\":\"WebPage\",\"@id\":\"https:\\\/\\\/renier.be\\\/product\\\/vlakke-deurdorpel-op-maat\\\/\",\"url\":\"https:\\\/\\\/renier.be\\\/product\\\/vlakke-deurdorpel-op-maat\\\/\",\"name\":\"Vlakke deurdorpel op maat, Belgische hardsteen - Renier Natuursteen\",\"isPartOf\":{\"@id\":\"https:\\\/\\\/renier.be\\\/#website\"},\"primaryImageOfPage\":{\"@id\":\"https:\\\/\\\/renier.be\\\/product\\\/vlakke-deurdorpel-op-maat\\\/#primaryimage\"},\"image\":{\"@id\":\"https:\\\/\\\/renier.be\\\/product\\\/vlakke-deurdorpel-op-maat\\\/#primaryimage\"},\"thumbnailUrl\":\"https:\\\/\\\/renier.be\\\/wp-content\\\/uploads\\\/2024\\\/08\\\/DOV-BLS5-EDIT-wit.jpg\",\"datePublished\":\"2024-08-26T06:44:53+00:00\",\"dateModified\":\"2026-04-01T13:41:19+00:00\",\"description\":\"Vlakke deurdorpel blauw geschuurd op maat gemaakt. Duurzame Belgische hardsteen, slijtvast en tijdloos. Renier natuursteen natuurlijk.\",\"breadcrumb\":{\"@id\":\"https:\\\/\\\/renier.be\\\/product\\\/vlakke-deurdorpel-op-maat\\\/#breadcrumb\"},\"inLanguage\":\"fr-FR\",\"potentialAction\":[{\"@type\":\"ReadAction\",\"target\":[\"https:\\\/\\\/renier.be\\\/product\\\/vlakke-deurdorpel-op-maat\\\/\"]}]},{\"@type\":\"ImageObject\",\"inLanguage\":\"fr-FR\",\"@id\":\"https:\\\/\\\/renier.be\\\/product\\\/vlakke-deurdorpel-op-maat\\\/#primaryimage\",\"url\":\"https:\\\/\\\/renier.be\\\/wp-content\\\/uploads\\\/2024\\\/08\\\/DOV-BLS5-EDIT-wit.jpg\",\"contentUrl\":\"https:\\\/\\\/renier.be\\\/wp-content\\\/uploads\\\/2024\\\/08\\\/DOV-BLS5-EDIT-wit.jpg\",\"width\":2400,\"height\":1599,\"caption\":\"Vlakke deurdorpel blauw geschuurd 100\u00d718 5 cm dik\"},{\"@type\":\"BreadcrumbList\",\"@id\":\"https:\\\/\\\/renier.be\\\/product\\\/vlakke-deurdorpel-op-maat\\\/#breadcrumb\",\"itemListElement\":[{\"@type\":\"ListItem\",\"position\":1,\"name\":\"Home\",\"item\":\"https:\\\/\\\/renier.be\\\/\"},{\"@type\":\"ListItem\",\"position\":2,\"name\":\"Producten\",\"item\":\"https:\\\/\\\/renier.be\\\/producten\\\/\"},{\"@type\":\"ListItem\",\"position\":3,\"name\":\"Stel zelf uw vlakke deurdorpel samen in Belgische blauwe hardsteen\"}]},{\"@type\":\"WebSite\",\"@id\":\"https:\\\/\\\/renier.be\\\/#website\",\"url\":\"https:\\\/\\\/renier.be\\\/\",\"name\":\"Renier Natuursteen\",\"description\":\"Specialist in Belgisch Blauwe Hardsteen\",\"publisher\":{\"@id\":\"https:\\\/\\\/renier.be\\\/#organization\"},\"potentialAction\":[{\"@type\":\"SearchAction\",\"target\":{\"@type\":\"EntryPoint\",\"urlTemplate\":\"https:\\\/\\\/renier.be\\\/?s={search_term_string}\"},\"query-input\":{\"@type\":\"PropertyValueSpecification\",\"valueRequired\":true,\"valueName\":\"search_term_string\"}}],\"inLanguage\":\"fr-FR\"},{\"@type\":\"Organization\",\"@id\":\"https:\\\/\\\/renier.be\\\/#organization\",\"name\":\"Renier Natuursteen\",\"url\":\"https:\\\/\\\/renier.be\\\/\",\"logo\":{\"@type\":\"ImageObject\",\"inLanguage\":\"fr-FR\",\"@id\":\"https:\\\/\\\/renier.be\\\/#\\\/schema\\\/logo\\\/image\\\/\",\"url\":\"\",\"contentUrl\":\"\",\"caption\":\"Renier Natuursteen\"},\"image\":{\"@id\":\"https:\\\/\\\/renier.be\\\/#\\\/schema\\\/logo\\\/image\\\/\"},\"sameAs\":[\"https:\\\/\\\/www.facebook.com\\\/reniernatuursteen\"]}]}<\/script>\n<!-- \/ Yoast SEO plugin. -->","yoast_head_json":{"title":"Seuil de porte plat sur mesure, pierre bleue belge - Renier Natuursteen","description":"Seuil de porte plat bleu ponc\u00e9 sur mesure. Pierre bleue belge durable, r\u00e9sistante et intemporelle. Pierre naturelle Renier.","robots":{"index":"index","follow":"follow","max-snippet":"max-snippet:-1","max-image-preview":"max-image-preview:large","max-video-preview":"max-video-preview:-1"},"canonical":"https:\/\/renier.be\/fr\/produit\/seuil-de-porte-plat-sur-mesure\/","og_locale":"fr_FR","og_type":"article","og_title":"Vlakke deurdorpel op maat, Belgische hardsteen - Renier Natuursteen","og_description":"Vlakke deurdorpel blauw geschuurd op maat gemaakt. Duurzame Belgische hardsteen, slijtvast en tijdloos. Renier natuursteen natuurlijk.","og_url":"https:\/\/renier.be\/fr\/produit\/seuil-de-porte-plat-sur-mesure\/","og_site_name":"Renier Natuursteen","article_publisher":"https:\/\/www.facebook.com\/reniernatuursteen","article_modified_time":"2026-04-01T13:41:19+00:00","og_image":[{"width":2400,"height":1599,"url":"https:\/\/renier.be\/wp-content\/uploads\/2024\/08\/DOV-BLS5-EDIT-wit.jpg","type":"image\/jpeg"}],"twitter_card":"summary_large_image","twitter_misc":{"Dur\u00e9e de lecture estim\u00e9e":"2 minutes"},"schema":{"@context":"https:\/\/schema.org","@graph":[{"@type":"WebPage","@id":"https:\/\/renier.be\/product\/vlakke-deurdorpel-op-maat\/","url":"https:\/\/renier.be\/product\/vlakke-deurdorpel-op-maat\/","name":"Seuil de porte plat sur mesure, pierre bleue belge - Renier Natuursteen","isPartOf":{"@id":"https:\/\/renier.be\/#website"},"primaryImageOfPage":{"@id":"https:\/\/renier.be\/product\/vlakke-deurdorpel-op-maat\/#primaryimage"},"image":{"@id":"https:\/\/renier.be\/product\/vlakke-deurdorpel-op-maat\/#primaryimage"},"thumbnailUrl":"https:\/\/renier.be\/wp-content\/uploads\/2024\/08\/DOV-BLS5-EDIT-wit.jpg","datePublished":"2024-08-26T06:44:53+00:00","dateModified":"2026-04-01T13:41:19+00:00","description":"Seuil de porte plat bleu ponc\u00e9 sur mesure. Pierre bleue belge durable, r\u00e9sistante et intemporelle. Pierre naturelle Renier.","breadcrumb":{"@id":"https:\/\/renier.be\/product\/vlakke-deurdorpel-op-maat\/#breadcrumb"},"inLanguage":"fr-FR","potentialAction":[{"@type":"ReadAction","target":["https:\/\/renier.be\/product\/vlakke-deurdorpel-op-maat\/"]}]},{"@type":"ImageObject","inLanguage":"fr-FR","@id":"https:\/\/renier.be\/product\/vlakke-deurdorpel-op-maat\/#primaryimage","url":"https:\/\/renier.be\/wp-content\/uploads\/2024\/08\/DOV-BLS5-EDIT-wit.jpg","contentUrl":"https:\/\/renier.be\/wp-content\/uploads\/2024\/08\/DOV-BLS5-EDIT-wit.jpg","width":2400,"height":1599,"caption":"Vlakke deurdorpel blauw geschuurd 100\u00d718 5 cm dik"},{"@type":"BreadcrumbList","@id":"https:\/\/renier.be\/product\/vlakke-deurdorpel-op-maat\/#breadcrumb","itemListElement":[{"@type":"ListItem","position":1,"name":"Home","item":"https:\/\/renier.be\/"},{"@type":"ListItem","position":2,"name":"Producten","item":"https:\/\/renier.be\/producten\/"},{"@type":"ListItem","position":3,"name":"Stel zelf uw vlakke deurdorpel samen in Belgische blauwe hardsteen"}]},{"@type":"WebSite","@id":"https:\/\/renier.be\/#website","url":"https:\/\/renier.be\/","name":"Pierre naturelle de Renier","description":"Sp\u00e9cialiste de la pierre bleue belge","publisher":{"@id":"https:\/\/renier.be\/#organization"},"potentialAction":[{"@type":"SearchAction","target":{"@type":"EntryPoint","urlTemplate":"https:\/\/renier.be\/?s={search_term_string}"},"query-input":{"@type":"PropertyValueSpecification","valueRequired":true,"valueName":"search_term_string"}}],"inLanguage":"fr-FR"},{"@type":"Organization","@id":"https:\/\/renier.be\/#organization","name":"Pierre naturelle de Renier","url":"https:\/\/renier.be\/","logo":{"@type":"ImageObject","inLanguage":"fr-FR","@id":"https:\/\/renier.be\/#\/schema\/logo\/image\/","url":"","contentUrl":"","caption":"Renier Natuursteen"},"image":{"@id":"https:\/\/renier.be\/#\/schema\/logo\/image\/"},"sameAs":["https:\/\/www.facebook.com\/reniernatuursteen"]}]}},"_links":{"self":[{"href":"https:\/\/renier.be\/fr\/wp-json\/wp\/v2\/product\/2050","targetHints":{"allow":["GET"]}}],"collection":[{"href":"https:\/\/renier.be\/fr\/wp-json\/wp\/v2\/product"}],"about":[{"href":"https:\/\/renier.be\/fr\/wp-json\/wp\/v2\/types\/product"}],"wp:featuredmedia":[{"embeddable":true,"href":"https:\/\/renier.be\/fr\/wp-json\/wp\/v2\/media\/2672"}],"wp:attachment":[{"href":"https:\/\/renier.be\/fr\/wp-json\/wp\/v2\/media?parent=2050"}],"wp:term":[{"taxonomy":"product_brand","embeddable":true,"href":"https:\/\/renier.be\/fr\/wp-json\/wp\/v2\/product_brand?post=2050"},{"taxonomy":"product_cat","embeddable":true,"href":"https:\/\/renier.be\/fr\/wp-json\/wp\/v2\/product_cat?post=2050"},{"taxonomy":"product_tag","embeddable":true,"href":"https:\/\/renier.be\/fr\/wp-json\/wp\/v2\/product_tag?post=2050"}],"curies":[{"name":"wp","href":"https:\/\/api.w.org\/{rel}","templated":true}]}}