{"id":2052,"date":"2024-08-26T09:44:52","date_gmt":"2024-08-26T07:44:52","guid":{"rendered":"https:\/\/renier.be\/?post_type=product&#038;p=2052"},"modified":"2026-03-27T13:01:40","modified_gmt":"2026-03-27T12:01:40","slug":"seuil-de-porte-plat-bleu-ponce-110x18-5cm-depaisseur","status":"publish","type":"product","link":"https:\/\/renier.be\/fr\/product\/vlakke-deurdorpel-blauw-geschuurd-110x18-5cm-dik\/","title":{"rendered":"Seuil de porte plat bleu meul\u00e9 110\u00d718 5cm d'\u00e9paisseur"},"content":{"rendered":"<p>Notre pierre bleue belge est l'un des mat\u00e9riaux les plus durables au monde. Form\u00e9e au cours de millions d'ann\u00e9es, cette pierre ancienne est extraite localement et \u00e9cologiquement dans le respect de l'environnement.<\/p>\n<p>Ce seuil de porte plat a une finition meul\u00e9e bleue avec une rainure d'\u00e9gouttage de 0,6 x 0,6 cm, \u00e0 2 cm de l'avant, qui s'arr\u00eate \u00e0 2 cm des t\u00eates usin\u00e9es.<\/p>\n<p>Longueur 1.10m - Hauteur 18cm - Epaisseur 5cm<\/p>\n<p>Disponible imm\u00e9diatement !<\/p>\n<p><img decoding=\"async\" class=\"alignnone size-medium wp-image-1305\" src=\"https:\/\/renier.be\/wp-content\/uploads\/2024\/06\/Renier-logo-met-belgische-vlag-300x99.jpg\" alt=\"\" width=\"300\" height=\"99\" srcset=\"https:\/\/renier.be\/wp-content\/uploads\/2024\/06\/Renier-logo-met-belgische-vlag-300x99.jpg 300w, https:\/\/renier.be\/wp-content\/uploads\/2024\/06\/Renier-logo-met-belgische-vlag-1024x337.jpg 1024w, https:\/\/renier.be\/wp-content\/uploads\/2024\/06\/Renier-logo-met-belgische-vlag-768x253.jpg 768w, https:\/\/renier.be\/wp-content\/uploads\/2024\/06\/Renier-logo-met-belgische-vlag-600x197.jpg 600w, https:\/\/renier.be\/wp-content\/uploads\/2024\/06\/Renier-logo-met-belgische-vlag.jpg 1067w\" sizes=\"(max-width: 300px) 100vw, 300px\" \/><\/p>","protected":false},"excerpt":{"rendered":"<p data-start=\"598\" data-end=\"1013\">Le pr\u00e9sent <strong data-start=\"603\" data-end=\"658\">seuil de porte plat bleu ponc\u00e9 110\u00d718 - 5 cm d'\u00e9paisseur<\/strong> est une solution intemporelle et durable, tant pour la r\u00e9novation que pour la construction neuve. L'appui est fabriqu\u00e9 en pierre bleue belge (bluestone), une pierre naturelle connue pour sa solidit\u00e9, sa r\u00e9sistance \u00e0 l'usure et son aspect \u00e9l\u00e9gant. Gr\u00e2ce \u00e0 sa finition plane et \u00e0 sa couche sup\u00e9rieure ponc\u00e9e, cet appui allie fonctionnalit\u00e9 et aspect \u00e9l\u00e9gant et moderne.<\/p>\n<p data-start=\"1015\" data-end=\"1434\">Un <strong data-start=\"1019\" data-end=\"1040\">cadre de porte bleu<\/strong> assure une transition parfaite entre l'int\u00e9rieur et l'ext\u00e9rieur. Son design plat lui permet de s'adapter aux portes, aux fen\u00eatres coulissantes et m\u00eame aux passages larges. Avec une \u00e9paisseur de 5 cm, cet \u00e9l\u00e9ment est extr\u00eamement robuste et peut r\u00e9sister \u00e0 un usage intensif. Les dimensions de <strong data-start=\"1299\" data-end=\"1312\">110\u00d718 cm<\/strong> sont id\u00e9ales pour les portes standard, mais gr\u00e2ce \u00e0 notre atelier interne, nous pouvons \u00e9galement les personnaliser si n\u00e9cessaire.<\/p>\n<p data-start=\"1436\" data-end=\"1847\">Ce seuil de porte n'offre pas seulement une valeur ajout\u00e9e esth\u00e9tique, mais a \u00e9galement un r\u00f4le fonctionnel clair : il prot\u00e8ge le passage de la porte contre les infiltrations d'eau et les salissures. La finition l\u00e9g\u00e8rement ponc\u00e9e offre une meilleure adh\u00e9rence et emp\u00eache de glisser, m\u00eame par temps de pluie. En outre, la pierre bleue belge conserve sa couleur naturelle et sa patine au fil des ans, ce qui fait de ce produit un investissement dans la durabilit\u00e9.<\/p>\n<p data-start=\"1849\" data-end=\"2185\">Chez Renier Natuursteen, nous livrons directement \u00e0 partir de notre propre stock. Cela signifie des d\u00e9lais de livraison courts et la garantie de ne travailler qu'avec des pierres naturelles de premier choix. Combinez sans peine cet appui plat avec nos autres solutions en pierre naturelle telles que <strong data-start=\"2102\" data-end=\"2122\">tablettes \u00e0 fen\u00eatre<\/strong>, <strong data-start=\"2124\" data-end=\"2135\">plinthes<\/strong> et <strong data-start=\"2139\" data-end=\"2155\">plinthe de pignon<\/strong> pour un ensemble harmonieux.<\/p>\n<p data-start=\"1849\" data-end=\"2185\">\ud83d\udc49 Plus d'inspiration ? Voir <a href=\"https:\/\/renier.be\/fr\/enveloppe-du-batiment-2\/\">nos solutions structurelles <\/a>ou d\u00e9couvrez ici <a href=\"https:\/\/renier.be\/fr\/produits\/?_categorieen=dorpel\">gamme compl\u00e8te de seuils<\/a><\/p>\n<p style=\"text-align: left;\">","protected":false},"featured_media":2672,"template":"","meta":{"_acf_changed":false},"product_brand":[],"product_cat":[43,31,19,80],"product_tag":[106],"class_list":{"0":"post-2052","1":"product","2":"type-product","3":"status-publish","4":"has-post-thumbnail","6":"product_cat-deurdorpel","7":"product_cat-dorpel","8":"product_cat-ruwbouw","9":"product_cat-vlak-deurdorpel","10":"product_tag-gmc","11":"product_shipping_class-afhaling","13":"first","14":"instock","15":"taxable","16":"shipping-taxable","17":"purchasable","18":"product-type-simple"},"acf":[],"yoast_head":"<!-- This site is optimized with the Yoast SEO plugin v27.4 - https:\/\/yoast.com\/product\/yoast-seo-wordpress\/ -->\n<title>Vlakke deurdorpel blauw geschuurd 110x18 5cm dik - Renier Natuursteen<\/title>\n<meta name=\"description\" content=\"Vlakke deurdorpel blauw geschuurd 110\u00d718, 5 cm dik. Duurzame Belgische hardsteen, slijtvast en tijdloos. Direct uit voorraad leverbaar bij Renier.\" \/>\n<meta name=\"robots\" content=\"index, follow, max-snippet:-1, max-image-preview:large, max-video-preview:-1\" \/>\n<link rel=\"canonical\" href=\"https:\/\/renier.be\/fr\/produit\/seuil-de-porte-plat-bleu-ponce-110x18-5cm-depaisseur\/\" \/>\n<meta property=\"og:locale\" content=\"fr_FR\" \/>\n<meta property=\"og:type\" content=\"article\" \/>\n<meta property=\"og:title\" content=\"Vlakke deurdorpel blauw geschuurd 110x18 5cm dik - Renier Natuursteen\" \/>\n<meta property=\"og:description\" content=\"Vlakke deurdorpel blauw geschuurd 110\u00d718, 5 cm dik. Duurzame Belgische hardsteen, slijtvast en tijdloos. Direct uit voorraad leverbaar bij Renier.\" \/>\n<meta property=\"og:url\" content=\"https:\/\/renier.be\/fr\/produit\/seuil-de-porte-plat-bleu-ponce-110x18-5cm-depaisseur\/\" \/>\n<meta property=\"og:site_name\" content=\"Renier Natuursteen\" \/>\n<meta property=\"article:publisher\" content=\"https:\/\/www.facebook.com\/reniernatuursteen\" \/>\n<meta property=\"article:modified_time\" content=\"2026-03-27T12:01:40+00:00\" \/>\n<meta property=\"og:image\" content=\"https:\/\/renier.be\/wp-content\/uploads\/2024\/08\/DOV-BLS5-EDIT-wit.jpg\" \/>\n\t<meta property=\"og:image:width\" content=\"2400\" \/>\n\t<meta property=\"og:image:height\" content=\"1599\" \/>\n\t<meta property=\"og:image:type\" content=\"image\/jpeg\" \/>\n<meta name=\"twitter:card\" content=\"summary_large_image\" \/>\n<meta name=\"twitter:label1\" content=\"Dur\u00e9e de lecture estim\u00e9e\" \/>\n\t<meta name=\"twitter:data1\" content=\"1 minute\" \/>\n<script type=\"application\/ld+json\" class=\"yoast-schema-graph\">{\"@context\":\"https:\\\/\\\/schema.org\",\"@graph\":[{\"@type\":\"WebPage\",\"@id\":\"https:\\\/\\\/renier.be\\\/product\\\/vlakke-deurdorpel-blauw-geschuurd-110x18-5cm-dik\\\/\",\"url\":\"https:\\\/\\\/renier.be\\\/product\\\/vlakke-deurdorpel-blauw-geschuurd-110x18-5cm-dik\\\/\",\"name\":\"Vlakke deurdorpel blauw geschuurd 110x18 5cm dik - Renier Natuursteen\",\"isPartOf\":{\"@id\":\"https:\\\/\\\/renier.be\\\/#website\"},\"primaryImageOfPage\":{\"@id\":\"https:\\\/\\\/renier.be\\\/product\\\/vlakke-deurdorpel-blauw-geschuurd-110x18-5cm-dik\\\/#primaryimage\"},\"image\":{\"@id\":\"https:\\\/\\\/renier.be\\\/product\\\/vlakke-deurdorpel-blauw-geschuurd-110x18-5cm-dik\\\/#primaryimage\"},\"thumbnailUrl\":\"https:\\\/\\\/renier.be\\\/wp-content\\\/uploads\\\/2024\\\/08\\\/DOV-BLS5-EDIT-wit.jpg\",\"datePublished\":\"2024-08-26T07:44:52+00:00\",\"dateModified\":\"2026-03-27T12:01:40+00:00\",\"description\":\"Vlakke deurdorpel blauw geschuurd 110\u00d718, 5 cm dik. Duurzame Belgische hardsteen, slijtvast en tijdloos. Direct uit voorraad leverbaar bij Renier.\",\"breadcrumb\":{\"@id\":\"https:\\\/\\\/renier.be\\\/product\\\/vlakke-deurdorpel-blauw-geschuurd-110x18-5cm-dik\\\/#breadcrumb\"},\"inLanguage\":\"fr-FR\",\"potentialAction\":[{\"@type\":\"ReadAction\",\"target\":[\"https:\\\/\\\/renier.be\\\/product\\\/vlakke-deurdorpel-blauw-geschuurd-110x18-5cm-dik\\\/\"]}]},{\"@type\":\"ImageObject\",\"inLanguage\":\"fr-FR\",\"@id\":\"https:\\\/\\\/renier.be\\\/product\\\/vlakke-deurdorpel-blauw-geschuurd-110x18-5cm-dik\\\/#primaryimage\",\"url\":\"https:\\\/\\\/renier.be\\\/wp-content\\\/uploads\\\/2024\\\/08\\\/DOV-BLS5-EDIT-wit.jpg\",\"contentUrl\":\"https:\\\/\\\/renier.be\\\/wp-content\\\/uploads\\\/2024\\\/08\\\/DOV-BLS5-EDIT-wit.jpg\",\"width\":2400,\"height\":1599,\"caption\":\"Vlakke deurdorpel blauw geschuurd 100\u00d718 5 cm dik\"},{\"@type\":\"BreadcrumbList\",\"@id\":\"https:\\\/\\\/renier.be\\\/product\\\/vlakke-deurdorpel-blauw-geschuurd-110x18-5cm-dik\\\/#breadcrumb\",\"itemListElement\":[{\"@type\":\"ListItem\",\"position\":1,\"name\":\"Home\",\"item\":\"https:\\\/\\\/renier.be\\\/\"},{\"@type\":\"ListItem\",\"position\":2,\"name\":\"Producten\",\"item\":\"https:\\\/\\\/renier.be\\\/producten\\\/\"},{\"@type\":\"ListItem\",\"position\":3,\"name\":\"Vlakke deurdorpel blauw geschuurd 110&#215;18 5cm dik\"}]},{\"@type\":\"WebSite\",\"@id\":\"https:\\\/\\\/renier.be\\\/#website\",\"url\":\"https:\\\/\\\/renier.be\\\/\",\"name\":\"Renier Natuursteen\",\"description\":\"Specialist in Belgisch Blauwe Hardsteen\",\"publisher\":{\"@id\":\"https:\\\/\\\/renier.be\\\/#organization\"},\"potentialAction\":[{\"@type\":\"SearchAction\",\"target\":{\"@type\":\"EntryPoint\",\"urlTemplate\":\"https:\\\/\\\/renier.be\\\/?s={search_term_string}\"},\"query-input\":{\"@type\":\"PropertyValueSpecification\",\"valueRequired\":true,\"valueName\":\"search_term_string\"}}],\"inLanguage\":\"fr-FR\"},{\"@type\":\"Organization\",\"@id\":\"https:\\\/\\\/renier.be\\\/#organization\",\"name\":\"Renier Natuursteen\",\"url\":\"https:\\\/\\\/renier.be\\\/\",\"logo\":{\"@type\":\"ImageObject\",\"inLanguage\":\"fr-FR\",\"@id\":\"https:\\\/\\\/renier.be\\\/#\\\/schema\\\/logo\\\/image\\\/\",\"url\":\"\",\"contentUrl\":\"\",\"caption\":\"Renier Natuursteen\"},\"image\":{\"@id\":\"https:\\\/\\\/renier.be\\\/#\\\/schema\\\/logo\\\/image\\\/\"},\"sameAs\":[\"https:\\\/\\\/www.facebook.com\\\/reniernatuursteen\"]}]}<\/script>\n<!-- \/ Yoast SEO plugin. -->","yoast_head_json":{"title":"Seuil de porte plat bleu ponc\u00e9 110x18 5cm d'\u00e9paisseur - Renier Natuursteen","description":"Seuil de porte plat bleu ponc\u00e9 110\u00d718, 5 cm d'\u00e9paisseur. Pierre bleue belge durable, r\u00e9sistante et intemporelle. Disponible directement sur stock chez Renier.","robots":{"index":"index","follow":"follow","max-snippet":"max-snippet:-1","max-image-preview":"max-image-preview:large","max-video-preview":"max-video-preview:-1"},"canonical":"https:\/\/renier.be\/fr\/produit\/seuil-de-porte-plat-bleu-ponce-110x18-5cm-depaisseur\/","og_locale":"fr_FR","og_type":"article","og_title":"Vlakke deurdorpel blauw geschuurd 110x18 5cm dik - Renier Natuursteen","og_description":"Vlakke deurdorpel blauw geschuurd 110\u00d718, 5 cm dik. Duurzame Belgische hardsteen, slijtvast en tijdloos. Direct uit voorraad leverbaar bij Renier.","og_url":"https:\/\/renier.be\/fr\/produit\/seuil-de-porte-plat-bleu-ponce-110x18-5cm-depaisseur\/","og_site_name":"Renier Natuursteen","article_publisher":"https:\/\/www.facebook.com\/reniernatuursteen","article_modified_time":"2026-03-27T12:01:40+00:00","og_image":[{"width":2400,"height":1599,"url":"https:\/\/renier.be\/wp-content\/uploads\/2024\/08\/DOV-BLS5-EDIT-wit.jpg","type":"image\/jpeg"}],"twitter_card":"summary_large_image","twitter_misc":{"Dur\u00e9e de lecture estim\u00e9e":"1 minute"},"schema":{"@context":"https:\/\/schema.org","@graph":[{"@type":"WebPage","@id":"https:\/\/renier.be\/product\/vlakke-deurdorpel-blauw-geschuurd-110x18-5cm-dik\/","url":"https:\/\/renier.be\/product\/vlakke-deurdorpel-blauw-geschuurd-110x18-5cm-dik\/","name":"Seuil de porte plat bleu ponc\u00e9 110x18 5cm d'\u00e9paisseur - Renier Natuursteen","isPartOf":{"@id":"https:\/\/renier.be\/#website"},"primaryImageOfPage":{"@id":"https:\/\/renier.be\/product\/vlakke-deurdorpel-blauw-geschuurd-110x18-5cm-dik\/#primaryimage"},"image":{"@id":"https:\/\/renier.be\/product\/vlakke-deurdorpel-blauw-geschuurd-110x18-5cm-dik\/#primaryimage"},"thumbnailUrl":"https:\/\/renier.be\/wp-content\/uploads\/2024\/08\/DOV-BLS5-EDIT-wit.jpg","datePublished":"2024-08-26T07:44:52+00:00","dateModified":"2026-03-27T12:01:40+00:00","description":"Seuil de porte plat bleu ponc\u00e9 110\u00d718, 5 cm d'\u00e9paisseur. Pierre bleue belge durable, r\u00e9sistante et intemporelle. Disponible directement sur stock chez Renier.","breadcrumb":{"@id":"https:\/\/renier.be\/product\/vlakke-deurdorpel-blauw-geschuurd-110x18-5cm-dik\/#breadcrumb"},"inLanguage":"fr-FR","potentialAction":[{"@type":"ReadAction","target":["https:\/\/renier.be\/product\/vlakke-deurdorpel-blauw-geschuurd-110x18-5cm-dik\/"]}]},{"@type":"ImageObject","inLanguage":"fr-FR","@id":"https:\/\/renier.be\/product\/vlakke-deurdorpel-blauw-geschuurd-110x18-5cm-dik\/#primaryimage","url":"https:\/\/renier.be\/wp-content\/uploads\/2024\/08\/DOV-BLS5-EDIT-wit.jpg","contentUrl":"https:\/\/renier.be\/wp-content\/uploads\/2024\/08\/DOV-BLS5-EDIT-wit.jpg","width":2400,"height":1599,"caption":"Vlakke deurdorpel blauw geschuurd 100\u00d718 5 cm dik"},{"@type":"BreadcrumbList","@id":"https:\/\/renier.be\/product\/vlakke-deurdorpel-blauw-geschuurd-110x18-5cm-dik\/#breadcrumb","itemListElement":[{"@type":"ListItem","position":1,"name":"Home","item":"https:\/\/renier.be\/"},{"@type":"ListItem","position":2,"name":"Producten","item":"https:\/\/renier.be\/producten\/"},{"@type":"ListItem","position":3,"name":"Vlakke deurdorpel blauw geschuurd 110&#215;18 5cm dik"}]},{"@type":"WebSite","@id":"https:\/\/renier.be\/#website","url":"https:\/\/renier.be\/","name":"Pierre naturelle de Renier","description":"Sp\u00e9cialiste de la pierre bleue belge","publisher":{"@id":"https:\/\/renier.be\/#organization"},"potentialAction":[{"@type":"SearchAction","target":{"@type":"EntryPoint","urlTemplate":"https:\/\/renier.be\/?s={search_term_string}"},"query-input":{"@type":"PropertyValueSpecification","valueRequired":true,"valueName":"search_term_string"}}],"inLanguage":"fr-FR"},{"@type":"Organization","@id":"https:\/\/renier.be\/#organization","name":"Pierre naturelle de Renier","url":"https:\/\/renier.be\/","logo":{"@type":"ImageObject","inLanguage":"fr-FR","@id":"https:\/\/renier.be\/#\/schema\/logo\/image\/","url":"","contentUrl":"","caption":"Renier Natuursteen"},"image":{"@id":"https:\/\/renier.be\/#\/schema\/logo\/image\/"},"sameAs":["https:\/\/www.facebook.com\/reniernatuursteen"]}]}},"_links":{"self":[{"href":"https:\/\/renier.be\/fr\/wp-json\/wp\/v2\/product\/2052","targetHints":{"allow":["GET"]}}],"collection":[{"href":"https:\/\/renier.be\/fr\/wp-json\/wp\/v2\/product"}],"about":[{"href":"https:\/\/renier.be\/fr\/wp-json\/wp\/v2\/types\/product"}],"wp:featuredmedia":[{"embeddable":true,"href":"https:\/\/renier.be\/fr\/wp-json\/wp\/v2\/media\/2672"}],"wp:attachment":[{"href":"https:\/\/renier.be\/fr\/wp-json\/wp\/v2\/media?parent=2052"}],"wp:term":[{"taxonomy":"product_brand","embeddable":true,"href":"https:\/\/renier.be\/fr\/wp-json\/wp\/v2\/product_brand?post=2052"},{"taxonomy":"product_cat","embeddable":true,"href":"https:\/\/renier.be\/fr\/wp-json\/wp\/v2\/product_cat?post=2052"},{"taxonomy":"product_tag","embeddable":true,"href":"https:\/\/renier.be\/fr\/wp-json\/wp\/v2\/product_tag?post=2052"}],"curies":[{"name":"wp","href":"https:\/\/api.w.org\/{rel}","templated":true}]}}