{"id":2056,"date":"2024-08-26T10:02:18","date_gmt":"2024-08-26T08:02:18","guid":{"rendered":"https:\/\/renier.be\/?post_type=product&#038;p=2056"},"modified":"2026-03-27T13:01:40","modified_gmt":"2026-03-27T12:01:40","slug":"rebord-de-fenetre-plat-bleu-ponce-110x18-5cm-depaisseur","status":"publish","type":"product","link":"https:\/\/renier.be\/fr\/product\/vlakke-raamdorpel-blauw-geschuurd-110x18-5cm-dik\/","title":{"rendered":"Appui de fen\u00eatre plat bleu meul\u00e9 110\u00d718 5cm d'\u00e9paisseur"},"content":{"rendered":"<p>Notre pierre bleue belge est l'un des mat\u00e9riaux les plus durables au monde. Form\u00e9e au cours de millions d'ann\u00e9es, cette pierre ancienne est extraite localement et \u00e9cologiquement dans le respect de l'environnement.<\/p>\n<p>Cet appui de fen\u00eatre plat a une finition meul\u00e9e bleue avec une rainure d'\u00e9gouttage de 0,6 x 0,6 cm, \u00e0 2 cm de l'avant, qui s'arr\u00eate \u00e0 2 cm des t\u00eates usin\u00e9es.<\/p>\n<p>Longueur 1.10m - Hauteur 18cm - Epaisseur 5cm<\/p>\n<p>Disponible imm\u00e9diatement !<\/p>\n<p><img decoding=\"async\" class=\"alignnone size-medium wp-image-1305\" src=\"https:\/\/renier.be\/wp-content\/uploads\/2024\/06\/Renier-logo-met-belgische-vlag-300x99.jpg\" alt=\"\" width=\"300\" height=\"99\" srcset=\"https:\/\/renier.be\/wp-content\/uploads\/2024\/06\/Renier-logo-met-belgische-vlag-300x99.jpg 300w, https:\/\/renier.be\/wp-content\/uploads\/2024\/06\/Renier-logo-met-belgische-vlag-1024x337.jpg 1024w, https:\/\/renier.be\/wp-content\/uploads\/2024\/06\/Renier-logo-met-belgische-vlag-768x253.jpg 768w, https:\/\/renier.be\/wp-content\/uploads\/2024\/06\/Renier-logo-met-belgische-vlag-600x197.jpg 600w, https:\/\/renier.be\/wp-content\/uploads\/2024\/06\/Renier-logo-met-belgische-vlag.jpg 1067w\" sizes=\"(max-width: 300px) 100vw, 300px\" \/><\/p>","protected":false},"excerpt":{"rendered":"<p data-start=\"247\" data-end=\"543\">Le pr\u00e9sent<strong> appui de fen\u00eatre plat<\/strong> ex\u00e9cut\u00e9 en pierre bleue belge, est une solution durable et \u00e9l\u00e9gante pour les nouvelles constructions et les projets de r\u00e9novation. Mesurant 100\u00d718 cm et 5 cm d'\u00e9paisseur, il allie robustesse et \u00e9l\u00e9gance moderne.<\/p>\n<p data-start=\"545\" data-end=\"959\">Le seuil est \u00e9quip\u00e9 d'un syst\u00e8me d'\u00e9tanch\u00e9it\u00e9 \u00e9labor\u00e9 avec pr\u00e9cision. <strong data-start=\"598\" data-end=\"652\">Rainure d'\u00e9gouttage de 0,6 \u00d7 0,6 cm \u00e0 2 cm de la face avant<\/strong>qui assure une \u00e9vacuation efficace de l'eau. Ainsi, l'eau de pluie est proprement \u00e9loign\u00e9e de la fa\u00e7ade et les murs et cadres de fen\u00eatres sont prot\u00e9g\u00e9s de mani\u00e8re optimale contre l'humidit\u00e9 et la salet\u00e9. Gr\u00e2ce \u00e0 son design plat, cet appui de fen\u00eatre s'int\u00e8gre facilement dans diff\u00e9rents styles architecturaux, du plus classique au plus moderne.<\/p>\n<p data-start=\"961\" data-end=\"1037\"><strong data-start=\"961\" data-end=\"1035\">Avantages d'un appui de fen\u00eatre plat en pierre bleue :<\/strong><\/p>\n<ul data-start=\"1038\" data-end=\"1426\">\n<li data-start=\"1038\" data-end=\"1102\">\n<p data-start=\"1040\" data-end=\"1102\">Protection de la fa\u00e7ade et des cadres de fen\u00eatres contre l'eau de pluie et la salet\u00e9<\/p>\n<\/li>\n<li data-start=\"1103\" data-end=\"1174\">\n<p data-start=\"1105\" data-end=\"1174\">Durable, r\u00e9sistant \u00e0 l'usure et aux conditions m\u00e9t\u00e9orologiques intenses<\/p>\n<\/li>\n<li data-start=\"1175\" data-end=\"1244\">\n<p data-start=\"1177\" data-end=\"1244\">Design plat et \u00e9l\u00e9gant pour un look intemporel<\/p>\n<\/li>\n<li data-start=\"1245\" data-end=\"1314\">\n<p data-start=\"1247\" data-end=\"1314\">Fini avec une rainure d'\u00e9gouttage fonctionnelle pour un drainage optimal de l'eau.<\/p>\n<\/li>\n<li data-start=\"1315\" data-end=\"1426\">\n<p data-start=\"1317\" data-end=\"1426\">Parfait pour combiner avec d'autres solutions en pierre naturelle telles que les seuils de porte, les plinthes de fa\u00e7ade et les appuis de fen\u00eatre.<\/p>\n<\/li>\n<\/ul>\n<p data-start=\"1428\" data-end=\"1703\">Au <strong data-start=\"1432\" data-end=\"1454\">Pierre naturelle de Renier<\/strong> nous livrons directement \u00e0 partir de notre propre stock. Cela signifie des d\u00e9lais de livraison courts et la garantie d'une pierre naturelle de premier choix. En outre, gr\u00e2ce \u00e0 notre propre atelier, nous pouvons \u00e9galement proposer une personnalisation, de sorte que chaque seuil s'adapte parfaitement \u00e0 votre projet.<\/p>\n<p>Disponible imm\u00e9diatement !<\/p>\n<p data-start=\"1960\" data-end=\"2081\">\ud83d\udc49 Plus d'inspiration ? Voir <a href=\"https:\/\/renier.be\/fr\/enveloppe-du-batiment-2\/\">nos solutions structurelles <\/a>ou d\u00e9couvrez ici <a href=\"https:\/\/renier.be\/fr\/produits\/?_categorieen=dorpel\">gamme compl\u00e8te de seuils<\/a><\/p>","protected":false},"featured_media":2672,"template":"","meta":{"_acf_changed":false},"product_brand":[],"product_cat":[31,44,19,64],"product_tag":[106],"class_list":{"0":"post-2056","1":"product","2":"type-product","3":"status-publish","4":"has-post-thumbnail","6":"product_cat-dorpel","7":"product_cat-raamdorpel","8":"product_cat-ruwbouw","9":"product_cat-vlak","10":"product_tag-gmc","11":"product_shipping_class-afhaling","13":"first","14":"instock","15":"taxable","16":"shipping-taxable","17":"purchasable","18":"product-type-simple"},"acf":[],"yoast_head":"<!-- This site is optimized with the Yoast SEO plugin v27.3 - https:\/\/yoast.com\/product\/yoast-seo-wordpress\/ -->\n<title>Vlakke raamdorpel blauw geschuurd 110x18 5cm dik - Renier Natuursteen<\/title>\n<meta name=\"robots\" content=\"index, follow, max-snippet:-1, max-image-preview:large, max-video-preview:-1\" \/>\n<link rel=\"canonical\" href=\"https:\/\/renier.be\/fr\/produit\/rebord-de-fenetre-plat-bleu-ponce-110x18-5cm-depaisseur\/\" \/>\n<meta property=\"og:locale\" content=\"fr_FR\" \/>\n<meta property=\"og:type\" content=\"article\" \/>\n<meta property=\"og:title\" content=\"Vlakke raamdorpel blauw geschuurd 110x18 5cm dik - Renier Natuursteen\" \/>\n<meta property=\"og:description\" content=\"Deze vlakke raamdorpel uitgevoerd in Belgische blauwe hardsteen, is een duurzame en stijlvolle oplossing voor zowel nieuwbouw als renovatieprojecten. Met zijn afmetingen van 100\u00d718 cm en een dikte van 5 cm combineert hij robuustheid met een strakke, moderne uitstraling. De dorpel is voorzien van een nauwkeurig uitgewerkte drupgroef van 0,6 \u00d7 0,6 cm op 2 cm van de voorkant, die zorgt voor een effici\u00ebnte waterafvoer. Zo wordt regenwater netjes van de gevel weggeleid en blijven muren en raamkaders optimaal beschermd tegen vocht en vervuiling. Dankzij de vlakke uitvoering kan deze raamdorpel eenvoudig ge\u00efntegreerd worden in verschillende bouwstijlen, van klassiek tot modern. Voordelen van een vlakke raamdorpel in blauwe hardsteen:     Bescherming van gevel en raamkaders tegen regenwater en vuil    Duurzaam, slijtvast en bestand tegen intensieve weersomstandigheden    Strakke, vlakke uitvoering voor een tijdloos design    Afgewerkt met een functionele drupgroef voor optimale waterafvoer    Perfect te combineren met andere natuursteenoplossingen zoals deurdorpels, gevelplinten en venstertabletten   Bij Renier Natuursteen leveren we rechtstreeks uit eigen voorraad. Dat betekent korte leveringstermijnen en gegarandeerde eerste keus natuursteen. Bovendien kunnen we dankzij ons eigen atelier ook maatwerk aanbieden, zodat elke dorpel perfect aansluit bij jouw project. Onmiddellijk leverbaar ! \ud83d\udc49 Meer inspiratie ? Bekijk onze ruwbouw oplossingen of ontdek hier alvast het volledige assortiment dorpels\" \/>\n<meta property=\"og:url\" content=\"https:\/\/renier.be\/fr\/produit\/rebord-de-fenetre-plat-bleu-ponce-110x18-5cm-depaisseur\/\" \/>\n<meta property=\"og:site_name\" content=\"Renier Natuursteen\" \/>\n<meta property=\"article:publisher\" content=\"https:\/\/www.facebook.com\/reniernatuursteen\" \/>\n<meta property=\"article:modified_time\" content=\"2026-03-27T12:01:40+00:00\" \/>\n<meta property=\"og:image\" content=\"https:\/\/renier.be\/wp-content\/uploads\/2024\/08\/DOV-BLS5-EDIT-wit.jpg\" \/>\n\t<meta property=\"og:image:width\" content=\"2400\" \/>\n\t<meta property=\"og:image:height\" content=\"1599\" \/>\n\t<meta property=\"og:image:type\" content=\"image\/jpeg\" \/>\n<meta name=\"twitter:card\" content=\"summary_large_image\" \/>\n<meta name=\"twitter:label1\" content=\"Dur\u00e9e de lecture estim\u00e9e\" \/>\n\t<meta name=\"twitter:data1\" content=\"1 minute\" \/>\n<script type=\"application\/ld+json\" class=\"yoast-schema-graph\">{\"@context\":\"https:\\\/\\\/schema.org\",\"@graph\":[{\"@type\":\"WebPage\",\"@id\":\"https:\\\/\\\/renier.be\\\/product\\\/vlakke-raamdorpel-blauw-geschuurd-110x18-5cm-dik\\\/\",\"url\":\"https:\\\/\\\/renier.be\\\/product\\\/vlakke-raamdorpel-blauw-geschuurd-110x18-5cm-dik\\\/\",\"name\":\"Vlakke raamdorpel blauw geschuurd 110x18 5cm dik - Renier Natuursteen\",\"isPartOf\":{\"@id\":\"https:\\\/\\\/renier.be\\\/#website\"},\"primaryImageOfPage\":{\"@id\":\"https:\\\/\\\/renier.be\\\/product\\\/vlakke-raamdorpel-blauw-geschuurd-110x18-5cm-dik\\\/#primaryimage\"},\"image\":{\"@id\":\"https:\\\/\\\/renier.be\\\/product\\\/vlakke-raamdorpel-blauw-geschuurd-110x18-5cm-dik\\\/#primaryimage\"},\"thumbnailUrl\":\"https:\\\/\\\/renier.be\\\/wp-content\\\/uploads\\\/2024\\\/08\\\/DOV-BLS5-EDIT-wit.jpg\",\"datePublished\":\"2024-08-26T08:02:18+00:00\",\"dateModified\":\"2026-03-27T12:01:40+00:00\",\"breadcrumb\":{\"@id\":\"https:\\\/\\\/renier.be\\\/product\\\/vlakke-raamdorpel-blauw-geschuurd-110x18-5cm-dik\\\/#breadcrumb\"},\"inLanguage\":\"fr-FR\",\"potentialAction\":[{\"@type\":\"ReadAction\",\"target\":[\"https:\\\/\\\/renier.be\\\/product\\\/vlakke-raamdorpel-blauw-geschuurd-110x18-5cm-dik\\\/\"]}]},{\"@type\":\"ImageObject\",\"inLanguage\":\"fr-FR\",\"@id\":\"https:\\\/\\\/renier.be\\\/product\\\/vlakke-raamdorpel-blauw-geschuurd-110x18-5cm-dik\\\/#primaryimage\",\"url\":\"https:\\\/\\\/renier.be\\\/wp-content\\\/uploads\\\/2024\\\/08\\\/DOV-BLS5-EDIT-wit.jpg\",\"contentUrl\":\"https:\\\/\\\/renier.be\\\/wp-content\\\/uploads\\\/2024\\\/08\\\/DOV-BLS5-EDIT-wit.jpg\",\"width\":2400,\"height\":1599,\"caption\":\"Vlakke deurdorpel blauw geschuurd 100\u00d718 5 cm dik\"},{\"@type\":\"BreadcrumbList\",\"@id\":\"https:\\\/\\\/renier.be\\\/product\\\/vlakke-raamdorpel-blauw-geschuurd-110x18-5cm-dik\\\/#breadcrumb\",\"itemListElement\":[{\"@type\":\"ListItem\",\"position\":1,\"name\":\"Home\",\"item\":\"https:\\\/\\\/renier.be\\\/\"},{\"@type\":\"ListItem\",\"position\":2,\"name\":\"Producten\",\"item\":\"https:\\\/\\\/renier.be\\\/producten\\\/\"},{\"@type\":\"ListItem\",\"position\":3,\"name\":\"Vlakke raamdorpel blauw geschuurd 110&#215;18 5cm dik\"}]},{\"@type\":\"WebSite\",\"@id\":\"https:\\\/\\\/renier.be\\\/#website\",\"url\":\"https:\\\/\\\/renier.be\\\/\",\"name\":\"Renier Natuursteen\",\"description\":\"Specialist in Belgisch Blauwe Hardsteen\",\"publisher\":{\"@id\":\"https:\\\/\\\/renier.be\\\/#organization\"},\"potentialAction\":[{\"@type\":\"SearchAction\",\"target\":{\"@type\":\"EntryPoint\",\"urlTemplate\":\"https:\\\/\\\/renier.be\\\/?s={search_term_string}\"},\"query-input\":{\"@type\":\"PropertyValueSpecification\",\"valueRequired\":true,\"valueName\":\"search_term_string\"}}],\"inLanguage\":\"fr-FR\"},{\"@type\":\"Organization\",\"@id\":\"https:\\\/\\\/renier.be\\\/#organization\",\"name\":\"Renier Natuursteen\",\"url\":\"https:\\\/\\\/renier.be\\\/\",\"logo\":{\"@type\":\"ImageObject\",\"inLanguage\":\"fr-FR\",\"@id\":\"https:\\\/\\\/renier.be\\\/#\\\/schema\\\/logo\\\/image\\\/\",\"url\":\"\",\"contentUrl\":\"\",\"caption\":\"Renier Natuursteen\"},\"image\":{\"@id\":\"https:\\\/\\\/renier.be\\\/#\\\/schema\\\/logo\\\/image\\\/\"},\"sameAs\":[\"https:\\\/\\\/www.facebook.com\\\/reniernatuursteen\"]}]}<\/script>\n<!-- \/ Yoast SEO plugin. -->","yoast_head_json":{"title":"Appui de fen\u00eatre plat bleu sabl\u00e9 110x18 5cm d'\u00e9paisseur - Renier Natuursteen","robots":{"index":"index","follow":"follow","max-snippet":"max-snippet:-1","max-image-preview":"max-image-preview:large","max-video-preview":"max-video-preview:-1"},"canonical":"https:\/\/renier.be\/fr\/produit\/rebord-de-fenetre-plat-bleu-ponce-110x18-5cm-depaisseur\/","og_locale":"fr_FR","og_type":"article","og_title":"Vlakke raamdorpel blauw geschuurd 110x18 5cm dik - Renier Natuursteen","og_description":"Deze vlakke raamdorpel uitgevoerd in Belgische blauwe hardsteen, is een duurzame en stijlvolle oplossing voor zowel nieuwbouw als renovatieprojecten. Met zijn afmetingen van 100\u00d718 cm en een dikte van 5 cm combineert hij robuustheid met een strakke, moderne uitstraling. De dorpel is voorzien van een nauwkeurig uitgewerkte drupgroef van 0,6 \u00d7 0,6 cm op 2 cm van de voorkant, die zorgt voor een effici\u00ebnte waterafvoer. Zo wordt regenwater netjes van de gevel weggeleid en blijven muren en raamkaders optimaal beschermd tegen vocht en vervuiling. Dankzij de vlakke uitvoering kan deze raamdorpel eenvoudig ge\u00efntegreerd worden in verschillende bouwstijlen, van klassiek tot modern. Voordelen van een vlakke raamdorpel in blauwe hardsteen:     Bescherming van gevel en raamkaders tegen regenwater en vuil    Duurzaam, slijtvast en bestand tegen intensieve weersomstandigheden    Strakke, vlakke uitvoering voor een tijdloos design    Afgewerkt met een functionele drupgroef voor optimale waterafvoer    Perfect te combineren met andere natuursteenoplossingen zoals deurdorpels, gevelplinten en venstertabletten   Bij Renier Natuursteen leveren we rechtstreeks uit eigen voorraad. Dat betekent korte leveringstermijnen en gegarandeerde eerste keus natuursteen. Bovendien kunnen we dankzij ons eigen atelier ook maatwerk aanbieden, zodat elke dorpel perfect aansluit bij jouw project. Onmiddellijk leverbaar ! \ud83d\udc49 Meer inspiratie ? Bekijk onze ruwbouw oplossingen of ontdek hier alvast het volledige assortiment dorpels","og_url":"https:\/\/renier.be\/fr\/produit\/rebord-de-fenetre-plat-bleu-ponce-110x18-5cm-depaisseur\/","og_site_name":"Renier Natuursteen","article_publisher":"https:\/\/www.facebook.com\/reniernatuursteen","article_modified_time":"2026-03-27T12:01:40+00:00","og_image":[{"width":2400,"height":1599,"url":"https:\/\/renier.be\/wp-content\/uploads\/2024\/08\/DOV-BLS5-EDIT-wit.jpg","type":"image\/jpeg"}],"twitter_card":"summary_large_image","twitter_misc":{"Dur\u00e9e de lecture estim\u00e9e":"1 minute"},"schema":{"@context":"https:\/\/schema.org","@graph":[{"@type":"WebPage","@id":"https:\/\/renier.be\/product\/vlakke-raamdorpel-blauw-geschuurd-110x18-5cm-dik\/","url":"https:\/\/renier.be\/product\/vlakke-raamdorpel-blauw-geschuurd-110x18-5cm-dik\/","name":"Appui de fen\u00eatre plat bleu sabl\u00e9 110x18 5cm d'\u00e9paisseur - Renier Natuursteen","isPartOf":{"@id":"https:\/\/renier.be\/#website"},"primaryImageOfPage":{"@id":"https:\/\/renier.be\/product\/vlakke-raamdorpel-blauw-geschuurd-110x18-5cm-dik\/#primaryimage"},"image":{"@id":"https:\/\/renier.be\/product\/vlakke-raamdorpel-blauw-geschuurd-110x18-5cm-dik\/#primaryimage"},"thumbnailUrl":"https:\/\/renier.be\/wp-content\/uploads\/2024\/08\/DOV-BLS5-EDIT-wit.jpg","datePublished":"2024-08-26T08:02:18+00:00","dateModified":"2026-03-27T12:01:40+00:00","breadcrumb":{"@id":"https:\/\/renier.be\/product\/vlakke-raamdorpel-blauw-geschuurd-110x18-5cm-dik\/#breadcrumb"},"inLanguage":"fr-FR","potentialAction":[{"@type":"ReadAction","target":["https:\/\/renier.be\/product\/vlakke-raamdorpel-blauw-geschuurd-110x18-5cm-dik\/"]}]},{"@type":"ImageObject","inLanguage":"fr-FR","@id":"https:\/\/renier.be\/product\/vlakke-raamdorpel-blauw-geschuurd-110x18-5cm-dik\/#primaryimage","url":"https:\/\/renier.be\/wp-content\/uploads\/2024\/08\/DOV-BLS5-EDIT-wit.jpg","contentUrl":"https:\/\/renier.be\/wp-content\/uploads\/2024\/08\/DOV-BLS5-EDIT-wit.jpg","width":2400,"height":1599,"caption":"Vlakke deurdorpel blauw geschuurd 100\u00d718 5 cm dik"},{"@type":"BreadcrumbList","@id":"https:\/\/renier.be\/product\/vlakke-raamdorpel-blauw-geschuurd-110x18-5cm-dik\/#breadcrumb","itemListElement":[{"@type":"ListItem","position":1,"name":"Home","item":"https:\/\/renier.be\/"},{"@type":"ListItem","position":2,"name":"Producten","item":"https:\/\/renier.be\/producten\/"},{"@type":"ListItem","position":3,"name":"Vlakke raamdorpel blauw geschuurd 110&#215;18 5cm dik"}]},{"@type":"WebSite","@id":"https:\/\/renier.be\/#website","url":"https:\/\/renier.be\/","name":"Pierre naturelle de Renier","description":"Sp\u00e9cialiste de la pierre bleue belge","publisher":{"@id":"https:\/\/renier.be\/#organization"},"potentialAction":[{"@type":"SearchAction","target":{"@type":"EntryPoint","urlTemplate":"https:\/\/renier.be\/?s={search_term_string}"},"query-input":{"@type":"PropertyValueSpecification","valueRequired":true,"valueName":"search_term_string"}}],"inLanguage":"fr-FR"},{"@type":"Organization","@id":"https:\/\/renier.be\/#organization","name":"Pierre naturelle de Renier","url":"https:\/\/renier.be\/","logo":{"@type":"ImageObject","inLanguage":"fr-FR","@id":"https:\/\/renier.be\/#\/schema\/logo\/image\/","url":"","contentUrl":"","caption":"Renier Natuursteen"},"image":{"@id":"https:\/\/renier.be\/#\/schema\/logo\/image\/"},"sameAs":["https:\/\/www.facebook.com\/reniernatuursteen"]}]}},"_links":{"self":[{"href":"https:\/\/renier.be\/fr\/wp-json\/wp\/v2\/product\/2056","targetHints":{"allow":["GET"]}}],"collection":[{"href":"https:\/\/renier.be\/fr\/wp-json\/wp\/v2\/product"}],"about":[{"href":"https:\/\/renier.be\/fr\/wp-json\/wp\/v2\/types\/product"}],"wp:featuredmedia":[{"embeddable":true,"href":"https:\/\/renier.be\/fr\/wp-json\/wp\/v2\/media\/2672"}],"wp:attachment":[{"href":"https:\/\/renier.be\/fr\/wp-json\/wp\/v2\/media?parent=2056"}],"wp:term":[{"taxonomy":"product_brand","embeddable":true,"href":"https:\/\/renier.be\/fr\/wp-json\/wp\/v2\/product_brand?post=2056"},{"taxonomy":"product_cat","embeddable":true,"href":"https:\/\/renier.be\/fr\/wp-json\/wp\/v2\/product_cat?post=2056"},{"taxonomy":"product_tag","embeddable":true,"href":"https:\/\/renier.be\/fr\/wp-json\/wp\/v2\/product_tag?post=2056"}],"curies":[{"name":"wp","href":"https:\/\/api.w.org\/{rel}","templated":true}]}}