{"id":2304,"date":"2024-09-10T13:33:14","date_gmt":"2024-09-10T11:33:14","guid":{"rendered":"https:\/\/renier.be\/?post_type=product&#038;p=2304"},"modified":"2026-03-27T13:01:44","modified_gmt":"2026-03-27T12:01:44","slug":"lithofin-stain-stop-plus-wlt","status":"publish","type":"product","link":"https:\/\/renier.be\/fr\/product\/lithofin-vlekstop-plus-wlt\/","title":{"rendered":"Lithofin Stain Stop Plus &gt;W&amp;lt"},"content":{"rendered":"<p class=\"description\">Agent d'impr\u00e9gnation de haute qualit\u00e9 pour les pierres naturelles poreuses. Rehausse la couleur des surfaces en pierre poreuse et les prot\u00e8ge contre les taches. Convient au traitement des plans de travail de cuisine - approuv\u00e9 par le LGA (D) pour les produits alimentaires.<\/p>\n<div class=\"productDetails null\">\n<p>- particuli\u00e8rement adapt\u00e9 aux surfaces rugueuses<br \/>\n- pour l'int\u00e9rieur et l'ext\u00e9rieur<br \/>\n- sans brillance<br \/>\n- fonctionne \u00e0 long terme<br \/>\n- contient des solvants<\/p>\n<p>Consommation : environ 6-15m\u00b2\/litre<br \/>\nConditionnement : 1 litre<\/p>\n<\/div>","protected":false},"excerpt":{"rendered":"<p>Identique \u00e0 l'action de Stain Stop &gt;W&lt; mais avec un approfondissement suppl\u00e9mentaire de la couleur.<\/p>\n<p>Temps de s\u00e9chage : La majeure partie du solvant s'\u00e9vapore en 2 heures. Le rev\u00eatement de sol est praticable apr\u00e8s 12 heures. Le plein effet de l'impr\u00e9gnation se d\u00e9veloppe apr\u00e8s 24-48 heures.<\/p>\n<p>Frais d'exp\u00e9dition BE 9.95\u20ac TTC. <strong>Livraison gratuite \u00e0 partir de 100 euros<\/strong>.<\/p>","protected":false},"featured_media":2193,"template":"","meta":{"_acf_changed":false},"product_brand":[],"product_cat":[82,76],"product_tag":[106],"class_list":{"0":"post-2304","1":"product","2":"type-product","3":"status-publish","4":"has-post-thumbnail","6":"product_cat-bescherming","7":"product_cat-onderhoud-reiging","8":"product_tag-gmc","9":"product_shipping_class-afhaling","11":"first","12":"instock","13":"taxable","14":"shipping-taxable","15":"purchasable","16":"product-type-simple"},"acf":[],"yoast_head":"<!-- This site is optimized with the Yoast SEO plugin v27.4 - https:\/\/yoast.com\/product\/yoast-seo-wordpress\/ -->\n<title>Lithofin Vlekstop Plus &gt;W&amp;lt - Renier Natuursteen<\/title>\n<meta name=\"robots\" content=\"index, follow, max-snippet:-1, max-image-preview:large, max-video-preview:-1\" \/>\n<link rel=\"canonical\" href=\"https:\/\/renier.be\/fr\/produit\/lithofin-stain-stop-plus-wlt\/\" \/>\n<meta property=\"og:locale\" content=\"fr_FR\" \/>\n<meta property=\"og:type\" content=\"article\" \/>\n<meta property=\"og:title\" content=\"Lithofin Vlekstop Plus &gt;W&amp;lt - Renier Natuursteen\" \/>\n<meta property=\"og:description\" content=\"Identiek aan de werking van Vlekstop &gt;W&lt; maar met extra kleurverdieping.  Droogtijd: Het grootste gedeelte van het bevattende oplosmiddel verdampt binnen 2 uur. Vloerbedekking is na 12 uur begaanbaar. De volledige werking van de impregnering ontwikkelt zich na 24-48 uur.  Verzendkost BE 9,95\u20ac incl BTW. Gratis levering vanaf \u20ac100.\" \/>\n<meta property=\"og:url\" content=\"https:\/\/renier.be\/fr\/produit\/lithofin-stain-stop-plus-wlt\/\" \/>\n<meta property=\"og:site_name\" content=\"Renier Natuursteen\" \/>\n<meta property=\"article:publisher\" content=\"https:\/\/www.facebook.com\/reniernatuursteen\" \/>\n<meta property=\"article:modified_time\" content=\"2026-03-27T12:01:44+00:00\" \/>\n<meta property=\"og:image\" content=\"https:\/\/renier.be\/wp-content\/uploads\/2024\/09\/188-1B5-12_VlekstopPlus.gif\" \/>\n\t<meta property=\"og:image:width\" content=\"1066\" \/>\n\t<meta property=\"og:image:height\" content=\"1772\" \/>\n\t<meta property=\"og:image:type\" content=\"image\/gif\" \/>\n<meta name=\"twitter:card\" content=\"summary_large_image\" \/>\n<meta name=\"twitter:label1\" content=\"Dur\u00e9e de lecture estim\u00e9e\" \/>\n\t<meta name=\"twitter:data1\" content=\"1 minute\" \/>\n<script type=\"application\/ld+json\" class=\"yoast-schema-graph\">{\"@context\":\"https:\\\/\\\/schema.org\",\"@graph\":[{\"@type\":\"WebPage\",\"@id\":\"https:\\\/\\\/renier.be\\\/product\\\/lithofin-vlekstop-plus-wlt\\\/\",\"url\":\"https:\\\/\\\/renier.be\\\/product\\\/lithofin-vlekstop-plus-wlt\\\/\",\"name\":\"Lithofin Vlekstop Plus &gt;W&amp;lt - Renier Natuursteen\",\"isPartOf\":{\"@id\":\"https:\\\/\\\/renier.be\\\/#website\"},\"primaryImageOfPage\":{\"@id\":\"https:\\\/\\\/renier.be\\\/product\\\/lithofin-vlekstop-plus-wlt\\\/#primaryimage\"},\"image\":{\"@id\":\"https:\\\/\\\/renier.be\\\/product\\\/lithofin-vlekstop-plus-wlt\\\/#primaryimage\"},\"thumbnailUrl\":\"https:\\\/\\\/renier.be\\\/wp-content\\\/uploads\\\/2024\\\/09\\\/188-1B5-12_VlekstopPlus.gif\",\"datePublished\":\"2024-09-10T11:33:14+00:00\",\"dateModified\":\"2026-03-27T12:01:44+00:00\",\"breadcrumb\":{\"@id\":\"https:\\\/\\\/renier.be\\\/product\\\/lithofin-vlekstop-plus-wlt\\\/#breadcrumb\"},\"inLanguage\":\"fr-FR\",\"potentialAction\":[{\"@type\":\"ReadAction\",\"target\":[\"https:\\\/\\\/renier.be\\\/product\\\/lithofin-vlekstop-plus-wlt\\\/\"]}]},{\"@type\":\"ImageObject\",\"inLanguage\":\"fr-FR\",\"@id\":\"https:\\\/\\\/renier.be\\\/product\\\/lithofin-vlekstop-plus-wlt\\\/#primaryimage\",\"url\":\"https:\\\/\\\/renier.be\\\/wp-content\\\/uploads\\\/2024\\\/09\\\/188-1B5-12_VlekstopPlus.gif\",\"contentUrl\":\"https:\\\/\\\/renier.be\\\/wp-content\\\/uploads\\\/2024\\\/09\\\/188-1B5-12_VlekstopPlus.gif\",\"width\":1066,\"height\":1772},{\"@type\":\"BreadcrumbList\",\"@id\":\"https:\\\/\\\/renier.be\\\/product\\\/lithofin-vlekstop-plus-wlt\\\/#breadcrumb\",\"itemListElement\":[{\"@type\":\"ListItem\",\"position\":1,\"name\":\"Home\",\"item\":\"https:\\\/\\\/renier.be\\\/\"},{\"@type\":\"ListItem\",\"position\":2,\"name\":\"Producten\",\"item\":\"https:\\\/\\\/renier.be\\\/producten\\\/\"},{\"@type\":\"ListItem\",\"position\":3,\"name\":\"Lithofin Vlekstop Plus &gt;W&amp;lt\"}]},{\"@type\":\"WebSite\",\"@id\":\"https:\\\/\\\/renier.be\\\/#website\",\"url\":\"https:\\\/\\\/renier.be\\\/\",\"name\":\"Renier Natuursteen\",\"description\":\"Specialist in Belgisch Blauwe Hardsteen\",\"publisher\":{\"@id\":\"https:\\\/\\\/renier.be\\\/#organization\"},\"potentialAction\":[{\"@type\":\"SearchAction\",\"target\":{\"@type\":\"EntryPoint\",\"urlTemplate\":\"https:\\\/\\\/renier.be\\\/?s={search_term_string}\"},\"query-input\":{\"@type\":\"PropertyValueSpecification\",\"valueRequired\":true,\"valueName\":\"search_term_string\"}}],\"inLanguage\":\"fr-FR\"},{\"@type\":\"Organization\",\"@id\":\"https:\\\/\\\/renier.be\\\/#organization\",\"name\":\"Renier Natuursteen\",\"url\":\"https:\\\/\\\/renier.be\\\/\",\"logo\":{\"@type\":\"ImageObject\",\"inLanguage\":\"fr-FR\",\"@id\":\"https:\\\/\\\/renier.be\\\/#\\\/schema\\\/logo\\\/image\\\/\",\"url\":\"\",\"contentUrl\":\"\",\"caption\":\"Renier Natuursteen\"},\"image\":{\"@id\":\"https:\\\/\\\/renier.be\\\/#\\\/schema\\\/logo\\\/image\\\/\"},\"sameAs\":[\"https:\\\/\\\/www.facebook.com\\\/reniernatuursteen\"]}]}<\/script>\n<!-- \/ Yoast SEO plugin. -->","yoast_head_json":{"title":"Lithofin Stain Stop Plus &gt;W&amp;lt - Renier Natural Stone","robots":{"index":"index","follow":"follow","max-snippet":"max-snippet:-1","max-image-preview":"max-image-preview:large","max-video-preview":"max-video-preview:-1"},"canonical":"https:\/\/renier.be\/fr\/produit\/lithofin-stain-stop-plus-wlt\/","og_locale":"fr_FR","og_type":"article","og_title":"Lithofin Vlekstop Plus &gt;W&amp;lt - Renier Natuursteen","og_description":"Identiek aan de werking van Vlekstop &gt;W&lt; maar met extra kleurverdieping.  Droogtijd: Het grootste gedeelte van het bevattende oplosmiddel verdampt binnen 2 uur. Vloerbedekking is na 12 uur begaanbaar. De volledige werking van de impregnering ontwikkelt zich na 24-48 uur.  Verzendkost BE 9,95\u20ac incl BTW. Gratis levering vanaf \u20ac100.","og_url":"https:\/\/renier.be\/fr\/produit\/lithofin-stain-stop-plus-wlt\/","og_site_name":"Renier Natuursteen","article_publisher":"https:\/\/www.facebook.com\/reniernatuursteen","article_modified_time":"2026-03-27T12:01:44+00:00","og_image":[{"width":1066,"height":1772,"url":"https:\/\/renier.be\/wp-content\/uploads\/2024\/09\/188-1B5-12_VlekstopPlus.gif","type":"image\/gif"}],"twitter_card":"summary_large_image","twitter_misc":{"Dur\u00e9e de lecture estim\u00e9e":"1 minute"},"schema":{"@context":"https:\/\/schema.org","@graph":[{"@type":"WebPage","@id":"https:\/\/renier.be\/product\/lithofin-vlekstop-plus-wlt\/","url":"https:\/\/renier.be\/product\/lithofin-vlekstop-plus-wlt\/","name":"Lithofin Stain Stop Plus &gt;W&amp;lt - Renier Natural Stone","isPartOf":{"@id":"https:\/\/renier.be\/#website"},"primaryImageOfPage":{"@id":"https:\/\/renier.be\/product\/lithofin-vlekstop-plus-wlt\/#primaryimage"},"image":{"@id":"https:\/\/renier.be\/product\/lithofin-vlekstop-plus-wlt\/#primaryimage"},"thumbnailUrl":"https:\/\/renier.be\/wp-content\/uploads\/2024\/09\/188-1B5-12_VlekstopPlus.gif","datePublished":"2024-09-10T11:33:14+00:00","dateModified":"2026-03-27T12:01:44+00:00","breadcrumb":{"@id":"https:\/\/renier.be\/product\/lithofin-vlekstop-plus-wlt\/#breadcrumb"},"inLanguage":"fr-FR","potentialAction":[{"@type":"ReadAction","target":["https:\/\/renier.be\/product\/lithofin-vlekstop-plus-wlt\/"]}]},{"@type":"ImageObject","inLanguage":"fr-FR","@id":"https:\/\/renier.be\/product\/lithofin-vlekstop-plus-wlt\/#primaryimage","url":"https:\/\/renier.be\/wp-content\/uploads\/2024\/09\/188-1B5-12_VlekstopPlus.gif","contentUrl":"https:\/\/renier.be\/wp-content\/uploads\/2024\/09\/188-1B5-12_VlekstopPlus.gif","width":1066,"height":1772},{"@type":"BreadcrumbList","@id":"https:\/\/renier.be\/product\/lithofin-vlekstop-plus-wlt\/#breadcrumb","itemListElement":[{"@type":"ListItem","position":1,"name":"Home","item":"https:\/\/renier.be\/"},{"@type":"ListItem","position":2,"name":"Producten","item":"https:\/\/renier.be\/producten\/"},{"@type":"ListItem","position":3,"name":"Lithofin Vlekstop Plus &gt;W&amp;lt"}]},{"@type":"WebSite","@id":"https:\/\/renier.be\/#website","url":"https:\/\/renier.be\/","name":"Pierre naturelle de Renier","description":"Sp\u00e9cialiste de la pierre bleue belge","publisher":{"@id":"https:\/\/renier.be\/#organization"},"potentialAction":[{"@type":"SearchAction","target":{"@type":"EntryPoint","urlTemplate":"https:\/\/renier.be\/?s={search_term_string}"},"query-input":{"@type":"PropertyValueSpecification","valueRequired":true,"valueName":"search_term_string"}}],"inLanguage":"fr-FR"},{"@type":"Organization","@id":"https:\/\/renier.be\/#organization","name":"Pierre naturelle de Renier","url":"https:\/\/renier.be\/","logo":{"@type":"ImageObject","inLanguage":"fr-FR","@id":"https:\/\/renier.be\/#\/schema\/logo\/image\/","url":"","contentUrl":"","caption":"Renier Natuursteen"},"image":{"@id":"https:\/\/renier.be\/#\/schema\/logo\/image\/"},"sameAs":["https:\/\/www.facebook.com\/reniernatuursteen"]}]}},"_links":{"self":[{"href":"https:\/\/renier.be\/fr\/wp-json\/wp\/v2\/product\/2304","targetHints":{"allow":["GET"]}}],"collection":[{"href":"https:\/\/renier.be\/fr\/wp-json\/wp\/v2\/product"}],"about":[{"href":"https:\/\/renier.be\/fr\/wp-json\/wp\/v2\/types\/product"}],"wp:featuredmedia":[{"embeddable":true,"href":"https:\/\/renier.be\/fr\/wp-json\/wp\/v2\/media\/2193"}],"wp:attachment":[{"href":"https:\/\/renier.be\/fr\/wp-json\/wp\/v2\/media?parent=2304"}],"wp:term":[{"taxonomy":"product_brand","embeddable":true,"href":"https:\/\/renier.be\/fr\/wp-json\/wp\/v2\/product_brand?post=2304"},{"taxonomy":"product_cat","embeddable":true,"href":"https:\/\/renier.be\/fr\/wp-json\/wp\/v2\/product_cat?post=2304"},{"taxonomy":"product_tag","embeddable":true,"href":"https:\/\/renier.be\/fr\/wp-json\/wp\/v2\/product_tag?post=2304"}],"curies":[{"name":"wp","href":"https:\/\/api.w.org\/{rel}","templated":true}]}}