{"id":2319,"date":"2024-09-10T13:54:59","date_gmt":"2024-09-10T11:54:59","guid":{"rendered":"https:\/\/renier.be\/?post_type=product&#038;p=2319"},"modified":"2026-03-27T13:01:44","modified_gmt":"2026-03-27T12:01:44","slug":"lithofin-asr","status":"publish","type":"product","link":"https:\/\/renier.be\/fr\/product\/lithofin-asr\/","title":{"rendered":"Lithofin ASR"},"content":{"rendered":"<p>Produit Lithofin PRO : r\u00e9serv\u00e9 aux professionnels<\/p>\n<p class=\"description\">pour \u00e9liminer les couches tenaces de salet\u00e9, de graisses, d'huiles, de cires, de films polym\u00e8res et bien d'autres choses encore. Nettoie et d\u00e9graisse les carreaux, les clinkers, la pierre, etc. Consultez toujours les informations techniques.<\/p>\n<div class=\"productDetails null\">\n<ul>\n<li>se concentrer<\/li>\n<li>tr\u00e8s efficace<\/li>\n<li>alcalin fort<\/li>\n<\/ul>\n<p>Consommation : environ 100 m\u00b2\/L<\/p>\n<\/div>\n<p>Conditionnement : 1 litre<\/p>","protected":false},"excerpt":{"rendered":"<p>Un produit sp\u00e9cial de la gamme Lithofin pour un usage professionnel. Nettoyant hautement alcalin, \u00e0 base d'alcali, \u00e0 action rapide, dans une combinaison sophistiqu\u00e9e. Composants de nettoyage et agents de d\u00e9moulage tr\u00e8s efficaces et biod\u00e9gradables.<\/p>\n<p>Pour les salissures extr\u00eames et le nettoyage intensif des carreaux de pierre naturelle et artificielle, des carreaux de c\u00e9ramique, des pierres en b\u00e9ton, des pierres en pl\u00e2tre, etc., pour l'int\u00e9rieur et l'ext\u00e9rieur.<\/p>\n<p>&nbsp;<\/p>","protected":false},"featured_media":2244,"template":"","meta":{"_acf_changed":false},"product_brand":[],"product_cat":[76,85],"product_tag":[106],"class_list":{"0":"post-2319","1":"product","2":"type-product","3":"status-publish","4":"has-post-thumbnail","6":"product_cat-onderhoud-reiging","7":"product_cat-pro","8":"product_tag-gmc","9":"product_shipping_class-afhaling","11":"first","12":"instock","13":"taxable","14":"shipping-taxable","15":"purchasable","16":"product-type-simple"},"acf":[],"yoast_head":"<!-- This site is optimized with the Yoast SEO plugin v27.3 - https:\/\/yoast.com\/product\/yoast-seo-wordpress\/ -->\n<title>Lithofin ASR - Renier Natuursteen<\/title>\n<meta name=\"robots\" content=\"index, follow, max-snippet:-1, max-image-preview:large, max-video-preview:-1\" \/>\n<link rel=\"canonical\" href=\"https:\/\/renier.be\/fr\/produit\/lithofin-asr\/\" \/>\n<meta property=\"og:locale\" content=\"fr_FR\" \/>\n<meta property=\"og:type\" content=\"article\" \/>\n<meta property=\"og:title\" content=\"Lithofin ASR - Renier Natuursteen\" \/>\n<meta property=\"og:description\" content=\"Een speciaal product uit het Lithofin programma voor professioneel gebruik. Hoogalkalische, snelwerkende reiniger op basis van alkali\u00ebn in een uitgekiende combinatie. Zeer werkzame, biologisch afbreekbare reinigingscomponenten en losmiddelen.  Voor extreme vervuilingen op, en intensief reinigen van natuur- en kunststeentegels, keramische tegels, betonsteen, plaastersteen enz. geschikt voor binnen- en buitengebruik  &nbsp;\" \/>\n<meta property=\"og:url\" content=\"https:\/\/renier.be\/fr\/produit\/lithofin-asr\/\" \/>\n<meta property=\"og:site_name\" content=\"Renier Natuursteen\" \/>\n<meta property=\"article:publisher\" content=\"https:\/\/www.facebook.com\/reniernatuursteen\" \/>\n<meta property=\"article:modified_time\" content=\"2026-03-27T12:01:44+00:00\" \/>\n<meta property=\"og:image\" content=\"https:\/\/renier.be\/wp-content\/uploads\/2024\/09\/041-1B5-12_ASR.gif\" \/>\n\t<meta property=\"og:image:width\" content=\"1066\" \/>\n\t<meta property=\"og:image:height\" content=\"1772\" \/>\n\t<meta property=\"og:image:type\" content=\"image\/gif\" \/>\n<meta name=\"twitter:card\" content=\"summary_large_image\" \/>\n<meta name=\"twitter:label1\" content=\"Dur\u00e9e de lecture estim\u00e9e\" \/>\n\t<meta name=\"twitter:data1\" content=\"1 minute\" \/>\n<script type=\"application\/ld+json\" class=\"yoast-schema-graph\">{\"@context\":\"https:\\\/\\\/schema.org\",\"@graph\":[{\"@type\":\"WebPage\",\"@id\":\"https:\\\/\\\/renier.be\\\/product\\\/lithofin-asr\\\/\",\"url\":\"https:\\\/\\\/renier.be\\\/product\\\/lithofin-asr\\\/\",\"name\":\"Lithofin ASR - Renier Natuursteen\",\"isPartOf\":{\"@id\":\"https:\\\/\\\/renier.be\\\/#website\"},\"primaryImageOfPage\":{\"@id\":\"https:\\\/\\\/renier.be\\\/product\\\/lithofin-asr\\\/#primaryimage\"},\"image\":{\"@id\":\"https:\\\/\\\/renier.be\\\/product\\\/lithofin-asr\\\/#primaryimage\"},\"thumbnailUrl\":\"https:\\\/\\\/renier.be\\\/wp-content\\\/uploads\\\/2024\\\/09\\\/041-1B5-12_ASR.gif\",\"datePublished\":\"2024-09-10T11:54:59+00:00\",\"dateModified\":\"2026-03-27T12:01:44+00:00\",\"breadcrumb\":{\"@id\":\"https:\\\/\\\/renier.be\\\/product\\\/lithofin-asr\\\/#breadcrumb\"},\"inLanguage\":\"fr-FR\",\"potentialAction\":[{\"@type\":\"ReadAction\",\"target\":[\"https:\\\/\\\/renier.be\\\/product\\\/lithofin-asr\\\/\"]}]},{\"@type\":\"ImageObject\",\"inLanguage\":\"fr-FR\",\"@id\":\"https:\\\/\\\/renier.be\\\/product\\\/lithofin-asr\\\/#primaryimage\",\"url\":\"https:\\\/\\\/renier.be\\\/wp-content\\\/uploads\\\/2024\\\/09\\\/041-1B5-12_ASR.gif\",\"contentUrl\":\"https:\\\/\\\/renier.be\\\/wp-content\\\/uploads\\\/2024\\\/09\\\/041-1B5-12_ASR.gif\",\"width\":1066,\"height\":1772},{\"@type\":\"BreadcrumbList\",\"@id\":\"https:\\\/\\\/renier.be\\\/product\\\/lithofin-asr\\\/#breadcrumb\",\"itemListElement\":[{\"@type\":\"ListItem\",\"position\":1,\"name\":\"Home\",\"item\":\"https:\\\/\\\/renier.be\\\/\"},{\"@type\":\"ListItem\",\"position\":2,\"name\":\"Producten\",\"item\":\"https:\\\/\\\/renier.be\\\/producten\\\/\"},{\"@type\":\"ListItem\",\"position\":3,\"name\":\"Lithofin ASR\"}]},{\"@type\":\"WebSite\",\"@id\":\"https:\\\/\\\/renier.be\\\/#website\",\"url\":\"https:\\\/\\\/renier.be\\\/\",\"name\":\"Renier Natuursteen\",\"description\":\"Specialist in Belgisch Blauwe Hardsteen\",\"publisher\":{\"@id\":\"https:\\\/\\\/renier.be\\\/#organization\"},\"potentialAction\":[{\"@type\":\"SearchAction\",\"target\":{\"@type\":\"EntryPoint\",\"urlTemplate\":\"https:\\\/\\\/renier.be\\\/?s={search_term_string}\"},\"query-input\":{\"@type\":\"PropertyValueSpecification\",\"valueRequired\":true,\"valueName\":\"search_term_string\"}}],\"inLanguage\":\"fr-FR\"},{\"@type\":\"Organization\",\"@id\":\"https:\\\/\\\/renier.be\\\/#organization\",\"name\":\"Renier Natuursteen\",\"url\":\"https:\\\/\\\/renier.be\\\/\",\"logo\":{\"@type\":\"ImageObject\",\"inLanguage\":\"fr-FR\",\"@id\":\"https:\\\/\\\/renier.be\\\/#\\\/schema\\\/logo\\\/image\\\/\",\"url\":\"\",\"contentUrl\":\"\",\"caption\":\"Renier Natuursteen\"},\"image\":{\"@id\":\"https:\\\/\\\/renier.be\\\/#\\\/schema\\\/logo\\\/image\\\/\"},\"sameAs\":[\"https:\\\/\\\/www.facebook.com\\\/reniernatuursteen\"]}]}<\/script>\n<!-- \/ Yoast SEO plugin. -->","yoast_head_json":{"title":"Lithofin ASR - Renier Natural Stone","robots":{"index":"index","follow":"follow","max-snippet":"max-snippet:-1","max-image-preview":"max-image-preview:large","max-video-preview":"max-video-preview:-1"},"canonical":"https:\/\/renier.be\/fr\/produit\/lithofin-asr\/","og_locale":"fr_FR","og_type":"article","og_title":"Lithofin ASR - Renier Natuursteen","og_description":"Een speciaal product uit het Lithofin programma voor professioneel gebruik. Hoogalkalische, snelwerkende reiniger op basis van alkali\u00ebn in een uitgekiende combinatie. Zeer werkzame, biologisch afbreekbare reinigingscomponenten en losmiddelen.  Voor extreme vervuilingen op, en intensief reinigen van natuur- en kunststeentegels, keramische tegels, betonsteen, plaastersteen enz. geschikt voor binnen- en buitengebruik  &nbsp;","og_url":"https:\/\/renier.be\/fr\/produit\/lithofin-asr\/","og_site_name":"Renier Natuursteen","article_publisher":"https:\/\/www.facebook.com\/reniernatuursteen","article_modified_time":"2026-03-27T12:01:44+00:00","og_image":[{"width":1066,"height":1772,"url":"https:\/\/renier.be\/wp-content\/uploads\/2024\/09\/041-1B5-12_ASR.gif","type":"image\/gif"}],"twitter_card":"summary_large_image","twitter_misc":{"Dur\u00e9e de lecture estim\u00e9e":"1 minute"},"schema":{"@context":"https:\/\/schema.org","@graph":[{"@type":"WebPage","@id":"https:\/\/renier.be\/product\/lithofin-asr\/","url":"https:\/\/renier.be\/product\/lithofin-asr\/","name":"Lithofin ASR - Renier Natural Stone","isPartOf":{"@id":"https:\/\/renier.be\/#website"},"primaryImageOfPage":{"@id":"https:\/\/renier.be\/product\/lithofin-asr\/#primaryimage"},"image":{"@id":"https:\/\/renier.be\/product\/lithofin-asr\/#primaryimage"},"thumbnailUrl":"https:\/\/renier.be\/wp-content\/uploads\/2024\/09\/041-1B5-12_ASR.gif","datePublished":"2024-09-10T11:54:59+00:00","dateModified":"2026-03-27T12:01:44+00:00","breadcrumb":{"@id":"https:\/\/renier.be\/product\/lithofin-asr\/#breadcrumb"},"inLanguage":"fr-FR","potentialAction":[{"@type":"ReadAction","target":["https:\/\/renier.be\/product\/lithofin-asr\/"]}]},{"@type":"ImageObject","inLanguage":"fr-FR","@id":"https:\/\/renier.be\/product\/lithofin-asr\/#primaryimage","url":"https:\/\/renier.be\/wp-content\/uploads\/2024\/09\/041-1B5-12_ASR.gif","contentUrl":"https:\/\/renier.be\/wp-content\/uploads\/2024\/09\/041-1B5-12_ASR.gif","width":1066,"height":1772},{"@type":"BreadcrumbList","@id":"https:\/\/renier.be\/product\/lithofin-asr\/#breadcrumb","itemListElement":[{"@type":"ListItem","position":1,"name":"Home","item":"https:\/\/renier.be\/"},{"@type":"ListItem","position":2,"name":"Producten","item":"https:\/\/renier.be\/producten\/"},{"@type":"ListItem","position":3,"name":"Lithofin ASR"}]},{"@type":"WebSite","@id":"https:\/\/renier.be\/#website","url":"https:\/\/renier.be\/","name":"Pierre naturelle de Renier","description":"Sp\u00e9cialiste de la pierre bleue belge","publisher":{"@id":"https:\/\/renier.be\/#organization"},"potentialAction":[{"@type":"SearchAction","target":{"@type":"EntryPoint","urlTemplate":"https:\/\/renier.be\/?s={search_term_string}"},"query-input":{"@type":"PropertyValueSpecification","valueRequired":true,"valueName":"search_term_string"}}],"inLanguage":"fr-FR"},{"@type":"Organization","@id":"https:\/\/renier.be\/#organization","name":"Pierre naturelle de Renier","url":"https:\/\/renier.be\/","logo":{"@type":"ImageObject","inLanguage":"fr-FR","@id":"https:\/\/renier.be\/#\/schema\/logo\/image\/","url":"","contentUrl":"","caption":"Renier Natuursteen"},"image":{"@id":"https:\/\/renier.be\/#\/schema\/logo\/image\/"},"sameAs":["https:\/\/www.facebook.com\/reniernatuursteen"]}]}},"_links":{"self":[{"href":"https:\/\/renier.be\/fr\/wp-json\/wp\/v2\/product\/2319","targetHints":{"allow":["GET"]}}],"collection":[{"href":"https:\/\/renier.be\/fr\/wp-json\/wp\/v2\/product"}],"about":[{"href":"https:\/\/renier.be\/fr\/wp-json\/wp\/v2\/types\/product"}],"wp:featuredmedia":[{"embeddable":true,"href":"https:\/\/renier.be\/fr\/wp-json\/wp\/v2\/media\/2244"}],"wp:attachment":[{"href":"https:\/\/renier.be\/fr\/wp-json\/wp\/v2\/media?parent=2319"}],"wp:term":[{"taxonomy":"product_brand","embeddable":true,"href":"https:\/\/renier.be\/fr\/wp-json\/wp\/v2\/product_brand?post=2319"},{"taxonomy":"product_cat","embeddable":true,"href":"https:\/\/renier.be\/fr\/wp-json\/wp\/v2\/product_cat?post=2319"},{"taxonomy":"product_tag","embeddable":true,"href":"https:\/\/renier.be\/fr\/wp-json\/wp\/v2\/product_tag?post=2319"}],"curies":[{"name":"wp","href":"https:\/\/api.w.org\/{rel}","templated":true}]}}