{"id":2320,"date":"2024-09-10T13:57:33","date_gmt":"2024-09-10T11:57:33","guid":{"rendered":"https:\/\/renier.be\/?post_type=product&#038;p=2320"},"modified":"2026-03-27T13:01:44","modified_gmt":"2026-03-27T12:01:44","slug":"lithofin-abra-clean","status":"publish","type":"product","link":"https:\/\/renier.be\/fr\/product\/lithofin-abra-clean\/","title":{"rendered":"Lithofin Abra-CLEAN"},"content":{"rendered":"<p class=\"description\">Produit Lithofin PRO : r\u00e9serv\u00e9 aux professionnels<\/p>\n<p class=\"description\">\u00e9limine la salet\u00e9 tenace, la graisse, l'huile, les films de cire, etc., pour les carreaux de c\u00e9ramique tels que les mat\u00e9riaux vitrifi\u00e9s et pour les pierres naturelles telles que le granit et d'autres pierres dures.<\/p>\n<ul>\n<li>tr\u00e8s efficace<\/li>\n<li>non agressif gr\u00e2ce aux nanoparticules<\/li>\n<li>inodore - sans fum\u00e9es<\/li>\n<\/ul>\n<div class=\"productDetails null\">\n<p>Consommation : environ 5 - 20 m\u00b2\/L<\/p>\n<\/div>\n<p>Conditionnement : 500 ml<\/p>","protected":false},"excerpt":{"rendered":"<p>Produit sp\u00e9cial de la gamme LITHOFIN \u00e0 usage professionnel. Nettoyant alcalin doux sp\u00e9cial compos\u00e9 d'\u00e9l\u00e9ments nettoyants tr\u00e8s efficaces avec une action abrasive due aux nanoparticules.<\/p>\n<p>Pour les salissures tenaces et coll\u00e9es et pour le nettoyage intensif des carreaux de c\u00e9ramique et des dalles en pierre naturelle comme le granit et les pierres dures similaires.<\/p>","protected":false},"featured_media":2245,"template":"","meta":{"_acf_changed":false},"product_brand":[],"product_cat":[76,85],"product_tag":[106],"class_list":{"0":"post-2320","1":"product","2":"type-product","3":"status-publish","4":"has-post-thumbnail","6":"product_cat-onderhoud-reiging","7":"product_cat-pro","8":"product_tag-gmc","9":"product_shipping_class-afhaling","11":"first","12":"instock","13":"taxable","14":"shipping-taxable","15":"purchasable","16":"product-type-simple"},"acf":[],"yoast_head":"<!-- This site is optimized with the Yoast SEO plugin v27.3 - https:\/\/yoast.com\/product\/yoast-seo-wordpress\/ -->\n<title>Lithofin Abra-CLEAN - Renier Natuursteen<\/title>\n<meta name=\"robots\" content=\"index, follow, max-snippet:-1, max-image-preview:large, max-video-preview:-1\" \/>\n<link rel=\"canonical\" href=\"https:\/\/renier.be\/fr\/produit\/lithofin-abra-clean\/\" \/>\n<meta property=\"og:locale\" content=\"fr_FR\" \/>\n<meta property=\"og:type\" content=\"article\" \/>\n<meta property=\"og:title\" content=\"Lithofin Abra-CLEAN - Renier Natuursteen\" \/>\n<meta property=\"og:description\" content=\"Een speciaalproduct uit het LITHOFIN-programma voor professioneel gebruik. Speciale mildalkalische reiniger van uiterst werkzame reinigingscomponenten met schurende werking door nanodeeltjes.  Voor hardnekkig, vastzittend vuil en een intensieve reiniging van keramische tegels en platen van natuursteen zoals graniet en vergelijkbare harde steensoorten.\" \/>\n<meta property=\"og:url\" content=\"https:\/\/renier.be\/fr\/produit\/lithofin-abra-clean\/\" \/>\n<meta property=\"og:site_name\" content=\"Renier Natuursteen\" \/>\n<meta property=\"article:publisher\" content=\"https:\/\/www.facebook.com\/reniernatuursteen\" \/>\n<meta property=\"article:modified_time\" content=\"2026-03-27T12:01:44+00:00\" \/>\n<meta property=\"og:image\" content=\"https:\/\/renier.be\/wp-content\/uploads\/2024\/09\/085-2B5-12_Abra_Clean.gif\" \/>\n\t<meta property=\"og:image:width\" content=\"1066\" \/>\n\t<meta property=\"og:image:height\" content=\"1772\" \/>\n\t<meta property=\"og:image:type\" content=\"image\/gif\" \/>\n<meta name=\"twitter:card\" content=\"summary_large_image\" \/>\n<meta name=\"twitter:label1\" content=\"Dur\u00e9e de lecture estim\u00e9e\" \/>\n\t<meta name=\"twitter:data1\" content=\"1 minute\" \/>\n<script type=\"application\/ld+json\" class=\"yoast-schema-graph\">{\"@context\":\"https:\\\/\\\/schema.org\",\"@graph\":[{\"@type\":\"WebPage\",\"@id\":\"https:\\\/\\\/renier.be\\\/product\\\/lithofin-abra-clean\\\/\",\"url\":\"https:\\\/\\\/renier.be\\\/product\\\/lithofin-abra-clean\\\/\",\"name\":\"Lithofin Abra-CLEAN - Renier Natuursteen\",\"isPartOf\":{\"@id\":\"https:\\\/\\\/renier.be\\\/#website\"},\"primaryImageOfPage\":{\"@id\":\"https:\\\/\\\/renier.be\\\/product\\\/lithofin-abra-clean\\\/#primaryimage\"},\"image\":{\"@id\":\"https:\\\/\\\/renier.be\\\/product\\\/lithofin-abra-clean\\\/#primaryimage\"},\"thumbnailUrl\":\"https:\\\/\\\/renier.be\\\/wp-content\\\/uploads\\\/2024\\\/09\\\/085-2B5-12_Abra_Clean.gif\",\"datePublished\":\"2024-09-10T11:57:33+00:00\",\"dateModified\":\"2026-03-27T12:01:44+00:00\",\"breadcrumb\":{\"@id\":\"https:\\\/\\\/renier.be\\\/product\\\/lithofin-abra-clean\\\/#breadcrumb\"},\"inLanguage\":\"fr-FR\",\"potentialAction\":[{\"@type\":\"ReadAction\",\"target\":[\"https:\\\/\\\/renier.be\\\/product\\\/lithofin-abra-clean\\\/\"]}]},{\"@type\":\"ImageObject\",\"inLanguage\":\"fr-FR\",\"@id\":\"https:\\\/\\\/renier.be\\\/product\\\/lithofin-abra-clean\\\/#primaryimage\",\"url\":\"https:\\\/\\\/renier.be\\\/wp-content\\\/uploads\\\/2024\\\/09\\\/085-2B5-12_Abra_Clean.gif\",\"contentUrl\":\"https:\\\/\\\/renier.be\\\/wp-content\\\/uploads\\\/2024\\\/09\\\/085-2B5-12_Abra_Clean.gif\",\"width\":1066,\"height\":1772},{\"@type\":\"BreadcrumbList\",\"@id\":\"https:\\\/\\\/renier.be\\\/product\\\/lithofin-abra-clean\\\/#breadcrumb\",\"itemListElement\":[{\"@type\":\"ListItem\",\"position\":1,\"name\":\"Home\",\"item\":\"https:\\\/\\\/renier.be\\\/\"},{\"@type\":\"ListItem\",\"position\":2,\"name\":\"Producten\",\"item\":\"https:\\\/\\\/renier.be\\\/producten\\\/\"},{\"@type\":\"ListItem\",\"position\":3,\"name\":\"Lithofin Abra-CLEAN\"}]},{\"@type\":\"WebSite\",\"@id\":\"https:\\\/\\\/renier.be\\\/#website\",\"url\":\"https:\\\/\\\/renier.be\\\/\",\"name\":\"Renier Natuursteen\",\"description\":\"Specialist in Belgisch Blauwe Hardsteen\",\"publisher\":{\"@id\":\"https:\\\/\\\/renier.be\\\/#organization\"},\"potentialAction\":[{\"@type\":\"SearchAction\",\"target\":{\"@type\":\"EntryPoint\",\"urlTemplate\":\"https:\\\/\\\/renier.be\\\/?s={search_term_string}\"},\"query-input\":{\"@type\":\"PropertyValueSpecification\",\"valueRequired\":true,\"valueName\":\"search_term_string\"}}],\"inLanguage\":\"fr-FR\"},{\"@type\":\"Organization\",\"@id\":\"https:\\\/\\\/renier.be\\\/#organization\",\"name\":\"Renier Natuursteen\",\"url\":\"https:\\\/\\\/renier.be\\\/\",\"logo\":{\"@type\":\"ImageObject\",\"inLanguage\":\"fr-FR\",\"@id\":\"https:\\\/\\\/renier.be\\\/#\\\/schema\\\/logo\\\/image\\\/\",\"url\":\"\",\"contentUrl\":\"\",\"caption\":\"Renier Natuursteen\"},\"image\":{\"@id\":\"https:\\\/\\\/renier.be\\\/#\\\/schema\\\/logo\\\/image\\\/\"},\"sameAs\":[\"https:\\\/\\\/www.facebook.com\\\/reniernatuursteen\"]}]}<\/script>\n<!-- \/ Yoast SEO plugin. -->","yoast_head_json":{"title":"Lithofin Abra-CLEAN - Renier Natural Stone","robots":{"index":"index","follow":"follow","max-snippet":"max-snippet:-1","max-image-preview":"max-image-preview:large","max-video-preview":"max-video-preview:-1"},"canonical":"https:\/\/renier.be\/fr\/produit\/lithofin-abra-clean\/","og_locale":"fr_FR","og_type":"article","og_title":"Lithofin Abra-CLEAN - Renier Natuursteen","og_description":"Een speciaalproduct uit het LITHOFIN-programma voor professioneel gebruik. Speciale mildalkalische reiniger van uiterst werkzame reinigingscomponenten met schurende werking door nanodeeltjes.  Voor hardnekkig, vastzittend vuil en een intensieve reiniging van keramische tegels en platen van natuursteen zoals graniet en vergelijkbare harde steensoorten.","og_url":"https:\/\/renier.be\/fr\/produit\/lithofin-abra-clean\/","og_site_name":"Renier Natuursteen","article_publisher":"https:\/\/www.facebook.com\/reniernatuursteen","article_modified_time":"2026-03-27T12:01:44+00:00","og_image":[{"width":1066,"height":1772,"url":"https:\/\/renier.be\/wp-content\/uploads\/2024\/09\/085-2B5-12_Abra_Clean.gif","type":"image\/gif"}],"twitter_card":"summary_large_image","twitter_misc":{"Dur\u00e9e de lecture estim\u00e9e":"1 minute"},"schema":{"@context":"https:\/\/schema.org","@graph":[{"@type":"WebPage","@id":"https:\/\/renier.be\/product\/lithofin-abra-clean\/","url":"https:\/\/renier.be\/product\/lithofin-abra-clean\/","name":"Lithofin Abra-CLEAN - Renier Natural Stone","isPartOf":{"@id":"https:\/\/renier.be\/#website"},"primaryImageOfPage":{"@id":"https:\/\/renier.be\/product\/lithofin-abra-clean\/#primaryimage"},"image":{"@id":"https:\/\/renier.be\/product\/lithofin-abra-clean\/#primaryimage"},"thumbnailUrl":"https:\/\/renier.be\/wp-content\/uploads\/2024\/09\/085-2B5-12_Abra_Clean.gif","datePublished":"2024-09-10T11:57:33+00:00","dateModified":"2026-03-27T12:01:44+00:00","breadcrumb":{"@id":"https:\/\/renier.be\/product\/lithofin-abra-clean\/#breadcrumb"},"inLanguage":"fr-FR","potentialAction":[{"@type":"ReadAction","target":["https:\/\/renier.be\/product\/lithofin-abra-clean\/"]}]},{"@type":"ImageObject","inLanguage":"fr-FR","@id":"https:\/\/renier.be\/product\/lithofin-abra-clean\/#primaryimage","url":"https:\/\/renier.be\/wp-content\/uploads\/2024\/09\/085-2B5-12_Abra_Clean.gif","contentUrl":"https:\/\/renier.be\/wp-content\/uploads\/2024\/09\/085-2B5-12_Abra_Clean.gif","width":1066,"height":1772},{"@type":"BreadcrumbList","@id":"https:\/\/renier.be\/product\/lithofin-abra-clean\/#breadcrumb","itemListElement":[{"@type":"ListItem","position":1,"name":"Home","item":"https:\/\/renier.be\/"},{"@type":"ListItem","position":2,"name":"Producten","item":"https:\/\/renier.be\/producten\/"},{"@type":"ListItem","position":3,"name":"Lithofin Abra-CLEAN"}]},{"@type":"WebSite","@id":"https:\/\/renier.be\/#website","url":"https:\/\/renier.be\/","name":"Pierre naturelle de Renier","description":"Sp\u00e9cialiste de la pierre bleue belge","publisher":{"@id":"https:\/\/renier.be\/#organization"},"potentialAction":[{"@type":"SearchAction","target":{"@type":"EntryPoint","urlTemplate":"https:\/\/renier.be\/?s={search_term_string}"},"query-input":{"@type":"PropertyValueSpecification","valueRequired":true,"valueName":"search_term_string"}}],"inLanguage":"fr-FR"},{"@type":"Organization","@id":"https:\/\/renier.be\/#organization","name":"Pierre naturelle de Renier","url":"https:\/\/renier.be\/","logo":{"@type":"ImageObject","inLanguage":"fr-FR","@id":"https:\/\/renier.be\/#\/schema\/logo\/image\/","url":"","contentUrl":"","caption":"Renier Natuursteen"},"image":{"@id":"https:\/\/renier.be\/#\/schema\/logo\/image\/"},"sameAs":["https:\/\/www.facebook.com\/reniernatuursteen"]}]}},"_links":{"self":[{"href":"https:\/\/renier.be\/fr\/wp-json\/wp\/v2\/product\/2320","targetHints":{"allow":["GET"]}}],"collection":[{"href":"https:\/\/renier.be\/fr\/wp-json\/wp\/v2\/product"}],"about":[{"href":"https:\/\/renier.be\/fr\/wp-json\/wp\/v2\/types\/product"}],"wp:featuredmedia":[{"embeddable":true,"href":"https:\/\/renier.be\/fr\/wp-json\/wp\/v2\/media\/2245"}],"wp:attachment":[{"href":"https:\/\/renier.be\/fr\/wp-json\/wp\/v2\/media?parent=2320"}],"wp:term":[{"taxonomy":"product_brand","embeddable":true,"href":"https:\/\/renier.be\/fr\/wp-json\/wp\/v2\/product_brand?post=2320"},{"taxonomy":"product_cat","embeddable":true,"href":"https:\/\/renier.be\/fr\/wp-json\/wp\/v2\/product_cat?post=2320"},{"taxonomy":"product_tag","embeddable":true,"href":"https:\/\/renier.be\/fr\/wp-json\/wp\/v2\/product_tag?post=2320"}],"curies":[{"name":"wp","href":"https:\/\/api.w.org\/{rel}","templated":true}]}}