{"id":2321,"date":"2024-09-10T14:02:58","date_gmt":"2024-09-10T12:02:58","guid":{"rendered":"https:\/\/renier.be\/?post_type=product&#038;p=2321"},"modified":"2026-03-27T13:01:43","modified_gmt":"2026-03-27T12:01:43","slug":"lithofin-delimination-de-la-salete","status":"publish","type":"product","link":"https:\/\/renier.be\/fr\/product\/lithofin-vuiloplosser\/","title":{"rendered":"Lithofin MN Dirt Remover"},"content":{"rendered":"<p>\u00c9limine les salissures g\u00e9n\u00e9rales, les contaminants graisseux, les r\u00e9sidus de produits d'entretien des sols, les rev\u00eatements brillants, etc.<br \/>\n\u00c9limine \u00e9galement les r\u00e9sidus de ciment l\u00e9gers - en frottant soigneusement - et la salet\u00e9 de construction sur les nouveaux sols en pierre naturelle tels que le marbre, la pierre bleue, le granit, etc.<br \/>\nConvient \u00e0 toutes les finitions de pierre : polie, adoucie, brute, bross\u00e9e, etc.<\/p>\n<p>- se concentrer<br \/>\n- tr\u00e8s actif<br \/>\n- sans acide, l\u00e9g\u00e8rement alcalin<br \/>\n- sans solvant ni odeur<\/p>\n<p>Consommation : environ 10-30m\u00b2\/litre<\/p>\n<p>Conditionnement : 1 litre<\/p>","protected":false},"excerpt":{"rendered":"<p>Pour un nettoyage s\u00fbr, complet et rapide de la pierre naturelle.<\/p>\n<p>\u00c9limine sans effort les salissures g\u00e9n\u00e9rales, les d\u00e9p\u00f4ts graisseux, les r\u00e9sidus de produits d'entretien des sols et les rev\u00eatements brillants.<\/p>\n<p>En outre, il \u00e9limine les r\u00e9sidus de ciment l\u00e9gers et les salissures de construction sur les sols en pierre naturelle neufs tels que le marbre, la pierre bleue et le granit - sous r\u00e9serve d'un nettoyage minutieux.<\/p>\n<p>Agit efficacement et rapidement : appliquer pur ou dilu\u00e9, laisser agir 10 \u00e0 20 minutes, puis rincer.<\/p>\n<p>Frais d'exp\u00e9dition BE 9.95\u20ac TTC. <strong>Livraison gratuite \u00e0 partir de 100 euros<\/strong>.<\/p>\n<p>&nbsp;<\/p>","protected":false},"featured_media":2126,"template":"","meta":{"_acf_changed":false},"product_brand":[],"product_cat":[76,81],"product_tag":[106],"class_list":{"0":"post-2321","1":"product","2":"type-product","3":"status-publish","4":"has-post-thumbnail","6":"product_cat-onderhoud-reiging","7":"product_cat-reinigen","8":"product_tag-gmc","9":"product_shipping_class-afhaling","11":"first","12":"instock","13":"taxable","14":"shipping-taxable","15":"purchasable","16":"product-type-simple"},"acf":[],"yoast_head":"<!-- This site is optimized with the Yoast SEO plugin v27.4 - https:\/\/yoast.com\/product\/yoast-seo-wordpress\/ -->\n<title>Lithofin MN Vuiloplosser - Renier Natuursteen<\/title>\n<meta name=\"robots\" content=\"index, follow, max-snippet:-1, max-image-preview:large, max-video-preview:-1\" \/>\n<link rel=\"canonical\" href=\"https:\/\/renier.be\/fr\/produit\/lithofin-delimination-de-la-salete\/\" \/>\n<meta property=\"og:locale\" content=\"fr_FR\" \/>\n<meta property=\"og:type\" content=\"article\" \/>\n<meta property=\"og:title\" content=\"Lithofin MN Vuiloplosser - Renier Natuursteen\" \/>\n<meta property=\"og:description\" content=\"Voor het veilig, grondig en snel reinigen van natuursteen.  Verwijdert moeiteloos algemene vervuiling, vettige aanslag, resten van vloerverzorgingsproducten en glanslagen.  Daarnaast verwijdert het lichte cementsluier en bouwvuil van nieuwe natuursteenvloeren zoals marmer, blauwe hardsteen en graniet - mits grondig schrobben.  Werkt effectief en snel: breng het product puur of verdund aan, laat het 10 tot 20 minuten inwerken, en spoel vervolgens af.  Verzendkost BE 9,95\u20ac incl BTW. Gratis levering vanaf \u20ac100.  &nbsp;\" \/>\n<meta property=\"og:url\" content=\"https:\/\/renier.be\/fr\/produit\/lithofin-delimination-de-la-salete\/\" \/>\n<meta property=\"og:site_name\" content=\"Renier Natuursteen\" \/>\n<meta property=\"article:publisher\" content=\"https:\/\/www.facebook.com\/reniernatuursteen\" \/>\n<meta property=\"article:modified_time\" content=\"2026-03-27T12:01:43+00:00\" \/>\n<meta property=\"og:image\" content=\"https:\/\/renier.be\/wp-content\/uploads\/2024\/09\/160-1B6-15_MNVuiloplosser-v2.gif\" \/>\n\t<meta property=\"og:image:width\" content=\"1066\" \/>\n\t<meta property=\"og:image:height\" content=\"1772\" \/>\n\t<meta property=\"og:image:type\" content=\"image\/gif\" \/>\n<meta name=\"twitter:card\" content=\"summary_large_image\" \/>\n<meta name=\"twitter:label1\" content=\"Dur\u00e9e de lecture estim\u00e9e\" \/>\n\t<meta name=\"twitter:data1\" content=\"1 minute\" \/>\n<script type=\"application\/ld+json\" class=\"yoast-schema-graph\">{\"@context\":\"https:\\\/\\\/schema.org\",\"@graph\":[{\"@type\":\"WebPage\",\"@id\":\"https:\\\/\\\/renier.be\\\/product\\\/lithofin-vuiloplosser\\\/\",\"url\":\"https:\\\/\\\/renier.be\\\/product\\\/lithofin-vuiloplosser\\\/\",\"name\":\"Lithofin MN Vuiloplosser - Renier Natuursteen\",\"isPartOf\":{\"@id\":\"https:\\\/\\\/renier.be\\\/#website\"},\"primaryImageOfPage\":{\"@id\":\"https:\\\/\\\/renier.be\\\/product\\\/lithofin-vuiloplosser\\\/#primaryimage\"},\"image\":{\"@id\":\"https:\\\/\\\/renier.be\\\/product\\\/lithofin-vuiloplosser\\\/#primaryimage\"},\"thumbnailUrl\":\"https:\\\/\\\/renier.be\\\/wp-content\\\/uploads\\\/2024\\\/09\\\/160-1B6-15_MNVuiloplosser-v2.gif\",\"datePublished\":\"2024-09-10T12:02:58+00:00\",\"dateModified\":\"2026-03-27T12:01:43+00:00\",\"breadcrumb\":{\"@id\":\"https:\\\/\\\/renier.be\\\/product\\\/lithofin-vuiloplosser\\\/#breadcrumb\"},\"inLanguage\":\"fr-FR\",\"potentialAction\":[{\"@type\":\"ReadAction\",\"target\":[\"https:\\\/\\\/renier.be\\\/product\\\/lithofin-vuiloplosser\\\/\"]}]},{\"@type\":\"ImageObject\",\"inLanguage\":\"fr-FR\",\"@id\":\"https:\\\/\\\/renier.be\\\/product\\\/lithofin-vuiloplosser\\\/#primaryimage\",\"url\":\"https:\\\/\\\/renier.be\\\/wp-content\\\/uploads\\\/2024\\\/09\\\/160-1B6-15_MNVuiloplosser-v2.gif\",\"contentUrl\":\"https:\\\/\\\/renier.be\\\/wp-content\\\/uploads\\\/2024\\\/09\\\/160-1B6-15_MNVuiloplosser-v2.gif\",\"width\":1066,\"height\":1772},{\"@type\":\"BreadcrumbList\",\"@id\":\"https:\\\/\\\/renier.be\\\/product\\\/lithofin-vuiloplosser\\\/#breadcrumb\",\"itemListElement\":[{\"@type\":\"ListItem\",\"position\":1,\"name\":\"Home\",\"item\":\"https:\\\/\\\/renier.be\\\/\"},{\"@type\":\"ListItem\",\"position\":2,\"name\":\"Producten\",\"item\":\"https:\\\/\\\/renier.be\\\/producten\\\/\"},{\"@type\":\"ListItem\",\"position\":3,\"name\":\"Lithofin MN Vuiloplosser\"}]},{\"@type\":\"WebSite\",\"@id\":\"https:\\\/\\\/renier.be\\\/#website\",\"url\":\"https:\\\/\\\/renier.be\\\/\",\"name\":\"Renier Natuursteen\",\"description\":\"Specialist in Belgisch Blauwe Hardsteen\",\"publisher\":{\"@id\":\"https:\\\/\\\/renier.be\\\/#organization\"},\"potentialAction\":[{\"@type\":\"SearchAction\",\"target\":{\"@type\":\"EntryPoint\",\"urlTemplate\":\"https:\\\/\\\/renier.be\\\/?s={search_term_string}\"},\"query-input\":{\"@type\":\"PropertyValueSpecification\",\"valueRequired\":true,\"valueName\":\"search_term_string\"}}],\"inLanguage\":\"fr-FR\"},{\"@type\":\"Organization\",\"@id\":\"https:\\\/\\\/renier.be\\\/#organization\",\"name\":\"Renier Natuursteen\",\"url\":\"https:\\\/\\\/renier.be\\\/\",\"logo\":{\"@type\":\"ImageObject\",\"inLanguage\":\"fr-FR\",\"@id\":\"https:\\\/\\\/renier.be\\\/#\\\/schema\\\/logo\\\/image\\\/\",\"url\":\"\",\"contentUrl\":\"\",\"caption\":\"Renier Natuursteen\"},\"image\":{\"@id\":\"https:\\\/\\\/renier.be\\\/#\\\/schema\\\/logo\\\/image\\\/\"},\"sameAs\":[\"https:\\\/\\\/www.facebook.com\\\/reniernatuursteen\"]}]}<\/script>\n<!-- \/ Yoast SEO plugin. -->","yoast_head_json":{"title":"Lithofin MN Dirt Remover - Renier Natural Stone","robots":{"index":"index","follow":"follow","max-snippet":"max-snippet:-1","max-image-preview":"max-image-preview:large","max-video-preview":"max-video-preview:-1"},"canonical":"https:\/\/renier.be\/fr\/produit\/lithofin-delimination-de-la-salete\/","og_locale":"fr_FR","og_type":"article","og_title":"Lithofin MN Vuiloplosser - Renier Natuursteen","og_description":"Voor het veilig, grondig en snel reinigen van natuursteen.  Verwijdert moeiteloos algemene vervuiling, vettige aanslag, resten van vloerverzorgingsproducten en glanslagen.  Daarnaast verwijdert het lichte cementsluier en bouwvuil van nieuwe natuursteenvloeren zoals marmer, blauwe hardsteen en graniet - mits grondig schrobben.  Werkt effectief en snel: breng het product puur of verdund aan, laat het 10 tot 20 minuten inwerken, en spoel vervolgens af.  Verzendkost BE 9,95\u20ac incl BTW. Gratis levering vanaf \u20ac100.  &nbsp;","og_url":"https:\/\/renier.be\/fr\/produit\/lithofin-delimination-de-la-salete\/","og_site_name":"Renier Natuursteen","article_publisher":"https:\/\/www.facebook.com\/reniernatuursteen","article_modified_time":"2026-03-27T12:01:43+00:00","og_image":[{"width":1066,"height":1772,"url":"https:\/\/renier.be\/wp-content\/uploads\/2024\/09\/160-1B6-15_MNVuiloplosser-v2.gif","type":"image\/gif"}],"twitter_card":"summary_large_image","twitter_misc":{"Dur\u00e9e de lecture estim\u00e9e":"1 minute"},"schema":{"@context":"https:\/\/schema.org","@graph":[{"@type":"WebPage","@id":"https:\/\/renier.be\/product\/lithofin-vuiloplosser\/","url":"https:\/\/renier.be\/product\/lithofin-vuiloplosser\/","name":"Lithofin MN Dirt Remover - Renier Natural Stone","isPartOf":{"@id":"https:\/\/renier.be\/#website"},"primaryImageOfPage":{"@id":"https:\/\/renier.be\/product\/lithofin-vuiloplosser\/#primaryimage"},"image":{"@id":"https:\/\/renier.be\/product\/lithofin-vuiloplosser\/#primaryimage"},"thumbnailUrl":"https:\/\/renier.be\/wp-content\/uploads\/2024\/09\/160-1B6-15_MNVuiloplosser-v2.gif","datePublished":"2024-09-10T12:02:58+00:00","dateModified":"2026-03-27T12:01:43+00:00","breadcrumb":{"@id":"https:\/\/renier.be\/product\/lithofin-vuiloplosser\/#breadcrumb"},"inLanguage":"fr-FR","potentialAction":[{"@type":"ReadAction","target":["https:\/\/renier.be\/product\/lithofin-vuiloplosser\/"]}]},{"@type":"ImageObject","inLanguage":"fr-FR","@id":"https:\/\/renier.be\/product\/lithofin-vuiloplosser\/#primaryimage","url":"https:\/\/renier.be\/wp-content\/uploads\/2024\/09\/160-1B6-15_MNVuiloplosser-v2.gif","contentUrl":"https:\/\/renier.be\/wp-content\/uploads\/2024\/09\/160-1B6-15_MNVuiloplosser-v2.gif","width":1066,"height":1772},{"@type":"BreadcrumbList","@id":"https:\/\/renier.be\/product\/lithofin-vuiloplosser\/#breadcrumb","itemListElement":[{"@type":"ListItem","position":1,"name":"Home","item":"https:\/\/renier.be\/"},{"@type":"ListItem","position":2,"name":"Producten","item":"https:\/\/renier.be\/producten\/"},{"@type":"ListItem","position":3,"name":"Lithofin MN Vuiloplosser"}]},{"@type":"WebSite","@id":"https:\/\/renier.be\/#website","url":"https:\/\/renier.be\/","name":"Pierre naturelle de Renier","description":"Sp\u00e9cialiste de la pierre bleue belge","publisher":{"@id":"https:\/\/renier.be\/#organization"},"potentialAction":[{"@type":"SearchAction","target":{"@type":"EntryPoint","urlTemplate":"https:\/\/renier.be\/?s={search_term_string}"},"query-input":{"@type":"PropertyValueSpecification","valueRequired":true,"valueName":"search_term_string"}}],"inLanguage":"fr-FR"},{"@type":"Organization","@id":"https:\/\/renier.be\/#organization","name":"Pierre naturelle de Renier","url":"https:\/\/renier.be\/","logo":{"@type":"ImageObject","inLanguage":"fr-FR","@id":"https:\/\/renier.be\/#\/schema\/logo\/image\/","url":"","contentUrl":"","caption":"Renier Natuursteen"},"image":{"@id":"https:\/\/renier.be\/#\/schema\/logo\/image\/"},"sameAs":["https:\/\/www.facebook.com\/reniernatuursteen"]}]}},"_links":{"self":[{"href":"https:\/\/renier.be\/fr\/wp-json\/wp\/v2\/product\/2321","targetHints":{"allow":["GET"]}}],"collection":[{"href":"https:\/\/renier.be\/fr\/wp-json\/wp\/v2\/product"}],"about":[{"href":"https:\/\/renier.be\/fr\/wp-json\/wp\/v2\/types\/product"}],"wp:featuredmedia":[{"embeddable":true,"href":"https:\/\/renier.be\/fr\/wp-json\/wp\/v2\/media\/2126"}],"wp:attachment":[{"href":"https:\/\/renier.be\/fr\/wp-json\/wp\/v2\/media?parent=2321"}],"wp:term":[{"taxonomy":"product_brand","embeddable":true,"href":"https:\/\/renier.be\/fr\/wp-json\/wp\/v2\/product_brand?post=2321"},{"taxonomy":"product_cat","embeddable":true,"href":"https:\/\/renier.be\/fr\/wp-json\/wp\/v2\/product_cat?post=2321"},{"taxonomy":"product_tag","embeddable":true,"href":"https:\/\/renier.be\/fr\/wp-json\/wp\/v2\/product_tag?post=2321"}],"curies":[{"name":"wp","href":"https:\/\/api.w.org\/{rel}","templated":true}]}}