{"id":2614,"date":"2024-10-08T15:06:51","date_gmt":"2024-10-08T13:06:51","guid":{"rendered":"https:\/\/renier.be\/?post_type=product&#038;p=2614"},"modified":"2026-04-30T16:54:19","modified_gmt":"2026-04-30T14:54:19","slug":"composez-vous-meme-votre-seuil-de-porte-plat-avec-costiere-en-pierre-bleue-belge","status":"publish","type":"product","link":"https:\/\/renier.be\/fr\/product\/stel-zelf-uw-vlakke-deurdorpel-met-opkant-samen-in-belgische-blauwe-hardsteen\/","title":{"rendered":"Seuil de porte sur mesure en pierre bleue, avec support"},"content":{"rendered":"<p>Nous extrayons et transformons cette pierre ancienne localement, dans le respect de l'environnement et de l'\u00e9cologie. Dans notre propre carri\u00e8re, nous produisons des seuils de porte de haute qualit\u00e9 en pierre bleue belge, enti\u00e8rement sur mesure.<\/p>\n<p>Ce seuil de porte plat avec costi\u00e8re peut \u00eatre assembl\u00e9 enti\u00e8rement selon vos souhaits :<\/p>\n<p>- Pierre bleue provenant de notre propre carri\u00e8re (La Pr\u00e9alle \u00e0 Sprimont)<\/p>\n<p>- Finition :<br \/>\n- Dessus, avant et deux t\u00eates (5 cm) ponc\u00e9s en bleu ou en gris<br \/>\n- L'avant et les deux t\u00eates (5 cm) peuvent \u00eatre agr\u00e9ment\u00e9s en option d'une finition frang\u00e9e pour un look \u00e9l\u00e9gant.<\/p>\n<p>- Coupe droite, avec une rainure d'\u00e9gouttage de 0,6 x 0,6 cm, plac\u00e9e \u00e0 2 cm de l'avant et s'arr\u00eatant \u00e0 2 cm devant les t\u00eates usin\u00e9es.<\/p>\n<p>- Le bon c\u00f4t\u00e9 des choses :<br \/>\n- Coll\u00e9, 2 cm d'\u00e9paisseur et 1 cm de plus que la surface<br \/>\n- Disponible en option dans une version solide moyennant un suppl\u00e9ment de prix.<\/p>\n<p>- Epaisseurs de 4 cm \u00e0 11 cm<br \/>\nVeuillez noter que l'\u00e9paisseur (hauteur) du seuil d\u00e9termine la hauteur de l'arri\u00e8re. La face sup\u00e9rieure est 1 cm plus basse que la face arri\u00e8re.<br \/>\nExemple : une longrine de 4 cm de haut a une \u00e9paisseur de 3 cm avec un relev\u00e9 de 1 cm. Dans ce cas, indiquez une \u00e9paisseur de 4 cm.<\/p>\n<p>- Largeur :<br \/>\nLa largeur sp\u00e9cifi\u00e9e inclut la costi\u00e8re.<br \/>\nExemple : un seuil de 18 cm de large a une largeur totale de 18 cm, y compris la costi\u00e8re de 2 cm de large.<\/p>\n<p>- Options :<br \/>\n- Mitre 45<br \/>\n- Coussins de 1 cm d'\u00e9paisseur sur toute la largeur<br \/>\n- Coussins d'une \u00e9paisseur de 1 cm qui s'arr\u00eatent \u00e0 5 cm du front<br \/>\n- Rebord de fen\u00eatre ou de porte massif (sans bord coll\u00e9), voir aussi \u201ccomposez vous-m\u00eame votre rebord de porte plat MASSIVE\u201d.\u201d<\/p>\n<p>- Flexibilit\u00e9 totale<\/p>\n<p><img decoding=\"async\" class=\"alignnone size-medium wp-image-1709\" src=\"https:\/\/renier.be\/wp-content\/uploads\/2024\/08\/DVO-met-drup-300x152.jpg\" alt=\"\" width=\"300\" height=\"152\" srcset=\"https:\/\/renier.be\/wp-content\/uploads\/2024\/08\/DVO-met-drup-300x152.jpg 300w, https:\/\/renier.be\/wp-content\/uploads\/2024\/08\/DVO-met-drup-768x389.jpg 768w, https:\/\/renier.be\/wp-content\/uploads\/2024\/08\/DVO-met-drup-600x304.jpg 600w, https:\/\/renier.be\/wp-content\/uploads\/2024\/08\/DVO-met-drup.jpg 814w\" sizes=\"(max-width: 300px) 100vw, 300px\" \/><\/p>\n<p><img decoding=\"async\" class=\"alignnone size-medium wp-image-1305\" src=\"https:\/\/renier.be\/wp-content\/uploads\/2024\/06\/Renier-logo-met-belgische-vlag-300x99.jpg\" alt=\"\" width=\"300\" height=\"99\" srcset=\"https:\/\/renier.be\/wp-content\/uploads\/2024\/06\/Renier-logo-met-belgische-vlag-300x99.jpg 300w, https:\/\/renier.be\/wp-content\/uploads\/2024\/06\/Renier-logo-met-belgische-vlag-1024x337.jpg 1024w, https:\/\/renier.be\/wp-content\/uploads\/2024\/06\/Renier-logo-met-belgische-vlag-768x253.jpg 768w, https:\/\/renier.be\/wp-content\/uploads\/2024\/06\/Renier-logo-met-belgische-vlag-600x197.jpg 600w, https:\/\/renier.be\/wp-content\/uploads\/2024\/06\/Renier-logo-met-belgische-vlag.jpg 1067w\" sizes=\"(max-width: 300px) 100vw, 300px\" \/><\/p>","protected":false},"excerpt":{"rendered":"<p>Un seuil de porte en pierre bleue avec costi\u00e8re offre une finition propre et prot\u00e8ge votre fa\u00e7ade des infiltrations d'eau. Le relev\u00e9 emp\u00eache les remont\u00e9es d'humidit\u00e9 et conf\u00e8re \u00e0 votre fa\u00e7ade un aspect durable et esth\u00e9tique.<\/p>\n<p>Composez ici en toute simplicit\u00e9 votre seuil de porte plat id\u00e9al avec costi\u00e8re et goutti\u00e8re. Choisissez la finition, l'\u00e9paisseur, la longueur et la largeur souhait\u00e9es. Ajoutez ensuite les options souhait\u00e9es. Le prix par pi\u00e8ce et par m\u00b2 est calcul\u00e9 automatiquement. En outre, vous pouvez \u00e0 tout moment modifier la finition choisie. Ajoutez le produit \u00e0 votre panier et terminez votre commande. Le d\u00e9lai de livraison est d'environ 2 semaines.<\/p>\n<p>Veuillez noter que l'\u00e9paisseur (ou la hauteur) indiqu\u00e9e correspond \u00e0 la hauteur de la surface arri\u00e8re. La surface sup\u00e9rieure est 1 cm plus basse.<br \/>\nExemple : une longrine de 4 cm de haut a une \u00e9paisseur de 3 cm avec un relev\u00e9 de 1 cm. Dans ce cas, vous indiquez une \u00e9paisseur de 4 cm.<\/p>\n<p>La longueur est-elle sup\u00e9rieure \u00e0 180 cm ? Dans ce cas, nous diviserons automatiquement l'appui en plusieurs morceaux. Vous pouvez facilement introduire la division souhait\u00e9e dans les champs suppl\u00e9mentaires qui s'affichent.<\/p>","protected":false},"featured_media":2977,"template":"","meta":{"_acf_changed":false},"product_brand":[],"product_cat":[43,31,63,19],"product_tag":[],"class_list":{"0":"post-2614","1":"product","2":"type-product","3":"status-publish","4":"has-post-thumbnail","6":"product_cat-deurdorpel","7":"product_cat-dorpel","8":"product_cat-met-opkant","9":"product_cat-ruwbouw","11":"first","12":"onbackorder","13":"taxable","14":"shipping-taxable","15":"purchasable","16":"product-type-simple"},"acf":[],"yoast_head":"<!-- This site is optimized with the Yoast SEO plugin v27.6 - https:\/\/yoast.com\/product\/yoast-seo-wordpress\/ -->\n<title>Deurdorpel blauwe hardsteen met opkant | Stel zelf samen<\/title>\n<meta name=\"description\" content=\"Stel zelf uw deurdorpel in blauwe hardsteen met opkant samen. Kies afmetingen, afwerking en opties voor een perfect resultaat.\" \/>\n<meta name=\"robots\" content=\"index, follow, max-snippet:-1, max-image-preview:large, max-video-preview:-1\" \/>\n<link rel=\"canonical\" href=\"https:\/\/renier.be\/fr\/produit\/composez-vous-meme-votre-seuil-de-porte-plat-avec-costiere-en-pierre-bleue-belge\/\" \/>\n<meta property=\"og:locale\" content=\"fr_FR\" \/>\n<meta property=\"og:type\" content=\"article\" \/>\n<meta property=\"og:title\" content=\"Deurdorpel blauwe hardsteen met opkant | Stel zelf samen\" \/>\n<meta property=\"og:description\" content=\"Stel zelf uw deurdorpel in blauwe hardsteen met opkant samen. Kies afmetingen, afwerking en opties voor een perfect resultaat.\" \/>\n<meta property=\"og:url\" content=\"https:\/\/renier.be\/fr\/produit\/composez-vous-meme-votre-seuil-de-porte-plat-avec-costiere-en-pierre-bleue-belge\/\" \/>\n<meta property=\"og:site_name\" content=\"Renier Natuursteen\" \/>\n<meta property=\"article:publisher\" content=\"https:\/\/www.facebook.com\/reniernatuursteen\" \/>\n<meta property=\"article:modified_time\" content=\"2026-04-30T14:54:19+00:00\" \/>\n<meta property=\"og:image\" content=\"https:\/\/renier.be\/wp-content\/uploads\/2024\/10\/DVO-BLS-scaled.jpg\" \/>\n\t<meta property=\"og:image:width\" content=\"2560\" \/>\n\t<meta property=\"og:image:height\" content=\"1707\" \/>\n\t<meta property=\"og:image:type\" content=\"image\/jpeg\" \/>\n<meta name=\"twitter:card\" content=\"summary_large_image\" \/>\n<meta name=\"twitter:label1\" content=\"Dur\u00e9e de lecture estim\u00e9e\" \/>\n\t<meta name=\"twitter:data1\" content=\"2 minutes\" \/>\n<script type=\"application\/ld+json\" class=\"yoast-schema-graph\">{\"@context\":\"https:\\\/\\\/schema.org\",\"@graph\":[{\"@type\":\"WebPage\",\"@id\":\"https:\\\/\\\/renier.be\\\/product\\\/stel-zelf-uw-vlakke-deurdorpel-met-opkant-samen-in-belgische-blauwe-hardsteen\\\/\",\"url\":\"https:\\\/\\\/renier.be\\\/product\\\/stel-zelf-uw-vlakke-deurdorpel-met-opkant-samen-in-belgische-blauwe-hardsteen\\\/\",\"name\":\"Deurdorpel blauwe hardsteen met opkant | Stel zelf samen\",\"isPartOf\":{\"@id\":\"https:\\\/\\\/renier.be\\\/#website\"},\"primaryImageOfPage\":{\"@id\":\"https:\\\/\\\/renier.be\\\/product\\\/stel-zelf-uw-vlakke-deurdorpel-met-opkant-samen-in-belgische-blauwe-hardsteen\\\/#primaryimage\"},\"image\":{\"@id\":\"https:\\\/\\\/renier.be\\\/product\\\/stel-zelf-uw-vlakke-deurdorpel-met-opkant-samen-in-belgische-blauwe-hardsteen\\\/#primaryimage\"},\"thumbnailUrl\":\"https:\\\/\\\/renier.be\\\/wp-content\\\/uploads\\\/2024\\\/10\\\/DVO-BLS-scaled.jpg\",\"datePublished\":\"2024-10-08T13:06:51+00:00\",\"dateModified\":\"2026-04-30T14:54:19+00:00\",\"description\":\"Stel zelf uw deurdorpel in blauwe hardsteen met opkant samen. Kies afmetingen, afwerking en opties voor een perfect resultaat.\",\"breadcrumb\":{\"@id\":\"https:\\\/\\\/renier.be\\\/product\\\/stel-zelf-uw-vlakke-deurdorpel-met-opkant-samen-in-belgische-blauwe-hardsteen\\\/#breadcrumb\"},\"inLanguage\":\"fr-FR\",\"potentialAction\":[{\"@type\":\"ReadAction\",\"target\":[\"https:\\\/\\\/renier.be\\\/product\\\/stel-zelf-uw-vlakke-deurdorpel-met-opkant-samen-in-belgische-blauwe-hardsteen\\\/\"]}]},{\"@type\":\"ImageObject\",\"inLanguage\":\"fr-FR\",\"@id\":\"https:\\\/\\\/renier.be\\\/product\\\/stel-zelf-uw-vlakke-deurdorpel-met-opkant-samen-in-belgische-blauwe-hardsteen\\\/#primaryimage\",\"url\":\"https:\\\/\\\/renier.be\\\/wp-content\\\/uploads\\\/2024\\\/10\\\/DVO-BLS-scaled.jpg\",\"contentUrl\":\"https:\\\/\\\/renier.be\\\/wp-content\\\/uploads\\\/2024\\\/10\\\/DVO-BLS-scaled.jpg\",\"width\":2560,\"height\":1707,\"caption\":\"deurdorpel blauwe hardsteen met opkant\"},{\"@type\":\"BreadcrumbList\",\"@id\":\"https:\\\/\\\/renier.be\\\/product\\\/stel-zelf-uw-vlakke-deurdorpel-met-opkant-samen-in-belgische-blauwe-hardsteen\\\/#breadcrumb\",\"itemListElement\":[{\"@type\":\"ListItem\",\"position\":1,\"name\":\"Home\",\"item\":\"https:\\\/\\\/renier.be\\\/\"},{\"@type\":\"ListItem\",\"position\":2,\"name\":\"Producten\",\"item\":\"https:\\\/\\\/renier.be\\\/producten\\\/\"},{\"@type\":\"ListItem\",\"position\":3,\"name\":\"Deurdorpel blauwe hardsteen met opkant op maat\"}]},{\"@type\":\"WebSite\",\"@id\":\"https:\\\/\\\/renier.be\\\/#website\",\"url\":\"https:\\\/\\\/renier.be\\\/\",\"name\":\"Renier Natuursteen\",\"description\":\"Specialist in Belgisch Blauwe Hardsteen\",\"publisher\":{\"@id\":\"https:\\\/\\\/renier.be\\\/#organization\"},\"potentialAction\":[{\"@type\":\"SearchAction\",\"target\":{\"@type\":\"EntryPoint\",\"urlTemplate\":\"https:\\\/\\\/renier.be\\\/?s={search_term_string}\"},\"query-input\":{\"@type\":\"PropertyValueSpecification\",\"valueRequired\":true,\"valueName\":\"search_term_string\"}}],\"inLanguage\":\"fr-FR\"},{\"@type\":\"Organization\",\"@id\":\"https:\\\/\\\/renier.be\\\/#organization\",\"name\":\"Renier Natuursteen\",\"url\":\"https:\\\/\\\/renier.be\\\/\",\"logo\":{\"@type\":\"ImageObject\",\"inLanguage\":\"fr-FR\",\"@id\":\"https:\\\/\\\/renier.be\\\/#\\\/schema\\\/logo\\\/image\\\/\",\"url\":\"https:\\\/\\\/renier.be\\\/wp-content\\\/uploads\\\/2024\\\/07\\\/RENIER.png\",\"contentUrl\":\"https:\\\/\\\/renier.be\\\/wp-content\\\/uploads\\\/2024\\\/07\\\/RENIER.png\",\"width\":2717,\"height\":838,\"caption\":\"Renier Natuursteen\"},\"image\":{\"@id\":\"https:\\\/\\\/renier.be\\\/#\\\/schema\\\/logo\\\/image\\\/\"},\"sameAs\":[\"https:\\\/\\\/www.facebook.com\\\/reniernatuursteen\"]}]}<\/script>\n<!-- \/ Yoast SEO plugin. -->","yoast_head_json":{"title":"Seuil de porte en pierre bleue avec costi\u00e8re | Composez le v\u00f4tre","description":"Composez vous-m\u00eame votre seuil de porte en pierre bleue avec costi\u00e8re. Choisissez les dimensions, les finitions et les options pour un r\u00e9sultat parfait.","robots":{"index":"index","follow":"follow","max-snippet":"max-snippet:-1","max-image-preview":"max-image-preview:large","max-video-preview":"max-video-preview:-1"},"canonical":"https:\/\/renier.be\/fr\/produit\/composez-vous-meme-votre-seuil-de-porte-plat-avec-costiere-en-pierre-bleue-belge\/","og_locale":"fr_FR","og_type":"article","og_title":"Deurdorpel blauwe hardsteen met opkant | Stel zelf samen","og_description":"Stel zelf uw deurdorpel in blauwe hardsteen met opkant samen. Kies afmetingen, afwerking en opties voor een perfect resultaat.","og_url":"https:\/\/renier.be\/fr\/produit\/composez-vous-meme-votre-seuil-de-porte-plat-avec-costiere-en-pierre-bleue-belge\/","og_site_name":"Renier Natuursteen","article_publisher":"https:\/\/www.facebook.com\/reniernatuursteen","article_modified_time":"2026-04-30T14:54:19+00:00","og_image":[{"width":2560,"height":1707,"url":"https:\/\/renier.be\/wp-content\/uploads\/2024\/10\/DVO-BLS-scaled.jpg","type":"image\/jpeg"}],"twitter_card":"summary_large_image","twitter_misc":{"Dur\u00e9e de lecture estim\u00e9e":"2 minutes"},"schema":{"@context":"https:\/\/schema.org","@graph":[{"@type":"WebPage","@id":"https:\/\/renier.be\/product\/stel-zelf-uw-vlakke-deurdorpel-met-opkant-samen-in-belgische-blauwe-hardsteen\/","url":"https:\/\/renier.be\/product\/stel-zelf-uw-vlakke-deurdorpel-met-opkant-samen-in-belgische-blauwe-hardsteen\/","name":"Seuil de porte en pierre bleue avec costi\u00e8re | Composez le v\u00f4tre","isPartOf":{"@id":"https:\/\/renier.be\/#website"},"primaryImageOfPage":{"@id":"https:\/\/renier.be\/product\/stel-zelf-uw-vlakke-deurdorpel-met-opkant-samen-in-belgische-blauwe-hardsteen\/#primaryimage"},"image":{"@id":"https:\/\/renier.be\/product\/stel-zelf-uw-vlakke-deurdorpel-met-opkant-samen-in-belgische-blauwe-hardsteen\/#primaryimage"},"thumbnailUrl":"https:\/\/renier.be\/wp-content\/uploads\/2024\/10\/DVO-BLS-scaled.jpg","datePublished":"2024-10-08T13:06:51+00:00","dateModified":"2026-04-30T14:54:19+00:00","description":"Composez vous-m\u00eame votre seuil de porte en pierre bleue avec costi\u00e8re. Choisissez les dimensions, les finitions et les options pour un r\u00e9sultat parfait.","breadcrumb":{"@id":"https:\/\/renier.be\/product\/stel-zelf-uw-vlakke-deurdorpel-met-opkant-samen-in-belgische-blauwe-hardsteen\/#breadcrumb"},"inLanguage":"fr-FR","potentialAction":[{"@type":"ReadAction","target":["https:\/\/renier.be\/product\/stel-zelf-uw-vlakke-deurdorpel-met-opkant-samen-in-belgische-blauwe-hardsteen\/"]}]},{"@type":"ImageObject","inLanguage":"fr-FR","@id":"https:\/\/renier.be\/product\/stel-zelf-uw-vlakke-deurdorpel-met-opkant-samen-in-belgische-blauwe-hardsteen\/#primaryimage","url":"https:\/\/renier.be\/wp-content\/uploads\/2024\/10\/DVO-BLS-scaled.jpg","contentUrl":"https:\/\/renier.be\/wp-content\/uploads\/2024\/10\/DVO-BLS-scaled.jpg","width":2560,"height":1707,"caption":"deurdorpel blauwe hardsteen met opkant"},{"@type":"BreadcrumbList","@id":"https:\/\/renier.be\/product\/stel-zelf-uw-vlakke-deurdorpel-met-opkant-samen-in-belgische-blauwe-hardsteen\/#breadcrumb","itemListElement":[{"@type":"ListItem","position":1,"name":"Home","item":"https:\/\/renier.be\/"},{"@type":"ListItem","position":2,"name":"Producten","item":"https:\/\/renier.be\/producten\/"},{"@type":"ListItem","position":3,"name":"Deurdorpel blauwe hardsteen met opkant op maat"}]},{"@type":"WebSite","@id":"https:\/\/renier.be\/#website","url":"https:\/\/renier.be\/","name":"Pierre naturelle de Renier","description":"Sp\u00e9cialiste de la pierre bleue belge","publisher":{"@id":"https:\/\/renier.be\/#organization"},"potentialAction":[{"@type":"SearchAction","target":{"@type":"EntryPoint","urlTemplate":"https:\/\/renier.be\/?s={search_term_string}"},"query-input":{"@type":"PropertyValueSpecification","valueRequired":true,"valueName":"search_term_string"}}],"inLanguage":"fr-FR"},{"@type":"Organization","@id":"https:\/\/renier.be\/#organization","name":"Pierre naturelle de Renier","url":"https:\/\/renier.be\/","logo":{"@type":"ImageObject","inLanguage":"fr-FR","@id":"https:\/\/renier.be\/#\/schema\/logo\/image\/","url":"https:\/\/renier.be\/wp-content\/uploads\/2024\/07\/RENIER.png","contentUrl":"https:\/\/renier.be\/wp-content\/uploads\/2024\/07\/RENIER.png","width":2717,"height":838,"caption":"Renier Natuursteen"},"image":{"@id":"https:\/\/renier.be\/#\/schema\/logo\/image\/"},"sameAs":["https:\/\/www.facebook.com\/reniernatuursteen"]}]}},"_links":{"self":[{"href":"https:\/\/renier.be\/fr\/wp-json\/wp\/v2\/product\/2614","targetHints":{"allow":["GET"]}}],"collection":[{"href":"https:\/\/renier.be\/fr\/wp-json\/wp\/v2\/product"}],"about":[{"href":"https:\/\/renier.be\/fr\/wp-json\/wp\/v2\/types\/product"}],"wp:featuredmedia":[{"embeddable":true,"href":"https:\/\/renier.be\/fr\/wp-json\/wp\/v2\/media\/2977"}],"wp:attachment":[{"href":"https:\/\/renier.be\/fr\/wp-json\/wp\/v2\/media?parent=2614"}],"wp:term":[{"taxonomy":"product_brand","embeddable":true,"href":"https:\/\/renier.be\/fr\/wp-json\/wp\/v2\/product_brand?post=2614"},{"taxonomy":"product_cat","embeddable":true,"href":"https:\/\/renier.be\/fr\/wp-json\/wp\/v2\/product_cat?post=2614"},{"taxonomy":"product_tag","embeddable":true,"href":"https:\/\/renier.be\/fr\/wp-json\/wp\/v2\/product_tag?post=2614"}],"curies":[{"name":"wp","href":"https:\/\/api.w.org\/{rel}","templated":true}]}}