{"id":2787,"date":"2024-11-25T16:03:07","date_gmt":"2024-11-25T15:03:07","guid":{"rendered":"https:\/\/renier.be\/?post_type=product&#038;p=2787"},"modified":"2026-03-27T13:01:38","modified_gmt":"2026-03-27T12:01:38","slug":"pierre-concassee-vinalmont-fini","status":"publish","type":"product","link":"https:\/\/renier.be\/fr\/product\/breuksteen-vinalmont-afgewerkt\/","title":{"rendered":"Moellon fini"},"content":{"rendered":"<p>Notre calcaire de ma\u00efs belge est l'un des mat\u00e9riaux les plus durables au monde. Form\u00e9e au cours de millions d'ann\u00e9es, cette pierre ancienne est extraite localement et \u00e9cologiquement dans le respect de l'environnement.<\/p>\n<p>Les briques cass\u00e9es donnent du caract\u00e8re \u00e0 votre maison gr\u00e2ce \u00e0 leurs formes naturelles et irr\u00e9guli\u00e8res et \u00e0 leur texture rugueuse. Ces briques donnent un aspect authentique et intemporel, rappelant les styles architecturaux traditionnels et la nature. De plus, les variations de couleur et de texture cr\u00e9ent un aspect unique et vibrant, donnant \u00e0 chaque application son propre caract\u00e8re.<\/p>\n<p>Dans notre gamme, nous proposons 3 types de produits : cliv\u00e9s, semi-finis ou enti\u00e8rement finis.<\/p>\n<p>Le produit de cette s\u00e9lection est <strong>fini (= bords parall\u00e8les)<\/strong> avec les dimensions suivantes :<\/p>\n<p><img fetchpriority=\"high\" decoding=\"async\" class=\"alignnone wp-image-2775 size-full\" src=\"https:\/\/renier.be\/wp-content\/uploads\/2024\/11\/BREUKSTEEN-met-afmetingen.jpg\" alt=\"\" width=\"709\" height=\"458\" srcset=\"https:\/\/renier.be\/wp-content\/uploads\/2024\/11\/BREUKSTEEN-met-afmetingen.jpg 709w, https:\/\/renier.be\/wp-content\/uploads\/2024\/11\/BREUKSTEEN-met-afmetingen-300x194.jpg 300w, https:\/\/renier.be\/wp-content\/uploads\/2024\/11\/BREUKSTEEN-met-afmetingen-600x388.jpg 600w\" sizes=\"(max-width: 709px) 100vw, 709px\" \/><\/p>\n<p>Par tonne, cela repr\u00e9sente environ 4 \u00e0 5 m\u00b2 de pierres concass\u00e9es.<\/p>\n<p>Livr\u00e9 vrac de Bel Pierre \u00e0 Esneux. Le suppl\u00e9ment pour 1 big bag est de 41\u20ac\/big bag.<\/p>\n<p><img decoding=\"async\" class=\"alignnone size-medium wp-image-1305\" src=\"https:\/\/renier.be\/wp-content\/uploads\/2024\/06\/Renier-logo-met-belgische-vlag-300x99.jpg\" alt=\"\" width=\"300\" height=\"99\" srcset=\"https:\/\/renier.be\/wp-content\/uploads\/2024\/06\/Renier-logo-met-belgische-vlag-300x99.jpg 300w, https:\/\/renier.be\/wp-content\/uploads\/2024\/06\/Renier-logo-met-belgische-vlag-1024x337.jpg 1024w, https:\/\/renier.be\/wp-content\/uploads\/2024\/06\/Renier-logo-met-belgische-vlag-768x253.jpg 768w, https:\/\/renier.be\/wp-content\/uploads\/2024\/06\/Renier-logo-met-belgische-vlag-600x197.jpg 600w, https:\/\/renier.be\/wp-content\/uploads\/2024\/06\/Renier-logo-met-belgische-vlag.jpg 1067w\" sizes=\"(max-width: 300px) 100vw, 300px\" \/><\/p>","protected":false},"excerpt":{"rendered":"<p>Pierre concass\u00e9e finie du Vinalmont. Prix par tonne. D\u00e9lai de livraison de 3 \u00e0 4 semaines. Veuillez nous contacter pour d'autres arrangements concrets. Ce produit ne peut pas \u00eatre plac\u00e9 directement dans le panier.<\/p>","protected":false},"featured_media":2772,"template":"","meta":{"_acf_changed":false},"product_brand":[],"product_cat":[55,19],"product_tag":[],"class_list":{"0":"post-2787","1":"product","2":"type-product","3":"status-publish","4":"has-post-thumbnail","6":"product_cat-breukstenen-tuin","7":"product_cat-ruwbouw","8":"product_shipping_class-afhaling","10":"first","11":"onbackorder","12":"taxable","13":"shipping-taxable","14":"purchasable","15":"product-type-simple"},"acf":[],"yoast_head":"<!-- This site is optimized with the Yoast SEO plugin v27.3 - https:\/\/yoast.com\/product\/yoast-seo-wordpress\/ -->\n<title>Breuksteen Vinalmont Afgewerkt Tuin - Renier Natuursteen<\/title>\n<meta name=\"robots\" content=\"index, follow, max-snippet:-1, max-image-preview:large, max-video-preview:-1\" \/>\n<link rel=\"canonical\" href=\"https:\/\/renier.be\/fr\/produit\/pierre-concassee-vinalmont-fini\/\" \/>\n<meta property=\"og:locale\" content=\"fr_FR\" \/>\n<meta property=\"og:type\" content=\"article\" \/>\n<meta property=\"og:title\" content=\"Breuksteen Vinalmont Afgewerkt Tuin - Renier Natuursteen\" \/>\n<meta property=\"og:description\" content=\"Afgewerkte Vinalmont breuksteen. Prijs per ton. Levertijd 3 \u00e0 4 weken. Gelieve ons te contacteren voor verdere concrete afspraken. Dit product kan niet rechtstreeks in de winkelmand geplaatst worden.\" \/>\n<meta property=\"og:url\" content=\"https:\/\/renier.be\/fr\/produit\/pierre-concassee-vinalmont-fini\/\" \/>\n<meta property=\"og:site_name\" content=\"Renier Natuursteen\" \/>\n<meta property=\"article:publisher\" content=\"https:\/\/www.facebook.com\/reniernatuursteen\" \/>\n<meta property=\"article:modified_time\" content=\"2026-03-27T12:01:38+00:00\" \/>\n<meta property=\"og:image\" content=\"https:\/\/renier.be\/wp-content\/uploads\/2024\/11\/Afgewerkt.jpg\" \/>\n\t<meta property=\"og:image:width\" content=\"256\" \/>\n\t<meta property=\"og:image:height\" content=\"175\" \/>\n\t<meta property=\"og:image:type\" content=\"image\/jpeg\" \/>\n<meta name=\"twitter:card\" content=\"summary_large_image\" \/>\n<meta name=\"twitter:label1\" content=\"Dur\u00e9e de lecture estim\u00e9e\" \/>\n\t<meta name=\"twitter:data1\" content=\"2 minutes\" \/>\n<script type=\"application\/ld+json\" class=\"yoast-schema-graph\">{\"@context\":\"https:\\\/\\\/schema.org\",\"@graph\":[{\"@type\":\"WebPage\",\"@id\":\"https:\\\/\\\/renier.be\\\/product\\\/breuksteen-vinalmont-afgewerkt\\\/\",\"url\":\"https:\\\/\\\/renier.be\\\/product\\\/breuksteen-vinalmont-afgewerkt\\\/\",\"name\":\"Breuksteen Vinalmont Afgewerkt Tuin - Renier Natuursteen\",\"isPartOf\":{\"@id\":\"https:\\\/\\\/renier.be\\\/#website\"},\"primaryImageOfPage\":{\"@id\":\"https:\\\/\\\/renier.be\\\/product\\\/breuksteen-vinalmont-afgewerkt\\\/#primaryimage\"},\"image\":{\"@id\":\"https:\\\/\\\/renier.be\\\/product\\\/breuksteen-vinalmont-afgewerkt\\\/#primaryimage\"},\"thumbnailUrl\":\"https:\\\/\\\/renier.be\\\/wp-content\\\/uploads\\\/2024\\\/11\\\/Afgewerkt.jpg\",\"datePublished\":\"2024-11-25T15:03:07+00:00\",\"dateModified\":\"2026-03-27T12:01:38+00:00\",\"breadcrumb\":{\"@id\":\"https:\\\/\\\/renier.be\\\/product\\\/breuksteen-vinalmont-afgewerkt\\\/#breadcrumb\"},\"inLanguage\":\"fr-FR\",\"potentialAction\":[{\"@type\":\"ReadAction\",\"target\":[\"https:\\\/\\\/renier.be\\\/product\\\/breuksteen-vinalmont-afgewerkt\\\/\"]}]},{\"@type\":\"ImageObject\",\"inLanguage\":\"fr-FR\",\"@id\":\"https:\\\/\\\/renier.be\\\/product\\\/breuksteen-vinalmont-afgewerkt\\\/#primaryimage\",\"url\":\"https:\\\/\\\/renier.be\\\/wp-content\\\/uploads\\\/2024\\\/11\\\/Afgewerkt.jpg\",\"contentUrl\":\"https:\\\/\\\/renier.be\\\/wp-content\\\/uploads\\\/2024\\\/11\\\/Afgewerkt.jpg\",\"width\":256,\"height\":175},{\"@type\":\"BreadcrumbList\",\"@id\":\"https:\\\/\\\/renier.be\\\/product\\\/breuksteen-vinalmont-afgewerkt\\\/#breadcrumb\",\"itemListElement\":[{\"@type\":\"ListItem\",\"position\":1,\"name\":\"Home\",\"item\":\"https:\\\/\\\/renier.be\\\/\"},{\"@type\":\"ListItem\",\"position\":2,\"name\":\"Producten\",\"item\":\"https:\\\/\\\/renier.be\\\/producten\\\/\"},{\"@type\":\"ListItem\",\"position\":3,\"name\":\"Breuksteen Vinalmont Afgewerkt Tuin\"}]},{\"@type\":\"WebSite\",\"@id\":\"https:\\\/\\\/renier.be\\\/#website\",\"url\":\"https:\\\/\\\/renier.be\\\/\",\"name\":\"Renier Natuursteen\",\"description\":\"Specialist in Belgisch Blauwe Hardsteen\",\"publisher\":{\"@id\":\"https:\\\/\\\/renier.be\\\/#organization\"},\"potentialAction\":[{\"@type\":\"SearchAction\",\"target\":{\"@type\":\"EntryPoint\",\"urlTemplate\":\"https:\\\/\\\/renier.be\\\/?s={search_term_string}\"},\"query-input\":{\"@type\":\"PropertyValueSpecification\",\"valueRequired\":true,\"valueName\":\"search_term_string\"}}],\"inLanguage\":\"fr-FR\"},{\"@type\":\"Organization\",\"@id\":\"https:\\\/\\\/renier.be\\\/#organization\",\"name\":\"Renier Natuursteen\",\"url\":\"https:\\\/\\\/renier.be\\\/\",\"logo\":{\"@type\":\"ImageObject\",\"inLanguage\":\"fr-FR\",\"@id\":\"https:\\\/\\\/renier.be\\\/#\\\/schema\\\/logo\\\/image\\\/\",\"url\":\"\",\"contentUrl\":\"\",\"caption\":\"Renier Natuursteen\"},\"image\":{\"@id\":\"https:\\\/\\\/renier.be\\\/#\\\/schema\\\/logo\\\/image\\\/\"},\"sameAs\":[\"https:\\\/\\\/www.facebook.com\\\/reniernatuursteen\"]}]}<\/script>\n<!-- \/ Yoast SEO plugin. -->","yoast_head_json":{"title":"Pierre de taille Vinalmont Finished Garden - Renier Natural Stone","robots":{"index":"index","follow":"follow","max-snippet":"max-snippet:-1","max-image-preview":"max-image-preview:large","max-video-preview":"max-video-preview:-1"},"canonical":"https:\/\/renier.be\/fr\/produit\/pierre-concassee-vinalmont-fini\/","og_locale":"fr_FR","og_type":"article","og_title":"Breuksteen Vinalmont Afgewerkt Tuin - Renier Natuursteen","og_description":"Afgewerkte Vinalmont breuksteen. Prijs per ton. Levertijd 3 \u00e0 4 weken. Gelieve ons te contacteren voor verdere concrete afspraken. Dit product kan niet rechtstreeks in de winkelmand geplaatst worden.","og_url":"https:\/\/renier.be\/fr\/produit\/pierre-concassee-vinalmont-fini\/","og_site_name":"Renier Natuursteen","article_publisher":"https:\/\/www.facebook.com\/reniernatuursteen","article_modified_time":"2026-03-27T12:01:38+00:00","og_image":[{"width":256,"height":175,"url":"https:\/\/renier.be\/wp-content\/uploads\/2024\/11\/Afgewerkt.jpg","type":"image\/jpeg"}],"twitter_card":"summary_large_image","twitter_misc":{"Dur\u00e9e de lecture estim\u00e9e":"2 minutes"},"schema":{"@context":"https:\/\/schema.org","@graph":[{"@type":"WebPage","@id":"https:\/\/renier.be\/product\/breuksteen-vinalmont-afgewerkt\/","url":"https:\/\/renier.be\/product\/breuksteen-vinalmont-afgewerkt\/","name":"Pierre de taille Vinalmont Finished Garden - Renier Natural Stone","isPartOf":{"@id":"https:\/\/renier.be\/#website"},"primaryImageOfPage":{"@id":"https:\/\/renier.be\/product\/breuksteen-vinalmont-afgewerkt\/#primaryimage"},"image":{"@id":"https:\/\/renier.be\/product\/breuksteen-vinalmont-afgewerkt\/#primaryimage"},"thumbnailUrl":"https:\/\/renier.be\/wp-content\/uploads\/2024\/11\/Afgewerkt.jpg","datePublished":"2024-11-25T15:03:07+00:00","dateModified":"2026-03-27T12:01:38+00:00","breadcrumb":{"@id":"https:\/\/renier.be\/product\/breuksteen-vinalmont-afgewerkt\/#breadcrumb"},"inLanguage":"fr-FR","potentialAction":[{"@type":"ReadAction","target":["https:\/\/renier.be\/product\/breuksteen-vinalmont-afgewerkt\/"]}]},{"@type":"ImageObject","inLanguage":"fr-FR","@id":"https:\/\/renier.be\/product\/breuksteen-vinalmont-afgewerkt\/#primaryimage","url":"https:\/\/renier.be\/wp-content\/uploads\/2024\/11\/Afgewerkt.jpg","contentUrl":"https:\/\/renier.be\/wp-content\/uploads\/2024\/11\/Afgewerkt.jpg","width":256,"height":175},{"@type":"BreadcrumbList","@id":"https:\/\/renier.be\/product\/breuksteen-vinalmont-afgewerkt\/#breadcrumb","itemListElement":[{"@type":"ListItem","position":1,"name":"Home","item":"https:\/\/renier.be\/"},{"@type":"ListItem","position":2,"name":"Producten","item":"https:\/\/renier.be\/producten\/"},{"@type":"ListItem","position":3,"name":"Breuksteen Vinalmont Afgewerkt Tuin"}]},{"@type":"WebSite","@id":"https:\/\/renier.be\/#website","url":"https:\/\/renier.be\/","name":"Pierre naturelle de Renier","description":"Sp\u00e9cialiste de la pierre bleue belge","publisher":{"@id":"https:\/\/renier.be\/#organization"},"potentialAction":[{"@type":"SearchAction","target":{"@type":"EntryPoint","urlTemplate":"https:\/\/renier.be\/?s={search_term_string}"},"query-input":{"@type":"PropertyValueSpecification","valueRequired":true,"valueName":"search_term_string"}}],"inLanguage":"fr-FR"},{"@type":"Organization","@id":"https:\/\/renier.be\/#organization","name":"Pierre naturelle de Renier","url":"https:\/\/renier.be\/","logo":{"@type":"ImageObject","inLanguage":"fr-FR","@id":"https:\/\/renier.be\/#\/schema\/logo\/image\/","url":"","contentUrl":"","caption":"Renier Natuursteen"},"image":{"@id":"https:\/\/renier.be\/#\/schema\/logo\/image\/"},"sameAs":["https:\/\/www.facebook.com\/reniernatuursteen"]}]}},"_links":{"self":[{"href":"https:\/\/renier.be\/fr\/wp-json\/wp\/v2\/product\/2787","targetHints":{"allow":["GET"]}}],"collection":[{"href":"https:\/\/renier.be\/fr\/wp-json\/wp\/v2\/product"}],"about":[{"href":"https:\/\/renier.be\/fr\/wp-json\/wp\/v2\/types\/product"}],"wp:featuredmedia":[{"embeddable":true,"href":"https:\/\/renier.be\/fr\/wp-json\/wp\/v2\/media\/2772"}],"wp:attachment":[{"href":"https:\/\/renier.be\/fr\/wp-json\/wp\/v2\/media?parent=2787"}],"wp:term":[{"taxonomy":"product_brand","embeddable":true,"href":"https:\/\/renier.be\/fr\/wp-json\/wp\/v2\/product_brand?post=2787"},{"taxonomy":"product_cat","embeddable":true,"href":"https:\/\/renier.be\/fr\/wp-json\/wp\/v2\/product_cat?post=2787"},{"taxonomy":"product_tag","embeddable":true,"href":"https:\/\/renier.be\/fr\/wp-json\/wp\/v2\/product_tag?post=2787"}],"curies":[{"name":"wp","href":"https:\/\/api.w.org\/{rel}","templated":true}]}}