{"id":2910,"date":"2024-12-03T13:47:55","date_gmt":"2024-12-03T12:47:55","guid":{"rendered":"https:\/\/renier.be\/?post_type=product&#038;p=2910"},"modified":"2026-03-27T13:01:39","modified_gmt":"2026-03-27T12:01:39","slug":"cadre-de-porte-celtique","status":"publish","type":"product","link":"https:\/\/renier.be\/fr\/product\/celtic-deuromlijsting\/","title":{"rendered":"Encadrement Celtic"},"content":{"rendered":"<p>Notre pierre bleue belge est l'un des mat\u00e9riaux les plus durables au monde. Form\u00e9e au cours de millions d'ann\u00e9es, cette pierre ancienne est extraite localement et \u00e9cologiquement dans le respect de l'environnement.<\/p>\n<p>Cet encadrement de porte moderne a une finition meul\u00e9e bleue, avec les dimensions suivantes :<\/p>\n<p><img fetchpriority=\"high\" decoding=\"async\" class=\"alignnone wp-image-2904 size-large\" src=\"https:\/\/renier.be\/wp-content\/uploads\/2024\/12\/new-celtic-2024-dim-1024x1024.jpg\" alt=\"\" width=\"800\" height=\"800\" srcset=\"https:\/\/renier.be\/wp-content\/uploads\/2024\/12\/new-celtic-2024-dim-1024x1024.jpg 1024w, https:\/\/renier.be\/wp-content\/uploads\/2024\/12\/new-celtic-2024-dim-300x300.jpg 300w, https:\/\/renier.be\/wp-content\/uploads\/2024\/12\/new-celtic-2024-dim-150x150.jpg 150w, https:\/\/renier.be\/wp-content\/uploads\/2024\/12\/new-celtic-2024-dim-768x768.jpg 768w, https:\/\/renier.be\/wp-content\/uploads\/2024\/12\/new-celtic-2024-dim-1536x1536.jpg 1536w, https:\/\/renier.be\/wp-content\/uploads\/2024\/12\/new-celtic-2024-dim-2048x2048.jpg 2048w, https:\/\/renier.be\/wp-content\/uploads\/2024\/12\/new-celtic-2024-dim-600x600.jpg 600w, https:\/\/renier.be\/wp-content\/uploads\/2024\/12\/new-celtic-2024-dim-100x100.jpg 100w\" sizes=\"(max-width: 800px) 100vw, 800px\" \/><\/p>\n<p>La largeur (entre 100 et 110 cm) et la hauteur (entre 245 et 255 cm) sont r\u00e9glables.<\/p>\n<p>Cela n'a pas d'incidence sur le prix mais doit \u00eatre mentionn\u00e9 lors de la commande.<\/p>\n<p>&nbsp;<\/p>\n<p><img decoding=\"async\" class=\"alignnone size-medium wp-image-1305\" src=\"https:\/\/renier.be\/wp-content\/uploads\/2024\/06\/Renier-logo-met-belgische-vlag-300x99.jpg\" alt=\"\" width=\"300\" height=\"99\" srcset=\"https:\/\/renier.be\/wp-content\/uploads\/2024\/06\/Renier-logo-met-belgische-vlag-300x99.jpg 300w, https:\/\/renier.be\/wp-content\/uploads\/2024\/06\/Renier-logo-met-belgische-vlag-1024x337.jpg 1024w, https:\/\/renier.be\/wp-content\/uploads\/2024\/06\/Renier-logo-met-belgische-vlag-768x253.jpg 768w, https:\/\/renier.be\/wp-content\/uploads\/2024\/06\/Renier-logo-met-belgische-vlag-600x197.jpg 600w, https:\/\/renier.be\/wp-content\/uploads\/2024\/06\/Renier-logo-met-belgische-vlag.jpg 1067w\" sizes=\"(max-width: 300px) 100vw, 300px\" \/><\/p>","protected":false},"excerpt":{"rendered":"<p style=\"text-align: left\">Encadrement de porte moderne 'Celtic' avec une finition bleue meul\u00e9e. 1 paquet dans lequel la largeur (entre 100 et 110 cm) et la hauteur (entre 245 et 255 cm) peuvent \u00eatre ajust\u00e9es.<\/p>\n<p style=\"text-align: left\">","protected":false},"featured_media":2903,"template":"","meta":{"_acf_changed":false},"product_brand":[],"product_cat":[50,33,19],"product_tag":[106],"class_list":{"0":"post-2910","1":"product","2":"type-product","3":"status-publish","4":"has-post-thumbnail","6":"product_cat-deuromlijsting","7":"product_cat-omlijsting","8":"product_cat-ruwbouw","9":"product_tag-gmc","10":"product_shipping_class-afhaling","12":"first","13":"onbackorder","14":"taxable","15":"shipping-taxable","16":"purchasable","17":"product-type-simple"},"acf":[],"yoast_head":"<!-- This site is optimized with the Yoast SEO plugin v27.3 - https:\/\/yoast.com\/product\/yoast-seo-wordpress\/ -->\n<title>Celtic deuromlijsting - Renier Natuursteen<\/title>\n<meta name=\"robots\" content=\"index, follow, max-snippet:-1, max-image-preview:large, max-video-preview:-1\" \/>\n<link rel=\"canonical\" href=\"https:\/\/renier.be\/fr\/produit\/cadre-de-porte-celtique\/\" \/>\n<meta property=\"og:locale\" content=\"fr_FR\" \/>\n<meta property=\"og:type\" content=\"article\" \/>\n<meta property=\"og:title\" content=\"Celtic deuromlijsting - Renier Natuursteen\" \/>\n<meta property=\"og:description\" content=\"Moderne deuromlijsting &#039;Celtic&#039; met een blauw geschuurde afwerking. 1 pakket waarbij zowel de breedte (tussen 100 en 110cm) als de hoogte (tussen 245 en 255 cm) kunnen aangepast worden\" \/>\n<meta property=\"og:url\" content=\"https:\/\/renier.be\/fr\/produit\/cadre-de-porte-celtique\/\" \/>\n<meta property=\"og:site_name\" content=\"Renier Natuursteen\" \/>\n<meta property=\"article:publisher\" content=\"https:\/\/www.facebook.com\/reniernatuursteen\" \/>\n<meta property=\"article:modified_time\" content=\"2026-03-27T12:01:39+00:00\" \/>\n<meta property=\"og:image\" content=\"https:\/\/renier.be\/wp-content\/uploads\/2024\/12\/new-celtic-2024-clean-scaled.jpg\" \/>\n\t<meta property=\"og:image:width\" content=\"2560\" \/>\n\t<meta property=\"og:image:height\" content=\"2560\" \/>\n\t<meta property=\"og:image:type\" content=\"image\/jpeg\" \/>\n<meta name=\"twitter:card\" content=\"summary_large_image\" \/>\n<meta name=\"twitter:label1\" content=\"Dur\u00e9e de lecture estim\u00e9e\" \/>\n\t<meta name=\"twitter:data1\" content=\"1 minute\" \/>\n<script type=\"application\/ld+json\" class=\"yoast-schema-graph\">{\"@context\":\"https:\\\/\\\/schema.org\",\"@graph\":[{\"@type\":\"WebPage\",\"@id\":\"https:\\\/\\\/renier.be\\\/product\\\/celtic-deuromlijsting\\\/\",\"url\":\"https:\\\/\\\/renier.be\\\/product\\\/celtic-deuromlijsting\\\/\",\"name\":\"Celtic deuromlijsting - Renier Natuursteen\",\"isPartOf\":{\"@id\":\"https:\\\/\\\/renier.be\\\/#website\"},\"primaryImageOfPage\":{\"@id\":\"https:\\\/\\\/renier.be\\\/product\\\/celtic-deuromlijsting\\\/#primaryimage\"},\"image\":{\"@id\":\"https:\\\/\\\/renier.be\\\/product\\\/celtic-deuromlijsting\\\/#primaryimage\"},\"thumbnailUrl\":\"https:\\\/\\\/renier.be\\\/wp-content\\\/uploads\\\/2024\\\/12\\\/new-celtic-2024-clean-scaled.jpg\",\"datePublished\":\"2024-12-03T12:47:55+00:00\",\"dateModified\":\"2026-03-27T12:01:39+00:00\",\"breadcrumb\":{\"@id\":\"https:\\\/\\\/renier.be\\\/product\\\/celtic-deuromlijsting\\\/#breadcrumb\"},\"inLanguage\":\"fr-FR\",\"potentialAction\":[{\"@type\":\"ReadAction\",\"target\":[\"https:\\\/\\\/renier.be\\\/product\\\/celtic-deuromlijsting\\\/\"]}]},{\"@type\":\"ImageObject\",\"inLanguage\":\"fr-FR\",\"@id\":\"https:\\\/\\\/renier.be\\\/product\\\/celtic-deuromlijsting\\\/#primaryimage\",\"url\":\"https:\\\/\\\/renier.be\\\/wp-content\\\/uploads\\\/2024\\\/12\\\/new-celtic-2024-clean-scaled.jpg\",\"contentUrl\":\"https:\\\/\\\/renier.be\\\/wp-content\\\/uploads\\\/2024\\\/12\\\/new-celtic-2024-clean-scaled.jpg\",\"width\":2560,\"height\":2560},{\"@type\":\"BreadcrumbList\",\"@id\":\"https:\\\/\\\/renier.be\\\/product\\\/celtic-deuromlijsting\\\/#breadcrumb\",\"itemListElement\":[{\"@type\":\"ListItem\",\"position\":1,\"name\":\"Home\",\"item\":\"https:\\\/\\\/renier.be\\\/\"},{\"@type\":\"ListItem\",\"position\":2,\"name\":\"Producten\",\"item\":\"https:\\\/\\\/renier.be\\\/producten\\\/\"},{\"@type\":\"ListItem\",\"position\":3,\"name\":\"Celtic deuromlijsting\"}]},{\"@type\":\"WebSite\",\"@id\":\"https:\\\/\\\/renier.be\\\/#website\",\"url\":\"https:\\\/\\\/renier.be\\\/\",\"name\":\"Renier Natuursteen\",\"description\":\"Specialist in Belgisch Blauwe Hardsteen\",\"publisher\":{\"@id\":\"https:\\\/\\\/renier.be\\\/#organization\"},\"potentialAction\":[{\"@type\":\"SearchAction\",\"target\":{\"@type\":\"EntryPoint\",\"urlTemplate\":\"https:\\\/\\\/renier.be\\\/?s={search_term_string}\"},\"query-input\":{\"@type\":\"PropertyValueSpecification\",\"valueRequired\":true,\"valueName\":\"search_term_string\"}}],\"inLanguage\":\"fr-FR\"},{\"@type\":\"Organization\",\"@id\":\"https:\\\/\\\/renier.be\\\/#organization\",\"name\":\"Renier Natuursteen\",\"url\":\"https:\\\/\\\/renier.be\\\/\",\"logo\":{\"@type\":\"ImageObject\",\"inLanguage\":\"fr-FR\",\"@id\":\"https:\\\/\\\/renier.be\\\/#\\\/schema\\\/logo\\\/image\\\/\",\"url\":\"\",\"contentUrl\":\"\",\"caption\":\"Renier Natuursteen\"},\"image\":{\"@id\":\"https:\\\/\\\/renier.be\\\/#\\\/schema\\\/logo\\\/image\\\/\"},\"sameAs\":[\"https:\\\/\\\/www.facebook.com\\\/reniernatuursteen\"]}]}<\/script>\n<!-- \/ Yoast SEO plugin. -->","yoast_head_json":{"title":"Cadre de porte celtique - Renier Natuursteen","robots":{"index":"index","follow":"follow","max-snippet":"max-snippet:-1","max-image-preview":"max-image-preview:large","max-video-preview":"max-video-preview:-1"},"canonical":"https:\/\/renier.be\/fr\/produit\/cadre-de-porte-celtique\/","og_locale":"fr_FR","og_type":"article","og_title":"Celtic deuromlijsting - Renier Natuursteen","og_description":"Moderne deuromlijsting 'Celtic' met een blauw geschuurde afwerking. 1 pakket waarbij zowel de breedte (tussen 100 en 110cm) als de hoogte (tussen 245 en 255 cm) kunnen aangepast worden","og_url":"https:\/\/renier.be\/fr\/produit\/cadre-de-porte-celtique\/","og_site_name":"Renier Natuursteen","article_publisher":"https:\/\/www.facebook.com\/reniernatuursteen","article_modified_time":"2026-03-27T12:01:39+00:00","og_image":[{"width":2560,"height":2560,"url":"https:\/\/renier.be\/wp-content\/uploads\/2024\/12\/new-celtic-2024-clean-scaled.jpg","type":"image\/jpeg"}],"twitter_card":"summary_large_image","twitter_misc":{"Dur\u00e9e de lecture estim\u00e9e":"1 minute"},"schema":{"@context":"https:\/\/schema.org","@graph":[{"@type":"WebPage","@id":"https:\/\/renier.be\/product\/celtic-deuromlijsting\/","url":"https:\/\/renier.be\/product\/celtic-deuromlijsting\/","name":"Cadre de porte celtique - Renier Natuursteen","isPartOf":{"@id":"https:\/\/renier.be\/#website"},"primaryImageOfPage":{"@id":"https:\/\/renier.be\/product\/celtic-deuromlijsting\/#primaryimage"},"image":{"@id":"https:\/\/renier.be\/product\/celtic-deuromlijsting\/#primaryimage"},"thumbnailUrl":"https:\/\/renier.be\/wp-content\/uploads\/2024\/12\/new-celtic-2024-clean-scaled.jpg","datePublished":"2024-12-03T12:47:55+00:00","dateModified":"2026-03-27T12:01:39+00:00","breadcrumb":{"@id":"https:\/\/renier.be\/product\/celtic-deuromlijsting\/#breadcrumb"},"inLanguage":"fr-FR","potentialAction":[{"@type":"ReadAction","target":["https:\/\/renier.be\/product\/celtic-deuromlijsting\/"]}]},{"@type":"ImageObject","inLanguage":"fr-FR","@id":"https:\/\/renier.be\/product\/celtic-deuromlijsting\/#primaryimage","url":"https:\/\/renier.be\/wp-content\/uploads\/2024\/12\/new-celtic-2024-clean-scaled.jpg","contentUrl":"https:\/\/renier.be\/wp-content\/uploads\/2024\/12\/new-celtic-2024-clean-scaled.jpg","width":2560,"height":2560},{"@type":"BreadcrumbList","@id":"https:\/\/renier.be\/product\/celtic-deuromlijsting\/#breadcrumb","itemListElement":[{"@type":"ListItem","position":1,"name":"Home","item":"https:\/\/renier.be\/"},{"@type":"ListItem","position":2,"name":"Producten","item":"https:\/\/renier.be\/producten\/"},{"@type":"ListItem","position":3,"name":"Celtic deuromlijsting"}]},{"@type":"WebSite","@id":"https:\/\/renier.be\/#website","url":"https:\/\/renier.be\/","name":"Pierre naturelle de Renier","description":"Sp\u00e9cialiste de la pierre bleue belge","publisher":{"@id":"https:\/\/renier.be\/#organization"},"potentialAction":[{"@type":"SearchAction","target":{"@type":"EntryPoint","urlTemplate":"https:\/\/renier.be\/?s={search_term_string}"},"query-input":{"@type":"PropertyValueSpecification","valueRequired":true,"valueName":"search_term_string"}}],"inLanguage":"fr-FR"},{"@type":"Organization","@id":"https:\/\/renier.be\/#organization","name":"Pierre naturelle de Renier","url":"https:\/\/renier.be\/","logo":{"@type":"ImageObject","inLanguage":"fr-FR","@id":"https:\/\/renier.be\/#\/schema\/logo\/image\/","url":"","contentUrl":"","caption":"Renier Natuursteen"},"image":{"@id":"https:\/\/renier.be\/#\/schema\/logo\/image\/"},"sameAs":["https:\/\/www.facebook.com\/reniernatuursteen"]}]}},"_links":{"self":[{"href":"https:\/\/renier.be\/fr\/wp-json\/wp\/v2\/product\/2910","targetHints":{"allow":["GET"]}}],"collection":[{"href":"https:\/\/renier.be\/fr\/wp-json\/wp\/v2\/product"}],"about":[{"href":"https:\/\/renier.be\/fr\/wp-json\/wp\/v2\/types\/product"}],"wp:featuredmedia":[{"embeddable":true,"href":"https:\/\/renier.be\/fr\/wp-json\/wp\/v2\/media\/2903"}],"wp:attachment":[{"href":"https:\/\/renier.be\/fr\/wp-json\/wp\/v2\/media?parent=2910"}],"wp:term":[{"taxonomy":"product_brand","embeddable":true,"href":"https:\/\/renier.be\/fr\/wp-json\/wp\/v2\/product_brand?post=2910"},{"taxonomy":"product_cat","embeddable":true,"href":"https:\/\/renier.be\/fr\/wp-json\/wp\/v2\/product_cat?post=2910"},{"taxonomy":"product_tag","embeddable":true,"href":"https:\/\/renier.be\/fr\/wp-json\/wp\/v2\/product_tag?post=2910"}],"curies":[{"name":"wp","href":"https:\/\/api.w.org\/{rel}","templated":true}]}}