{"id":2963,"date":"2024-12-05T16:08:14","date_gmt":"2024-12-05T15:08:14","guid":{"rendered":"https:\/\/renier.be\/?post_type=product&#038;p=2963"},"modified":"2026-04-30T17:16:50","modified_gmt":"2026-04-30T15:16:50","slug":"tablette-de-fenetre-noir-indien-adouci","status":"publish","type":"product","link":"https:\/\/renier.be\/fr\/product\/venstertablet-indian-black-gezoet\/","title":{"rendered":"Indian Black adouci"},"content":{"rendered":"<p>En tant que sp\u00e9cialistes, nous proposons une large gamme de finitions, enti\u00e8rement adapt\u00e9es au style de votre maison et \u00e0 l'aspect souhait\u00e9.<\/p>\n<p>Nous vous offrons le choix entre des tablettes de fen\u00eatres en :<\/p>\n<ul>\n<li><strong>un granit noir indien de l'Inde\u00a0<strong><strong>(s\u00e9lection actuelle).\u00a0<\/strong><\/strong>Cela donne un magnifique aspect noir profond et \u00e9l\u00e9gant. Il est tr\u00e8s durable, r\u00e9sistant \u00e0 la chaleur et \u00e0 l'humidit\u00e9.<\/strong>\u00a0<strong>La partie visible des t\u00eates est \u00e9galement termin\u00e9e.<\/strong><\/li>\n<li>Gr\u00e8s italien Pietra Serena. Il pr\u00e9sente un aspect gris \u00e9l\u00e9gant, est durable et r\u00e9sistant \u00e0 la chaleur, et s'int\u00e8gre parfaitement dans les int\u00e9rieurs modernes et classiques.<\/li>\n<li>une pierre calcaire unique du Vinalmont provenant de nos propres carri\u00e8res pr\u00e8s de Li\u00e8ge. Elle est particuli\u00e8rement durable, facile d'entretien et r\u00e9sistante \u00e0 l'humidit\u00e9, ce qui la rend id\u00e9ale pour les carreaux de fen\u00eatre.<\/li>\n<li>une pierre bleue belge adoucie provenant de notre propre carri\u00e8re. Elle est durable, r\u00e9sistante aux rayures, facile \u00e0 entretenir et donne un aspect \u00e9l\u00e9gant et intemporel \u00e0 tout int\u00e9rieur.<\/li>\n<li>un noir indien avec une finition brillante. Cette finition poly offre un aspect brillant et luxueux, est r\u00e9sistante aux rayures, durable et facile d'entretien, parfaite pour les int\u00e9rieurs modernes.<\/li>\n<li>une pierre calcaire beige Moca Creme du Portugal. Elle donne un aspect beige chaud, est durable et facile \u00e0 entretenir, et s'int\u00e8gre parfaitement dans les int\u00e9rieurs modernes et classiques.<\/li>\n<li>Un marbre de Carrare qui donne un aspect luxueux et intemporel avec son fond blanc et ses subtiles veines grises. Ce marbre n'est pas seulement esth\u00e9tique, il est aussi durable et r\u00e9sistant \u00e0 la chaleur, ce qui le rend id\u00e9al pour les carreaux de fen\u00eatre.<\/li>\n<\/ul>\n<p>Longs fronts et t\u00eates visibles finis.<\/p>\n<p>Epaisseurs de 2cm \u00e0 3cm. D'autres \u00e9paisseurs sont certainement possibles sur demande. N'h\u00e9sitez pas \u00e0 nous contacter \u00e0 ce sujet.<\/p>\n<p>Flexibilit\u00e9 totale des dimensions. La longueur est limit\u00e9e \u00e0 120 cm, mais une longueur sup\u00e9rieure est certainement possible sur demande.<\/p>\n<p>&nbsp;<\/p>\n<p><img decoding=\"async\" class=\"alignnone size-medium wp-image-1305\" src=\"https:\/\/renier.be\/wp-content\/uploads\/2024\/06\/Renier-logo-met-belgische-vlag-300x99.jpg\" alt=\"\" width=\"300\" height=\"99\" srcset=\"https:\/\/renier.be\/wp-content\/uploads\/2024\/06\/Renier-logo-met-belgische-vlag-300x99.jpg 300w, https:\/\/renier.be\/wp-content\/uploads\/2024\/06\/Renier-logo-met-belgische-vlag-1024x337.jpg 1024w, https:\/\/renier.be\/wp-content\/uploads\/2024\/06\/Renier-logo-met-belgische-vlag-768x253.jpg 768w, https:\/\/renier.be\/wp-content\/uploads\/2024\/06\/Renier-logo-met-belgische-vlag-600x197.jpg 600w, https:\/\/renier.be\/wp-content\/uploads\/2024\/06\/Renier-logo-met-belgische-vlag.jpg 1067w\" sizes=\"(max-width: 300px) 100vw, 300px\" \/><\/p>","protected":false},"excerpt":{"rendered":"<p>Tablette de fen\u00eatre en granit noir indien adouci. Ce granit est particuli\u00e8rement durable, n\u00e9cessite peu d'entretien et r\u00e9siste \u00e0 l'humidit\u00e9, ce qui le rend id\u00e9al pour les tablettes de fen\u00eatre. Longue fa\u00e7ade et t\u00eates visibles finies.<\/p>\n<p>Choisissez ci-dessous l'\u00e9paisseur, la longueur et la largeur souhait\u00e9es. Le prix par pi\u00e8ce et par m\u00b2 sera calcul\u00e9 automatiquement.<\/p>\n<p>Cliquez ensuite sur ajouter au panier et terminez votre commande. D\u00e9lai de livraison : 2 \u00e0 3 semaines.<\/p>\n<p>&nbsp;<\/p>","protected":false},"featured_media":2953,"template":"","meta":{"_acf_changed":false},"product_brand":[],"product_cat":[22,89,42],"product_tag":[],"class_list":{"0":"post-2963","1":"product","2":"type-product","3":"status-publish","4":"has-post-thumbnail","6":"product_cat-interieur","7":"product_cat-tabletten","8":"product_cat-venstertablet","10":"first","11":"onbackorder","12":"taxable","13":"shipping-taxable","14":"purchasable","15":"product-type-simple"},"acf":[],"yoast_head":"<!-- This site is optimized with the Yoast SEO plugin v27.5 - https:\/\/yoast.com\/product\/yoast-seo-wordpress\/ -->\n<title>Venstertablet Indian Black gezoet | Zwarte natuursteen op maat<\/title>\n<meta name=\"description\" content=\"Venstertablet in Indian Black natuursteen met gezoete afwerking. Diep zwart en modern, volledig op maat gemaakt.\" \/>\n<meta name=\"robots\" content=\"index, follow, max-snippet:-1, max-image-preview:large, max-video-preview:-1\" \/>\n<link rel=\"canonical\" href=\"https:\/\/renier.be\/fr\/produit\/tablette-de-fenetre-noir-indien-adouci\/\" \/>\n<meta property=\"og:locale\" content=\"fr_FR\" \/>\n<meta property=\"og:type\" content=\"article\" \/>\n<meta property=\"og:title\" content=\"Venstertablet Indian Black gezoet | Zwarte natuursteen op maat\" \/>\n<meta property=\"og:description\" content=\"Venstertablet in Indian Black natuursteen met gezoete afwerking. Diep zwart en modern, volledig op maat gemaakt.\" \/>\n<meta property=\"og:url\" content=\"https:\/\/renier.be\/fr\/produit\/tablette-de-fenetre-noir-indien-adouci\/\" \/>\n<meta property=\"og:site_name\" content=\"Renier Natuursteen\" \/>\n<meta property=\"article:publisher\" content=\"https:\/\/www.facebook.com\/reniernatuursteen\" \/>\n<meta property=\"article:modified_time\" content=\"2026-04-30T15:16:50+00:00\" \/>\n<meta property=\"og:image\" content=\"https:\/\/renier.be\/wp-content\/uploads\/2024\/09\/TAB-INB-ZOE-scaled.jpg\" \/>\n\t<meta property=\"og:image:width\" content=\"2560\" \/>\n\t<meta property=\"og:image:height\" content=\"1707\" \/>\n\t<meta property=\"og:image:type\" content=\"image\/jpeg\" \/>\n<meta name=\"twitter:card\" content=\"summary_large_image\" \/>\n<meta name=\"twitter:label1\" content=\"Dur\u00e9e de lecture estim\u00e9e\" \/>\n\t<meta name=\"twitter:data1\" content=\"2 minutes\" \/>\n<script type=\"application\/ld+json\" class=\"yoast-schema-graph\">{\"@context\":\"https:\\\/\\\/schema.org\",\"@graph\":[{\"@type\":\"WebPage\",\"@id\":\"https:\\\/\\\/renier.be\\\/product\\\/venstertablet-indian-black-gezoet\\\/\",\"url\":\"https:\\\/\\\/renier.be\\\/product\\\/venstertablet-indian-black-gezoet\\\/\",\"name\":\"Venstertablet Indian Black gezoet | Zwarte natuursteen op maat\",\"isPartOf\":{\"@id\":\"https:\\\/\\\/renier.be\\\/#website\"},\"primaryImageOfPage\":{\"@id\":\"https:\\\/\\\/renier.be\\\/product\\\/venstertablet-indian-black-gezoet\\\/#primaryimage\"},\"image\":{\"@id\":\"https:\\\/\\\/renier.be\\\/product\\\/venstertablet-indian-black-gezoet\\\/#primaryimage\"},\"thumbnailUrl\":\"https:\\\/\\\/renier.be\\\/wp-content\\\/uploads\\\/2024\\\/09\\\/TAB-INB-ZOE-scaled.jpg\",\"datePublished\":\"2024-12-05T15:08:14+00:00\",\"dateModified\":\"2026-04-30T15:16:50+00:00\",\"description\":\"Venstertablet in Indian Black natuursteen met gezoete afwerking. Diep zwart en modern, volledig op maat gemaakt.\",\"breadcrumb\":{\"@id\":\"https:\\\/\\\/renier.be\\\/product\\\/venstertablet-indian-black-gezoet\\\/#breadcrumb\"},\"inLanguage\":\"fr-FR\",\"potentialAction\":[{\"@type\":\"ReadAction\",\"target\":[\"https:\\\/\\\/renier.be\\\/product\\\/venstertablet-indian-black-gezoet\\\/\"]}]},{\"@type\":\"ImageObject\",\"inLanguage\":\"fr-FR\",\"@id\":\"https:\\\/\\\/renier.be\\\/product\\\/venstertablet-indian-black-gezoet\\\/#primaryimage\",\"url\":\"https:\\\/\\\/renier.be\\\/wp-content\\\/uploads\\\/2024\\\/09\\\/TAB-INB-ZOE-scaled.jpg\",\"contentUrl\":\"https:\\\/\\\/renier.be\\\/wp-content\\\/uploads\\\/2024\\\/09\\\/TAB-INB-ZOE-scaled.jpg\",\"width\":2560,\"height\":1707},{\"@type\":\"BreadcrumbList\",\"@id\":\"https:\\\/\\\/renier.be\\\/product\\\/venstertablet-indian-black-gezoet\\\/#breadcrumb\",\"itemListElement\":[{\"@type\":\"ListItem\",\"position\":1,\"name\":\"Home\",\"item\":\"https:\\\/\\\/renier.be\\\/\"},{\"@type\":\"ListItem\",\"position\":2,\"name\":\"Producten\",\"item\":\"https:\\\/\\\/renier.be\\\/producten\\\/\"},{\"@type\":\"ListItem\",\"position\":3,\"name\":\"Indian Black gezoet\"}]},{\"@type\":\"WebSite\",\"@id\":\"https:\\\/\\\/renier.be\\\/#website\",\"url\":\"https:\\\/\\\/renier.be\\\/\",\"name\":\"Renier Natuursteen\",\"description\":\"Specialist in Belgisch Blauwe Hardsteen\",\"publisher\":{\"@id\":\"https:\\\/\\\/renier.be\\\/#organization\"},\"potentialAction\":[{\"@type\":\"SearchAction\",\"target\":{\"@type\":\"EntryPoint\",\"urlTemplate\":\"https:\\\/\\\/renier.be\\\/?s={search_term_string}\"},\"query-input\":{\"@type\":\"PropertyValueSpecification\",\"valueRequired\":true,\"valueName\":\"search_term_string\"}}],\"inLanguage\":\"fr-FR\"},{\"@type\":\"Organization\",\"@id\":\"https:\\\/\\\/renier.be\\\/#organization\",\"name\":\"Renier Natuursteen\",\"url\":\"https:\\\/\\\/renier.be\\\/\",\"logo\":{\"@type\":\"ImageObject\",\"inLanguage\":\"fr-FR\",\"@id\":\"https:\\\/\\\/renier.be\\\/#\\\/schema\\\/logo\\\/image\\\/\",\"url\":\"https:\\\/\\\/renier.be\\\/wp-content\\\/uploads\\\/2024\\\/07\\\/RENIER.png\",\"contentUrl\":\"https:\\\/\\\/renier.be\\\/wp-content\\\/uploads\\\/2024\\\/07\\\/RENIER.png\",\"width\":2717,\"height\":838,\"caption\":\"Renier Natuursteen\"},\"image\":{\"@id\":\"https:\\\/\\\/renier.be\\\/#\\\/schema\\\/logo\\\/image\\\/\"},\"sameAs\":[\"https:\\\/\\\/www.facebook.com\\\/reniernatuursteen\"]}]}<\/script>\n<!-- \/ Yoast SEO plugin. -->","yoast_head_json":{"title":"Tablette de fen\u00eatre Indian Black adoucie | Black custom natural stone","description":"Tablette de fen\u00eatre en pierre naturelle Indian Black avec finition adoucie. Noir profond et moderne, enti\u00e8rement personnalis\u00e9.","robots":{"index":"index","follow":"follow","max-snippet":"max-snippet:-1","max-image-preview":"max-image-preview:large","max-video-preview":"max-video-preview:-1"},"canonical":"https:\/\/renier.be\/fr\/produit\/tablette-de-fenetre-noir-indien-adouci\/","og_locale":"fr_FR","og_type":"article","og_title":"Venstertablet Indian Black gezoet | Zwarte natuursteen op maat","og_description":"Venstertablet in Indian Black natuursteen met gezoete afwerking. Diep zwart en modern, volledig op maat gemaakt.","og_url":"https:\/\/renier.be\/fr\/produit\/tablette-de-fenetre-noir-indien-adouci\/","og_site_name":"Renier Natuursteen","article_publisher":"https:\/\/www.facebook.com\/reniernatuursteen","article_modified_time":"2026-04-30T15:16:50+00:00","og_image":[{"width":2560,"height":1707,"url":"https:\/\/renier.be\/wp-content\/uploads\/2024\/09\/TAB-INB-ZOE-scaled.jpg","type":"image\/jpeg"}],"twitter_card":"summary_large_image","twitter_misc":{"Dur\u00e9e de lecture estim\u00e9e":"2 minutes"},"schema":{"@context":"https:\/\/schema.org","@graph":[{"@type":"WebPage","@id":"https:\/\/renier.be\/product\/venstertablet-indian-black-gezoet\/","url":"https:\/\/renier.be\/product\/venstertablet-indian-black-gezoet\/","name":"Tablette de fen\u00eatre Indian Black adoucie | Black custom natural stone","isPartOf":{"@id":"https:\/\/renier.be\/#website"},"primaryImageOfPage":{"@id":"https:\/\/renier.be\/product\/venstertablet-indian-black-gezoet\/#primaryimage"},"image":{"@id":"https:\/\/renier.be\/product\/venstertablet-indian-black-gezoet\/#primaryimage"},"thumbnailUrl":"https:\/\/renier.be\/wp-content\/uploads\/2024\/09\/TAB-INB-ZOE-scaled.jpg","datePublished":"2024-12-05T15:08:14+00:00","dateModified":"2026-04-30T15:16:50+00:00","description":"Tablette de fen\u00eatre en pierre naturelle Indian Black avec finition adoucie. Noir profond et moderne, enti\u00e8rement personnalis\u00e9.","breadcrumb":{"@id":"https:\/\/renier.be\/product\/venstertablet-indian-black-gezoet\/#breadcrumb"},"inLanguage":"fr-FR","potentialAction":[{"@type":"ReadAction","target":["https:\/\/renier.be\/product\/venstertablet-indian-black-gezoet\/"]}]},{"@type":"ImageObject","inLanguage":"fr-FR","@id":"https:\/\/renier.be\/product\/venstertablet-indian-black-gezoet\/#primaryimage","url":"https:\/\/renier.be\/wp-content\/uploads\/2024\/09\/TAB-INB-ZOE-scaled.jpg","contentUrl":"https:\/\/renier.be\/wp-content\/uploads\/2024\/09\/TAB-INB-ZOE-scaled.jpg","width":2560,"height":1707},{"@type":"BreadcrumbList","@id":"https:\/\/renier.be\/product\/venstertablet-indian-black-gezoet\/#breadcrumb","itemListElement":[{"@type":"ListItem","position":1,"name":"Home","item":"https:\/\/renier.be\/"},{"@type":"ListItem","position":2,"name":"Producten","item":"https:\/\/renier.be\/producten\/"},{"@type":"ListItem","position":3,"name":"Indian Black gezoet"}]},{"@type":"WebSite","@id":"https:\/\/renier.be\/#website","url":"https:\/\/renier.be\/","name":"Pierre naturelle de Renier","description":"Sp\u00e9cialiste de la pierre bleue belge","publisher":{"@id":"https:\/\/renier.be\/#organization"},"potentialAction":[{"@type":"SearchAction","target":{"@type":"EntryPoint","urlTemplate":"https:\/\/renier.be\/?s={search_term_string}"},"query-input":{"@type":"PropertyValueSpecification","valueRequired":true,"valueName":"search_term_string"}}],"inLanguage":"fr-FR"},{"@type":"Organization","@id":"https:\/\/renier.be\/#organization","name":"Pierre naturelle de Renier","url":"https:\/\/renier.be\/","logo":{"@type":"ImageObject","inLanguage":"fr-FR","@id":"https:\/\/renier.be\/#\/schema\/logo\/image\/","url":"https:\/\/renier.be\/wp-content\/uploads\/2024\/07\/RENIER.png","contentUrl":"https:\/\/renier.be\/wp-content\/uploads\/2024\/07\/RENIER.png","width":2717,"height":838,"caption":"Renier Natuursteen"},"image":{"@id":"https:\/\/renier.be\/#\/schema\/logo\/image\/"},"sameAs":["https:\/\/www.facebook.com\/reniernatuursteen"]}]}},"_links":{"self":[{"href":"https:\/\/renier.be\/fr\/wp-json\/wp\/v2\/product\/2963","targetHints":{"allow":["GET"]}}],"collection":[{"href":"https:\/\/renier.be\/fr\/wp-json\/wp\/v2\/product"}],"about":[{"href":"https:\/\/renier.be\/fr\/wp-json\/wp\/v2\/types\/product"}],"wp:featuredmedia":[{"embeddable":true,"href":"https:\/\/renier.be\/fr\/wp-json\/wp\/v2\/media\/2953"}],"wp:attachment":[{"href":"https:\/\/renier.be\/fr\/wp-json\/wp\/v2\/media?parent=2963"}],"wp:term":[{"taxonomy":"product_brand","embeddable":true,"href":"https:\/\/renier.be\/fr\/wp-json\/wp\/v2\/product_brand?post=2963"},{"taxonomy":"product_cat","embeddable":true,"href":"https:\/\/renier.be\/fr\/wp-json\/wp\/v2\/product_cat?post=2963"},{"taxonomy":"product_tag","embeddable":true,"href":"https:\/\/renier.be\/fr\/wp-json\/wp\/v2\/product_tag?post=2963"}],"curies":[{"name":"wp","href":"https:\/\/api.w.org\/{rel}","templated":true}]}}