{"id":3030,"date":"2024-12-11T15:31:27","date_gmt":"2024-12-11T14:31:27","guid":{"rendered":"https:\/\/renier.be\/?post_type=product&#038;p=3030"},"modified":"2025-07-03T13:41:58","modified_gmt":"2025-07-03T11:41:58","slug":"composez-votre-propre-plinthe-en-pierre-bleue-belge-2","status":"publish","type":"product","link":"https:\/\/renier.be\/fr\/product\/stel-zelf-uw-plint-samen-in-belgische-blauwe-hardsteen-2\/","title":{"rendered":"Composez votre propre plinthe en pierre bleue belge"},"content":{"rendered":"<p>Notre pierre bleue belge est l'un des mat\u00e9riaux les plus durables au monde. Form\u00e9e au cours de millions d'ann\u00e9es, cette pierre ancienne est extraite localement et \u00e9cologiquement dans le respect de l'environnement.<\/p>\n<p>Pour assembler vos plinthes :<\/p>\n<ul>\n<li>D\u00e9terminer les bonnes dimensions (hauteur, \u00e9paisseur et largeur)<\/li>\n<li>Pierre bleue provenant de notre propre carri\u00e8re (La Pr\u00e9alle \u00e0 Sprimont)<\/li>\n<li>Finition bleu meul\u00e9 ou gris meul\u00e9<\/li>\n<li>Epaisseurs de 2cm \u00e0 10cm<\/li>\n<li>Flexibilit\u00e9 totale des dimensions.<\/li>\n<\/ul>\n<p>Alternative :<\/p>\n<p>Si une belle finition bleue uniforme sans beaucoup de fossiles est importante, nous vous conseillons notre calcaire de ma\u00efs Vinalmont. Cette pierre convient parfaitement \u00e0 la r\u00e9alisation d'une plinthe de fa\u00e7ade. Voir aussi (composez vous-m\u00eame votre plinthe Vinalmont)<\/p>\n<p>&nbsp;<\/p>\n<p><img decoding=\"async\" class=\"alignnone size-medium wp-image-1305\" src=\"https:\/\/renier.be\/wp-content\/uploads\/2024\/06\/Renier-logo-met-belgische-vlag-300x99.jpg\" alt=\"\" width=\"300\" height=\"99\" srcset=\"https:\/\/renier.be\/wp-content\/uploads\/2024\/06\/Renier-logo-met-belgische-vlag-300x99.jpg 300w, https:\/\/renier.be\/wp-content\/uploads\/2024\/06\/Renier-logo-met-belgische-vlag-1024x337.jpg 1024w, https:\/\/renier.be\/wp-content\/uploads\/2024\/06\/Renier-logo-met-belgische-vlag-768x253.jpg 768w, https:\/\/renier.be\/wp-content\/uploads\/2024\/06\/Renier-logo-met-belgische-vlag-600x197.jpg 600w, https:\/\/renier.be\/wp-content\/uploads\/2024\/06\/Renier-logo-met-belgische-vlag.jpg 1067w\" sizes=\"(max-width: 300px) 100vw, 300px\" \/><\/p>","protected":false},"excerpt":{"rendered":"<p>Composez ici facilement votre plinthe id\u00e9ale pour le dessous de votre construction. Choisissez la finition, l'\u00e9paisseur, la longueur et la largeur souhait\u00e9es et les options \u00e9ventuelles ci-dessous. Le prix par pi\u00e8ce et par m\u00b2 est calcul\u00e9 automatiquement. Vous pouvez toujours modifier la finition souhait\u00e9e. Cliquez ensuite sur ajouter au panier et compl\u00e9tez votre commande. D\u00e9lai de livraison 2 semaines.<\/p>","protected":false},"featured_media":2993,"template":"","meta":{"_acf_changed":false},"product_brand":[],"product_cat":[61,37,34],"product_tag":[],"class_list":{"0":"post-3030","1":"product","2":"type-product","3":"status-publish","4":"has-post-thumbnail","6":"product_cat-plint-poolhouse","7":"product_cat-poolhouse","8":"product_cat-tuin","10":"first","11":"onbackorder","12":"taxable","13":"shipping-taxable","14":"purchasable","15":"product-type-simple"},"acf":[],"yoast_head":"<!-- This site is optimized with the Yoast SEO plugin v27.3 - https:\/\/yoast.com\/product\/yoast-seo-wordpress\/ -->\n<title>Stel zelf uw plint samen in Belgische blauwe hardsteen - Renier Natuursteen<\/title>\n<meta name=\"robots\" content=\"index, follow, max-snippet:-1, max-image-preview:large, max-video-preview:-1\" \/>\n<link rel=\"canonical\" href=\"https:\/\/renier.be\/fr\/produit\/composez-votre-propre-plinthe-en-pierre-bleue-belge-2\/\" \/>\n<meta property=\"og:locale\" content=\"fr_FR\" \/>\n<meta property=\"og:type\" content=\"article\" \/>\n<meta property=\"og:title\" content=\"Stel zelf uw plint samen in Belgische blauwe hardsteen - Renier Natuursteen\" \/>\n<meta property=\"og:description\" content=\"Stel hier eenvoudig zelf je ideale plint voor onder je bijgebouw samen. Kies hieronder de gewenste afwerking, de dikte, lengte en breedte en eventuele opties. De prijs per stuk en per m\u00b2 wordt automatisch berekend. Je kan steeds de gewenste afwerking aanpassen. Klik daarna op toevoegen in de winkelwagen en vervolledig je bestelling. Levertijd 2 weken.\" \/>\n<meta property=\"og:url\" content=\"https:\/\/renier.be\/fr\/produit\/composez-votre-propre-plinthe-en-pierre-bleue-belge-2\/\" \/>\n<meta property=\"og:site_name\" content=\"Renier Natuursteen\" \/>\n<meta property=\"article:publisher\" content=\"https:\/\/www.facebook.com\/reniernatuursteen\" \/>\n<meta property=\"article:modified_time\" content=\"2025-07-03T11:41:58+00:00\" \/>\n<meta property=\"og:image\" content=\"https:\/\/renier.be\/wp-content\/uploads\/2024\/10\/PLI-BLS-RECHT-scaled.jpg\" \/>\n\t<meta property=\"og:image:width\" content=\"2560\" \/>\n\t<meta property=\"og:image:height\" content=\"1707\" \/>\n\t<meta property=\"og:image:type\" content=\"image\/jpeg\" \/>\n<meta name=\"twitter:card\" content=\"summary_large_image\" \/>\n<meta name=\"twitter:label1\" content=\"Dur\u00e9e de lecture estim\u00e9e\" \/>\n\t<meta name=\"twitter:data1\" content=\"1 minute\" \/>\n<script type=\"application\/ld+json\" class=\"yoast-schema-graph\">{\"@context\":\"https:\\\/\\\/schema.org\",\"@graph\":[{\"@type\":\"WebPage\",\"@id\":\"https:\\\/\\\/renier.be\\\/product\\\/stel-zelf-uw-plint-samen-in-belgische-blauwe-hardsteen-2\\\/\",\"url\":\"https:\\\/\\\/renier.be\\\/product\\\/stel-zelf-uw-plint-samen-in-belgische-blauwe-hardsteen-2\\\/\",\"name\":\"Stel zelf uw plint samen in Belgische blauwe hardsteen - Renier Natuursteen\",\"isPartOf\":{\"@id\":\"https:\\\/\\\/renier.be\\\/#website\"},\"primaryImageOfPage\":{\"@id\":\"https:\\\/\\\/renier.be\\\/product\\\/stel-zelf-uw-plint-samen-in-belgische-blauwe-hardsteen-2\\\/#primaryimage\"},\"image\":{\"@id\":\"https:\\\/\\\/renier.be\\\/product\\\/stel-zelf-uw-plint-samen-in-belgische-blauwe-hardsteen-2\\\/#primaryimage\"},\"thumbnailUrl\":\"https:\\\/\\\/renier.be\\\/wp-content\\\/uploads\\\/2024\\\/10\\\/PLI-BLS-RECHT-scaled.jpg\",\"datePublished\":\"2024-12-11T14:31:27+00:00\",\"dateModified\":\"2025-07-03T11:41:58+00:00\",\"breadcrumb\":{\"@id\":\"https:\\\/\\\/renier.be\\\/product\\\/stel-zelf-uw-plint-samen-in-belgische-blauwe-hardsteen-2\\\/#breadcrumb\"},\"inLanguage\":\"fr-FR\",\"potentialAction\":[{\"@type\":\"ReadAction\",\"target\":[\"https:\\\/\\\/renier.be\\\/product\\\/stel-zelf-uw-plint-samen-in-belgische-blauwe-hardsteen-2\\\/\"]}]},{\"@type\":\"ImageObject\",\"inLanguage\":\"fr-FR\",\"@id\":\"https:\\\/\\\/renier.be\\\/product\\\/stel-zelf-uw-plint-samen-in-belgische-blauwe-hardsteen-2\\\/#primaryimage\",\"url\":\"https:\\\/\\\/renier.be\\\/wp-content\\\/uploads\\\/2024\\\/10\\\/PLI-BLS-RECHT-scaled.jpg\",\"contentUrl\":\"https:\\\/\\\/renier.be\\\/wp-content\\\/uploads\\\/2024\\\/10\\\/PLI-BLS-RECHT-scaled.jpg\",\"width\":2560,\"height\":1707},{\"@type\":\"BreadcrumbList\",\"@id\":\"https:\\\/\\\/renier.be\\\/product\\\/stel-zelf-uw-plint-samen-in-belgische-blauwe-hardsteen-2\\\/#breadcrumb\",\"itemListElement\":[{\"@type\":\"ListItem\",\"position\":1,\"name\":\"Home\",\"item\":\"https:\\\/\\\/renier.be\\\/\"},{\"@type\":\"ListItem\",\"position\":2,\"name\":\"Producten\",\"item\":\"https:\\\/\\\/renier.be\\\/producten\\\/\"},{\"@type\":\"ListItem\",\"position\":3,\"name\":\"Stel zelf uw plint samen in Belgische blauwe hardsteen\"}]},{\"@type\":\"WebSite\",\"@id\":\"https:\\\/\\\/renier.be\\\/#website\",\"url\":\"https:\\\/\\\/renier.be\\\/\",\"name\":\"Renier Natuursteen\",\"description\":\"Specialist in Belgisch Blauwe Hardsteen\",\"publisher\":{\"@id\":\"https:\\\/\\\/renier.be\\\/#organization\"},\"potentialAction\":[{\"@type\":\"SearchAction\",\"target\":{\"@type\":\"EntryPoint\",\"urlTemplate\":\"https:\\\/\\\/renier.be\\\/?s={search_term_string}\"},\"query-input\":{\"@type\":\"PropertyValueSpecification\",\"valueRequired\":true,\"valueName\":\"search_term_string\"}}],\"inLanguage\":\"fr-FR\"},{\"@type\":\"Organization\",\"@id\":\"https:\\\/\\\/renier.be\\\/#organization\",\"name\":\"Renier Natuursteen\",\"url\":\"https:\\\/\\\/renier.be\\\/\",\"logo\":{\"@type\":\"ImageObject\",\"inLanguage\":\"fr-FR\",\"@id\":\"https:\\\/\\\/renier.be\\\/#\\\/schema\\\/logo\\\/image\\\/\",\"url\":\"\",\"contentUrl\":\"\",\"caption\":\"Renier Natuursteen\"},\"image\":{\"@id\":\"https:\\\/\\\/renier.be\\\/#\\\/schema\\\/logo\\\/image\\\/\"},\"sameAs\":[\"https:\\\/\\\/www.facebook.com\\\/reniernatuursteen\"]}]}<\/script>\n<!-- \/ Yoast SEO plugin. -->","yoast_head_json":{"title":"Composez vous-m\u00eame votre plinthe en pierre bleue belge - Renier Natuursteen","robots":{"index":"index","follow":"follow","max-snippet":"max-snippet:-1","max-image-preview":"max-image-preview:large","max-video-preview":"max-video-preview:-1"},"canonical":"https:\/\/renier.be\/fr\/produit\/composez-votre-propre-plinthe-en-pierre-bleue-belge-2\/","og_locale":"fr_FR","og_type":"article","og_title":"Stel zelf uw plint samen in Belgische blauwe hardsteen - Renier Natuursteen","og_description":"Stel hier eenvoudig zelf je ideale plint voor onder je bijgebouw samen. Kies hieronder de gewenste afwerking, de dikte, lengte en breedte en eventuele opties. De prijs per stuk en per m\u00b2 wordt automatisch berekend. Je kan steeds de gewenste afwerking aanpassen. Klik daarna op toevoegen in de winkelwagen en vervolledig je bestelling. Levertijd 2 weken.","og_url":"https:\/\/renier.be\/fr\/produit\/composez-votre-propre-plinthe-en-pierre-bleue-belge-2\/","og_site_name":"Renier Natuursteen","article_publisher":"https:\/\/www.facebook.com\/reniernatuursteen","article_modified_time":"2025-07-03T11:41:58+00:00","og_image":[{"width":2560,"height":1707,"url":"https:\/\/renier.be\/wp-content\/uploads\/2024\/10\/PLI-BLS-RECHT-scaled.jpg","type":"image\/jpeg"}],"twitter_card":"summary_large_image","twitter_misc":{"Dur\u00e9e de lecture estim\u00e9e":"1 minute"},"schema":{"@context":"https:\/\/schema.org","@graph":[{"@type":"WebPage","@id":"https:\/\/renier.be\/product\/stel-zelf-uw-plint-samen-in-belgische-blauwe-hardsteen-2\/","url":"https:\/\/renier.be\/product\/stel-zelf-uw-plint-samen-in-belgische-blauwe-hardsteen-2\/","name":"Composez vous-m\u00eame votre plinthe en pierre bleue belge - Renier Natuursteen","isPartOf":{"@id":"https:\/\/renier.be\/#website"},"primaryImageOfPage":{"@id":"https:\/\/renier.be\/product\/stel-zelf-uw-plint-samen-in-belgische-blauwe-hardsteen-2\/#primaryimage"},"image":{"@id":"https:\/\/renier.be\/product\/stel-zelf-uw-plint-samen-in-belgische-blauwe-hardsteen-2\/#primaryimage"},"thumbnailUrl":"https:\/\/renier.be\/wp-content\/uploads\/2024\/10\/PLI-BLS-RECHT-scaled.jpg","datePublished":"2024-12-11T14:31:27+00:00","dateModified":"2025-07-03T11:41:58+00:00","breadcrumb":{"@id":"https:\/\/renier.be\/product\/stel-zelf-uw-plint-samen-in-belgische-blauwe-hardsteen-2\/#breadcrumb"},"inLanguage":"fr-FR","potentialAction":[{"@type":"ReadAction","target":["https:\/\/renier.be\/product\/stel-zelf-uw-plint-samen-in-belgische-blauwe-hardsteen-2\/"]}]},{"@type":"ImageObject","inLanguage":"fr-FR","@id":"https:\/\/renier.be\/product\/stel-zelf-uw-plint-samen-in-belgische-blauwe-hardsteen-2\/#primaryimage","url":"https:\/\/renier.be\/wp-content\/uploads\/2024\/10\/PLI-BLS-RECHT-scaled.jpg","contentUrl":"https:\/\/renier.be\/wp-content\/uploads\/2024\/10\/PLI-BLS-RECHT-scaled.jpg","width":2560,"height":1707},{"@type":"BreadcrumbList","@id":"https:\/\/renier.be\/product\/stel-zelf-uw-plint-samen-in-belgische-blauwe-hardsteen-2\/#breadcrumb","itemListElement":[{"@type":"ListItem","position":1,"name":"Home","item":"https:\/\/renier.be\/"},{"@type":"ListItem","position":2,"name":"Producten","item":"https:\/\/renier.be\/producten\/"},{"@type":"ListItem","position":3,"name":"Stel zelf uw plint samen in Belgische blauwe hardsteen"}]},{"@type":"WebSite","@id":"https:\/\/renier.be\/#website","url":"https:\/\/renier.be\/","name":"Pierre naturelle de Renier","description":"Sp\u00e9cialiste de la pierre bleue belge","publisher":{"@id":"https:\/\/renier.be\/#organization"},"potentialAction":[{"@type":"SearchAction","target":{"@type":"EntryPoint","urlTemplate":"https:\/\/renier.be\/?s={search_term_string}"},"query-input":{"@type":"PropertyValueSpecification","valueRequired":true,"valueName":"search_term_string"}}],"inLanguage":"fr-FR"},{"@type":"Organization","@id":"https:\/\/renier.be\/#organization","name":"Pierre naturelle de Renier","url":"https:\/\/renier.be\/","logo":{"@type":"ImageObject","inLanguage":"fr-FR","@id":"https:\/\/renier.be\/#\/schema\/logo\/image\/","url":"","contentUrl":"","caption":"Renier Natuursteen"},"image":{"@id":"https:\/\/renier.be\/#\/schema\/logo\/image\/"},"sameAs":["https:\/\/www.facebook.com\/reniernatuursteen"]}]}},"_links":{"self":[{"href":"https:\/\/renier.be\/fr\/wp-json\/wp\/v2\/product\/3030","targetHints":{"allow":["GET"]}}],"collection":[{"href":"https:\/\/renier.be\/fr\/wp-json\/wp\/v2\/product"}],"about":[{"href":"https:\/\/renier.be\/fr\/wp-json\/wp\/v2\/types\/product"}],"wp:featuredmedia":[{"embeddable":true,"href":"https:\/\/renier.be\/fr\/wp-json\/wp\/v2\/media\/2993"}],"wp:attachment":[{"href":"https:\/\/renier.be\/fr\/wp-json\/wp\/v2\/media?parent=3030"}],"wp:term":[{"taxonomy":"product_brand","embeddable":true,"href":"https:\/\/renier.be\/fr\/wp-json\/wp\/v2\/product_brand?post=3030"},{"taxonomy":"product_cat","embeddable":true,"href":"https:\/\/renier.be\/fr\/wp-json\/wp\/v2\/product_cat?post=3030"},{"taxonomy":"product_tag","embeddable":true,"href":"https:\/\/renier.be\/fr\/wp-json\/wp\/v2\/product_tag?post=3030"}],"curies":[{"name":"wp","href":"https:\/\/api.w.org\/{rel}","templated":true}]}}