{"id":3099,"date":"2024-12-19T15:56:44","date_gmt":"2024-12-19T14:56:44","guid":{"rendered":"https:\/\/renier.be\/?post_type=product&#038;p=3099"},"modified":"2026-03-27T13:01:41","modified_gmt":"2026-03-27T12:01:41","slug":"appui-de-fenetre-plat-avec-costiere-110x20-6-cm-depaisseur-51-copie","status":"publish","type":"product","link":"https:\/\/renier.be\/fr\/product\/vlakke-raamdorpel-met-opkant-110x20-6-cm-dik-51-kopie\/","title":{"rendered":"Appui de fen\u00eatre plat avec talon 110\u00d720 6 cm d'\u00e9paisseur (5+1)"},"content":{"rendered":"<p>Notre pierre bleue belge est l'un des mat\u00e9riaux les plus durables au monde. Form\u00e9e au cours de millions d'ann\u00e9es, cette pierre ancienne est extraite localement et \u00e9cologiquement dans le respect de l'environnement.<\/p>\n<p>Cet appui de fen\u00eatre plat avec support a une finition meul\u00e9e bleue avec une rainure de 0,6 x 0,6 cm, \u00e0 2 cm de l'avant, s'arr\u00eatant \u00e0 2 cm des t\u00eates usin\u00e9es.<\/p>\n<p>Longueur 1.10m - Largeur 18+2 cm - Epaisseur 5+1 cm<\/p>\n<p>Disponible imm\u00e9diatement !<\/p>\n<p><img decoding=\"async\" class=\"alignnone size-medium wp-image-1709\" src=\"https:\/\/renier.be\/wp-content\/uploads\/2024\/08\/DVO-met-drup-300x152.jpg\" alt=\"\" width=\"300\" height=\"152\" srcset=\"https:\/\/renier.be\/wp-content\/uploads\/2024\/08\/DVO-met-drup-300x152.jpg 300w, https:\/\/renier.be\/wp-content\/uploads\/2024\/08\/DVO-met-drup-768x389.jpg 768w, https:\/\/renier.be\/wp-content\/uploads\/2024\/08\/DVO-met-drup-600x304.jpg 600w, https:\/\/renier.be\/wp-content\/uploads\/2024\/08\/DVO-met-drup.jpg 814w\" sizes=\"(max-width: 300px) 100vw, 300px\" \/><\/p>\n<p><img decoding=\"async\" class=\"alignnone size-medium wp-image-1305\" src=\"https:\/\/renier.be\/wp-content\/uploads\/2024\/06\/Renier-logo-met-belgische-vlag-300x99.jpg\" alt=\"\" width=\"300\" height=\"99\" srcset=\"https:\/\/renier.be\/wp-content\/uploads\/2024\/06\/Renier-logo-met-belgische-vlag-300x99.jpg 300w, https:\/\/renier.be\/wp-content\/uploads\/2024\/06\/Renier-logo-met-belgische-vlag-1024x337.jpg 1024w, https:\/\/renier.be\/wp-content\/uploads\/2024\/06\/Renier-logo-met-belgische-vlag-768x253.jpg 768w, https:\/\/renier.be\/wp-content\/uploads\/2024\/06\/Renier-logo-met-belgische-vlag-600x197.jpg 600w, https:\/\/renier.be\/wp-content\/uploads\/2024\/06\/Renier-logo-met-belgische-vlag.jpg 1067w\" sizes=\"(max-width: 300px) 100vw, 300px\" \/><\/p>","protected":false},"excerpt":{"rendered":"<p data-start=\"238\" data-end=\"552\">Le pr\u00e9sent <strong>appui de fen\u00eatre plat avec support 110\u00d720<\/strong> et d'une \u00e9paisseur de 6 cm est le choix id\u00e9al pour terminer votre fa\u00e7ade avec de la pierre bleue belge durable. Le seuil pr\u00e9sente une finition bleue sabl\u00e9e qui lui conf\u00e8re non seulement un aspect intemporel, mais aussi une adh\u00e9rence suppl\u00e9mentaire et un aspect \u00e9l\u00e9gant et moderne.<\/p>\n<p data-start=\"554\" data-end=\"948\">Gr\u00e2ce \u00e0 la goutti\u00e8re int\u00e9gr\u00e9e de 0,6 \u00d7 0,6 cm situ\u00e9e \u00e0 2 cm de l'avant, l'eau de pluie est \u00e9vacu\u00e9e efficacement, prot\u00e9geant ainsi les murs de la salet\u00e9 et de l'humidit\u00e9. La rainure d'\u00e9coulement s'arr\u00eate proprement \u00e0 2 cm des t\u00eates usin\u00e9es, pour une finition esth\u00e9tique et fonctionnelle. La costi\u00e8re situ\u00e9e \u00e0 l'arri\u00e8re offre une protection suppl\u00e9mentaire contre les infiltrations d'eau, ce qui permet \u00e0 vos cadres de fen\u00eatres et \u00e0 votre fa\u00e7ade de rester beaux plus longtemps.<\/p>\n<p data-start=\"950\" data-end=\"1159\">Avec son \u00e9paisseur robuste de 6 cm, cet appui de fen\u00eatre peut r\u00e9sister \u00e0 des charges intensives et \u00e0 des conditions m\u00e9t\u00e9orologiques extr\u00eames. Son design plat lui permet de s'int\u00e9grer parfaitement aux fa\u00e7ades modernes et classiques.<\/p>\n<p data-start=\"1161\" data-end=\"1234\"><strong data-start=\"1161\" data-end=\"1232\">Avantages d'un appui de fen\u00eatre plat et d'un appui en pierre bleue :<\/strong><\/p>\n<ul data-start=\"1235\" data-end=\"1587\">\n<li data-start=\"1235\" data-end=\"1299\">\n<p data-start=\"1237\" data-end=\"1299\">Protection naturelle contre les infiltrations d'eau de pluie et d'humidit\u00e9<\/p>\n<\/li>\n<li data-start=\"1300\" data-end=\"1365\">\n<p data-start=\"1302\" data-end=\"1365\">Durable et r\u00e9sistant, adapt\u00e9 \u00e0 toutes les conditions m\u00e9t\u00e9orologiques<\/p>\n<\/li>\n<li data-start=\"1366\" data-end=\"1421\">\n<p data-start=\"1368\" data-end=\"1421\">Aspect intemporel avec une finition sabl\u00e9e bleue<\/p>\n<\/li>\n<li data-start=\"1422\" data-end=\"1472\">\n<p data-start=\"1424\" data-end=\"1472\">Epaisseur robuste de 6 cm pour une meilleure stabilit\u00e9<\/p>\n<\/li>\n<li data-start=\"1473\" data-end=\"1587\">\n<p data-start=\"1475\" data-end=\"1587\">Parfait pour combiner avec nos autres produits en pierre naturelle tels que les plinthes, les appuis de fen\u00eatre et les seuils de porte.<\/p>\n<\/li>\n<\/ul>\n<p data-start=\"1589\" data-end=\"1829\">Au <strong data-start=\"1593\" data-end=\"1615\">Pierre naturelle de Renier<\/strong> nous fournissons directement \u00e0 partir de notre stock, avec des d\u00e9lais de livraison courts et la garantie d'une pierre naturelle de premier choix. Gr\u00e2ce \u00e0 notre propre atelier, la personnalisation est \u00e9galement parfaitement possible pour tout projet de construction ou de r\u00e9novation.<\/p>\n<p>Longueur 1.1m - Largeur 18+2 cm - Epaisseur 5+1 cm<\/p>\n<p>Disponible imm\u00e9diatement !<\/p>\n<p data-start=\"1960\" data-end=\"2081\">\ud83d\udc49 Plus d'inspiration ? Voir <a href=\"https:\/\/renier.be\/fr\/enveloppe-du-batiment-2\/\">nos solutions structurelles <\/a>ou d\u00e9couvrez ici <a href=\"https:\/\/renier.be\/fr\/produits\/?_categorieen=dorpel\">gamme compl\u00e8te de seuils<\/a><\/p>\n<p>&nbsp;<\/p>\n<p>&nbsp;<\/p>","protected":false},"featured_media":2977,"template":"","meta":{"_acf_changed":false},"product_brand":[],"product_cat":[31,78,44,19],"product_tag":[106],"class_list":{"0":"post-3099","1":"product","2":"type-product","3":"status-publish","4":"has-post-thumbnail","6":"product_cat-dorpel","7":"product_cat-met-opkant-raamdorpel","8":"product_cat-raamdorpel","9":"product_cat-ruwbouw","10":"product_tag-gmc","11":"product_shipping_class-afhaling","13":"first","14":"instock","15":"taxable","16":"shipping-taxable","17":"purchasable","18":"product-type-simple"},"acf":[],"yoast_head":"<!-- This site is optimized with the Yoast SEO plugin v27.3 - https:\/\/yoast.com\/product\/yoast-seo-wordpress\/ -->\n<title>Vlakke raamdorpel met opkant 110x20 6 cm dik (5+1) - Renier Natuursteen<\/title>\n<meta name=\"robots\" content=\"index, follow, max-snippet:-1, max-image-preview:large, max-video-preview:-1\" \/>\n<link rel=\"canonical\" href=\"https:\/\/renier.be\/fr\/produit\/appui-de-fenetre-plat-avec-costiere-110x20-6-cm-depaisseur-51-copie\/\" \/>\n<meta property=\"og:locale\" content=\"fr_FR\" \/>\n<meta property=\"og:type\" content=\"article\" \/>\n<meta property=\"og:title\" content=\"Vlakke raamdorpel met opkant 110x20 6 cm dik (5+1) - Renier Natuursteen\" \/>\n<meta property=\"og:description\" content=\"Deze vlakke raamdorpel met opkant 110\u00d720 en een dikte van 6 cm is de ideale keuze om je gevel af te werken met duurzame Belgische blauwe hardsteen. De dorpel is voorzien van een blauw geschuurde afwerking die niet alleen een tijdloze uitstraling geeft, maar ook extra grip en een elegante, moderne look. Dankzij de ge\u00efntegreerde drupgroef van 0,6 \u00d7 0,6 cm op 2 cm van de voorkant wordt regenwater effici\u00ebnt afgevoerd, waardoor muren beschermd blijven tegen vuil en vocht. De drupgroef stopt netjes 2 cm van de bewerkte koppen, voor een esthetische en functionele afwerking. De opkant achteraan biedt bijkomende bescherming tegen inlopend water, zodat je raamkaders en gevel langer mooi blijven. Met zijn robuuste dikte van 6 cm is deze raamdorpel bestand tegen intensieve belasting en extreme weersinvloeden. De vlakke uitvoering zorgt voor een strakke integratie in zowel moderne als klassieke gevels. Voordelen van een vlakke raamdorpel met opkant in blauwe hardsteen:     Natuurlijke bescherming tegen regenwater en vochtinfiltratie    Duurzaam en slijtvast, geschikt voor alle weersomstandigheden    Tijdloze uitstraling met blauw geschuurde afwerking    Robuuste dikte van 6 cm voor extra stabiliteit    Perfect te combineren met onze andere natuursteenproducten zoals gevelplinten, venstertabletten en deurdorpels   Bij Renier Natuursteen leveren we rechtstreeks uit eigen voorraad, met korte leveringstermijnen en een garantie op eerste keus natuursteen. Dankzij ons eigen atelier is ook maatwerk perfect mogelijk voor elk bouw- of renovatieproject. Lengte 1,1m - Breedte 18+2 cm - Dikte 5+1 cm  Onmiddellijk leverbaar ! \ud83d\udc49 Meer inspiratie ? Bekijk onze ruwbouw oplossingen of ontdek hier alvast het volledige assortiment dorpels &nbsp;  &nbsp;\" \/>\n<meta property=\"og:url\" content=\"https:\/\/renier.be\/fr\/produit\/appui-de-fenetre-plat-avec-costiere-110x20-6-cm-depaisseur-51-copie\/\" \/>\n<meta property=\"og:site_name\" content=\"Renier Natuursteen\" \/>\n<meta property=\"article:publisher\" content=\"https:\/\/www.facebook.com\/reniernatuursteen\" \/>\n<meta property=\"article:modified_time\" content=\"2026-03-27T12:01:41+00:00\" \/>\n<meta property=\"og:image\" content=\"https:\/\/renier.be\/wp-content\/uploads\/2024\/10\/DVO-BLS-scaled.jpg\" \/>\n\t<meta property=\"og:image:width\" content=\"2560\" \/>\n\t<meta property=\"og:image:height\" content=\"1707\" \/>\n\t<meta property=\"og:image:type\" content=\"image\/jpeg\" \/>\n<meta name=\"twitter:card\" content=\"summary_large_image\" \/>\n<meta name=\"twitter:label1\" content=\"Dur\u00e9e de lecture estim\u00e9e\" \/>\n\t<meta name=\"twitter:data1\" content=\"1 minute\" \/>\n<script type=\"application\/ld+json\" class=\"yoast-schema-graph\">{\"@context\":\"https:\\\/\\\/schema.org\",\"@graph\":[{\"@type\":\"WebPage\",\"@id\":\"https:\\\/\\\/renier.be\\\/product\\\/vlakke-raamdorpel-met-opkant-110x20-6-cm-dik-51-kopie\\\/\",\"url\":\"https:\\\/\\\/renier.be\\\/product\\\/vlakke-raamdorpel-met-opkant-110x20-6-cm-dik-51-kopie\\\/\",\"name\":\"Vlakke raamdorpel met opkant 110x20 6 cm dik (5+1) - Renier Natuursteen\",\"isPartOf\":{\"@id\":\"https:\\\/\\\/renier.be\\\/#website\"},\"primaryImageOfPage\":{\"@id\":\"https:\\\/\\\/renier.be\\\/product\\\/vlakke-raamdorpel-met-opkant-110x20-6-cm-dik-51-kopie\\\/#primaryimage\"},\"image\":{\"@id\":\"https:\\\/\\\/renier.be\\\/product\\\/vlakke-raamdorpel-met-opkant-110x20-6-cm-dik-51-kopie\\\/#primaryimage\"},\"thumbnailUrl\":\"https:\\\/\\\/renier.be\\\/wp-content\\\/uploads\\\/2024\\\/10\\\/DVO-BLS-scaled.jpg\",\"datePublished\":\"2024-12-19T14:56:44+00:00\",\"dateModified\":\"2026-03-27T12:01:41+00:00\",\"breadcrumb\":{\"@id\":\"https:\\\/\\\/renier.be\\\/product\\\/vlakke-raamdorpel-met-opkant-110x20-6-cm-dik-51-kopie\\\/#breadcrumb\"},\"inLanguage\":\"fr-FR\",\"potentialAction\":[{\"@type\":\"ReadAction\",\"target\":[\"https:\\\/\\\/renier.be\\\/product\\\/vlakke-raamdorpel-met-opkant-110x20-6-cm-dik-51-kopie\\\/\"]}]},{\"@type\":\"ImageObject\",\"inLanguage\":\"fr-FR\",\"@id\":\"https:\\\/\\\/renier.be\\\/product\\\/vlakke-raamdorpel-met-opkant-110x20-6-cm-dik-51-kopie\\\/#primaryimage\",\"url\":\"https:\\\/\\\/renier.be\\\/wp-content\\\/uploads\\\/2024\\\/10\\\/DVO-BLS-scaled.jpg\",\"contentUrl\":\"https:\\\/\\\/renier.be\\\/wp-content\\\/uploads\\\/2024\\\/10\\\/DVO-BLS-scaled.jpg\",\"width\":2560,\"height\":1707},{\"@type\":\"BreadcrumbList\",\"@id\":\"https:\\\/\\\/renier.be\\\/product\\\/vlakke-raamdorpel-met-opkant-110x20-6-cm-dik-51-kopie\\\/#breadcrumb\",\"itemListElement\":[{\"@type\":\"ListItem\",\"position\":1,\"name\":\"Home\",\"item\":\"https:\\\/\\\/renier.be\\\/\"},{\"@type\":\"ListItem\",\"position\":2,\"name\":\"Producten\",\"item\":\"https:\\\/\\\/renier.be\\\/producten\\\/\"},{\"@type\":\"ListItem\",\"position\":3,\"name\":\"Vlakke raamdorpel met opkant 110&#215;20 6 cm dik (5+1)\"}]},{\"@type\":\"WebSite\",\"@id\":\"https:\\\/\\\/renier.be\\\/#website\",\"url\":\"https:\\\/\\\/renier.be\\\/\",\"name\":\"Renier Natuursteen\",\"description\":\"Specialist in Belgisch Blauwe Hardsteen\",\"publisher\":{\"@id\":\"https:\\\/\\\/renier.be\\\/#organization\"},\"potentialAction\":[{\"@type\":\"SearchAction\",\"target\":{\"@type\":\"EntryPoint\",\"urlTemplate\":\"https:\\\/\\\/renier.be\\\/?s={search_term_string}\"},\"query-input\":{\"@type\":\"PropertyValueSpecification\",\"valueRequired\":true,\"valueName\":\"search_term_string\"}}],\"inLanguage\":\"fr-FR\"},{\"@type\":\"Organization\",\"@id\":\"https:\\\/\\\/renier.be\\\/#organization\",\"name\":\"Renier Natuursteen\",\"url\":\"https:\\\/\\\/renier.be\\\/\",\"logo\":{\"@type\":\"ImageObject\",\"inLanguage\":\"fr-FR\",\"@id\":\"https:\\\/\\\/renier.be\\\/#\\\/schema\\\/logo\\\/image\\\/\",\"url\":\"\",\"contentUrl\":\"\",\"caption\":\"Renier Natuursteen\"},\"image\":{\"@id\":\"https:\\\/\\\/renier.be\\\/#\\\/schema\\\/logo\\\/image\\\/\"},\"sameAs\":[\"https:\\\/\\\/www.facebook.com\\\/reniernatuursteen\"]}]}<\/script>\n<!-- \/ Yoast SEO plugin. -->","yoast_head_json":{"title":"Appui de fen\u00eatre plat avec costi\u00e8re 110x20 6 cm d'\u00e9paisseur (5+1) - Renier Natuursteen","robots":{"index":"index","follow":"follow","max-snippet":"max-snippet:-1","max-image-preview":"max-image-preview:large","max-video-preview":"max-video-preview:-1"},"canonical":"https:\/\/renier.be\/fr\/produit\/appui-de-fenetre-plat-avec-costiere-110x20-6-cm-depaisseur-51-copie\/","og_locale":"fr_FR","og_type":"article","og_title":"Vlakke raamdorpel met opkant 110x20 6 cm dik (5+1) - Renier Natuursteen","og_description":"Deze vlakke raamdorpel met opkant 110\u00d720 en een dikte van 6 cm is de ideale keuze om je gevel af te werken met duurzame Belgische blauwe hardsteen. De dorpel is voorzien van een blauw geschuurde afwerking die niet alleen een tijdloze uitstraling geeft, maar ook extra grip en een elegante, moderne look. Dankzij de ge\u00efntegreerde drupgroef van 0,6 \u00d7 0,6 cm op 2 cm van de voorkant wordt regenwater effici\u00ebnt afgevoerd, waardoor muren beschermd blijven tegen vuil en vocht. De drupgroef stopt netjes 2 cm van de bewerkte koppen, voor een esthetische en functionele afwerking. De opkant achteraan biedt bijkomende bescherming tegen inlopend water, zodat je raamkaders en gevel langer mooi blijven. Met zijn robuuste dikte van 6 cm is deze raamdorpel bestand tegen intensieve belasting en extreme weersinvloeden. De vlakke uitvoering zorgt voor een strakke integratie in zowel moderne als klassieke gevels. Voordelen van een vlakke raamdorpel met opkant in blauwe hardsteen:     Natuurlijke bescherming tegen regenwater en vochtinfiltratie    Duurzaam en slijtvast, geschikt voor alle weersomstandigheden    Tijdloze uitstraling met blauw geschuurde afwerking    Robuuste dikte van 6 cm voor extra stabiliteit    Perfect te combineren met onze andere natuursteenproducten zoals gevelplinten, venstertabletten en deurdorpels   Bij Renier Natuursteen leveren we rechtstreeks uit eigen voorraad, met korte leveringstermijnen en een garantie op eerste keus natuursteen. Dankzij ons eigen atelier is ook maatwerk perfect mogelijk voor elk bouw- of renovatieproject. Lengte 1,1m - Breedte 18+2 cm - Dikte 5+1 cm  Onmiddellijk leverbaar ! \ud83d\udc49 Meer inspiratie ? Bekijk onze ruwbouw oplossingen of ontdek hier alvast het volledige assortiment dorpels &nbsp;  &nbsp;","og_url":"https:\/\/renier.be\/fr\/produit\/appui-de-fenetre-plat-avec-costiere-110x20-6-cm-depaisseur-51-copie\/","og_site_name":"Renier Natuursteen","article_publisher":"https:\/\/www.facebook.com\/reniernatuursteen","article_modified_time":"2026-03-27T12:01:41+00:00","og_image":[{"width":2560,"height":1707,"url":"https:\/\/renier.be\/wp-content\/uploads\/2024\/10\/DVO-BLS-scaled.jpg","type":"image\/jpeg"}],"twitter_card":"summary_large_image","twitter_misc":{"Dur\u00e9e de lecture estim\u00e9e":"1 minute"},"schema":{"@context":"https:\/\/schema.org","@graph":[{"@type":"WebPage","@id":"https:\/\/renier.be\/product\/vlakke-raamdorpel-met-opkant-110x20-6-cm-dik-51-kopie\/","url":"https:\/\/renier.be\/product\/vlakke-raamdorpel-met-opkant-110x20-6-cm-dik-51-kopie\/","name":"Appui de fen\u00eatre plat avec costi\u00e8re 110x20 6 cm d'\u00e9paisseur (5+1) - Renier Natuursteen","isPartOf":{"@id":"https:\/\/renier.be\/#website"},"primaryImageOfPage":{"@id":"https:\/\/renier.be\/product\/vlakke-raamdorpel-met-opkant-110x20-6-cm-dik-51-kopie\/#primaryimage"},"image":{"@id":"https:\/\/renier.be\/product\/vlakke-raamdorpel-met-opkant-110x20-6-cm-dik-51-kopie\/#primaryimage"},"thumbnailUrl":"https:\/\/renier.be\/wp-content\/uploads\/2024\/10\/DVO-BLS-scaled.jpg","datePublished":"2024-12-19T14:56:44+00:00","dateModified":"2026-03-27T12:01:41+00:00","breadcrumb":{"@id":"https:\/\/renier.be\/product\/vlakke-raamdorpel-met-opkant-110x20-6-cm-dik-51-kopie\/#breadcrumb"},"inLanguage":"fr-FR","potentialAction":[{"@type":"ReadAction","target":["https:\/\/renier.be\/product\/vlakke-raamdorpel-met-opkant-110x20-6-cm-dik-51-kopie\/"]}]},{"@type":"ImageObject","inLanguage":"fr-FR","@id":"https:\/\/renier.be\/product\/vlakke-raamdorpel-met-opkant-110x20-6-cm-dik-51-kopie\/#primaryimage","url":"https:\/\/renier.be\/wp-content\/uploads\/2024\/10\/DVO-BLS-scaled.jpg","contentUrl":"https:\/\/renier.be\/wp-content\/uploads\/2024\/10\/DVO-BLS-scaled.jpg","width":2560,"height":1707},{"@type":"BreadcrumbList","@id":"https:\/\/renier.be\/product\/vlakke-raamdorpel-met-opkant-110x20-6-cm-dik-51-kopie\/#breadcrumb","itemListElement":[{"@type":"ListItem","position":1,"name":"Home","item":"https:\/\/renier.be\/"},{"@type":"ListItem","position":2,"name":"Producten","item":"https:\/\/renier.be\/producten\/"},{"@type":"ListItem","position":3,"name":"Vlakke raamdorpel met opkant 110&#215;20 6 cm dik (5+1)"}]},{"@type":"WebSite","@id":"https:\/\/renier.be\/#website","url":"https:\/\/renier.be\/","name":"Pierre naturelle de Renier","description":"Sp\u00e9cialiste de la pierre bleue belge","publisher":{"@id":"https:\/\/renier.be\/#organization"},"potentialAction":[{"@type":"SearchAction","target":{"@type":"EntryPoint","urlTemplate":"https:\/\/renier.be\/?s={search_term_string}"},"query-input":{"@type":"PropertyValueSpecification","valueRequired":true,"valueName":"search_term_string"}}],"inLanguage":"fr-FR"},{"@type":"Organization","@id":"https:\/\/renier.be\/#organization","name":"Pierre naturelle de Renier","url":"https:\/\/renier.be\/","logo":{"@type":"ImageObject","inLanguage":"fr-FR","@id":"https:\/\/renier.be\/#\/schema\/logo\/image\/","url":"","contentUrl":"","caption":"Renier Natuursteen"},"image":{"@id":"https:\/\/renier.be\/#\/schema\/logo\/image\/"},"sameAs":["https:\/\/www.facebook.com\/reniernatuursteen"]}]}},"_links":{"self":[{"href":"https:\/\/renier.be\/fr\/wp-json\/wp\/v2\/product\/3099","targetHints":{"allow":["GET"]}}],"collection":[{"href":"https:\/\/renier.be\/fr\/wp-json\/wp\/v2\/product"}],"about":[{"href":"https:\/\/renier.be\/fr\/wp-json\/wp\/v2\/types\/product"}],"wp:featuredmedia":[{"embeddable":true,"href":"https:\/\/renier.be\/fr\/wp-json\/wp\/v2\/media\/2977"}],"wp:attachment":[{"href":"https:\/\/renier.be\/fr\/wp-json\/wp\/v2\/media?parent=3099"}],"wp:term":[{"taxonomy":"product_brand","embeddable":true,"href":"https:\/\/renier.be\/fr\/wp-json\/wp\/v2\/product_brand?post=3099"},{"taxonomy":"product_cat","embeddable":true,"href":"https:\/\/renier.be\/fr\/wp-json\/wp\/v2\/product_cat?post=3099"},{"taxonomy":"product_tag","embeddable":true,"href":"https:\/\/renier.be\/fr\/wp-json\/wp\/v2\/product_tag?post=3099"}],"curies":[{"name":"wp","href":"https:\/\/api.w.org\/{rel}","templated":true}]}}