{"id":3288,"date":"2025-01-22T10:17:13","date_gmt":"2025-01-22T09:17:13","guid":{"rendered":"https:\/\/renier.be\/?post_type=product&#038;p=3288"},"modified":"2025-07-03T13:41:49","modified_gmt":"2025-07-03T11:41:49","slug":"composez-votre-propre-escalier-plat-en-pierre-bleue-belge-3","status":"publish","type":"product","link":"https:\/\/renier.be\/fr\/product\/stel-zelf-uw-vlakke-traptrede-samen-in-belgische-blauwe-hardsteen-3\/","title":{"rendered":"Composez votre propre marche plate en pierre bleue belge"},"content":{"rendered":"<p>Notre pierre bleue belge est l'un des mat\u00e9riaux les plus durables au monde. Form\u00e9e au cours de millions d'ann\u00e9es, cette pierre ancienne est extraite localement et \u00e9cologiquement dans le respect de l'environnement.<\/p>\n<p>Vous pouvez facilement personnaliser cette marche plate pour en faire un escalier dans le jardin ou sur votre terrasse :<\/p>\n<ul>\n<li>Pierre bleue provenant de notre propre carri\u00e8re (La Pr\u00e9alle \u00e0 Sprimont)<\/li>\n<li>Finition :\n<ul>\n<li>Dessus et avant meul\u00e9s en bleu ou en gris<\/li>\n<li>Face sup\u00e9rieure sabl\u00e9e ou cisel\u00e9 \u00e0 la machine et face avant meul\u00e9 gris<\/li>\n<li>Face sup\u00e9rieure cisel\u00e9 \u00e0 la machine et face avant meul\u00e9 gris<\/li>\n<li>Face sup\u00e9rieure flamm\u00e9e et bross\u00e9e et face avant meul\u00e9 gris<\/li>\n<\/ul>\n<\/li>\n<li>Options :\n<ul>\n<li>C\u00f4t\u00e9s meul\u00e9s en gris ou en bleu (si le dessus est meul\u00e9 en bleu)<\/li>\n<\/ul>\n<\/li>\n<\/ul>\n<ul>\n<li>Epaisseurs de 2cm \u00e0 20cm<\/li>\n<li>Flexibilit\u00e9 totale des dimensions. Pour les longueurs &gt; 1,80 m, les longueurs sont divis\u00e9es par nos soins. Si certaines subdivisions sont n\u00e9cessaires, n'h\u00e9sitez pas \u00e0 nous en faire part.<\/li>\n<\/ul>\n<p>&nbsp;<\/p>\n<p><img decoding=\"async\" class=\"alignnone size-medium wp-image-1305\" src=\"https:\/\/renier.be\/wp-content\/uploads\/2024\/06\/Renier-logo-met-belgische-vlag-300x99.jpg\" alt=\"\" width=\"300\" height=\"99\" srcset=\"https:\/\/renier.be\/wp-content\/uploads\/2024\/06\/Renier-logo-met-belgische-vlag-300x99.jpg 300w, https:\/\/renier.be\/wp-content\/uploads\/2024\/06\/Renier-logo-met-belgische-vlag-1024x337.jpg 1024w, https:\/\/renier.be\/wp-content\/uploads\/2024\/06\/Renier-logo-met-belgische-vlag-768x253.jpg 768w, https:\/\/renier.be\/wp-content\/uploads\/2024\/06\/Renier-logo-met-belgische-vlag-600x197.jpg 600w, https:\/\/renier.be\/wp-content\/uploads\/2024\/06\/Renier-logo-met-belgische-vlag.jpg 1067w\" sizes=\"(max-width: 300px) 100vw, 300px\" \/><\/p>","protected":false},"excerpt":{"rendered":"<p>Composez vous-m\u00eame votre marche d'escalier plate id\u00e9ale comme escalier de jardin. Choisissez la finition, l'\u00e9paisseur, la longueur et la largeur souhait\u00e9es et toutes les options ci-dessous. Le prix par pi\u00e8ce et par m\u00b2 est calcul\u00e9 automatiquement. Vous pouvez toujours modifier la finition souhait\u00e9e. Cliquez ensuite sur ajouter au panier et compl\u00e9tez votre commande. D\u00e9lai de livraison : 2 semaines.<\/p>","protected":false},"featured_media":2672,"template":"","meta":{"_acf_changed":false},"product_brand":[],"product_cat":[54,34,20],"product_tag":[],"class_list":{"0":"post-3288","1":"product","2":"type-product","3":"status-publish","4":"has-post-thumbnail","6":"product_cat-bloktrede","7":"product_cat-tuin","8":"product_cat-tuin-terras","10":"first","11":"onbackorder","12":"taxable","13":"shipping-taxable","14":"purchasable","15":"product-type-simple"},"acf":[],"yoast_head":"<!-- This site is optimized with the Yoast SEO plugin v27.4 - https:\/\/yoast.com\/product\/yoast-seo-wordpress\/ -->\n<title>Stel zelf uw vlakke traptrede samen in Belgische blauwe hardsteen - Renier Natuursteen<\/title>\n<meta name=\"robots\" content=\"index, follow, max-snippet:-1, max-image-preview:large, max-video-preview:-1\" \/>\n<link rel=\"canonical\" href=\"https:\/\/renier.be\/fr\/produit\/composez-votre-propre-escalier-plat-en-pierre-bleue-belge-3\/\" \/>\n<meta property=\"og:locale\" content=\"fr_FR\" \/>\n<meta property=\"og:type\" content=\"article\" \/>\n<meta property=\"og:title\" content=\"Stel zelf uw vlakke traptrede samen in Belgische blauwe hardsteen - Renier Natuursteen\" \/>\n<meta property=\"og:description\" content=\"Stel hier eenvoudig zelf je ideale vlakke traptrede als trap in de tuin trap samen. Kies hieronder de gewenste afwerking, de dikte, lengte en breedte en eventuele opties. De prijs per stuk en per m\u00b2 wordt automatisch berekend. Je kan steeds de gewenste afwerking aanpassen. Klik daarna op toevoegen in de winkelwagen en vervolledig je bestelling. Levertijd 2 weken.\" \/>\n<meta property=\"og:url\" content=\"https:\/\/renier.be\/fr\/produit\/composez-votre-propre-escalier-plat-en-pierre-bleue-belge-3\/\" \/>\n<meta property=\"og:site_name\" content=\"Renier Natuursteen\" \/>\n<meta property=\"article:publisher\" content=\"https:\/\/www.facebook.com\/reniernatuursteen\" \/>\n<meta property=\"article:modified_time\" content=\"2025-07-03T11:41:49+00:00\" \/>\n<meta property=\"og:image\" content=\"https:\/\/renier.be\/wp-content\/uploads\/2024\/08\/DOV-BLS5-EDIT-wit.jpg\" \/>\n\t<meta property=\"og:image:width\" content=\"2400\" \/>\n\t<meta property=\"og:image:height\" content=\"1599\" \/>\n\t<meta property=\"og:image:type\" content=\"image\/jpeg\" \/>\n<meta name=\"twitter:card\" content=\"summary_large_image\" \/>\n<meta name=\"twitter:label1\" content=\"Dur\u00e9e de lecture estim\u00e9e\" \/>\n\t<meta name=\"twitter:data1\" content=\"2 minutes\" \/>\n<script type=\"application\/ld+json\" class=\"yoast-schema-graph\">{\"@context\":\"https:\\\/\\\/schema.org\",\"@graph\":[{\"@type\":\"WebPage\",\"@id\":\"https:\\\/\\\/renier.be\\\/product\\\/stel-zelf-uw-vlakke-traptrede-samen-in-belgische-blauwe-hardsteen-3\\\/\",\"url\":\"https:\\\/\\\/renier.be\\\/product\\\/stel-zelf-uw-vlakke-traptrede-samen-in-belgische-blauwe-hardsteen-3\\\/\",\"name\":\"Stel zelf uw vlakke traptrede samen in Belgische blauwe hardsteen - Renier Natuursteen\",\"isPartOf\":{\"@id\":\"https:\\\/\\\/renier.be\\\/#website\"},\"primaryImageOfPage\":{\"@id\":\"https:\\\/\\\/renier.be\\\/product\\\/stel-zelf-uw-vlakke-traptrede-samen-in-belgische-blauwe-hardsteen-3\\\/#primaryimage\"},\"image\":{\"@id\":\"https:\\\/\\\/renier.be\\\/product\\\/stel-zelf-uw-vlakke-traptrede-samen-in-belgische-blauwe-hardsteen-3\\\/#primaryimage\"},\"thumbnailUrl\":\"https:\\\/\\\/renier.be\\\/wp-content\\\/uploads\\\/2024\\\/08\\\/DOV-BLS5-EDIT-wit.jpg\",\"datePublished\":\"2025-01-22T09:17:13+00:00\",\"dateModified\":\"2025-07-03T11:41:49+00:00\",\"breadcrumb\":{\"@id\":\"https:\\\/\\\/renier.be\\\/product\\\/stel-zelf-uw-vlakke-traptrede-samen-in-belgische-blauwe-hardsteen-3\\\/#breadcrumb\"},\"inLanguage\":\"fr-FR\",\"potentialAction\":[{\"@type\":\"ReadAction\",\"target\":[\"https:\\\/\\\/renier.be\\\/product\\\/stel-zelf-uw-vlakke-traptrede-samen-in-belgische-blauwe-hardsteen-3\\\/\"]}]},{\"@type\":\"ImageObject\",\"inLanguage\":\"fr-FR\",\"@id\":\"https:\\\/\\\/renier.be\\\/product\\\/stel-zelf-uw-vlakke-traptrede-samen-in-belgische-blauwe-hardsteen-3\\\/#primaryimage\",\"url\":\"https:\\\/\\\/renier.be\\\/wp-content\\\/uploads\\\/2024\\\/08\\\/DOV-BLS5-EDIT-wit.jpg\",\"contentUrl\":\"https:\\\/\\\/renier.be\\\/wp-content\\\/uploads\\\/2024\\\/08\\\/DOV-BLS5-EDIT-wit.jpg\",\"width\":2400,\"height\":1599,\"caption\":\"Vlakke deurdorpel blauw geschuurd 100\u00d718 5 cm dik\"},{\"@type\":\"BreadcrumbList\",\"@id\":\"https:\\\/\\\/renier.be\\\/product\\\/stel-zelf-uw-vlakke-traptrede-samen-in-belgische-blauwe-hardsteen-3\\\/#breadcrumb\",\"itemListElement\":[{\"@type\":\"ListItem\",\"position\":1,\"name\":\"Home\",\"item\":\"https:\\\/\\\/renier.be\\\/\"},{\"@type\":\"ListItem\",\"position\":2,\"name\":\"Producten\",\"item\":\"https:\\\/\\\/renier.be\\\/producten\\\/\"},{\"@type\":\"ListItem\",\"position\":3,\"name\":\"Stel zelf uw vlakke traptrede samen in Belgische blauwe hardsteen\"}]},{\"@type\":\"WebSite\",\"@id\":\"https:\\\/\\\/renier.be\\\/#website\",\"url\":\"https:\\\/\\\/renier.be\\\/\",\"name\":\"Renier Natuursteen\",\"description\":\"Specialist in Belgisch Blauwe Hardsteen\",\"publisher\":{\"@id\":\"https:\\\/\\\/renier.be\\\/#organization\"},\"potentialAction\":[{\"@type\":\"SearchAction\",\"target\":{\"@type\":\"EntryPoint\",\"urlTemplate\":\"https:\\\/\\\/renier.be\\\/?s={search_term_string}\"},\"query-input\":{\"@type\":\"PropertyValueSpecification\",\"valueRequired\":true,\"valueName\":\"search_term_string\"}}],\"inLanguage\":\"fr-FR\"},{\"@type\":\"Organization\",\"@id\":\"https:\\\/\\\/renier.be\\\/#organization\",\"name\":\"Renier Natuursteen\",\"url\":\"https:\\\/\\\/renier.be\\\/\",\"logo\":{\"@type\":\"ImageObject\",\"inLanguage\":\"fr-FR\",\"@id\":\"https:\\\/\\\/renier.be\\\/#\\\/schema\\\/logo\\\/image\\\/\",\"url\":\"\",\"contentUrl\":\"\",\"caption\":\"Renier Natuursteen\"},\"image\":{\"@id\":\"https:\\\/\\\/renier.be\\\/#\\\/schema\\\/logo\\\/image\\\/\"},\"sameAs\":[\"https:\\\/\\\/www.facebook.com\\\/reniernatuursteen\"]}]}<\/script>\n<!-- \/ Yoast SEO plugin. -->","yoast_head_json":{"title":"Composez votre propre escalier plat en pierre bleue belge - Renier Natuursteen","robots":{"index":"index","follow":"follow","max-snippet":"max-snippet:-1","max-image-preview":"max-image-preview:large","max-video-preview":"max-video-preview:-1"},"canonical":"https:\/\/renier.be\/fr\/produit\/composez-votre-propre-escalier-plat-en-pierre-bleue-belge-3\/","og_locale":"fr_FR","og_type":"article","og_title":"Stel zelf uw vlakke traptrede samen in Belgische blauwe hardsteen - Renier Natuursteen","og_description":"Stel hier eenvoudig zelf je ideale vlakke traptrede als trap in de tuin trap samen. Kies hieronder de gewenste afwerking, de dikte, lengte en breedte en eventuele opties. De prijs per stuk en per m\u00b2 wordt automatisch berekend. Je kan steeds de gewenste afwerking aanpassen. Klik daarna op toevoegen in de winkelwagen en vervolledig je bestelling. Levertijd 2 weken.","og_url":"https:\/\/renier.be\/fr\/produit\/composez-votre-propre-escalier-plat-en-pierre-bleue-belge-3\/","og_site_name":"Renier Natuursteen","article_publisher":"https:\/\/www.facebook.com\/reniernatuursteen","article_modified_time":"2025-07-03T11:41:49+00:00","og_image":[{"width":2400,"height":1599,"url":"https:\/\/renier.be\/wp-content\/uploads\/2024\/08\/DOV-BLS5-EDIT-wit.jpg","type":"image\/jpeg"}],"twitter_card":"summary_large_image","twitter_misc":{"Dur\u00e9e de lecture estim\u00e9e":"2 minutes"},"schema":{"@context":"https:\/\/schema.org","@graph":[{"@type":"WebPage","@id":"https:\/\/renier.be\/product\/stel-zelf-uw-vlakke-traptrede-samen-in-belgische-blauwe-hardsteen-3\/","url":"https:\/\/renier.be\/product\/stel-zelf-uw-vlakke-traptrede-samen-in-belgische-blauwe-hardsteen-3\/","name":"Composez votre propre escalier plat en pierre bleue belge - Renier Natuursteen","isPartOf":{"@id":"https:\/\/renier.be\/#website"},"primaryImageOfPage":{"@id":"https:\/\/renier.be\/product\/stel-zelf-uw-vlakke-traptrede-samen-in-belgische-blauwe-hardsteen-3\/#primaryimage"},"image":{"@id":"https:\/\/renier.be\/product\/stel-zelf-uw-vlakke-traptrede-samen-in-belgische-blauwe-hardsteen-3\/#primaryimage"},"thumbnailUrl":"https:\/\/renier.be\/wp-content\/uploads\/2024\/08\/DOV-BLS5-EDIT-wit.jpg","datePublished":"2025-01-22T09:17:13+00:00","dateModified":"2025-07-03T11:41:49+00:00","breadcrumb":{"@id":"https:\/\/renier.be\/product\/stel-zelf-uw-vlakke-traptrede-samen-in-belgische-blauwe-hardsteen-3\/#breadcrumb"},"inLanguage":"fr-FR","potentialAction":[{"@type":"ReadAction","target":["https:\/\/renier.be\/product\/stel-zelf-uw-vlakke-traptrede-samen-in-belgische-blauwe-hardsteen-3\/"]}]},{"@type":"ImageObject","inLanguage":"fr-FR","@id":"https:\/\/renier.be\/product\/stel-zelf-uw-vlakke-traptrede-samen-in-belgische-blauwe-hardsteen-3\/#primaryimage","url":"https:\/\/renier.be\/wp-content\/uploads\/2024\/08\/DOV-BLS5-EDIT-wit.jpg","contentUrl":"https:\/\/renier.be\/wp-content\/uploads\/2024\/08\/DOV-BLS5-EDIT-wit.jpg","width":2400,"height":1599,"caption":"Vlakke deurdorpel blauw geschuurd 100\u00d718 5 cm dik"},{"@type":"BreadcrumbList","@id":"https:\/\/renier.be\/product\/stel-zelf-uw-vlakke-traptrede-samen-in-belgische-blauwe-hardsteen-3\/#breadcrumb","itemListElement":[{"@type":"ListItem","position":1,"name":"Home","item":"https:\/\/renier.be\/"},{"@type":"ListItem","position":2,"name":"Producten","item":"https:\/\/renier.be\/producten\/"},{"@type":"ListItem","position":3,"name":"Stel zelf uw vlakke traptrede samen in Belgische blauwe hardsteen"}]},{"@type":"WebSite","@id":"https:\/\/renier.be\/#website","url":"https:\/\/renier.be\/","name":"Pierre naturelle de Renier","description":"Sp\u00e9cialiste de la pierre bleue belge","publisher":{"@id":"https:\/\/renier.be\/#organization"},"potentialAction":[{"@type":"SearchAction","target":{"@type":"EntryPoint","urlTemplate":"https:\/\/renier.be\/?s={search_term_string}"},"query-input":{"@type":"PropertyValueSpecification","valueRequired":true,"valueName":"search_term_string"}}],"inLanguage":"fr-FR"},{"@type":"Organization","@id":"https:\/\/renier.be\/#organization","name":"Pierre naturelle de Renier","url":"https:\/\/renier.be\/","logo":{"@type":"ImageObject","inLanguage":"fr-FR","@id":"https:\/\/renier.be\/#\/schema\/logo\/image\/","url":"","contentUrl":"","caption":"Renier Natuursteen"},"image":{"@id":"https:\/\/renier.be\/#\/schema\/logo\/image\/"},"sameAs":["https:\/\/www.facebook.com\/reniernatuursteen"]}]}},"_links":{"self":[{"href":"https:\/\/renier.be\/fr\/wp-json\/wp\/v2\/product\/3288","targetHints":{"allow":["GET"]}}],"collection":[{"href":"https:\/\/renier.be\/fr\/wp-json\/wp\/v2\/product"}],"about":[{"href":"https:\/\/renier.be\/fr\/wp-json\/wp\/v2\/types\/product"}],"wp:featuredmedia":[{"embeddable":true,"href":"https:\/\/renier.be\/fr\/wp-json\/wp\/v2\/media\/2672"}],"wp:attachment":[{"href":"https:\/\/renier.be\/fr\/wp-json\/wp\/v2\/media?parent=3288"}],"wp:term":[{"taxonomy":"product_brand","embeddable":true,"href":"https:\/\/renier.be\/fr\/wp-json\/wp\/v2\/product_brand?post=3288"},{"taxonomy":"product_cat","embeddable":true,"href":"https:\/\/renier.be\/fr\/wp-json\/wp\/v2\/product_cat?post=3288"},{"taxonomy":"product_tag","embeddable":true,"href":"https:\/\/renier.be\/fr\/wp-json\/wp\/v2\/product_tag?post=3288"}],"curies":[{"name":"wp","href":"https:\/\/api.w.org\/{rel}","templated":true}]}}