{"id":4019,"date":"2025-07-04T14:14:40","date_gmt":"2025-07-04T12:14:40","guid":{"rendered":"https:\/\/renier.be\/?post_type=product&#038;p=4019"},"modified":"2026-03-27T13:01:48","modified_gmt":"2026-03-27T12:01:48","slug":"lattes-de-sol-bleues-poncees-de-5-cm-depaisseur","status":"publish","type":"product","link":"https:\/\/renier.be\/fr\/product\/vloerstroken-blauw-geschuurd-5cm-dik\/","title":{"rendered":"Lames de sol bleues ponc\u00e9es de 5 cm d'\u00e9paisseur"},"content":{"rendered":"<p>Notre pierre bleue belge est l'un des mat\u00e9riaux les plus durables au monde. Form\u00e9e au cours de millions d'ann\u00e9es, cette pierre ancienne est extraite localement et \u00e9cologiquement dans le respect de l'environnement.<\/p>\n<p>Les lames de sol en pierre bleue belge authentique conf\u00e8rent un aspect intemporel et de caract\u00e8re \u00e0 toute terrasse ext\u00e9rieure. Les nuances de couleur naturelles et les inclusions fossiles cr\u00e9ent une surface vivante et unique qui s'int\u00e8gre parfaitement \u00e0 l'architecture classique et moderne. De plus, cette pierre vieillit merveilleusement bien, ce qui la rend encore plus belle avec le temps.<\/p>\n<p>De plus, il est disponible imm\u00e9diatement !<\/p>\n<p>Prix par palette pour une palette compl\u00e8te<\/p>\n<p><img decoding=\"async\" class=\"alignnone size-medium wp-image-1305\" src=\"https:\/\/renier.be\/wp-content\/uploads\/2024\/06\/Renier-logo-met-belgische-vlag-300x99.jpg\" alt=\"\" width=\"300\" height=\"99\" srcset=\"https:\/\/renier.be\/wp-content\/uploads\/2024\/06\/Renier-logo-met-belgische-vlag-300x99.jpg 300w, https:\/\/renier.be\/wp-content\/uploads\/2024\/06\/Renier-logo-met-belgische-vlag-1024x337.jpg 1024w, https:\/\/renier.be\/wp-content\/uploads\/2024\/06\/Renier-logo-met-belgische-vlag-768x253.jpg 768w, https:\/\/renier.be\/wp-content\/uploads\/2024\/06\/Renier-logo-met-belgische-vlag-600x197.jpg 600w, https:\/\/renier.be\/wp-content\/uploads\/2024\/06\/Renier-logo-met-belgische-vlag.jpg 1067w\" sizes=\"(max-width: 300px) 100vw, 300px\" \/><\/p>","protected":false},"excerpt":{"rendered":"<p><img decoding=\"async\" class=\"alignright wp-image-4011 size-thumbnail\" src=\"https:\/\/renier.be\/wp-content\/uploads\/2025\/07\/Promo-50-150x150.jpg\" alt=\"\" width=\"150\" height=\"150\" srcset=\"https:\/\/renier.be\/wp-content\/uploads\/2025\/07\/Promo-50-150x150.jpg 150w, https:\/\/renier.be\/wp-content\/uploads\/2025\/07\/Promo-50-300x300.jpg 300w, https:\/\/renier.be\/wp-content\/uploads\/2025\/07\/Promo-50-768x768.jpg 768w, https:\/\/renier.be\/wp-content\/uploads\/2025\/07\/Promo-50-12x12.jpg 12w, https:\/\/renier.be\/wp-content\/uploads\/2025\/07\/Promo-50-600x600.jpg 600w, https:\/\/renier.be\/wp-content\/uploads\/2025\/07\/Promo-50-100x100.jpg 100w, https:\/\/renier.be\/wp-content\/uploads\/2025\/07\/Promo-50.jpg 1024w\" sizes=\"(max-width: 150px) 100vw, 150px\" \/><\/p>\n<p style=\"text-align: left;\">Lames de sol en pierre bleue belge authentique, finition sabl\u00e9e bleue. M\u00e9lange de 40\u00d720 et 60\u00d720, 2cm d'\u00e9paisseur. 5,5m\u00b2 par palette, 795kg\/palette.<\/p>\n<p><strong>Prix promotionnel -50% disponible par palette uniquement, dans la limite des stocks disponibles.<\/strong><\/p>\n<p style=\"text-align: left;\">Un produit belge \u00e0 un prix tr\u00e8s comp\u00e9titif !<\/p>\n<p><img fetchpriority=\"high\" decoding=\"async\" class=\"alignnone size-medium wp-image-4002\" src=\"https:\/\/renier.be\/wp-content\/uploads\/2025\/07\/Pallet-225x300.jpg\" alt=\"\" width=\"225\" height=\"300\" srcset=\"https:\/\/renier.be\/wp-content\/uploads\/2025\/07\/Pallet-225x300.jpg 225w, https:\/\/renier.be\/wp-content\/uploads\/2025\/07\/Pallet-9x12.jpg 9w, https:\/\/renier.be\/wp-content\/uploads\/2025\/07\/Pallet-rotated.jpg 480w\" sizes=\"(max-width: 225px) 100vw, 225px\" \/><\/p>\n<p style=\"text-align: left;\">","protected":false},"featured_media":4005,"template":"","meta":{"_acf_changed":false},"product_brand":[],"product_cat":[22,107,35,58,38],"product_tag":[106],"class_list":{"0":"post-4019","1":"product","2":"type-product","3":"status-publish","4":"has-post-thumbnail","6":"product_cat-interieur","7":"product_cat-promoties","8":"product_cat-terras","9":"product_cat-vloerstroken","10":"product_cat-vloer","11":"product_tag-gmc","12":"product_shipping_class-afhaling","14":"first","15":"instock","16":"taxable","17":"shipping-taxable","18":"purchasable","19":"product-type-simple"},"acf":[],"yoast_head":"<!-- This site is optimized with the Yoast SEO plugin v27.3 - https:\/\/yoast.com\/product\/yoast-seo-wordpress\/ -->\n<title>Vloerstroken blauw geschuurd 5cm dik - Renier Natuursteen<\/title>\n<meta name=\"robots\" content=\"index, follow, max-snippet:-1, max-image-preview:large, max-video-preview:-1\" \/>\n<link rel=\"canonical\" href=\"https:\/\/renier.be\/fr\/produit\/lattes-de-sol-bleues-poncees-de-5-cm-depaisseur\/\" \/>\n<meta property=\"og:locale\" content=\"fr_FR\" \/>\n<meta property=\"og:type\" content=\"article\" \/>\n<meta property=\"og:title\" content=\"Vloerstroken blauw geschuurd 5cm dik - Renier Natuursteen\" \/>\n<meta property=\"og:description\" content=\"Vloerstroken in authentieke Belgische blauwe hardsteen, blauw geschuurde afwerking. Mengeling van 40x20 en 60x20, 2cm dik. 5.5m\u00b2 per pallet, 795kg\/pallet. Promo prijs -50% enkel per pallet verkrijgbaar, zolang de voorraad strekt. Een Belgisch product aan een zeer scherpe prijs !\" \/>\n<meta property=\"og:url\" content=\"https:\/\/renier.be\/fr\/produit\/lattes-de-sol-bleues-poncees-de-5-cm-depaisseur\/\" \/>\n<meta property=\"og:site_name\" content=\"Renier Natuursteen\" \/>\n<meta property=\"article:publisher\" content=\"https:\/\/www.facebook.com\/reniernatuursteen\" \/>\n<meta property=\"article:modified_time\" content=\"2026-03-27T12:01:48+00:00\" \/>\n<meta property=\"og:image\" content=\"https:\/\/renier.be\/wp-content\/uploads\/2025\/07\/bls-vloerstroken-scaled.jpg\" \/>\n\t<meta property=\"og:image:width\" content=\"2550\" \/>\n\t<meta property=\"og:image:height\" content=\"2560\" \/>\n\t<meta property=\"og:image:type\" content=\"image\/jpeg\" \/>\n<meta name=\"twitter:card\" content=\"summary_large_image\" \/>\n<meta name=\"twitter:label1\" content=\"Dur\u00e9e de lecture estim\u00e9e\" \/>\n\t<meta name=\"twitter:data1\" content=\"1 minute\" \/>\n<script type=\"application\/ld+json\" class=\"yoast-schema-graph\">{\"@context\":\"https:\\\/\\\/schema.org\",\"@graph\":[{\"@type\":\"WebPage\",\"@id\":\"https:\\\/\\\/renier.be\\\/product\\\/vloerstroken-blauw-geschuurd-5cm-dik\\\/\",\"url\":\"https:\\\/\\\/renier.be\\\/product\\\/vloerstroken-blauw-geschuurd-5cm-dik\\\/\",\"name\":\"Vloerstroken blauw geschuurd 5cm dik - Renier Natuursteen\",\"isPartOf\":{\"@id\":\"https:\\\/\\\/renier.be\\\/#website\"},\"primaryImageOfPage\":{\"@id\":\"https:\\\/\\\/renier.be\\\/product\\\/vloerstroken-blauw-geschuurd-5cm-dik\\\/#primaryimage\"},\"image\":{\"@id\":\"https:\\\/\\\/renier.be\\\/product\\\/vloerstroken-blauw-geschuurd-5cm-dik\\\/#primaryimage\"},\"thumbnailUrl\":\"https:\\\/\\\/renier.be\\\/wp-content\\\/uploads\\\/2025\\\/07\\\/bls-vloerstroken-scaled.jpg\",\"datePublished\":\"2025-07-04T12:14:40+00:00\",\"dateModified\":\"2026-03-27T12:01:48+00:00\",\"breadcrumb\":{\"@id\":\"https:\\\/\\\/renier.be\\\/product\\\/vloerstroken-blauw-geschuurd-5cm-dik\\\/#breadcrumb\"},\"inLanguage\":\"fr-FR\",\"potentialAction\":[{\"@type\":\"ReadAction\",\"target\":[\"https:\\\/\\\/renier.be\\\/product\\\/vloerstroken-blauw-geschuurd-5cm-dik\\\/\"]}]},{\"@type\":\"ImageObject\",\"inLanguage\":\"fr-FR\",\"@id\":\"https:\\\/\\\/renier.be\\\/product\\\/vloerstroken-blauw-geschuurd-5cm-dik\\\/#primaryimage\",\"url\":\"https:\\\/\\\/renier.be\\\/wp-content\\\/uploads\\\/2025\\\/07\\\/bls-vloerstroken-scaled.jpg\",\"contentUrl\":\"https:\\\/\\\/renier.be\\\/wp-content\\\/uploads\\\/2025\\\/07\\\/bls-vloerstroken-scaled.jpg\",\"width\":2550,\"height\":2560},{\"@type\":\"BreadcrumbList\",\"@id\":\"https:\\\/\\\/renier.be\\\/product\\\/vloerstroken-blauw-geschuurd-5cm-dik\\\/#breadcrumb\",\"itemListElement\":[{\"@type\":\"ListItem\",\"position\":1,\"name\":\"Home\",\"item\":\"https:\\\/\\\/renier.be\\\/\"},{\"@type\":\"ListItem\",\"position\":2,\"name\":\"Producten\",\"item\":\"https:\\\/\\\/renier.be\\\/producten\\\/\"},{\"@type\":\"ListItem\",\"position\":3,\"name\":\"Vloerstroken blauw geschuurd 5cm dik\"}]},{\"@type\":\"WebSite\",\"@id\":\"https:\\\/\\\/renier.be\\\/#website\",\"url\":\"https:\\\/\\\/renier.be\\\/\",\"name\":\"Renier Natuursteen\",\"description\":\"Specialist in Belgisch Blauwe Hardsteen\",\"publisher\":{\"@id\":\"https:\\\/\\\/renier.be\\\/#organization\"},\"potentialAction\":[{\"@type\":\"SearchAction\",\"target\":{\"@type\":\"EntryPoint\",\"urlTemplate\":\"https:\\\/\\\/renier.be\\\/?s={search_term_string}\"},\"query-input\":{\"@type\":\"PropertyValueSpecification\",\"valueRequired\":true,\"valueName\":\"search_term_string\"}}],\"inLanguage\":\"fr-FR\"},{\"@type\":\"Organization\",\"@id\":\"https:\\\/\\\/renier.be\\\/#organization\",\"name\":\"Renier Natuursteen\",\"url\":\"https:\\\/\\\/renier.be\\\/\",\"logo\":{\"@type\":\"ImageObject\",\"inLanguage\":\"fr-FR\",\"@id\":\"https:\\\/\\\/renier.be\\\/#\\\/schema\\\/logo\\\/image\\\/\",\"url\":\"\",\"contentUrl\":\"\",\"caption\":\"Renier Natuursteen\"},\"image\":{\"@id\":\"https:\\\/\\\/renier.be\\\/#\\\/schema\\\/logo\\\/image\\\/\"},\"sameAs\":[\"https:\\\/\\\/www.facebook.com\\\/reniernatuursteen\"]}]}<\/script>\n<!-- \/ Yoast SEO plugin. -->","yoast_head_json":{"title":"Lames de sol bleu ponc\u00e9es 5cm d'\u00e9paisseur - Renier Natuursteen","robots":{"index":"index","follow":"follow","max-snippet":"max-snippet:-1","max-image-preview":"max-image-preview:large","max-video-preview":"max-video-preview:-1"},"canonical":"https:\/\/renier.be\/fr\/produit\/lattes-de-sol-bleues-poncees-de-5-cm-depaisseur\/","og_locale":"fr_FR","og_type":"article","og_title":"Vloerstroken blauw geschuurd 5cm dik - Renier Natuursteen","og_description":"Vloerstroken in authentieke Belgische blauwe hardsteen, blauw geschuurde afwerking. Mengeling van 40x20 en 60x20, 2cm dik. 5.5m\u00b2 per pallet, 795kg\/pallet. Promo prijs -50% enkel per pallet verkrijgbaar, zolang de voorraad strekt. Een Belgisch product aan een zeer scherpe prijs !","og_url":"https:\/\/renier.be\/fr\/produit\/lattes-de-sol-bleues-poncees-de-5-cm-depaisseur\/","og_site_name":"Renier Natuursteen","article_publisher":"https:\/\/www.facebook.com\/reniernatuursteen","article_modified_time":"2026-03-27T12:01:48+00:00","og_image":[{"width":2550,"height":2560,"url":"https:\/\/renier.be\/wp-content\/uploads\/2025\/07\/bls-vloerstroken-scaled.jpg","type":"image\/jpeg"}],"twitter_card":"summary_large_image","twitter_misc":{"Dur\u00e9e de lecture estim\u00e9e":"1 minute"},"schema":{"@context":"https:\/\/schema.org","@graph":[{"@type":"WebPage","@id":"https:\/\/renier.be\/product\/vloerstroken-blauw-geschuurd-5cm-dik\/","url":"https:\/\/renier.be\/product\/vloerstroken-blauw-geschuurd-5cm-dik\/","name":"Lames de sol bleu ponc\u00e9es 5cm d'\u00e9paisseur - Renier Natuursteen","isPartOf":{"@id":"https:\/\/renier.be\/#website"},"primaryImageOfPage":{"@id":"https:\/\/renier.be\/product\/vloerstroken-blauw-geschuurd-5cm-dik\/#primaryimage"},"image":{"@id":"https:\/\/renier.be\/product\/vloerstroken-blauw-geschuurd-5cm-dik\/#primaryimage"},"thumbnailUrl":"https:\/\/renier.be\/wp-content\/uploads\/2025\/07\/bls-vloerstroken-scaled.jpg","datePublished":"2025-07-04T12:14:40+00:00","dateModified":"2026-03-27T12:01:48+00:00","breadcrumb":{"@id":"https:\/\/renier.be\/product\/vloerstroken-blauw-geschuurd-5cm-dik\/#breadcrumb"},"inLanguage":"fr-FR","potentialAction":[{"@type":"ReadAction","target":["https:\/\/renier.be\/product\/vloerstroken-blauw-geschuurd-5cm-dik\/"]}]},{"@type":"ImageObject","inLanguage":"fr-FR","@id":"https:\/\/renier.be\/product\/vloerstroken-blauw-geschuurd-5cm-dik\/#primaryimage","url":"https:\/\/renier.be\/wp-content\/uploads\/2025\/07\/bls-vloerstroken-scaled.jpg","contentUrl":"https:\/\/renier.be\/wp-content\/uploads\/2025\/07\/bls-vloerstroken-scaled.jpg","width":2550,"height":2560},{"@type":"BreadcrumbList","@id":"https:\/\/renier.be\/product\/vloerstroken-blauw-geschuurd-5cm-dik\/#breadcrumb","itemListElement":[{"@type":"ListItem","position":1,"name":"Home","item":"https:\/\/renier.be\/"},{"@type":"ListItem","position":2,"name":"Producten","item":"https:\/\/renier.be\/producten\/"},{"@type":"ListItem","position":3,"name":"Vloerstroken blauw geschuurd 5cm dik"}]},{"@type":"WebSite","@id":"https:\/\/renier.be\/#website","url":"https:\/\/renier.be\/","name":"Pierre naturelle de Renier","description":"Sp\u00e9cialiste de la pierre bleue belge","publisher":{"@id":"https:\/\/renier.be\/#organization"},"potentialAction":[{"@type":"SearchAction","target":{"@type":"EntryPoint","urlTemplate":"https:\/\/renier.be\/?s={search_term_string}"},"query-input":{"@type":"PropertyValueSpecification","valueRequired":true,"valueName":"search_term_string"}}],"inLanguage":"fr-FR"},{"@type":"Organization","@id":"https:\/\/renier.be\/#organization","name":"Pierre naturelle de Renier","url":"https:\/\/renier.be\/","logo":{"@type":"ImageObject","inLanguage":"fr-FR","@id":"https:\/\/renier.be\/#\/schema\/logo\/image\/","url":"","contentUrl":"","caption":"Renier Natuursteen"},"image":{"@id":"https:\/\/renier.be\/#\/schema\/logo\/image\/"},"sameAs":["https:\/\/www.facebook.com\/reniernatuursteen"]}]}},"_links":{"self":[{"href":"https:\/\/renier.be\/fr\/wp-json\/wp\/v2\/product\/4019","targetHints":{"allow":["GET"]}}],"collection":[{"href":"https:\/\/renier.be\/fr\/wp-json\/wp\/v2\/product"}],"about":[{"href":"https:\/\/renier.be\/fr\/wp-json\/wp\/v2\/types\/product"}],"wp:featuredmedia":[{"embeddable":true,"href":"https:\/\/renier.be\/fr\/wp-json\/wp\/v2\/media\/4005"}],"wp:attachment":[{"href":"https:\/\/renier.be\/fr\/wp-json\/wp\/v2\/media?parent=4019"}],"wp:term":[{"taxonomy":"product_brand","embeddable":true,"href":"https:\/\/renier.be\/fr\/wp-json\/wp\/v2\/product_brand?post=4019"},{"taxonomy":"product_cat","embeddable":true,"href":"https:\/\/renier.be\/fr\/wp-json\/wp\/v2\/product_cat?post=4019"},{"taxonomy":"product_tag","embeddable":true,"href":"https:\/\/renier.be\/fr\/wp-json\/wp\/v2\/product_tag?post=4019"}],"curies":[{"name":"wp","href":"https:\/\/api.w.org\/{rel}","templated":true}]}}