{"id":4289,"date":"2025-08-21T14:37:14","date_gmt":"2025-08-21T12:37:14","guid":{"rendered":"https:\/\/renier.be\/?post_type=product&#038;p=4289"},"modified":"2026-03-27T13:01:50","modified_gmt":"2026-03-27T12:01:50","slug":"levelit-2l-clips-100-pieces","status":"publish","type":"product","link":"https:\/\/renier.be\/fr\/product\/levelit-2l-clips-100-stuks\/","title":{"rendered":"Levelit Clips 2mm"},"content":{"rendered":"<p>Tableau de calcul, nombre de clips n\u00e9cessaires par m\u00b2 :<\/p>\n<p><img fetchpriority=\"high\" decoding=\"async\" class=\"alignnone wp-image-4301 size-full\" src=\"https:\/\/renier.be\/wp-content\/uploads\/2025\/08\/Rekentabel-nl.jpg\" alt=\"\" width=\"877\" height=\"910\" srcset=\"https:\/\/renier.be\/wp-content\/uploads\/2025\/08\/Rekentabel-nl.jpg 877w, https:\/\/renier.be\/wp-content\/uploads\/2025\/08\/Rekentabel-nl-289x300.jpg 289w, https:\/\/renier.be\/wp-content\/uploads\/2025\/08\/Rekentabel-nl-768x797.jpg 768w, https:\/\/renier.be\/wp-content\/uploads\/2025\/08\/Rekentabel-nl-12x12.jpg 12w, https:\/\/renier.be\/wp-content\/uploads\/2025\/08\/Rekentabel-nl-600x623.jpg 600w\" sizes=\"(max-width: 877px) 100vw, 877px\" \/><\/p>\n<p>&nbsp;<\/p>\n<p>&nbsp;<\/p>","protected":false},"excerpt":{"rendered":"<p style=\"text-align: left;\">Les clips Levelit 2 mm garantissent un joint serr\u00e9 et r\u00e9gulier de 2 mm, id\u00e9al pour un r\u00e9sultat de pose professionnel. En combinaison avec les cales et les pinces Levelit, vous \u00e9vitez les diff\u00e9rences de hauteur et obtenez sans effort une surface carrel\u00e9e parfaitement plane.<\/p>\n<p style=\"text-align: left;\">Ces clips sont disponibles en diff\u00e9rents paquets - faites votre choix et placez-les facilement dans le panier d'achat.<\/p>\n<p style=\"text-align: left;\">Frais d'exp\u00e9dition BE 14.95\u20ac TTC. <strong>Livraison gratuite \u00e0 partir de 100 euros<\/strong>.<\/p>","protected":false},"featured_media":4274,"template":"","meta":{"_acf_changed":false},"product_brand":[],"product_cat":[109,108],"product_tag":[106],"class_list":{"0":"post-4289","1":"product","2":"type-product","3":"status-publish","4":"has-post-thumbnail","6":"product_cat-levelit","7":"product_cat-plaatsing","8":"product_tag-gmc","9":"product_shipping_class-afhaling","11":"first","12":"instock","13":"taxable","14":"shipping-taxable","15":"purchasable","16":"product-type-variable"},"acf":[],"yoast_head":"<!-- This site is optimized with the Yoast SEO plugin v27.3 - https:\/\/yoast.com\/product\/yoast-seo-wordpress\/ -->\n<title>Levelit Clips 2mm - Renier Natuursteen<\/title>\n<meta name=\"robots\" content=\"index, follow, max-snippet:-1, max-image-preview:large, max-video-preview:-1\" \/>\n<link rel=\"canonical\" href=\"https:\/\/renier.be\/fr\/produit\/levelit-2l-clips-100-pieces\/\" \/>\n<meta property=\"og:locale\" content=\"fr_FR\" \/>\n<meta property=\"og:type\" content=\"article\" \/>\n<meta property=\"og:title\" content=\"Levelit Clips 2mm - Renier Natuursteen\" \/>\n<meta property=\"og:description\" content=\"Levelit 2 mm clips garanderen een strakke en egale voeg van 2 mm, ideaal voor een professioneel plaatsingsresultaat. In combinatie met de Levelit spie\u00ebn en tang voorkomt u hoogteverschillen en krijgt u moeiteloos een perfect vlak tegeloppervlak. Deze clips zijn beschikbaar in verschillende verpakkingen \u2013 maak uw keuze en plaats eenvoudig in het winkelmandje. Verzendkost BE 14,95\u20ac incl BTW. Gratis levering vanaf \u20ac100.\" \/>\n<meta property=\"og:url\" content=\"https:\/\/renier.be\/fr\/produit\/levelit-2l-clips-100-pieces\/\" \/>\n<meta property=\"og:site_name\" content=\"Renier Natuursteen\" \/>\n<meta property=\"article:publisher\" content=\"https:\/\/www.facebook.com\/reniernatuursteen\" \/>\n<meta property=\"article:modified_time\" content=\"2026-03-27T12:01:50+00:00\" \/>\n<meta property=\"og:image\" content=\"https:\/\/renier.be\/wp-content\/uploads\/2025\/08\/HANLEV2502L.png\" \/>\n\t<meta property=\"og:image:width\" content=\"2280\" \/>\n\t<meta property=\"og:image:height\" content=\"2280\" \/>\n\t<meta property=\"og:image:type\" content=\"image\/png\" \/>\n<meta name=\"twitter:card\" content=\"summary_large_image\" \/>\n<meta name=\"twitter:label1\" content=\"Dur\u00e9e de lecture estim\u00e9e\" \/>\n\t<meta name=\"twitter:data1\" content=\"1 minute\" \/>\n<script type=\"application\/ld+json\" class=\"yoast-schema-graph\">{\"@context\":\"https:\\\/\\\/schema.org\",\"@graph\":[{\"@type\":\"WebPage\",\"@id\":\"https:\\\/\\\/renier.be\\\/product\\\/levelit-2l-clips-100-stuks\\\/\",\"url\":\"https:\\\/\\\/renier.be\\\/product\\\/levelit-2l-clips-100-stuks\\\/\",\"name\":\"Levelit Clips 2mm - Renier Natuursteen\",\"isPartOf\":{\"@id\":\"https:\\\/\\\/renier.be\\\/#website\"},\"primaryImageOfPage\":{\"@id\":\"https:\\\/\\\/renier.be\\\/product\\\/levelit-2l-clips-100-stuks\\\/#primaryimage\"},\"image\":{\"@id\":\"https:\\\/\\\/renier.be\\\/product\\\/levelit-2l-clips-100-stuks\\\/#primaryimage\"},\"thumbnailUrl\":\"https:\\\/\\\/renier.be\\\/wp-content\\\/uploads\\\/2025\\\/08\\\/HANLEV2502L.png\",\"datePublished\":\"2025-08-21T12:37:14+00:00\",\"dateModified\":\"2026-03-27T12:01:50+00:00\",\"breadcrumb\":{\"@id\":\"https:\\\/\\\/renier.be\\\/product\\\/levelit-2l-clips-100-stuks\\\/#breadcrumb\"},\"inLanguage\":\"fr-FR\",\"potentialAction\":[{\"@type\":\"ReadAction\",\"target\":[\"https:\\\/\\\/renier.be\\\/product\\\/levelit-2l-clips-100-stuks\\\/\"]}]},{\"@type\":\"ImageObject\",\"inLanguage\":\"fr-FR\",\"@id\":\"https:\\\/\\\/renier.be\\\/product\\\/levelit-2l-clips-100-stuks\\\/#primaryimage\",\"url\":\"https:\\\/\\\/renier.be\\\/wp-content\\\/uploads\\\/2025\\\/08\\\/HANLEV2502L.png\",\"contentUrl\":\"https:\\\/\\\/renier.be\\\/wp-content\\\/uploads\\\/2025\\\/08\\\/HANLEV2502L.png\",\"width\":2280,\"height\":2280},{\"@type\":\"BreadcrumbList\",\"@id\":\"https:\\\/\\\/renier.be\\\/product\\\/levelit-2l-clips-100-stuks\\\/#breadcrumb\",\"itemListElement\":[{\"@type\":\"ListItem\",\"position\":1,\"name\":\"Home\",\"item\":\"https:\\\/\\\/renier.be\\\/\"},{\"@type\":\"ListItem\",\"position\":2,\"name\":\"Producten\",\"item\":\"https:\\\/\\\/renier.be\\\/producten\\\/\"},{\"@type\":\"ListItem\",\"position\":3,\"name\":\"Levelit Clips 2mm\"}]},{\"@type\":\"WebSite\",\"@id\":\"https:\\\/\\\/renier.be\\\/#website\",\"url\":\"https:\\\/\\\/renier.be\\\/\",\"name\":\"Renier Natuursteen\",\"description\":\"Specialist in Belgisch Blauwe Hardsteen\",\"publisher\":{\"@id\":\"https:\\\/\\\/renier.be\\\/#organization\"},\"potentialAction\":[{\"@type\":\"SearchAction\",\"target\":{\"@type\":\"EntryPoint\",\"urlTemplate\":\"https:\\\/\\\/renier.be\\\/?s={search_term_string}\"},\"query-input\":{\"@type\":\"PropertyValueSpecification\",\"valueRequired\":true,\"valueName\":\"search_term_string\"}}],\"inLanguage\":\"fr-FR\"},{\"@type\":\"Organization\",\"@id\":\"https:\\\/\\\/renier.be\\\/#organization\",\"name\":\"Renier Natuursteen\",\"url\":\"https:\\\/\\\/renier.be\\\/\",\"logo\":{\"@type\":\"ImageObject\",\"inLanguage\":\"fr-FR\",\"@id\":\"https:\\\/\\\/renier.be\\\/#\\\/schema\\\/logo\\\/image\\\/\",\"url\":\"\",\"contentUrl\":\"\",\"caption\":\"Renier Natuursteen\"},\"image\":{\"@id\":\"https:\\\/\\\/renier.be\\\/#\\\/schema\\\/logo\\\/image\\\/\"},\"sameAs\":[\"https:\\\/\\\/www.facebook.com\\\/reniernatuursteen\"]}]}<\/script>\n<!-- \/ Yoast SEO plugin. -->","yoast_head_json":{"title":"Levelit Clips 2mm - Renier Natural Stone","robots":{"index":"index","follow":"follow","max-snippet":"max-snippet:-1","max-image-preview":"max-image-preview:large","max-video-preview":"max-video-preview:-1"},"canonical":"https:\/\/renier.be\/fr\/produit\/levelit-2l-clips-100-pieces\/","og_locale":"fr_FR","og_type":"article","og_title":"Levelit Clips 2mm - Renier Natuursteen","og_description":"Levelit 2 mm clips garanderen een strakke en egale voeg van 2 mm, ideaal voor een professioneel plaatsingsresultaat. In combinatie met de Levelit spie\u00ebn en tang voorkomt u hoogteverschillen en krijgt u moeiteloos een perfect vlak tegeloppervlak. Deze clips zijn beschikbaar in verschillende verpakkingen \u2013 maak uw keuze en plaats eenvoudig in het winkelmandje. Verzendkost BE 14,95\u20ac incl BTW. Gratis levering vanaf \u20ac100.","og_url":"https:\/\/renier.be\/fr\/produit\/levelit-2l-clips-100-pieces\/","og_site_name":"Renier Natuursteen","article_publisher":"https:\/\/www.facebook.com\/reniernatuursteen","article_modified_time":"2026-03-27T12:01:50+00:00","og_image":[{"width":2280,"height":2280,"url":"https:\/\/renier.be\/wp-content\/uploads\/2025\/08\/HANLEV2502L.png","type":"image\/png"}],"twitter_card":"summary_large_image","twitter_misc":{"Dur\u00e9e de lecture estim\u00e9e":"1 minute"},"schema":{"@context":"https:\/\/schema.org","@graph":[{"@type":"WebPage","@id":"https:\/\/renier.be\/product\/levelit-2l-clips-100-stuks\/","url":"https:\/\/renier.be\/product\/levelit-2l-clips-100-stuks\/","name":"Levelit Clips 2mm - Renier Natural Stone","isPartOf":{"@id":"https:\/\/renier.be\/#website"},"primaryImageOfPage":{"@id":"https:\/\/renier.be\/product\/levelit-2l-clips-100-stuks\/#primaryimage"},"image":{"@id":"https:\/\/renier.be\/product\/levelit-2l-clips-100-stuks\/#primaryimage"},"thumbnailUrl":"https:\/\/renier.be\/wp-content\/uploads\/2025\/08\/HANLEV2502L.png","datePublished":"2025-08-21T12:37:14+00:00","dateModified":"2026-03-27T12:01:50+00:00","breadcrumb":{"@id":"https:\/\/renier.be\/product\/levelit-2l-clips-100-stuks\/#breadcrumb"},"inLanguage":"fr-FR","potentialAction":[{"@type":"ReadAction","target":["https:\/\/renier.be\/product\/levelit-2l-clips-100-stuks\/"]}]},{"@type":"ImageObject","inLanguage":"fr-FR","@id":"https:\/\/renier.be\/product\/levelit-2l-clips-100-stuks\/#primaryimage","url":"https:\/\/renier.be\/wp-content\/uploads\/2025\/08\/HANLEV2502L.png","contentUrl":"https:\/\/renier.be\/wp-content\/uploads\/2025\/08\/HANLEV2502L.png","width":2280,"height":2280},{"@type":"BreadcrumbList","@id":"https:\/\/renier.be\/product\/levelit-2l-clips-100-stuks\/#breadcrumb","itemListElement":[{"@type":"ListItem","position":1,"name":"Home","item":"https:\/\/renier.be\/"},{"@type":"ListItem","position":2,"name":"Producten","item":"https:\/\/renier.be\/producten\/"},{"@type":"ListItem","position":3,"name":"Levelit Clips 2mm"}]},{"@type":"WebSite","@id":"https:\/\/renier.be\/#website","url":"https:\/\/renier.be\/","name":"Pierre naturelle de Renier","description":"Sp\u00e9cialiste de la pierre bleue belge","publisher":{"@id":"https:\/\/renier.be\/#organization"},"potentialAction":[{"@type":"SearchAction","target":{"@type":"EntryPoint","urlTemplate":"https:\/\/renier.be\/?s={search_term_string}"},"query-input":{"@type":"PropertyValueSpecification","valueRequired":true,"valueName":"search_term_string"}}],"inLanguage":"fr-FR"},{"@type":"Organization","@id":"https:\/\/renier.be\/#organization","name":"Pierre naturelle de Renier","url":"https:\/\/renier.be\/","logo":{"@type":"ImageObject","inLanguage":"fr-FR","@id":"https:\/\/renier.be\/#\/schema\/logo\/image\/","url":"","contentUrl":"","caption":"Renier Natuursteen"},"image":{"@id":"https:\/\/renier.be\/#\/schema\/logo\/image\/"},"sameAs":["https:\/\/www.facebook.com\/reniernatuursteen"]}]}},"_links":{"self":[{"href":"https:\/\/renier.be\/fr\/wp-json\/wp\/v2\/product\/4289","targetHints":{"allow":["GET"]}}],"collection":[{"href":"https:\/\/renier.be\/fr\/wp-json\/wp\/v2\/product"}],"about":[{"href":"https:\/\/renier.be\/fr\/wp-json\/wp\/v2\/types\/product"}],"wp:featuredmedia":[{"embeddable":true,"href":"https:\/\/renier.be\/fr\/wp-json\/wp\/v2\/media\/4274"}],"wp:attachment":[{"href":"https:\/\/renier.be\/fr\/wp-json\/wp\/v2\/media?parent=4289"}],"wp:term":[{"taxonomy":"product_brand","embeddable":true,"href":"https:\/\/renier.be\/fr\/wp-json\/wp\/v2\/product_brand?post=4289"},{"taxonomy":"product_cat","embeddable":true,"href":"https:\/\/renier.be\/fr\/wp-json\/wp\/v2\/product_cat?post=4289"},{"taxonomy":"product_tag","embeddable":true,"href":"https:\/\/renier.be\/fr\/wp-json\/wp\/v2\/product_tag?post=4289"}],"curies":[{"name":"wp","href":"https:\/\/api.w.org\/{rel}","templated":true}]}}