{"id":4317,"date":"2025-08-26T10:16:31","date_gmt":"2025-08-26T08:16:31","guid":{"rendered":"https:\/\/renier.be\/?post_type=product&#038;p=4317"},"modified":"2025-08-26T15:48:22","modified_gmt":"2025-08-26T13:48:22","slug":"pince-levelit","status":"publish","type":"product","link":"https:\/\/renier.be\/fr\/product\/levelit-tang\/","title":{"rendered":"Pince Levelit"},"content":{"rendered":"<p>Tableau de calcul, nombre de clips n\u00e9cessaires par m\u00b2 :<\/p>\n<p><img fetchpriority=\"high\" decoding=\"async\" class=\"alignnone wp-image-4301 size-full\" src=\"https:\/\/renier.be\/wp-content\/uploads\/2025\/08\/Rekentabel-nl.jpg\" alt=\"\" width=\"877\" height=\"910\" srcset=\"https:\/\/renier.be\/wp-content\/uploads\/2025\/08\/Rekentabel-nl.jpg 877w, https:\/\/renier.be\/wp-content\/uploads\/2025\/08\/Rekentabel-nl-289x300.jpg 289w, https:\/\/renier.be\/wp-content\/uploads\/2025\/08\/Rekentabel-nl-768x797.jpg 768w, https:\/\/renier.be\/wp-content\/uploads\/2025\/08\/Rekentabel-nl-12x12.jpg 12w, https:\/\/renier.be\/wp-content\/uploads\/2025\/08\/Rekentabel-nl-600x623.jpg 600w\" sizes=\"(max-width: 877px) 100vw, 877px\" \/><\/p>\n<p>&nbsp;<\/p>\n<p>&nbsp;<\/p>","protected":false},"excerpt":{"rendered":"<p class=\"product-name\"><span style=\"font-size: 16px;\">La pince r\u00e9glable en m\u00e9tal de Levelit est sp\u00e9cialement con\u00e7ue pour les artisans. La pince peut \u00eatre facilement ajust\u00e9e \u00e0 diff\u00e9rentes \u00e9paisseurs de carreaux, assurant une finition efficace et pr\u00e9cise de toute surface de carreaux.<\/span><\/p>\n<div class=\"text\">\n<p data-start=\"474\" data-end=\"655\">Gr\u00e2ce au r\u00e9glage pr\u00e9cis et \u00e0 la tige d'arr\u00eat int\u00e9gr\u00e9e, une pression constante est exerc\u00e9e, garantissant une pose r\u00e9guli\u00e8re et parfaitement plane des carreaux.<\/p>\n<p data-start=\"474\" data-end=\"655\">Emball\u00e9 par pi\u00e8ce<\/p>\n<\/div>\n<p style=\"text-align: left;\">Frais d'exp\u00e9dition BE 14.95\u20ac TTC. <strong>Livraison gratuite \u00e0 partir de 100 euros<\/strong>.<\/p>","protected":false},"featured_media":4280,"template":"","meta":{"_acf_changed":false},"product_brand":[],"product_cat":[109,108],"product_tag":[106],"class_list":{"0":"post-4317","1":"product","2":"type-product","3":"status-publish","4":"has-post-thumbnail","6":"product_cat-levelit","7":"product_cat-plaatsing","8":"product_tag-gmc","9":"product_shipping_class-afhaling","11":"first","12":"instock","13":"taxable","14":"shipping-taxable","15":"purchasable","16":"product-type-simple"},"acf":[],"yoast_head":"<!-- This site is optimized with the Yoast SEO plugin v27.3 - https:\/\/yoast.com\/product\/yoast-seo-wordpress\/ -->\n<title>Levelit Tang - Renier Natuursteen<\/title>\n<meta name=\"robots\" content=\"index, follow, max-snippet:-1, max-image-preview:large, max-video-preview:-1\" \/>\n<link rel=\"canonical\" href=\"https:\/\/renier.be\/fr\/produit\/pince-levelit\/\" \/>\n<meta property=\"og:locale\" content=\"fr_FR\" \/>\n<meta property=\"og:type\" content=\"article\" \/>\n<meta property=\"og:title\" content=\"Levelit Tang - Renier Natuursteen\" \/>\n<meta property=\"og:description\" content=\"De metalen instelbare tang van Levelit is speciaal ontworpen voor vakmensen. De tang is eenvoudig af te stellen op verschillende tegeldiktes, wat zorgt voor een effici\u00ebnte en nauwkeurige afwerking van elk tegeloppervlak.   Dankzij de precieze afstelling en ge\u00efntegreerde stoppin wordt een constante druk uitgeoefend, waardoor tegels gelijkmatig en perfect vlak geplaatst worden. Verpakt per stuk   Verzendkost BE 14,95\u20ac incl BTW. Gratis levering vanaf \u20ac100.\" \/>\n<meta property=\"og:url\" content=\"https:\/\/renier.be\/fr\/produit\/pince-levelit\/\" \/>\n<meta property=\"og:site_name\" content=\"Renier Natuursteen\" \/>\n<meta property=\"article:publisher\" content=\"https:\/\/www.facebook.com\/reniernatuursteen\" \/>\n<meta property=\"article:modified_time\" content=\"2025-08-26T13:48:22+00:00\" \/>\n<meta property=\"og:image\" content=\"https:\/\/renier.be\/wp-content\/uploads\/2025\/08\/HANLEVFP1.png\" \/>\n\t<meta property=\"og:image:width\" content=\"2280\" \/>\n\t<meta property=\"og:image:height\" content=\"2280\" \/>\n\t<meta property=\"og:image:type\" content=\"image\/png\" \/>\n<meta name=\"twitter:card\" content=\"summary_large_image\" \/>\n<meta name=\"twitter:label1\" content=\"Dur\u00e9e de lecture estim\u00e9e\" \/>\n\t<meta name=\"twitter:data1\" content=\"1 minute\" \/>\n<script type=\"application\/ld+json\" class=\"yoast-schema-graph\">{\"@context\":\"https:\\\/\\\/schema.org\",\"@graph\":[{\"@type\":\"WebPage\",\"@id\":\"https:\\\/\\\/renier.be\\\/product\\\/levelit-tang\\\/\",\"url\":\"https:\\\/\\\/renier.be\\\/product\\\/levelit-tang\\\/\",\"name\":\"Levelit Tang - Renier Natuursteen\",\"isPartOf\":{\"@id\":\"https:\\\/\\\/renier.be\\\/#website\"},\"primaryImageOfPage\":{\"@id\":\"https:\\\/\\\/renier.be\\\/product\\\/levelit-tang\\\/#primaryimage\"},\"image\":{\"@id\":\"https:\\\/\\\/renier.be\\\/product\\\/levelit-tang\\\/#primaryimage\"},\"thumbnailUrl\":\"https:\\\/\\\/renier.be\\\/wp-content\\\/uploads\\\/2025\\\/08\\\/HANLEVFP1.png\",\"datePublished\":\"2025-08-26T08:16:31+00:00\",\"dateModified\":\"2025-08-26T13:48:22+00:00\",\"breadcrumb\":{\"@id\":\"https:\\\/\\\/renier.be\\\/product\\\/levelit-tang\\\/#breadcrumb\"},\"inLanguage\":\"fr-FR\",\"potentialAction\":[{\"@type\":\"ReadAction\",\"target\":[\"https:\\\/\\\/renier.be\\\/product\\\/levelit-tang\\\/\"]}]},{\"@type\":\"ImageObject\",\"inLanguage\":\"fr-FR\",\"@id\":\"https:\\\/\\\/renier.be\\\/product\\\/levelit-tang\\\/#primaryimage\",\"url\":\"https:\\\/\\\/renier.be\\\/wp-content\\\/uploads\\\/2025\\\/08\\\/HANLEVFP1.png\",\"contentUrl\":\"https:\\\/\\\/renier.be\\\/wp-content\\\/uploads\\\/2025\\\/08\\\/HANLEVFP1.png\",\"width\":2280,\"height\":2280},{\"@type\":\"BreadcrumbList\",\"@id\":\"https:\\\/\\\/renier.be\\\/product\\\/levelit-tang\\\/#breadcrumb\",\"itemListElement\":[{\"@type\":\"ListItem\",\"position\":1,\"name\":\"Home\",\"item\":\"https:\\\/\\\/renier.be\\\/\"},{\"@type\":\"ListItem\",\"position\":2,\"name\":\"Producten\",\"item\":\"https:\\\/\\\/renier.be\\\/producten\\\/\"},{\"@type\":\"ListItem\",\"position\":3,\"name\":\"Levelit Tang\"}]},{\"@type\":\"WebSite\",\"@id\":\"https:\\\/\\\/renier.be\\\/#website\",\"url\":\"https:\\\/\\\/renier.be\\\/\",\"name\":\"Renier Natuursteen\",\"description\":\"Specialist in Belgisch Blauwe Hardsteen\",\"publisher\":{\"@id\":\"https:\\\/\\\/renier.be\\\/#organization\"},\"potentialAction\":[{\"@type\":\"SearchAction\",\"target\":{\"@type\":\"EntryPoint\",\"urlTemplate\":\"https:\\\/\\\/renier.be\\\/?s={search_term_string}\"},\"query-input\":{\"@type\":\"PropertyValueSpecification\",\"valueRequired\":true,\"valueName\":\"search_term_string\"}}],\"inLanguage\":\"fr-FR\"},{\"@type\":\"Organization\",\"@id\":\"https:\\\/\\\/renier.be\\\/#organization\",\"name\":\"Renier Natuursteen\",\"url\":\"https:\\\/\\\/renier.be\\\/\",\"logo\":{\"@type\":\"ImageObject\",\"inLanguage\":\"fr-FR\",\"@id\":\"https:\\\/\\\/renier.be\\\/#\\\/schema\\\/logo\\\/image\\\/\",\"url\":\"\",\"contentUrl\":\"\",\"caption\":\"Renier Natuursteen\"},\"image\":{\"@id\":\"https:\\\/\\\/renier.be\\\/#\\\/schema\\\/logo\\\/image\\\/\"},\"sameAs\":[\"https:\\\/\\\/www.facebook.com\\\/reniernatuursteen\"]}]}<\/script>\n<!-- \/ Yoast SEO plugin. -->","yoast_head_json":{"title":"Pince Levelit - Renier Natural Stone","robots":{"index":"index","follow":"follow","max-snippet":"max-snippet:-1","max-image-preview":"max-image-preview:large","max-video-preview":"max-video-preview:-1"},"canonical":"https:\/\/renier.be\/fr\/produit\/pince-levelit\/","og_locale":"fr_FR","og_type":"article","og_title":"Levelit Tang - Renier Natuursteen","og_description":"De metalen instelbare tang van Levelit is speciaal ontworpen voor vakmensen. De tang is eenvoudig af te stellen op verschillende tegeldiktes, wat zorgt voor een effici\u00ebnte en nauwkeurige afwerking van elk tegeloppervlak.   Dankzij de precieze afstelling en ge\u00efntegreerde stoppin wordt een constante druk uitgeoefend, waardoor tegels gelijkmatig en perfect vlak geplaatst worden. Verpakt per stuk   Verzendkost BE 14,95\u20ac incl BTW. Gratis levering vanaf \u20ac100.","og_url":"https:\/\/renier.be\/fr\/produit\/pince-levelit\/","og_site_name":"Renier Natuursteen","article_publisher":"https:\/\/www.facebook.com\/reniernatuursteen","article_modified_time":"2025-08-26T13:48:22+00:00","og_image":[{"width":2280,"height":2280,"url":"https:\/\/renier.be\/wp-content\/uploads\/2025\/08\/HANLEVFP1.png","type":"image\/png"}],"twitter_card":"summary_large_image","twitter_misc":{"Dur\u00e9e de lecture estim\u00e9e":"1 minute"},"schema":{"@context":"https:\/\/schema.org","@graph":[{"@type":"WebPage","@id":"https:\/\/renier.be\/product\/levelit-tang\/","url":"https:\/\/renier.be\/product\/levelit-tang\/","name":"Pince Levelit - Renier Natural Stone","isPartOf":{"@id":"https:\/\/renier.be\/#website"},"primaryImageOfPage":{"@id":"https:\/\/renier.be\/product\/levelit-tang\/#primaryimage"},"image":{"@id":"https:\/\/renier.be\/product\/levelit-tang\/#primaryimage"},"thumbnailUrl":"https:\/\/renier.be\/wp-content\/uploads\/2025\/08\/HANLEVFP1.png","datePublished":"2025-08-26T08:16:31+00:00","dateModified":"2025-08-26T13:48:22+00:00","breadcrumb":{"@id":"https:\/\/renier.be\/product\/levelit-tang\/#breadcrumb"},"inLanguage":"fr-FR","potentialAction":[{"@type":"ReadAction","target":["https:\/\/renier.be\/product\/levelit-tang\/"]}]},{"@type":"ImageObject","inLanguage":"fr-FR","@id":"https:\/\/renier.be\/product\/levelit-tang\/#primaryimage","url":"https:\/\/renier.be\/wp-content\/uploads\/2025\/08\/HANLEVFP1.png","contentUrl":"https:\/\/renier.be\/wp-content\/uploads\/2025\/08\/HANLEVFP1.png","width":2280,"height":2280},{"@type":"BreadcrumbList","@id":"https:\/\/renier.be\/product\/levelit-tang\/#breadcrumb","itemListElement":[{"@type":"ListItem","position":1,"name":"Home","item":"https:\/\/renier.be\/"},{"@type":"ListItem","position":2,"name":"Producten","item":"https:\/\/renier.be\/producten\/"},{"@type":"ListItem","position":3,"name":"Levelit Tang"}]},{"@type":"WebSite","@id":"https:\/\/renier.be\/#website","url":"https:\/\/renier.be\/","name":"Pierre naturelle de Renier","description":"Sp\u00e9cialiste de la pierre bleue belge","publisher":{"@id":"https:\/\/renier.be\/#organization"},"potentialAction":[{"@type":"SearchAction","target":{"@type":"EntryPoint","urlTemplate":"https:\/\/renier.be\/?s={search_term_string}"},"query-input":{"@type":"PropertyValueSpecification","valueRequired":true,"valueName":"search_term_string"}}],"inLanguage":"fr-FR"},{"@type":"Organization","@id":"https:\/\/renier.be\/#organization","name":"Pierre naturelle de Renier","url":"https:\/\/renier.be\/","logo":{"@type":"ImageObject","inLanguage":"fr-FR","@id":"https:\/\/renier.be\/#\/schema\/logo\/image\/","url":"","contentUrl":"","caption":"Renier Natuursteen"},"image":{"@id":"https:\/\/renier.be\/#\/schema\/logo\/image\/"},"sameAs":["https:\/\/www.facebook.com\/reniernatuursteen"]}]}},"_links":{"self":[{"href":"https:\/\/renier.be\/fr\/wp-json\/wp\/v2\/product\/4317","targetHints":{"allow":["GET"]}}],"collection":[{"href":"https:\/\/renier.be\/fr\/wp-json\/wp\/v2\/product"}],"about":[{"href":"https:\/\/renier.be\/fr\/wp-json\/wp\/v2\/types\/product"}],"wp:featuredmedia":[{"embeddable":true,"href":"https:\/\/renier.be\/fr\/wp-json\/wp\/v2\/media\/4280"}],"wp:attachment":[{"href":"https:\/\/renier.be\/fr\/wp-json\/wp\/v2\/media?parent=4317"}],"wp:term":[{"taxonomy":"product_brand","embeddable":true,"href":"https:\/\/renier.be\/fr\/wp-json\/wp\/v2\/product_brand?post=4317"},{"taxonomy":"product_cat","embeddable":true,"href":"https:\/\/renier.be\/fr\/wp-json\/wp\/v2\/product_cat?post=4317"},{"taxonomy":"product_tag","embeddable":true,"href":"https:\/\/renier.be\/fr\/wp-json\/wp\/v2\/product_tag?post=4317"}],"curies":[{"name":"wp","href":"https:\/\/api.w.org\/{rel}","templated":true}]}}